{"id":12550,"date":"2023-12-18T23:47:29","date_gmt":"2023-12-18T22:47:29","guid":{"rendered":"https:\/\/agora.xtec.cat\/iabarcelona\/?page_id=12550"},"modified":"2025-07-23T10:42:48","modified_gmt":"2025-07-23T08:42:48","slug":"alumnat","status":"publish","type":"page","link":"https:\/\/agora.xtec.cat\/iabarcelona\/alumnat\/","title":{"rendered":"ALUMNAT"},"content":{"rendered":"<p><strong>Acc\u00e9s a l&#8217;\u00e0rea privada de l&#8217;alumnat<\/strong><\/p>\n<table style=\"border-collapse: collapse; width: 16.8691%; height: 16px;\">\n<tbody>\n<tr>\n<td style=\"width: 100%;\"><span style=\"color: #339966;\"><strong><a style=\"color: #339966;\" href=\"https:\/\/secretaria.institutaliments.barcelona\/\">\u00c0REA PRIVADA<\/a><\/strong><\/span><\/td>\n<\/tr>\n<\/tbody>\n<\/table>\n<p>&nbsp;<\/p>\n<p>Cal que accedeixis amb el teu correu i contrasenya creat durant la matr\u00edcula online.<\/p>\n<p>En aquest espai podr\u00e0s accedir a pagaments i tr\u00e0mits amb secretaria durant tot el curs. La secretaria et doanr\u00e0 resposta a les teves sol.lictuds a trav\u00e9s d&#8217;aquesta \u00e0rea personal.<\/p>\n<p>&nbsp;<\/p>\n","protected":false},"excerpt":{"rendered":"<p>Acc\u00e9s a l&#8217;\u00e0rea privada de l&#8217;alumnat<\/p>\n<p><a style=\"color: #339966;\" href=\"https:\/\/secretaria.institutaliments.barcelona\/\">\u00c0REA PRIVADA<\/a><\/p>\n<p>&nbsp;<br \/>\nCal que accedeixis amb el teu correu i contrasenya creat durant la matr\u00edcula online.<br \/>\nEn aquest espai podr\u00e0s accedir a pagaments i tr\u00e0mits amb secretaria durant tot el curs. La secretaria et doanr\u00e0 resposta a les teves&hellip;  <a href=\"https:\/\/agora.xtec.cat\/iabarcelona\/alumnat\/\" title=\"Read ALUMNAT\">Llegeix m\u00e9s\u00bb<\/a><\/p>\n","protected":false},"author":1,"featured_media":0,"parent":0,"menu_order":0,"comment_status":"closed","ping_status":"closed","template":"","meta":{"_bbp_topic_count":0,"_bbp_reply_count":0,"_bbp_total_topic_count":0,"_bbp_total_reply_count":0,"_bbp_voice_count":0,"_bbp_anonymous_reply_count":0,"_bbp_topic_count_hidden":0,"_bbp_reply_count_hidden":0,"_bbp_forum_subforum_count":0,"footnotes":""},"class_list":["post-12550","page","type-page","status-publish","hentry"],"post_mailing_queue_ids":[],"_links":{"self":[{"href":"https:\/\/agora.xtec.cat\/iabarcelona\/wp-json\/wp\/v2\/pages\/12550","targetHints":{"allow":["GET"]}}],"collection":[{"href":"https:\/\/agora.xtec.cat\/iabarcelona\/wp-json\/wp\/v2\/pages"}],"about":[{"href":"https:\/\/agora.xtec.cat\/iabarcelona\/wp-json\/wp\/v2\/types\/page"}],"author":[{"embeddable":true,"href":"https:\/\/agora.xtec.cat\/iabarcelona\/wp-json\/wp\/v2\/users\/1"}],"replies":[{"embeddable":true,"href":"https:\/\/agora.xtec.cat\/iabarcelona\/wp-json\/wp\/v2\/comments?post=12550"}],"version-history":[{"count":2,"href":"https:\/\/agora.xtec.cat\/iabarcelona\/wp-json\/wp\/v2\/pages\/12550\/revisions"}],"predecessor-version":[{"id":13376,"href":"https:\/\/agora.xtec.cat\/iabarcelona\/wp-json\/wp\/v2\/pages\/12550\/revisions\/13376"}],"wp:attachment":[{"href":"https:\/\/agora.xtec.cat\/iabarcelona\/wp-json\/wp\/v2\/media?parent=12550"}],"curies":[{"name":"wp","href":"https:\/\/api.w.org\/{rel}","templated":true}]}}