{"id":12481,"date":"2023-11-21T13:24:33","date_gmt":"2023-11-21T12:24:33","guid":{"rendered":"https:\/\/agora.xtec.cat\/iabarcelona\/?page_id=12481"},"modified":"2023-11-21T13:41:50","modified_gmt":"2023-11-21T12:41:50","slug":"pla-dimpuls-llengues-estrangeres","status":"publish","type":"page","link":"https:\/\/agora.xtec.cat\/iabarcelona\/pla-dimpuls-llengues-estrangeres\/","title":{"rendered":"Pla d&#8217;impuls lleng\u00fces estrangeres"},"content":{"rendered":"<h4>El \u201cPla de Foment de les Lleng\u00fces Estrangeres a la FP\u201d t\u00e9 com a finalitat incorporar i normalitzar l\u2019\u00fas d\u2019una llengua estrangera en situacions professionals i en la presa de decisions en l\u2019\u00e0mbit laboral.<\/h4>\n<h4>Per aquest curs 23-24, l\u2019Institut dels Aliments de Barcelona ofereix accions d\u2019impuls de les lleng\u00fces\u00a0estrangeres a dos grups de primer curs dels nostres cicles formatius.<\/h4>\n<h4>En aquests grups es complementar\u00e0 el curr\u00edculum amb un m\u00f2dul\u00a0professional de llengua estrangera i s\u2019impartir\u00e0\u00a0un dels m\u00f2duls professionals tamb\u00e9 en llengua estrangera.<\/h4>\n<h4>Els cicles en el que es porta a terme aquest programa s\u00f3n:<\/h4>\n<ul>\n<li>\n<h4>CFGS Diet\u00e8tica.<\/h4>\n<\/li>\n<li>\n<h4>CFGS Processos i Qualitat a la Ind\u00fastria Aliment\u00e0ria.<\/h4>\n<\/li>\n<\/ul>\n<p><a href=\"https:\/\/agora.xtec.cat\/iabarcelona\/wp-content\/uploads\/usu2506\/2023\/11\/pla-dimpuls.jpg\"><img loading=\"lazy\" decoding=\"async\" class=\"alignnone size-large wp-image-12485\" src=\"https:\/\/agora.xtec.cat\/iabarcelona\/wp-content\/uploads\/usu2506\/2023\/11\/pla-dimpuls-1024x277.jpg\" alt=\"\" width=\"1024\" height=\"277\" srcset=\"https:\/\/agora.xtec.cat\/iabarcelona\/wp-content\/uploads\/usu2506\/2023\/11\/pla-dimpuls-1024x277.jpg 1024w, https:\/\/agora.xtec.cat\/iabarcelona\/wp-content\/uploads\/usu2506\/2023\/11\/pla-dimpuls-300x81.jpg 300w, https:\/\/agora.xtec.cat\/iabarcelona\/wp-content\/uploads\/usu2506\/2023\/11\/pla-dimpuls-768x208.jpg 768w, https:\/\/agora.xtec.cat\/iabarcelona\/wp-content\/uploads\/usu2506\/2023\/11\/pla-dimpuls.jpg 1156w\" sizes=\"auto, (max-width: 1024px) 100vw, 1024px\" \/><\/a><\/p>\n","protected":false},"excerpt":{"rendered":"<p>El \u201cPla de Foment de les Lleng\u00fces Estrangeres a la FP\u201d t\u00e9 com a finalitat incorporar i normalitzar l\u2019\u00fas d\u2019una llengua estrangera en situacions professionals i en la presa de decisions en l\u2019\u00e0mbit laboral.<br \/>\nPer aquest curs 23-24, l\u2019Institut dels Aliments de Barcelona ofereix accions d\u2019impuls&hellip;  <a href=\"https:\/\/agora.xtec.cat\/iabarcelona\/pla-dimpuls-llengues-estrangeres\/\" title=\"Read Pla d&#8217;impuls lleng\u00fces estrangeres\">Llegeix m\u00e9s\u00bb<\/a><\/p>\n","protected":false},"author":1,"featured_media":0,"parent":0,"menu_order":0,"comment_status":"closed","ping_status":"closed","template":"","meta":{"_bbp_topic_count":0,"_bbp_reply_count":0,"_bbp_total_topic_count":0,"_bbp_total_reply_count":0,"_bbp_voice_count":0,"_bbp_anonymous_reply_count":0,"_bbp_topic_count_hidden":0,"_bbp_reply_count_hidden":0,"_bbp_forum_subforum_count":0,"footnotes":""},"class_list":["post-12481","page","type-page","status-publish","hentry"],"post_mailing_queue_ids":[],"_links":{"self":[{"href":"https:\/\/agora.xtec.cat\/iabarcelona\/wp-json\/wp\/v2\/pages\/12481","targetHints":{"allow":["GET"]}}],"collection":[{"href":"https:\/\/agora.xtec.cat\/iabarcelona\/wp-json\/wp\/v2\/pages"}],"about":[{"href":"https:\/\/agora.xtec.cat\/iabarcelona\/wp-json\/wp\/v2\/types\/page"}],"author":[{"embeddable":true,"href":"https:\/\/agora.xtec.cat\/iabarcelona\/wp-json\/wp\/v2\/users\/1"}],"replies":[{"embeddable":true,"href":"https:\/\/agora.xtec.cat\/iabarcelona\/wp-json\/wp\/v2\/comments?post=12481"}],"version-history":[{"count":2,"href":"https:\/\/agora.xtec.cat\/iabarcelona\/wp-json\/wp\/v2\/pages\/12481\/revisions"}],"predecessor-version":[{"id":12486,"href":"https:\/\/agora.xtec.cat\/iabarcelona\/wp-json\/wp\/v2\/pages\/12481\/revisions\/12486"}],"wp:attachment":[{"href":"https:\/\/agora.xtec.cat\/iabarcelona\/wp-json\/wp\/v2\/media?parent=12481"}],"curies":[{"name":"wp","href":"https:\/\/api.w.org\/{rel}","templated":true}]}}