{"id":12464,"date":"2023-11-12T20:03:37","date_gmt":"2023-11-12T19:03:37","guid":{"rendered":"https:\/\/agora.xtec.cat\/iabarcelona\/?page_id=12464"},"modified":"2024-07-24T12:18:21","modified_gmt":"2024-07-24T10:18:21","slug":"laboratori-didees","status":"publish","type":"page","link":"https:\/\/agora.xtec.cat\/iabarcelona\/laboratori-didees\/","title":{"rendered":"LABORATORI D&#8217;IDEES"},"content":{"rendered":"<h3>Convenis en marxa el curs 2024-2025<\/h3>\n<table style=\"border-collapse: collapse; width: 100%;\">\n<tbody>\n<tr>\n<td style=\"width: 25%;\"><a href=\"https:\/\/agora.xtec.cat\/iabarcelona\/wp-content\/uploads\/usu2506\/2024\/07\/El-proyecto-de-colaboracion-entre-el-Grupo-Gallo-y-el-centro-de-formacion-profesional-integrado-Institut-dels-Aliments-de-Barcelona.pdf\"><strong>GRUPO GALLO<\/strong><\/a><\/p>\n<p><a href=\"https:\/\/agora.xtec.cat\/iabarcelona\/wp-content\/uploads\/usu2506\/2024\/04\/gallo.jpg\"><img loading=\"lazy\" decoding=\"async\" class=\"alignnone size-full wp-image-12658\" src=\"https:\/\/agora.xtec.cat\/iabarcelona\/wp-content\/uploads\/usu2506\/2024\/04\/gallo.jpg\" alt=\"\" width=\"300\" height=\"290\" \/><\/a><\/td>\n<td style=\"width: 25%;\"><strong>GRUPO MONDELEZ<\/strong><\/p>\n<p><a href=\"https:\/\/agora.xtec.cat\/iabarcelona\/wp-content\/uploads\/usu2506\/2024\/07\/LOGO-MONDELEZ-JPG.jpg\"><img loading=\"lazy\" decoding=\"async\" class=\"alignnone size-full wp-image-13057\" src=\"https:\/\/agora.xtec.cat\/iabarcelona\/wp-content\/uploads\/usu2506\/2024\/07\/LOGO-MONDELEZ-JPG.jpg\" alt=\"\" width=\"436\" height=\"137\" srcset=\"https:\/\/agora.xtec.cat\/iabarcelona\/wp-content\/uploads\/usu2506\/2024\/07\/LOGO-MONDELEZ-JPG.jpg 436w, https:\/\/agora.xtec.cat\/iabarcelona\/wp-content\/uploads\/usu2506\/2024\/07\/LOGO-MONDELEZ-JPG-300x94.jpg 300w\" sizes=\"auto, (max-width: 436px) 100vw, 436px\" \/><\/a><\/td>\n<td style=\"width: 25%;\"><strong>GRUP VALL COMPANYS<\/strong><\/p>\n<p><a href=\"https:\/\/agora.xtec.cat\/iabarcelona\/wp-content\/uploads\/usu2506\/2024\/07\/LOGO-VALL-COMPANYS.jpg\"><img loading=\"lazy\" decoding=\"async\" class=\"alignnone size-full wp-image-13058\" src=\"https:\/\/agora.xtec.cat\/iabarcelona\/wp-content\/uploads\/usu2506\/2024\/07\/LOGO-VALL-COMPANYS.jpg\" alt=\"\" width=\"231\" height=\"234\" \/><\/a><\/td>\n<td style=\"width: 25%;\"><strong>UOBO<a href=\"https:\/\/agora.xtec.cat\/iabarcelona\/wp-content\/uploads\/usu2506\/2024\/07\/LOGO-UOBO.png\"><img loading=\"lazy\" decoding=\"async\" class=\"alignnone size-full wp-image-13059\" src=\"https:\/\/agora.xtec.cat\/iabarcelona\/wp-content\/uploads\/usu2506\/2024\/07\/LOGO-UOBO.png\" alt=\"\" width=\"276\" height=\"115\" \/><\/a><\/strong><\/td>\n<\/tr>\n<\/tbody>\n<\/table>\n<p>El Programa d&#8217;innovaci\u00f3 i transfer\u00e8ncia de coneixement &#8220;InnovaFP&#8221; t\u00e9 la finalitat d&#8217;estimular la vinculaci\u00f3 entre els centres educatius que imparteixen ensenyaments de formaci\u00f3 professional i les empreses i entitats per al desenvolupament de projectes d&#8217;inter\u00e8s mutu que generin valor educatiu i empresarial.<\/p>\n<p>Poden formar part del Programa &#8220;InnovaFP&#8221; els centres educatius de Catalunya sostinguts amb fons p\u00fablics que imparteixen ensenyaments de formaci\u00f3 professional inicial, tenen implantat (o en proc\u00e9s d&#8217;assolir-lo) un sistema de gesti\u00f3 de qualitat i millora del centre, i el projecte educatiu del centre incorpora els objectius i les estrat\u00e8gies d&#8217;innovaci\u00f3 i transfer\u00e8ncia de coneixement amb les empreses i entitats del seu entorn de relaci\u00f3. Enllaceu a la web\u00a0<a href=\"http:\/\/www.innovafp.cat\/dgfpiere\/ca\/\" target=\"_blank\" rel=\"noopener noreferrer\">InnovaFP<\/a>.<\/p>\n<p><iframe loading=\"lazy\" src=\"\/\/www.youtube.com\/embed\/N6o-uAfDMEU\" width=\"560\" height=\"314\" allowfullscreen=\"allowfullscreen\"><\/iframe><\/p>\n<p>&nbsp;<\/p>\n<h5><a href=\"https:\/\/agora.xtec.cat\/iabarcelona\/wp-content\/uploads\/usu2506\/2024\/07\/MODEL-Contracte-rev.-CEB.pdf\">CNV18- Model conveni de col.laboraci\u00f3 empreses-centre per realitzar projectes<\/a><\/h5>\n<h5><strong><a href=\"https:\/\/agora.xtec.cat\/iabarcelona\/wp-content\/uploads\/usu2506\/2023\/06\/DIPTIC-FINAL-5-comprimido.pdf\">D\u00cdPTIC PROJECTE D&#8217;INNOVACI\u00d3<\/a><\/strong><\/h5>\n<p><strong>&#8211; QUI SOM?\u00a0 \u00a0 \u00a0 \u00a0 \u00a0 \u00a0 \u00a0 \u00a0 \u00a0 \u00a0 \u00a0 \u00a0 \u00a0 \u00a0 \u00a0 \u00a0 \u00a0 \u00a0 \u00a0 \u00a0 \u00a0 \u00a0 \u00a0 \u00a0 \u00a0 \u00a0 \u00a0 \u00a0 \u00a0 \u00a0 \u00a0 \u00a0 \u00a0 \u00a0 \u00a0 \u00a0 \u00a0 \u00a0 \u00a0 \u00a0 \u00a0 \u00a0 \u00a0 \u00a0 \u00a0 \u00a0 \u00a0 \u00a0 \u00a0 \u00a0 \u00a0 \u00a0 \u00a0 \u00a0 \u00a0 \u00a0 \u00a0 \u00a0 \u00a0 \u00a0 \u00a0 \u00a0 \u00a0 \u00a0 \u00a0 \u00a0 \u00a0 \u00a0 \u00a0 \u00a0 \u00a0 \u00a0 \u00a0 \u00a0 \u00a0 \u00a0 \u00a0 \u00a0<\/strong><\/p>\n<p>Som un centre p\u00fablic d&#8217;FP especialitzat en totes les professions del sector de l&#8217;alimentaci\u00f3:<\/p>\n<p>&#8211; Comer\u00e7 i log\u00edstica dels aliments<\/p>\n<p>&#8211; M\u00e0rqueting i publicitat (especialitzat al sector de l&#8217;alimentaci\u00f3)<\/p>\n<p>&#8211; An\u00e0lisi i control de qualitat de la ind\u00fastria aliment\u00e0ria<\/p>\n<p>&#8211; Diet\u00e8tica i Nutrici\u00f3<\/p>\n<p>&#8211; Cuina industrial i de col.lectivitats<\/p>\n<p>&#8211; Forneria, pastisseria i confiteria<\/p>\n<p>Impartim formaci\u00f3 professional integrada, amb una carta de serveis altament especialitzada i diversificada que permet configurar itineraris de formaci\u00f3 individualitzats o adaptats a les necessitats de les empreses del sector.<\/p>\n<p>&nbsp;<\/p>\n<p><strong>&#8211; QU\u00c8 US OFERIM?<\/strong><\/p>\n<p>CONEIXEMENT<\/p>\n<p>Som professionals amb expertesa. El nostre coneixement s&#8217;actualitza permanentment gr\u00e0cies a la nostra aposta pels programes d&#8217;FP DUAL i a una ubicaci\u00f3 \u00fanica: al bell mig de Mercabarna, el hub alimentari m\u00e9s gran del sud d&#8217;Europa.<\/p>\n<p>TALENT<\/p>\n<p>Els professionals que preparem tenen un dels nivells d&#8217;inserci\u00f3 laboral m\u00e9s elevats del sector i , durant tot el proc\u00e9s de formaci\u00f3 , participen activament en programes d&#8217;emprenedoria i d&#8217;impuls de l&#8217;FP.<\/p>\n<p>&nbsp;<\/p>\n<p>INSTAL.LACIONS I EQUIPAMENTS PER LA RECERCA I LA INNOVACI\u00d3<\/p>\n<p>Estem totalment equipats amb la tecnologia i el maquinari m\u00e9s actual. Comptem amb laboratoris de qu\u00edmica i microbiologia, taller d&#8217;innovaci\u00f3 i recerca, taller de productes frescos, aula-botiga, obrador de pastisseria i cuina industrial.<\/p>\n<p>&nbsp;<\/p>\n<p><strong>&#8211; QU\u00c8 PODEM FER PER VOSALTRES?<\/strong><\/p>\n<p>A trav\u00e9s del programa INNOVA FP us podem ajudar a crear solucions d&#8217;innovaci\u00f3 sostenibles per a la vostra empresa sense costos afegits. Projectes coordinats per professionals especialitzats i competents que contribueixin a crear valor als vostres processos, productes o serveis.<\/p>\n<ul>\n<li>Analitzant les vostres necessitats.<\/li>\n<li>Creant prototips.<\/li>\n<li>Generant propostes alternatives de disseny.<\/li>\n<li>Realitzant assajos i proves per nous productes o reformulaci\u00f3 dels antics.<\/li>\n<li>Elaborant noves aplicacions per a les vostres mat\u00e8ries primeres o productes acabats.<\/li>\n<\/ul>\n<p>&nbsp;<\/p>\n<p><strong>&#8211; QU\u00c8 PODEU FER PER NOSALTRES?<\/strong><\/p>\n<ul>\n<li>Contribuir a la qualificaci\u00f3 professional del nostre alumnat.<\/li>\n<li>Millorar la nostra relaci\u00f3 amb el m\u00f3n de l&#8217;empresa.<\/li>\n<li>Actualitzar la qualificaci\u00f3 dels nostres formadors.<\/li>\n<li>Col.laborar en la formaci\u00f3 pr\u00e0ctica dels nostres aprenents permetent una aplicaci\u00f3 directa dels coneixements adquirits en un projecte pr\u00e0ctic i amb una aplicaci\u00f3 a un producte final.<\/li>\n<\/ul>\n<p>II FIRA DE LA INNOVACI\u00d3 A L&#8217;INSTITUT DELS ALIMENTS<\/p>\n<p>SPEED MEETING<\/p>\n<p><iframe loading=\"lazy\" title=\"YouTube video player\" src=\"https:\/\/www.youtube.com\/embed\/Z35GK_wdDnw?si=O7xytDcFn_U-H5a-\" width=\"560\" height=\"315\" frameborder=\"0\" allowfullscreen=\"allowfullscreen\"><\/iframe><br \/>\nELS PROJECTES DE L&#8217;ALUMNAT<br \/>\n<iframe loading=\"lazy\" title=\"YouTube video player\" src=\"https:\/\/www.youtube.com\/embed\/WGFKyWLJiT4?si=DyBBD415jufweJmw\" width=\"560\" height=\"315\" frameborder=\"0\" allowfullscreen=\"allowfullscreen\"><\/iframe><\/p>\n<p>&nbsp;<\/p>\n<p>&nbsp;<\/p>\n","protected":false},"excerpt":{"rendered":"<p>Convenis en marxa el curs 2024-2025<\/p>\n<p><a href=\"https:\/\/agora.xtec.cat\/iabarcelona\/wp-content\/uploads\/usu2506\/2024\/07\/El-proyecto-de-colaboracion-entre-el-Grupo-Gallo-y-el-centro-de-formacion-profesional-integrado-Institut-dels-Aliments-de-Barcelona.pdf\">GRUPO GALLO<\/a><br \/>\n<a href=\"https:\/\/agora.xtec.cat\/iabarcelona\/wp-content\/uploads\/usu2506\/2024\/04\/gallo.jpg\"><\/a><br \/>\nGRUPO MONDELEZ<br \/>\n<a href=\"https:\/\/agora.xtec.cat\/iabarcelona\/wp-content\/uploads\/usu2506\/2024\/07\/LOGO-MONDELEZ-JPG.jpg\"><\/a><br \/>\nGRUP VALL COMPANYS<br \/>\n<a href=\"https:\/\/agora.xtec.cat\/iabarcelona\/wp-content\/uploads\/usu2506\/2024\/07\/LOGO-VALL-COMPANYS.jpg\"><\/a><br \/>\nUOBO<a href=\"https:\/\/agora.xtec.cat\/iabarcelona\/wp-content\/uploads\/usu2506\/2024\/07\/LOGO-UOBO.png\"><\/a><\/p>\n<p>El Programa d&#8217;innovaci\u00f3 i transfer\u00e8ncia de coneixement &#8220;InnovaFP&#8221; t\u00e9 la finalitat d&#8217;estimular la vinculaci\u00f3 entre els centres educatius que imparteixen ensenyaments de formaci\u00f3 professional i les empreses i entitats per al&hellip;  <a href=\"https:\/\/agora.xtec.cat\/iabarcelona\/laboratori-didees\/\" title=\"Read LABORATORI D&#8217;IDEES\">Llegeix m\u00e9s\u00bb<\/a><\/p>\n","protected":false},"author":1,"featured_media":0,"parent":0,"menu_order":0,"comment_status":"closed","ping_status":"closed","template":"","meta":{"_bbp_topic_count":0,"_bbp_reply_count":0,"_bbp_total_topic_count":0,"_bbp_total_reply_count":0,"_bbp_voice_count":0,"_bbp_anonymous_reply_count":0,"_bbp_topic_count_hidden":0,"_bbp_reply_count_hidden":0,"_bbp_forum_subforum_count":0,"footnotes":""},"class_list":["post-12464","page","type-page","status-publish","hentry"],"post_mailing_queue_ids":[],"_links":{"self":[{"href":"https:\/\/agora.xtec.cat\/iabarcelona\/wp-json\/wp\/v2\/pages\/12464","targetHints":{"allow":["GET"]}}],"collection":[{"href":"https:\/\/agora.xtec.cat\/iabarcelona\/wp-json\/wp\/v2\/pages"}],"about":[{"href":"https:\/\/agora.xtec.cat\/iabarcelona\/wp-json\/wp\/v2\/types\/page"}],"author":[{"embeddable":true,"href":"https:\/\/agora.xtec.cat\/iabarcelona\/wp-json\/wp\/v2\/users\/1"}],"replies":[{"embeddable":true,"href":"https:\/\/agora.xtec.cat\/iabarcelona\/wp-json\/wp\/v2\/comments?post=12464"}],"version-history":[{"count":6,"href":"https:\/\/agora.xtec.cat\/iabarcelona\/wp-json\/wp\/v2\/pages\/12464\/revisions"}],"predecessor-version":[{"id":13062,"href":"https:\/\/agora.xtec.cat\/iabarcelona\/wp-json\/wp\/v2\/pages\/12464\/revisions\/13062"}],"wp:attachment":[{"href":"https:\/\/agora.xtec.cat\/iabarcelona\/wp-json\/wp\/v2\/media?parent=12464"}],"curies":[{"name":"wp","href":"https:\/\/api.w.org\/{rel}","templated":true}]}}