{"id":11851,"date":"2023-01-11T10:16:28","date_gmt":"2023-01-11T09:16:28","guid":{"rendered":"https:\/\/projectes.xtec.cat\/impulsfp\/?page_id=11851"},"modified":"2023-01-11T10:16:28","modified_gmt":"2023-01-11T09:16:28","slug":"xerrades-i-conferencies","status":"publish","type":"page","link":"https:\/\/agora.xtec.cat\/iabarcelona\/lexalumnat-4\/formacio\/xerrades-i-conferencies\/","title":{"rendered":"Xerrades i confer\u00e8ncies"},"content":{"rendered":"<p><span style=\"font-size: 10pt;\">Els experts s\u00f3n una font de coneixement que ens ajuden a entendre millor el m\u00f3n en el que vivim, a mantenir-nos actualitzats i motivats per entomar el cam\u00ed professional que ens hem marcat. Aqu\u00ed torbar\u00e0s una selecci\u00f3 de xerrades i confer\u00e8ncies que creiem et poden ajudar en aquest prop\u00f2sit. Tamb\u00e9 anirem informant-te de les properes que es faran i a les quals tindr\u00e0s acc\u00e9s exclusiu.<\/span><\/p>\n<p><a href=\"https:\/\/www.tedxbarcelona.com\/\"><img loading=\"lazy\" decoding=\"async\" class=\"alignnone size-full wp-image-12046\" src=\"https:\/\/projectes.xtec.cat\/impulsfp\/wp-content\/uploads\/usu2078\/2023\/02\/TED.png\" alt=\"\" width=\"192\" height=\"203\" \/><\/a><a href=\"https:\/\/aprendemosjuntos.bbva.com\/videos-inspiradores\/comprometidos-con-la-educacion-y-el-trabajo\/\"><img loading=\"lazy\" decoding=\"async\" class=\"alignnone size-full wp-image-12047\" src=\"https:\/\/projectes.xtec.cat\/impulsfp\/wp-content\/uploads\/usu2078\/2023\/02\/BBVA.png\" alt=\"\" width=\"201\" height=\"203\" \/><\/a><\/p>\n","protected":false},"excerpt":{"rendered":"<p>Els experts s\u00f3n una font de coneixement que ens ajuden a entendre millor el m\u00f3n en el que vivim, a mantenir-nos actualitzats i motivats per entomar el cam\u00ed professional que ens hem marcat. Aqu\u00ed torbar\u00e0s una selecci\u00f3 de xerrades i confer\u00e8ncies que creiem et poden&hellip;  <a href=\"https:\/\/agora.xtec.cat\/iabarcelona\/lexalumnat-4\/formacio\/xerrades-i-conferencies\/\" title=\"Read Xerrades i confer\u00e8ncies\">Llegeix m\u00e9s\u00bb<\/a><\/p>\n","protected":false},"author":5,"featured_media":0,"parent":11617,"menu_order":0,"comment_status":"closed","ping_status":"closed","template":"page-templates\/side-menu.php","meta":{"_bbp_topic_count":0,"_bbp_reply_count":0,"_bbp_total_topic_count":0,"_bbp_total_reply_count":0,"_bbp_voice_count":0,"_bbp_anonymous_reply_count":0,"_bbp_topic_count_hidden":0,"_bbp_reply_count_hidden":0,"_bbp_forum_subforum_count":0,"footnotes":""},"class_list":["post-11851","page","type-page","status-publish","hentry"],"post_mailing_queue_ids":[],"_links":{"self":[{"href":"https:\/\/agora.xtec.cat\/iabarcelona\/wp-json\/wp\/v2\/pages\/11851","targetHints":{"allow":["GET"]}}],"collection":[{"href":"https:\/\/agora.xtec.cat\/iabarcelona\/wp-json\/wp\/v2\/pages"}],"about":[{"href":"https:\/\/agora.xtec.cat\/iabarcelona\/wp-json\/wp\/v2\/types\/page"}],"author":[{"embeddable":true,"href":"https:\/\/agora.xtec.cat\/iabarcelona\/wp-json\/wp\/v2\/users\/5"}],"replies":[{"embeddable":true,"href":"https:\/\/agora.xtec.cat\/iabarcelona\/wp-json\/wp\/v2\/comments?post=11851"}],"version-history":[{"count":0,"href":"https:\/\/agora.xtec.cat\/iabarcelona\/wp-json\/wp\/v2\/pages\/11851\/revisions"}],"up":[{"embeddable":true,"href":"https:\/\/agora.xtec.cat\/iabarcelona\/wp-json\/wp\/v2\/pages\/11617"}],"wp:attachment":[{"href":"https:\/\/agora.xtec.cat\/iabarcelona\/wp-json\/wp\/v2\/media?parent=11851"}],"curies":[{"name":"wp","href":"https:\/\/api.w.org\/{rel}","templated":true}]}}