{"id":11847,"date":"2023-01-11T10:15:19","date_gmt":"2023-01-11T09:15:19","guid":{"rendered":"https:\/\/projectes.xtec.cat\/impulsfp\/?page_id=11847"},"modified":"2023-01-11T10:15:19","modified_gmt":"2023-01-11T09:15:19","slug":"formacio-continua","status":"publish","type":"page","link":"https:\/\/agora.xtec.cat\/iabarcelona\/lexalumnat-4\/formacio\/formacio-continua\/","title":{"rendered":"Formaci\u00f3 cont\u00ednua"},"content":{"rendered":"<p><span style=\"font-weight: 400; font-size: 10pt;\">Entenem com a formaci\u00f3 continuada aquella que es fa al llarg de la vida i que inclou formacions relacionades amb compet\u00e8ncies transversals per millorar en els \u00e0mbits\u00a0 personal i professional. \u00c9s una formaci\u00f3 que es ideal per quan est\u00e0s en actiu per poder nodrir la teva carrera professional.<\/span><\/p>\n<p><span style=\"font-size: 10pt;\"><span style=\"font-weight: 400;\">En la web del Consorci per a la Formaci\u00f3 Cont\u00ednua de Catalunya pots trobar una \u00e0mplia oferta formativa.<\/span><\/span><\/p>\n<p><a href=\"https:\/\/conforcat.gencat.cat\/ca\/inici\"><img loading=\"lazy\" decoding=\"async\" class=\"alignnone size-full wp-image-11946\" src=\"https:\/\/projectes.xtec.cat\/impulsfp\/wp-content\/uploads\/usu2078\/2023\/01\/conforcat.png\" alt=\"\" width=\"632\" height=\"175\" \/><\/a><\/p>\n<p><a href=\"https:\/\/www.pimec.org\/ca\/pimes-autonoms\/formacio?paraula_clau=&amp;field_fo_tipus%5B%5D=Bonificable&amp;field_fo_tipus%5B%5D=Subvencionat&amp;formacioPagina=1\">\u00a0 <img loading=\"lazy\" decoding=\"async\" class=\"alignnone wp-image-12063\" src=\"https:\/\/projectes.xtec.cat\/impulsfp\/wp-content\/uploads\/usu2078\/2023\/02\/pimec-formacio.png\" alt=\"\" width=\"187\" height=\"117\" \/><\/a> <a href=\"https:\/\/www.fomentformacio.com\/ca\/formacio\/cursos-subvencionats\/\"><img loading=\"lazy\" decoding=\"async\" class=\"alignnone wp-image-12064\" src=\"https:\/\/projectes.xtec.cat\/impulsfp\/wp-content\/uploads\/usu2078\/2023\/02\/fomet.png\" alt=\"\" width=\"186\" height=\"117\" \/><\/a><a href=\"https:\/\/fundaciopacopuerto.cat\/\"><img loading=\"lazy\" decoding=\"async\" class=\"alignnone wp-image-12066\" src=\"https:\/\/projectes.xtec.cat\/impulsfp\/wp-content\/uploads\/usu2078\/2023\/02\/Fundacio-paco-puerto.png\" alt=\"\" width=\"185\" height=\"117\" \/><\/a><a href=\"https:\/\/cibernarium.barcelonactiva.cat\/\"><img loading=\"lazy\" decoding=\"async\" class=\"alignnone wp-image-12068\" src=\"https:\/\/projectes.xtec.cat\/impulsfp\/wp-content\/uploads\/usu2078\/2023\/02\/Cibernarium.png\" alt=\"\" width=\"184\" height=\"117\" \/><\/a><\/p>\n<p><span style=\"font-weight: 400; font-size: 10pt;\">En els seg\u00fcents enlla\u00e7os trobar\u00e0s l\u2019oferta formativa de cada prov\u00edncia.<\/span><\/p>\n<p><a href=\"https:\/\/www.barcelonactiva.cat\/formacio\"><img loading=\"lazy\" decoding=\"async\" class=\"alignnone wp-image-11949\" src=\"https:\/\/projectes.xtec.cat\/impulsfp\/wp-content\/uploads\/usu2078\/2023\/01\/BARCELONA.png\" alt=\"\" width=\"271\" height=\"153\" \/><\/a><a href=\"https:\/\/formacio.ddgi.cat\/\"><img loading=\"lazy\" decoding=\"async\" class=\"alignnone wp-image-11948\" src=\"https:\/\/projectes.xtec.cat\/impulsfp\/wp-content\/uploads\/usu2078\/2023\/01\/GIRONA.png\" alt=\"\" width=\"264\" height=\"162\" \/><\/a><\/p>\n<p><a href=\"https:\/\/formacio.diputaciolleida.cat\/mod\/page\/view.php?id=9142\"><img loading=\"lazy\" decoding=\"async\" class=\"alignnone wp-image-11950\" src=\"https:\/\/projectes.xtec.cat\/impulsfp\/wp-content\/uploads\/usu2078\/2023\/01\/LLEIDA.png\" alt=\"\" width=\"268\" height=\"157\" \/><\/a><a href=\"https:\/\/www.tarragona.cat\/tarragonaimpulsa\/formacio\/cursos-subvencionats\"><img loading=\"lazy\" decoding=\"async\" class=\"alignnone wp-image-11947\" src=\"https:\/\/projectes.xtec.cat\/impulsfp\/wp-content\/uploads\/usu2078\/2023\/01\/TARRAGONA.png\" alt=\"\" width=\"269\" height=\"153\" \/><\/a><\/p>\n<p><span style=\"font-weight: 400; font-size: 10pt;\">\u2192 Ets una associaci\u00f3 ALUMNIFP i vols que els teus cursos apareguin aqu\u00ed? Contacta amb nosaltres:<\/span><\/p>\n<p><span style=\"font-weight: 400; font-size: 10pt;\"><a href=\"mailto: alumnifp@xtec.cat\"><img loading=\"lazy\" decoding=\"async\" class=\"alignnone wp-image-11954\" src=\"https:\/\/projectes.xtec.cat\/impulsfp\/wp-content\/uploads\/usu2078\/2023\/01\/mailto.png\" alt=\"\" width=\"333\" height=\"83\" \/><\/a><\/span><\/p>\n","protected":false},"excerpt":{"rendered":"<p>Entenem com a formaci\u00f3 continuada aquella que es fa al llarg de la vida i que inclou formacions relacionades amb compet\u00e8ncies transversals per millorar en els \u00e0mbits\u00a0 personal i professional. \u00c9s una formaci\u00f3 que es ideal per quan est\u00e0s en actiu per poder nodrir la&hellip;  <a href=\"https:\/\/agora.xtec.cat\/iabarcelona\/lexalumnat-4\/formacio\/formacio-continua\/\" title=\"Read Formaci\u00f3 cont\u00ednua\">Llegeix m\u00e9s\u00bb<\/a><\/p>\n","protected":false},"author":5,"featured_media":0,"parent":11617,"menu_order":0,"comment_status":"closed","ping_status":"closed","template":"page-templates\/side-menu.php","meta":{"_bbp_topic_count":0,"_bbp_reply_count":0,"_bbp_total_topic_count":0,"_bbp_total_reply_count":0,"_bbp_voice_count":0,"_bbp_anonymous_reply_count":0,"_bbp_topic_count_hidden":0,"_bbp_reply_count_hidden":0,"_bbp_forum_subforum_count":0,"footnotes":""},"class_list":["post-11847","page","type-page","status-publish","hentry"],"post_mailing_queue_ids":[],"_links":{"self":[{"href":"https:\/\/agora.xtec.cat\/iabarcelona\/wp-json\/wp\/v2\/pages\/11847","targetHints":{"allow":["GET"]}}],"collection":[{"href":"https:\/\/agora.xtec.cat\/iabarcelona\/wp-json\/wp\/v2\/pages"}],"about":[{"href":"https:\/\/agora.xtec.cat\/iabarcelona\/wp-json\/wp\/v2\/types\/page"}],"author":[{"embeddable":true,"href":"https:\/\/agora.xtec.cat\/iabarcelona\/wp-json\/wp\/v2\/users\/5"}],"replies":[{"embeddable":true,"href":"https:\/\/agora.xtec.cat\/iabarcelona\/wp-json\/wp\/v2\/comments?post=11847"}],"version-history":[{"count":0,"href":"https:\/\/agora.xtec.cat\/iabarcelona\/wp-json\/wp\/v2\/pages\/11847\/revisions"}],"up":[{"embeddable":true,"href":"https:\/\/agora.xtec.cat\/iabarcelona\/wp-json\/wp\/v2\/pages\/11617"}],"wp:attachment":[{"href":"https:\/\/agora.xtec.cat\/iabarcelona\/wp-json\/wp\/v2\/media?parent=11847"}],"curies":[{"name":"wp","href":"https:\/\/api.w.org\/{rel}","templated":true}]}}