{"id":8937,"date":"2018-11-09T09:48:28","date_gmt":"2018-11-09T08:48:28","guid":{"rendered":"http:\/\/agora.xtec.cat\/fpdual\/?page_id=8937"},"modified":"2025-03-16T16:29:35","modified_gmt":"2025-03-16T15:29:35","slug":"tens-dubtes","status":"publish","type":"page","link":"https:\/\/agora.xtec.cat\/fpdual\/alumnat-2\/tens-dubtes\/","title":{"rendered":"Grau d&#8217;inserci\u00f3 de l&#8217;FP dual"},"content":{"rendered":"<p>Dades extretes dels estudis d&#8217;inserci\u00f3 laboral dels ensenyaments professionals del Departament d&#8217;Educaci\u00f3. <a href=\"https:\/\/educacio.gencat.cat\/ca\/departament\/estadistiques\/insercio-laboral\/estadistica-insercio-laboral\/\" target=\"_blank\" rel=\"noopener\"><span style=\"font-weight: 400;\"><span style=\"text-decoration: underline;\"><strong><span style=\"color: #2f5d5d;\"><strong> (<span style=\"text-decoration: underline;\">Estudis d&#8217;inserci\u00f3<\/span>)<\/strong><\/span><\/strong><\/span><\/span><\/a><\/p>\n<h2 style=\"text-align: center;\"><a href=\"https:\/\/educacio.gencat.cat\/web\/.content\/home\/departament\/estadistiques\/insercio-laboral\/estadistica-insercio-laboral\/insercio-laboral-2023.pdf\" target=\"_blank\" rel=\"noopener\"><span style=\"font-weight: 400;\"><span style=\"text-decoration: underline;\"><strong><span style=\"color: #2f5d5d;\"><strong>Estudi d&#8217;inserci\u00f3 laboral 2023<\/strong><\/span><\/strong><\/span><\/span><\/a><\/h2>\n<p>&nbsp;<\/p>\n<p><a href=\"https:\/\/agora.xtec.cat\/fpdual\/wp-content\/uploads\/usu1832\/2024\/03\/Captura-5.png\"><img loading=\"lazy\" decoding=\"async\" class=\"alignnone size-full wp-image-17804\" src=\"https:\/\/agora.xtec.cat\/fpdual\/wp-content\/uploads\/usu1832\/2024\/03\/Captura-5.png\" alt=\"\" width=\"976\" height=\"220\" srcset=\"https:\/\/agora.xtec.cat\/fpdual\/wp-content\/uploads\/usu1832\/2024\/03\/Captura-5.png 976w, https:\/\/agora.xtec.cat\/fpdual\/wp-content\/uploads\/usu1832\/2024\/03\/Captura-5-300x68.png 300w, https:\/\/agora.xtec.cat\/fpdual\/wp-content\/uploads\/usu1832\/2024\/03\/Captura-5-768x173.png 768w\" sizes=\"auto, (max-width: 976px) 100vw, 976px\" \/><\/a><\/p>\n<p><a href=\"https:\/\/agora.xtec.cat\/fpdual\/wp-content\/uploads\/usu1832\/2024\/03\/GRAU-MITJA-PER-FAMILIES-2023.jpg\"><img loading=\"lazy\" decoding=\"async\" class=\"alignnone wp-image-17821 \" src=\"https:\/\/agora.xtec.cat\/fpdual\/wp-content\/uploads\/usu1832\/2024\/03\/GRAU-MITJA-PER-FAMILIES-2023.jpg\" alt=\"\" width=\"969\" height=\"567\" srcset=\"https:\/\/agora.xtec.cat\/fpdual\/wp-content\/uploads\/usu1832\/2024\/03\/GRAU-MITJA-PER-FAMILIES-2023.jpg 913w, https:\/\/agora.xtec.cat\/fpdual\/wp-content\/uploads\/usu1832\/2024\/03\/GRAU-MITJA-PER-FAMILIES-2023-300x175.jpg 300w, https:\/\/agora.xtec.cat\/fpdual\/wp-content\/uploads\/usu1832\/2024\/03\/GRAU-MITJA-PER-FAMILIES-2023-768x449.jpg 768w\" sizes=\"auto, (max-width: 969px) 100vw, 969px\" \/><\/a><\/p>\n<p><a href=\"https:\/\/agora.xtec.cat\/fpdual\/wp-content\/uploads\/usu1832\/2024\/03\/GRAU-SUPERIOR-PER-FAMILIES-2023.jpg\"><img loading=\"lazy\" decoding=\"async\" class=\"alignnone wp-image-17822 \" src=\"https:\/\/agora.xtec.cat\/fpdual\/wp-content\/uploads\/usu1832\/2024\/03\/GRAU-SUPERIOR-PER-FAMILIES-2023.jpg\" alt=\"\" width=\"972\" height=\"566\" srcset=\"https:\/\/agora.xtec.cat\/fpdual\/wp-content\/uploads\/usu1832\/2024\/03\/GRAU-SUPERIOR-PER-FAMILIES-2023.jpg 912w, https:\/\/agora.xtec.cat\/fpdual\/wp-content\/uploads\/usu1832\/2024\/03\/GRAU-SUPERIOR-PER-FAMILIES-2023-300x175.jpg 300w, https:\/\/agora.xtec.cat\/fpdual\/wp-content\/uploads\/usu1832\/2024\/03\/GRAU-SUPERIOR-PER-FAMILIES-2023-768x447.jpg 768w\" sizes=\"auto, (max-width: 972px) 100vw, 972px\" \/><\/a><\/p>\n","protected":false},"excerpt":{"rendered":"<p>Dades extretes dels estudis d&#8217;inserci\u00f3 laboral dels ensenyaments professionals del Departament d&#8217;Educaci\u00f3. <a href=\"https:\/\/educacio.gencat.cat\/ca\/departament\/estadistiques\/insercio-laboral\/estadistica-insercio-laboral\/\" target=\"_blank\" rel=\"noopener\"> (Estudis d&#8217;inserci\u00f3)<\/a><br \/>\n<a href=\"https:\/\/educacio.gencat.cat\/web\/.content\/home\/departament\/estadistiques\/insercio-laboral\/estadistica-insercio-laboral\/insercio-laboral-2023.pdf\" target=\"_blank\" rel=\"noopener\">Estudi d&#8217;inserci\u00f3 laboral 2023<\/a><br \/>\n&nbsp;<br \/>\n<a href=\"https:\/\/agora.xtec.cat\/fpdual\/wp-content\/uploads\/usu1832\/2024\/03\/Captura-5.png\"><\/a><br \/>\n<a href=\"https:\/\/agora.xtec.cat\/fpdual\/wp-content\/uploads\/usu1832\/2024\/03\/GRAU-MITJA-PER-FAMILIES-2023.jpg\"><\/a><br \/>\n<a href=\"https:\/\/agora.xtec.cat\/fpdual\/wp-content\/uploads\/usu1832\/2024\/03\/GRAU-SUPERIOR-PER-FAMILIES-2023.jpg\"><\/a><\/p>\n","protected":false},"author":3,"featured_media":0,"parent":19060,"menu_order":4,"comment_status":"closed","ping_status":"closed","template":"page-templates\/side-menu.php","meta":{"_bbp_topic_count":0,"_bbp_reply_count":0,"_bbp_total_topic_count":0,"_bbp_total_reply_count":0,"_bbp_voice_count":0,"_bbp_anonymous_reply_count":0,"_bbp_topic_count_hidden":0,"_bbp_reply_count_hidden":0,"_bbp_forum_subforum_count":0,"footnotes":""},"class_list":["post-8937","page","type-page","status-publish","hentry"],"post_mailing_queue_ids":[],"_links":{"self":[{"href":"https:\/\/agora.xtec.cat\/fpdual\/wp-json\/wp\/v2\/pages\/8937","targetHints":{"allow":["GET"]}}],"collection":[{"href":"https:\/\/agora.xtec.cat\/fpdual\/wp-json\/wp\/v2\/pages"}],"about":[{"href":"https:\/\/agora.xtec.cat\/fpdual\/wp-json\/wp\/v2\/types\/page"}],"author":[{"embeddable":true,"href":"https:\/\/agora.xtec.cat\/fpdual\/wp-json\/wp\/v2\/users\/3"}],"replies":[{"embeddable":true,"href":"https:\/\/agora.xtec.cat\/fpdual\/wp-json\/wp\/v2\/comments?post=8937"}],"version-history":[{"count":8,"href":"https:\/\/agora.xtec.cat\/fpdual\/wp-json\/wp\/v2\/pages\/8937\/revisions"}],"predecessor-version":[{"id":17823,"href":"https:\/\/agora.xtec.cat\/fpdual\/wp-json\/wp\/v2\/pages\/8937\/revisions\/17823"}],"up":[{"embeddable":true,"href":"https:\/\/agora.xtec.cat\/fpdual\/wp-json\/wp\/v2\/pages\/19060"}],"wp:attachment":[{"href":"https:\/\/agora.xtec.cat\/fpdual\/wp-json\/wp\/v2\/media?parent=8937"}],"curies":[{"name":"wp","href":"https:\/\/api.w.org\/{rel}","templated":true}]}}