{"id":8707,"date":"2018-10-19T08:36:54","date_gmt":"2018-10-19T06:36:54","guid":{"rendered":"http:\/\/agora.xtec.cat\/fpdual\/?page_id=8707"},"modified":"2024-06-24T10:27:00","modified_gmt":"2024-06-24T08:27:00","slug":"vinculacio-empresa-aprenent-i-centreeducatiu","status":"publish","type":"page","link":"https:\/\/agora.xtec.cat\/fpdual\/vinculacio-empresa-aprenent-i-centreeducatiu\/","title":{"rendered":"Vinculaci\u00f3 empresa, aprenent i centre educatiu"},"content":{"rendered":"<p>La normativa que regula la formaci\u00f3 professional dual \u00e9s:<\/p>\n<p style=\"padding-left: 30px;\">1. <a href=\"https:\/\/www.boe.es\/buscar\/pdf\/2012\/BOE-A-2012-13846-consolidado.pdf\" target=\"_blank\" rel=\"noopener noreferrer\"><b><u>Reial Decret 1529\/2012<\/u><\/b><\/a>, de 8 de novembre, pel qual es desenvolupa el contracte per a la formaci\u00f3 i l\u2019aprenentatge i s\u2019estableixen les bases de la formaci\u00f3 professional dual.<\/p>\n<p style=\"padding-left: 30px;\">2.\u00a0<a href=\"https:\/\/portaldogc.gencat.cat\/utilsEADOP\/PDF\/8210\/1810438.pdf\" target=\"_blank\" rel=\"noopener noreferrer\"><b><u>RESOLUCI\u00d3 EDU\/2085\/2020<\/u>,<\/b><\/a> de 20 d&#8217;agost, per la qual s&#8217;actualitza l&#8217;organitzaci\u00f3 de la formaci\u00f3 en alternan\u00e7a en els ensenyaments de formaci\u00f3 professional inicial (DOGC n\u00famero 8210, de 26.8.2020).<\/p>\n<p>L\u2019empresa acull l\u2019alumnat mitjan\u00e7ant una estada formativa on l\u2019aprenent \u00e9s contractat o b\u00e9 becat (pr\u00e0ctiques formatives remunerades) per l\u2019empresa.<\/p>\n<table style=\"border-collapse: collapse; width: 100%; height: 383px;\" border=\"1\">\n<tbody>\n<tr style=\"height: 30px;\">\n<th style=\"width: 25%; height: 30px; text-align: center; border-style: solid; border-color: #b5111b; background-color: #edf5e1;\" scope=\"rowgroup\"><span style=\"color: #b5111b;\">Relaci\u00f3<\/span><\/th>\n<th style=\"width: 19.4559%; height: 30px; text-align: center; border-style: solid; border-color: #b5111b; background-color: #edf5e1;\" scope=\"rowgroup\"><span style=\"color: #b5111b;\">Durada<\/span><\/th>\n<th style=\"width: 27.0533%; height: 30px; text-align: center; border-style: solid; border-color: #b5111b; background-color: #edf5e1;\" scope=\"rowgroup\"><span style=\"color: #b5111b;\">Retribucions<\/span><\/th>\n<th style=\"width: 28.4908%; height: 30px; text-align: center; border-style: solid; border-color: #b5111b; background-color: #edf5e1;\" scope=\"rowgroup\"><span style=\"color: #b5111b;\">Seguretat social<\/span><\/th>\n<\/tr>\n<tr style=\"height: 200px;\">\n<td style=\"width: 25%; text-align: left; height: 238px;\"><strong>Contracte de treball de formaci\u00f3 en alternan\u00e7a<\/strong><\/td>\n<td style=\"width: 19.4559%; text-align: center; height: 238px;\">\u00a0M\u00ednim tres mesos<br \/>\nM\u00e0xim dos anys<\/td>\n<td style=\"width: 27.0533%; text-align: left; vertical-align: top; height: 238px;\">L&#8217;establert per a aquests contractes en el conveni col\u00b7lectiu d&#8217;aplicaci\u00f3<\/p>\n<p>Retribuci\u00f3 m\u00ednima el primer any del 60 % establert per la categoria professional i del 75 % el segon any.<\/td>\n<td style=\"width: 28.4908%; text-align: left; height: 238px; vertical-align: top;\">Alta a la Seguretat Social com a treballador<\/p>\n<p>Reduccions als costos a<br \/>\nl&#8217;SS aplicaci\u00f3 de les <a href=\"https:\/\/www.seg-social.es\/wps\/portal\/wss\/internet\/Trabajadores\/CotizacionRecaudacionTrabajadores\/36537\" target=\"_blank\" rel=\"noopener\">bases i tipus de cotitzaci\u00f3<\/a> exercici<br \/>\ncorresponent.<\/td>\n<\/tr>\n<tr style=\"height: 145px;\">\n<td style=\"width: 25%; text-align: left; height: 115px;\"><strong>Beca<\/strong><\/td>\n<td style=\"width: 19.4559%; text-align: center; height: 115px;\">1.000 hores<\/td>\n<td style=\"width: 27.0533%; text-align: left; height: 115px; vertical-align: top;\">Pactades entre empresa i centre educatiu, en funci\u00f3 de les hores d\u2019estada.<\/p>\n<p>No poden ser inferiors<strong>(*)<\/strong><\/td>\n<td style=\"width: 28.4908%; text-align: left; vertical-align: top; height: 115px;\">Alta a la Seguretat Social pr\u00e0ctiques formatives remunerades.<\/p>\n<p>Reduccions als costos a<br \/>\nl&#8217;SS aplicaci\u00f3 de les <a href=\"https:\/\/www.seg-social.es\/wps\/portal\/wss\/internet\/Trabajadores\/CotizacionRecaudacionTrabajadores\/36537\" target=\"_blank\" rel=\"noopener\">bases i tipus de cotitzaci\u00f3<\/a> exercici<br \/>\ncorresponent.<\/td>\n<\/tr>\n<\/tbody>\n<\/table>\n<p><span style=\"font-size: small;\"><span style=\"color: red;\"><span style=\"color: #000000;\"><strong>(*) <\/strong>En els CFPM 50% de l&#8217;SMI i en <\/span><span style=\"color: #000000;\">els CFPS \u00a060% (primera meitat estada a l\u2019empresa) i\u00a0 70% (segona meitat estada a l&#8217;empresa). Aquests percentatges s&#8217;apliquen a l&#8217;SMI de 2020.<\/span><\/span><\/span><\/p>\n","protected":false},"excerpt":{"rendered":"<p>La normativa que regula la formaci\u00f3 professional dual \u00e9s:<br \/>\n1. <a href=\"https:\/\/www.boe.es\/buscar\/pdf\/2012\/BOE-A-2012-13846-consolidado.pdf\" target=\"_blank\" rel=\"noopener noreferrer\">Reial Decret 1529\/2012<\/a>, de 8 de novembre, pel qual es desenvolupa el contracte per a la formaci\u00f3 i l\u2019aprenentatge i s\u2019estableixen les bases de la formaci\u00f3 professional dual.<br \/>\n2.\u00a0<a href=\"https:\/\/portaldogc.gencat.cat\/utilsEADOP\/PDF\/8210\/1810438.pdf\" target=\"_blank\" rel=\"noopener noreferrer\">RESOLUCI\u00d3&hellip;  <a href=\"https:\/\/agora.xtec.cat\/fpdual\/vinculacio-empresa-aprenent-i-centreeducatiu\/\" title=\"Read Vinculaci\u00f3 empresa, aprenent i centre educatiu\">Llegeix m\u00e9s\u00bb<\/a><\/p>\n","protected":false},"author":3,"featured_media":0,"parent":0,"menu_order":30,"comment_status":"closed","ping_status":"closed","template":"page-templates\/side-menu.php","meta":{"_bbp_topic_count":0,"_bbp_reply_count":0,"_bbp_total_topic_count":0,"_bbp_total_reply_count":0,"_bbp_voice_count":0,"_bbp_anonymous_reply_count":0,"_bbp_topic_count_hidden":0,"_bbp_reply_count_hidden":0,"_bbp_forum_subforum_count":0,"footnotes":""},"class_list":["post-8707","page","type-page","status-publish","hentry"],"post_mailing_queue_ids":[],"_links":{"self":[{"href":"https:\/\/agora.xtec.cat\/fpdual\/wp-json\/wp\/v2\/pages\/8707","targetHints":{"allow":["GET"]}}],"collection":[{"href":"https:\/\/agora.xtec.cat\/fpdual\/wp-json\/wp\/v2\/pages"}],"about":[{"href":"https:\/\/agora.xtec.cat\/fpdual\/wp-json\/wp\/v2\/types\/page"}],"author":[{"embeddable":true,"href":"https:\/\/agora.xtec.cat\/fpdual\/wp-json\/wp\/v2\/users\/3"}],"replies":[{"embeddable":true,"href":"https:\/\/agora.xtec.cat\/fpdual\/wp-json\/wp\/v2\/comments?post=8707"}],"version-history":[{"count":7,"href":"https:\/\/agora.xtec.cat\/fpdual\/wp-json\/wp\/v2\/pages\/8707\/revisions"}],"predecessor-version":[{"id":18217,"href":"https:\/\/agora.xtec.cat\/fpdual\/wp-json\/wp\/v2\/pages\/8707\/revisions\/18217"}],"wp:attachment":[{"href":"https:\/\/agora.xtec.cat\/fpdual\/wp-json\/wp\/v2\/media?parent=8707"}],"curies":[{"name":"wp","href":"https:\/\/api.w.org\/{rel}","templated":true}]}}