{"id":8329,"date":"2018-06-22T12:15:14","date_gmt":"2018-06-22T10:15:14","guid":{"rendered":"http:\/\/agora.xtec.cat\/fpdual\/?page_id=8329"},"modified":"2022-04-04T12:32:35","modified_gmt":"2022-04-04T10:32:35","slug":"vull-ser-una-empresa-dual-que-he-de-fer","status":"publish","type":"page","link":"https:\/\/agora.xtec.cat\/fpdual\/empresa\/vull-ser-una-empresa-dual-que-he-de-fer\/","title":{"rendered":"Vull participar en l&#8217;FP dual, qu\u00e8 he de fer?"},"content":{"rendered":"<p><a href=\"https:\/\/agora.xtec.cat\/fpdual\/wp-content\/uploads\/usu1832\/2022\/04\/Vull-ser-una-empresa-dual-que-he-de-fer-e1649068330231.png\"><img loading=\"lazy\" decoding=\"async\" class=\"size-large wp-image-14868 aligncenter\" src=\"https:\/\/agora.xtec.cat\/fpdual\/wp-content\/uploads\/usu1832\/2022\/04\/Vull-ser-una-empresa-dual-que-he-de-fer-493x1024.png\" alt=\"\" width=\"493\" height=\"1024\" \/><\/a><\/p>\n<h2 style=\"text-align: center;\">Per a sol\u00b7licitar m\u00e9s informaci\u00f3 empleneu el seg\u00fcent <a href=\"https:\/\/docs.google.com\/forms\/d\/e\/1FAIpQLSc1orQ6RvTMFkAXF14ATp7yzXEyFOv-0EqGVV2-FF5XHtmqgg\/viewform?vc=0&amp;c=0&amp;w=1&amp;flr=0&amp;gxids=7628\"><strong>formulari<\/strong><\/a><\/h2>\n<p><a href=\"https:\/\/agora.xtec.cat\/fpdual\/centres-educatius\/mapa-de-centres-dfp-dual\/\"><img loading=\"lazy\" decoding=\"async\" class=\"wp-image-9382 aligncenter\" title=\"Cercador de centres que imparteixen FP dual\" src=\"https:\/\/agora.xtec.cat\/fpdual\/wp-content\/uploads\/usu1832\/2018\/12\/Cercador-de-centres.png\" alt=\"Cercador de centres que imparteixen FP dual\" width=\"256\" height=\"256\" srcset=\"https:\/\/agora.xtec.cat\/fpdual\/wp-content\/uploads\/usu1832\/2018\/12\/Cercador-de-centres.png 500w, https:\/\/agora.xtec.cat\/fpdual\/wp-content\/uploads\/usu1832\/2018\/12\/Cercador-de-centres-150x150.png 150w, https:\/\/agora.xtec.cat\/fpdual\/wp-content\/uploads\/usu1832\/2018\/12\/Cercador-de-centres-300x300.png 300w\" sizes=\"auto, (max-width: 256px) 100vw, 256px\" \/><\/a><\/p>\n","protected":false},"excerpt":{"rendered":"<p><a href=\"https:\/\/agora.xtec.cat\/fpdual\/wp-content\/uploads\/usu1832\/2022\/04\/Vull-ser-una-empresa-dual-que-he-de-fer-e1649068330231.png\"><\/a><br \/>\nPer a sol\u00b7licitar m\u00e9s informaci\u00f3 empleneu el seg\u00fcent <a href=\"https:\/\/docs.google.com\/forms\/d\/e\/1FAIpQLSc1orQ6RvTMFkAXF14ATp7yzXEyFOv-0EqGVV2-FF5XHtmqgg\/viewform?vc=0&amp;c=0&amp;w=1&amp;flr=0&amp;gxids=7628\">formulari<\/a><br \/>\n<a href=\"https:\/\/agora.xtec.cat\/fpdual\/centres-educatius\/mapa-de-centres-dfp-dual\/\"><\/a><\/p>\n","protected":false},"author":3,"featured_media":0,"parent":806,"menu_order":30,"comment_status":"closed","ping_status":"closed","template":"page-templates\/side-menu.php","meta":{"_bbp_topic_count":0,"_bbp_reply_count":0,"_bbp_total_topic_count":0,"_bbp_total_reply_count":0,"_bbp_voice_count":0,"_bbp_anonymous_reply_count":0,"_bbp_topic_count_hidden":0,"_bbp_reply_count_hidden":0,"_bbp_forum_subforum_count":0,"footnotes":""},"class_list":["post-8329","page","type-page","status-publish","hentry"],"post_mailing_queue_ids":[],"_links":{"self":[{"href":"https:\/\/agora.xtec.cat\/fpdual\/wp-json\/wp\/v2\/pages\/8329","targetHints":{"allow":["GET"]}}],"collection":[{"href":"https:\/\/agora.xtec.cat\/fpdual\/wp-json\/wp\/v2\/pages"}],"about":[{"href":"https:\/\/agora.xtec.cat\/fpdual\/wp-json\/wp\/v2\/types\/page"}],"author":[{"embeddable":true,"href":"https:\/\/agora.xtec.cat\/fpdual\/wp-json\/wp\/v2\/users\/3"}],"replies":[{"embeddable":true,"href":"https:\/\/agora.xtec.cat\/fpdual\/wp-json\/wp\/v2\/comments?post=8329"}],"version-history":[{"count":7,"href":"https:\/\/agora.xtec.cat\/fpdual\/wp-json\/wp\/v2\/pages\/8329\/revisions"}],"predecessor-version":[{"id":14870,"href":"https:\/\/agora.xtec.cat\/fpdual\/wp-json\/wp\/v2\/pages\/8329\/revisions\/14870"}],"up":[{"embeddable":true,"href":"https:\/\/agora.xtec.cat\/fpdual\/wp-json\/wp\/v2\/pages\/806"}],"wp:attachment":[{"href":"https:\/\/agora.xtec.cat\/fpdual\/wp-json\/wp\/v2\/media?parent=8329"}],"curies":[{"name":"wp","href":"https:\/\/api.w.org\/{rel}","templated":true}]}}