{"id":8290,"date":"2018-06-15T13:38:31","date_gmt":"2018-06-15T11:38:31","guid":{"rendered":"http:\/\/agora.xtec.cat\/fpdual\/?page_id=8290"},"modified":"2021-04-08T17:36:04","modified_gmt":"2021-04-08T15:36:04","slug":"beneficis-de-lfp-dual","status":"publish","type":"page","link":"https:\/\/agora.xtec.cat\/fpdual\/empresa\/beneficis-de-lfp-dual\/","title":{"rendered":"Beneficis de l&#8217;FP dual per les empreses"},"content":{"rendered":"<p><img loading=\"lazy\" decoding=\"async\" class=\"aligncenter wp-image-9653\" title=\"Beneficis per les empreses\" src=\"https:\/\/agora.xtec.cat\/fpdual\/wp-content\/uploads\/usu1832\/2019\/02\/BeneficisEmpreses.png\" alt=\"Infografia dels beneficis per les empreses\" width=\"959\" height=\"1120\" srcset=\"https:\/\/agora.xtec.cat\/fpdual\/wp-content\/uploads\/usu1832\/2019\/02\/BeneficisEmpreses.png 773w, https:\/\/agora.xtec.cat\/fpdual\/wp-content\/uploads\/usu1832\/2019\/02\/BeneficisEmpreses-257x300.png 257w, https:\/\/agora.xtec.cat\/fpdual\/wp-content\/uploads\/usu1832\/2019\/02\/BeneficisEmpreses-768x896.png 768w\" sizes=\"auto, (max-width: 959px) 100vw, 959px\" \/><\/p>\n<h2 style=\"text-align: center;\">Per a sol\u00b7licitar m\u00e9s informaci\u00f3 empleneu el seg\u00fcent <a href=\"https:\/\/docs.google.com\/forms\/d\/e\/1FAIpQLSc1orQ6RvTMFkAXF14ATp7yzXEyFOv-0EqGVV2-FF5XHtmqgg\/viewform?vc=0&amp;c=0&amp;w=1&amp;flr=0&amp;gxids=7628\"><strong>formulari<\/strong><\/a><\/h2>\n","protected":false},"excerpt":{"rendered":"<p>Per a sol\u00b7licitar m\u00e9s informaci\u00f3 empleneu el seg\u00fcent <a href=\"https:\/\/docs.google.com\/forms\/d\/e\/1FAIpQLSc1orQ6RvTMFkAXF14ATp7yzXEyFOv-0EqGVV2-FF5XHtmqgg\/viewform?vc=0&amp;c=0&amp;w=1&amp;flr=0&amp;gxids=7628\">formulari<\/a><\/p>\n","protected":false},"author":3,"featured_media":0,"parent":806,"menu_order":10,"comment_status":"closed","ping_status":"closed","template":"page-templates\/side-menu.php","meta":{"_bbp_topic_count":0,"_bbp_reply_count":0,"_bbp_total_topic_count":0,"_bbp_total_reply_count":0,"_bbp_voice_count":0,"_bbp_anonymous_reply_count":0,"_bbp_topic_count_hidden":0,"_bbp_reply_count_hidden":0,"_bbp_forum_subforum_count":0,"footnotes":""},"class_list":["post-8290","page","type-page","status-publish","hentry"],"post_mailing_queue_ids":[],"_links":{"self":[{"href":"https:\/\/agora.xtec.cat\/fpdual\/wp-json\/wp\/v2\/pages\/8290","targetHints":{"allow":["GET"]}}],"collection":[{"href":"https:\/\/agora.xtec.cat\/fpdual\/wp-json\/wp\/v2\/pages"}],"about":[{"href":"https:\/\/agora.xtec.cat\/fpdual\/wp-json\/wp\/v2\/types\/page"}],"author":[{"embeddable":true,"href":"https:\/\/agora.xtec.cat\/fpdual\/wp-json\/wp\/v2\/users\/3"}],"replies":[{"embeddable":true,"href":"https:\/\/agora.xtec.cat\/fpdual\/wp-json\/wp\/v2\/comments?post=8290"}],"version-history":[{"count":4,"href":"https:\/\/agora.xtec.cat\/fpdual\/wp-json\/wp\/v2\/pages\/8290\/revisions"}],"predecessor-version":[{"id":11335,"href":"https:\/\/agora.xtec.cat\/fpdual\/wp-json\/wp\/v2\/pages\/8290\/revisions\/11335"}],"up":[{"embeddable":true,"href":"https:\/\/agora.xtec.cat\/fpdual\/wp-json\/wp\/v2\/pages\/806"}],"wp:attachment":[{"href":"https:\/\/agora.xtec.cat\/fpdual\/wp-json\/wp\/v2\/media?parent=8290"}],"curies":[{"name":"wp","href":"https:\/\/api.w.org\/{rel}","templated":true}]}}