{"id":8288,"date":"2018-06-15T13:38:31","date_gmt":"2018-06-15T11:38:31","guid":{"rendered":"http:\/\/agora.xtec.cat\/fpdual\/?page_id=8288"},"modified":"2023-03-02T12:01:36","modified_gmt":"2023-03-02T11:01:36","slug":"preguntes-mes-frequents-empreses","status":"publish","type":"page","link":"https:\/\/agora.xtec.cat\/fpdual\/empresa\/preguntes-mes-frequents-empreses\/","title":{"rendered":"Preguntes m\u00e9s freq\u00fcents"},"content":{"rendered":"<h3><span style=\"color: #6a7a00; font-size: 18px;\">1. Quins beneficis podr\u00e0 obtenir l\u2019empresa? <\/span><\/h3>\n<p>Al seg\u00fcent <a href=\"https:\/\/agora.xtec.cat\/fpdual\/empresa\/beneficis-de-lfp-dual\/\">enlla\u00e7<\/a> trobareu un esquema on s\u2019explica.<\/p>\n<h3><span style=\"color: #6a7a00; font-size: 18px;\">2. En qu\u00e8 consisteix el comprom\u00eds de l\u2019empresa en l&#8217;alternan\u00e7a dual? <\/span><\/h3>\n<p>Al seg\u00fcent <a href=\"https:\/\/projectes.xtec.cat\/fpdual\/empresa\/que-implica-la-dual-per-lempresa\/\">enlla\u00e7<\/a> trobareu un esquema on s\u2019explica.<\/p>\n<h3><span style=\"color: #6a7a00; font-size: 18px;\">3. Quins s\u00f3n els costos per a l\u2019empresa de la formaci\u00f3 dual? <\/span><\/h3>\n<p>Els associats a l&#8217;acolliment de l&#8217;alumne en formaci\u00f3. Dependr\u00e0 de la forma que prengui aquest acolliment: beca formativa o contracte laboral.<\/p>\n<h3><span style=\"color: #6a7a00; font-size: 18px;\">4. Com pot l\u2019empresari comen\u00e7ar amb la formaci\u00f3 dual? <\/span><\/h3>\n<p>Al seg\u00fcent <a href=\"https:\/\/projectes.xtec.cat\/fpdual\/empresa\/vull-ser-una-empresa-dual-que-he-de-fer\/\">enlla\u00e7<\/a> trobareu un esquema on s\u2019explica.<\/p>\n<h3><span style=\"color: #6a7a00; font-size: 18px;\">5. T\u00e9 obligaci\u00f3 l\u2019empresari de fer alguna aportaci\u00f3 econ\u00f2mica al centre docent per tal d\u2019acollir alumnat de formaci\u00f3 dual? <\/span><\/h3>\n<p>No. Es poden arribar a acords per facilitar equipaments o material propi per treballar a les instal\u00b7lacions del centre docent o de l\u2019empresa. Aquests acords s&#8217;estableixen en el conveni de col\u00b7laboraci\u00f3.<\/p>\n<h3><span style=\"color: #6a7a00; font-size: 18px;\">6. \u00c9s apte qualsevol modalitat de contracte laboral per fer la formaci\u00f3 dual? <\/span><\/h3>\n<p>S\u00ed (tenint en compte la durada i requisits del contracte). Actualment, el contracte que m\u00e9s s&#8217;ajusta \u00e9s el contracte per a la formaci\u00f3 en alternan\u00e7a.<\/p>\n<h3><span style=\"color: #6a7a00; font-size: 18px;\">7. Quines s\u00f3n les caracter\u00edstiques (durada, jornada, salari&#8230;) del contracte per a la formaci\u00f3 en alternan\u00e7a? <\/span><\/h3>\n<p>Al seg\u00fcent<a href=\"https:\/\/sepe.es\/HomeSepe\/empresas\/Contratos-de-trabajo\/contratacion-formacion-alternancia.html\" target=\"_blank\" rel=\"noopener\"> enlla\u00e7 <\/a>trobareu tota la informaci\u00f3.<\/p>\n<h3><span style=\"color: #6a7a00; font-size: 18px;\">8. Quins avantatges t\u00e9 per a l\u2019empresa el contracte de formaci\u00f3 en alternan\u00e7a? <\/span><\/h3>\n<p>Les empreses poden gaudir d\u2019incentius com ara bonificacions de fins al 100% en les quotes a la Seguretat Social. Es remunera a l\u2019alumnat pel temps efectivament treballat. L\u2019alumnat \u00e9s format en relaci\u00f3 al perfil laboral que ocupa a l\u2019empresa. Tamb\u00e9 es pot beneficiar de les bonificacions al passar a contracte indefinit (vegeu pregunta 11). Altres que la normativa pugui regular.<\/p>\n<h3><span style=\"color: #6a7a00; font-size: 18px;\">9. Les reduccions i les bonificacions en les quotes de cotitzaci\u00f3 a la Seguretat Social dels contractes per a la formaci\u00f3 en alternan\u00e7a, s\u00f3n d&#8217;aplicaci\u00f3 directa o l&#8217;empresa les ha d&#8217;avan\u00e7ar? <\/span><\/h3>\n<p>S\u00f3n d&#8217;aplicaci\u00f3 directa, es tracta d&#8217;incentius que es poden aplicar mes a mes.<\/p>\n<h3><span style=\"color: #6a7a00; font-size: 18px;\">10. T\u00e9 obligaci\u00f3 l\u2019empresa de contractar l\u2019alumnat un cop finalitzat el seu per\u00edode formatiu? <\/span><\/h3>\n<p>No. Encara que sovint, quan necessita personal qualificat i format, contracta aquell alumnat que ha format anteriorment.<\/p>\n<p>Esgotada la durada m\u00e0xima inicial o prorrogada del contracte de formaci\u00f3 en alternan\u00e7a, Si es transforma en indefinits durant 3 anys: 1500 \u20ac o 1800 \u20ac per a dones.\u00a0<b>En el sup\u00f2sit de treballadors inscrits en el Sistema Nacional de Garantia Juvenil<\/b>, aquest incentiu , en els mateix percentatges, consistir\u00e0 en una bonificaci\u00f3.<\/p>\n<h3><span style=\"color: #6a7a00; font-size: 18px;\">11. En general hi ha restriccions a l\u2019horari laboral de l\u2019alumne (torns, nocturnitat, etc.)? <\/span><\/h3>\n<p>El temps total ordinari en alternan\u00e7a en el cas de la <strong>beca<\/strong> (temps a l&#8217;empresa i al centre educatiu) no superar\u00e0 les 8 hores di\u00e0ries ni les 40 setmanals. Altres jornades, si s\u00f3n en contracte s\u2019han d\u2019ajustar a la normativa laboral i si s\u00f3n en beca requeriran autoritzaci\u00f3 pr\u00e8via de la DGFP (Departament d\u2019Educaci\u00f3).<\/p>\n<p>En el cas de la <strong>beca<\/strong>, en cap cas poden fer horari nocturn ni treballs a torns ni afectar els descansos establerts per la normativa educativa. En el cas de contracte s&#8217;haur\u00e0 d&#8217;estar a la normativa laboral vigent, per\u00f2 requerir\u00e0 autoritzaci\u00f3 de l&#8217;administraci\u00f3 educativa quan l&#8217;horari o el calendari de l&#8217;estada en dual es doni en les situacions esmentades.<\/p>\n<h3><span style=\"color: #6a7a00; font-size: 18px;\">12. L\u2019alumnat becari ha d\u2019estar donat d\u2019alta a la Seguretat Social? <\/span><\/h3>\n<p>S\u00ed. Tal com recull el Reial decret 1493\/2011, de 24 d\u2019octubre. La relaci\u00f3 en acord beca \u00e9s una relaci\u00f3 assimilada a la laboral a efectes de Seguretat Social.<\/p>\n<h3><span style=\"color: #6a7a00; font-size: 18px;\">13. Cal que l\u2019empresa contracti una asseguran\u00e7a espec\u00edfica per la cobertura d\u2019aquest alumnat?<\/span><\/h3>\n<p>No. Cal que l\u2019empresa inclogui aquest alumnat en les assegurances que t\u00e9 contractades pels treballadors de l\u2019empresa segons apartat 16 de la Resoluci\u00f3 EDU\/2085\/2020.<\/p>\n<h3><span style=\"color: #6a7a00; font-size: 18px;\">14. Quina \u00e9s la responsabilitat de l&#8217;empresa, en mat\u00e8ria de Prevenci\u00f3 de Riscos? <\/span><\/h3>\n<p>Les empreses han de disposar d\u2019un pla de prevenci\u00f3 de riscos (que contempli tamb\u00e9 els llocs ocupats pels menors, si \u00e9s el cas); proporcionar els EPI\u2019s als treballadors i becaris; formar a l\u2019alumnat en els riscos espec\u00edfics del lloc que s\u2019est\u00e0 formant, etc&#8230;<\/p>\n<h3><span style=\"color: #6a7a00; font-size: 18px;\">15. Qui imparteix la formaci\u00f3 espec\u00edfica en prevenci\u00f3 de riscos? <\/span><\/h3>\n<p>Abans d\u2019incorporar-se a l\u2019empresa, l&#8217;alumnat haur\u00e0 superat la unitat formativa de Prevenci\u00f3 de Riscos Laborals. L&#8217;empresa, al seu pla d&#8217;acollida, oferir\u00e0 a l&#8217;alumnat la informaci\u00f3 sobre els riscos i la formaci\u00f3 i els mitjans de protecci\u00f3 corresponents al lloc que ocuparan.<\/p>\n<h3><span style=\"color: #6a7a00; font-size: 18px;\">16. Quina documentaci\u00f3 cal tenir al centre de treball, en el cas d&#8217;atendre una visita de la Inspecci\u00f3 de Treball? <\/span><\/h3>\n<p>El conveni de col\u00b7laboraci\u00f3 signat amb el Departament d&#8217;Educaci\u00f3 o la titularitat del centre educatiu, l&#8217;acord formatiu individual i el pla d&#8217;activitats.<\/p>\n<p>En el cas d&#8217;un contracte de formaci\u00f3 en alternan\u00e7a tamb\u00e9 el model de contracte de treball i com annex l&#8217;acord de col\u00b7laboraci\u00f3 entre empresa, centre educatiu i l&#8217;alumne.<\/p>\n<p>En el cas d&#8217;estada amb beca, el document d&#8217;alta de l&#8217;alumnat aprenent a la Seguretat Social (TA 2\/S).<\/p>\n<p>L&#8217;aplicaci\u00f3 de seguiment de l&#8217;estada (el SBID) permet demostrar de manera actualitzada la persona designada com a tutor, aix\u00ed com el seguiment\u00a0 per part de l&#8217;empresa i del centre educatiu.<\/p>\n<h3><span style=\"color: #6a7a00; font-size: 18px;\">17. Qu\u00e8 pot fer l\u2019empresari si algun\/a alumne\/a no t\u00e9 l\u2019actitud adequada? <\/span><\/h3>\n<p>Contactar amb la persona tutora de dual del centre educatiu el m\u00e9s aviat possible i establir les estrat\u00e8gies per reconduir la situaci\u00f3.<\/p>\n<h3><span style=\"color: #6a7a00; font-size: 18px;\">18. L\u2019empresa haur\u00e0 d\u2019impartir classes te\u00f2riques? <\/span><\/h3>\n<p>No \u00e9s obligatori, si b\u00e9 t\u00e9 la possibilitat de fer-ho i incloure a l&#8217;aprenent dins dels seus cursos de formaci\u00f3 cont\u00ednua.<\/p>\n<h3><span style=\"color: #6a7a00; font-size: 18px;\">19. Quines s\u00f3n les funcions del tutor de dual d\u2019empresa? <\/span><\/h3>\n<p>Correspon al tutor o tutora d&#8217;empresa:<\/p>\n<ul>\n<li>Fer l&#8217;acolliment de l&#8217;alumnat i assegurar que rebi la formaci\u00f3 necess\u00e0ria sobre els riscos espec\u00edfics del lloc de treball i les mesures de prevenci\u00f3 i protecci\u00f3, aix\u00ed com la informaci\u00f3 corresponent de l&#8217;empresa.<\/li>\n<li>Assegurar la transfer\u00e8ncia de coneixement entre l&#8217;empresa, l&#8217;alumnat i el centre educatiu.<\/li>\n<li>Fer el seguiment de l&#8217;acord formatiu individual amb el centre educatiu i garantir-ne l&#8217;acompliment a l&#8217;empresa; fer les valoracions corresponents al llarg de l&#8217;estada de l&#8217;alumnat, utilitzant la plataforma inform\u00e0tica facilitada per la direcci\u00f3 general competent.<\/li>\n<li>Garantir la coordinaci\u00f3 de l&#8217;activitat que desenvolupa per l&#8217;alumnat a l&#8217;empresa amb els coneixements assolits al centre educatiu.<\/li>\n<li>Coordinar-se amb la persona que exerceix la tutoria al centre educatiu.<\/li>\n<li>Transmetre les informacions que facilitin la tasca dels instructors o instructores i rebre el seu retorn.<\/li>\n<li>Delegar o compartir les funcions i activitats amb els coordinadors de tutors\/tutores i\/o instructors\/instructores, si escau, sense que pugui delegar les responsabilitats.<\/li>\n<\/ul>\n<h3><span style=\"color: #6a7a00; font-size: 18px;\">20. Cal una formaci\u00f3 per actuar com a tutor d\u2019empresa? <\/span><\/h3>\n<p>Els centres educatius ofereixen la informaci\u00f3 i formaci\u00f3 necess\u00e0ria a les persones tutores, aquesta formaci\u00f3 est\u00e0 regulada a l&#8217;apartat 35\u00a0 de la Resoluci\u00f3 <a href=\"https:\/\/portaldogc.gencat.cat\/utilsEADOP\/PDF\/8210\/1810438.pdf\" target=\"_blank\" rel=\"noopener\">EDU\/2085\/2020.<\/a> Els tutors i tutores d\u2019empresa reben un document que acredita haver rebut aquesta formaci\u00f3 b\u00e0sica obligat\u00f2ria.<\/p>\n<p>&nbsp;<\/p>\n<h2 style=\"text-align: center;\">Per a sol\u00b7licitar m\u00e9s informaci\u00f3 empleneu el seg\u00fcent <a href=\"https:\/\/docs.google.com\/forms\/d\/e\/1FAIpQLSc1orQ6RvTMFkAXF14ATp7yzXEyFOv-0EqGVV2-FF5XHtmqgg\/viewform?vc=0&amp;c=0&amp;w=1&amp;flr=0&amp;gxids=7628\"><strong>formulari<\/strong><\/a><\/h2>\n<p>&nbsp;<\/p>\n","protected":false},"excerpt":{"rendered":"<p>1. Quins beneficis podr\u00e0 obtenir l\u2019empresa?<br \/>\nAl seg\u00fcent <a href=\"https:\/\/agora.xtec.cat\/fpdual\/empresa\/beneficis-de-lfp-dual\/\">enlla\u00e7<\/a> trobareu un esquema on s\u2019explica.<br \/>\n2. En qu\u00e8 consisteix el comprom\u00eds de l\u2019empresa en l&#8217;alternan\u00e7a dual?<br \/>\nAl seg\u00fcent <a href=\"https:\/\/projectes.xtec.cat\/fpdual\/empresa\/que-implica-la-dual-per-lempresa\/\">enlla\u00e7<\/a> trobareu un esquema on s\u2019explica.<br \/>\n3. Quins s\u00f3n els costos per a l\u2019empresa de la formaci\u00f3 dual?&hellip;  <a href=\"https:\/\/agora.xtec.cat\/fpdual\/empresa\/preguntes-mes-frequents-empreses\/\" title=\"Read Preguntes m\u00e9s freq\u00fcents\">Llegeix m\u00e9s\u00bb<\/a><\/p>\n","protected":false},"author":3,"featured_media":0,"parent":806,"menu_order":80,"comment_status":"closed","ping_status":"closed","template":"page-templates\/side-menu.php","meta":{"_bbp_topic_count":0,"_bbp_reply_count":0,"_bbp_total_topic_count":0,"_bbp_total_reply_count":0,"_bbp_voice_count":0,"_bbp_anonymous_reply_count":0,"_bbp_topic_count_hidden":0,"_bbp_reply_count_hidden":0,"_bbp_forum_subforum_count":0,"footnotes":""},"class_list":["post-8288","page","type-page","status-publish","hentry"],"post_mailing_queue_ids":[],"_links":{"self":[{"href":"https:\/\/agora.xtec.cat\/fpdual\/wp-json\/wp\/v2\/pages\/8288","targetHints":{"allow":["GET"]}}],"collection":[{"href":"https:\/\/agora.xtec.cat\/fpdual\/wp-json\/wp\/v2\/pages"}],"about":[{"href":"https:\/\/agora.xtec.cat\/fpdual\/wp-json\/wp\/v2\/types\/page"}],"author":[{"embeddable":true,"href":"https:\/\/agora.xtec.cat\/fpdual\/wp-json\/wp\/v2\/users\/3"}],"replies":[{"embeddable":true,"href":"https:\/\/agora.xtec.cat\/fpdual\/wp-json\/wp\/v2\/comments?post=8288"}],"version-history":[{"count":5,"href":"https:\/\/agora.xtec.cat\/fpdual\/wp-json\/wp\/v2\/pages\/8288\/revisions"}],"predecessor-version":[{"id":16262,"href":"https:\/\/agora.xtec.cat\/fpdual\/wp-json\/wp\/v2\/pages\/8288\/revisions\/16262"}],"up":[{"embeddable":true,"href":"https:\/\/agora.xtec.cat\/fpdual\/wp-json\/wp\/v2\/pages\/806"}],"wp:attachment":[{"href":"https:\/\/agora.xtec.cat\/fpdual\/wp-json\/wp\/v2\/media?parent=8288"}],"curies":[{"name":"wp","href":"https:\/\/api.w.org\/{rel}","templated":true}]}}