{"id":19073,"date":"2025-03-16T17:07:50","date_gmt":"2025-03-16T16:07:50","guid":{"rendered":"https:\/\/agora.xtec.cat\/fpdual\/?page_id=19073"},"modified":"2025-03-16T17:16:03","modified_gmt":"2025-03-16T16:16:03","slug":"certificacio-dorganitzacions-servei-fp-dual","status":"publish","type":"page","link":"https:\/\/agora.xtec.cat\/fpdual\/projectes\/certificacio-dorganitzacions-servei-fp-dual\/","title":{"rendered":"Certificaci\u00f3 d&#8217;organitzacions servei FP dual intensiva"},"content":{"rendered":"<p style=\"text-align: justify;\">Des de la subdirecci\u00f3 general de programes i projectes s\u2019ha impulsat la <strong>certificaci\u00f3 de qualitat de la formaci\u00f3 en alternan\u00e7a dual<\/strong> <strong>(r\u00e8gim intensiu) <\/strong>que presta el centre en col\u00b7laboraci\u00f3 amb les organitzacions. Els centres educatius tenen integrada l\u2019FP dual intensiva en els seus sistemes de gesti\u00f3, dins del proc\u00e9s d\u2019ensenyament-aprenentatge. Amb aquesta certificaci\u00f3 volem establir els nivells de qualitat amb qu\u00e8 s\u2019est\u00e0 desenvolupant.<\/p>\n<table class=\" aligncenter\" style=\"width: 89.7604%; border-collapse: collapse; border-style: hidden;\">\n<tbody>\n<tr>\n<td style=\"width: 61.36%; border-style: hidden;\"><a href=\"https:\/\/sites.google.com\/xtec.cat\/qualitatfpdual\/\" target=\"_blank\" rel=\"noopener\"><img loading=\"lazy\" decoding=\"async\" class=\"alignright wp-image-18448\" src=\"https:\/\/agora.xtec.cat\/fpdual\/wp-content\/uploads\/usu1832\/2024\/11\/IMATGE-CERTIFICACIO-EMPRESES-300x68.jpg\" alt=\"\" width=\"397\" height=\"90\" srcset=\"https:\/\/agora.xtec.cat\/fpdual\/wp-content\/uploads\/usu1832\/2024\/11\/IMATGE-CERTIFICACIO-EMPRESES-300x68.jpg 300w, https:\/\/agora.xtec.cat\/fpdual\/wp-content\/uploads\/usu1832\/2024\/11\/IMATGE-CERTIFICACIO-EMPRESES-1024x231.jpg 1024w, https:\/\/agora.xtec.cat\/fpdual\/wp-content\/uploads\/usu1832\/2024\/11\/IMATGE-CERTIFICACIO-EMPRESES-768x173.jpg 768w, https:\/\/agora.xtec.cat\/fpdual\/wp-content\/uploads\/usu1832\/2024\/11\/IMATGE-CERTIFICACIO-EMPRESES.jpg 1382w\" sizes=\"auto, (max-width: 397px) 100vw, 397px\" \/><\/a><\/td>\n<td style=\"width: 28.1338%; border-style: hidden;\"><a href=\"https:\/\/agora.xtec.cat\/fpdual\/wp-content\/uploads\/usu1832\/2023\/05\/qrcode-generado.png\"><img loading=\"lazy\" decoding=\"async\" class=\"wp-image-16739 alignleft\" src=\"https:\/\/agora.xtec.cat\/fpdual\/wp-content\/uploads\/usu1832\/2023\/05\/qrcode-generado.png\" alt=\"\" width=\"168\" height=\"168\" srcset=\"https:\/\/agora.xtec.cat\/fpdual\/wp-content\/uploads\/usu1832\/2023\/05\/qrcode-generado.png 328w, https:\/\/agora.xtec.cat\/fpdual\/wp-content\/uploads\/usu1832\/2023\/05\/qrcode-generado-300x300.png 300w, https:\/\/agora.xtec.cat\/fpdual\/wp-content\/uploads\/usu1832\/2023\/05\/qrcode-generado-150x150.png 150w\" sizes=\"auto, (max-width: 168px) 100vw, 168px\" \/><\/a><\/td>\n<\/tr>\n<\/tbody>\n<\/table>\n<p style=\"text-align: justify;\">L\u2019obtenci\u00f3 de la corresponent <strong>acreditaci\u00f3\u00a0de qualitat<\/strong> est\u00e0 lligada per tant, en primer lloc, al sistema de gesti\u00f3 propi de l\u2019institut i, en un segon terme, vindr\u00e0 marcat pel nivell de desenvolupament del servei d&#8217;FP dual (r\u00e8gim intensiu) que presta l&#8217;organitzaci\u00f3.<\/p>\n<p style=\"text-align: justify;\">Fruit del &#8220;Conveni de col\u00b7laboraci\u00f3 entre l&#8217;Administraci\u00f3 de la Generalitat de Catalunya, mitjan\u00e7ant el <strong>Departament d&#8217;Educaci\u00f3 i Formaci\u00f3 Professional<\/strong>, i <strong>CaixaBank <em>Dualitza<\/em><\/strong>, per impulsar i desenvolupar diversos projectes de foment dels ensenyaments professionals, en centres educatius de Catalunya&#8221;, es vol donar un reconeixement especial a les organitzacions que aquest curs assoleixin l&#8217;acreditaci\u00f3 de m\u00e0xima qualitat: la <strong>Certificaci\u00f3 d&#8217;Excel\u00b7l\u00e8ncia<\/strong>.<\/p>\n<p><a href=\"https:\/\/agora.xtec.cat\/fpdual\/wp-content\/uploads\/usu1832\/2024\/11\/ELS-3-LOGOS.jpg\"><img loading=\"lazy\" decoding=\"async\" class=\"wp-image-18450 aligncenter\" src=\"https:\/\/agora.xtec.cat\/fpdual\/wp-content\/uploads\/usu1832\/2024\/11\/ELS-3-LOGOS-300x130.jpg\" alt=\"\" width=\"346\" height=\"150\" srcset=\"https:\/\/agora.xtec.cat\/fpdual\/wp-content\/uploads\/usu1832\/2024\/11\/ELS-3-LOGOS-300x130.jpg 300w, https:\/\/agora.xtec.cat\/fpdual\/wp-content\/uploads\/usu1832\/2024\/11\/ELS-3-LOGOS.jpg 758w\" sizes=\"auto, (max-width: 346px) 100vw, 346px\" \/><\/a><\/p>\n<h3><span style=\"color: #339966;\"><strong>Tota la informaci\u00f3 la trobareu en aquest <a style=\"color: #339966;\" href=\"https:\/\/sites.google.com\/xtec.cat\/qualitatfpdual\/\" target=\"_blank\" rel=\"noopener\"><span style=\"font-weight: 400;\"><span style=\"text-decoration: underline;\"><span style=\"color: #2f5d5d;\">enlla\u00e7<\/span><\/span><\/span><\/a><\/strong><\/span>.<\/h3>\n<p><a href=\"https:\/\/docs.google.com\/forms\/d\/e\/1FAIpQLSftiwXTtfp7vTCTetTzf4yFPRGtIvvqxWxvjKz1UaXJJ5CD1w\/viewform\" target=\"_blank\" rel=\"noopener\"><img loading=\"lazy\" decoding=\"async\" class=\"aligncenter wp-image-18453 size-full\" src=\"https:\/\/agora.xtec.cat\/fpdual\/wp-content\/uploads\/usu1832\/2024\/11\/BOTO-SOL\u00b7LICITAR-INFORMACIO-SERVEI-DUAL-INTENSIVA.jpg\" alt=\"\" width=\"906\" height=\"88\" srcset=\"https:\/\/agora.xtec.cat\/fpdual\/wp-content\/uploads\/usu1832\/2024\/11\/BOTO-SOL\u00b7LICITAR-INFORMACIO-SERVEI-DUAL-INTENSIVA.jpg 906w, https:\/\/agora.xtec.cat\/fpdual\/wp-content\/uploads\/usu1832\/2024\/11\/BOTO-SOL\u00b7LICITAR-INFORMACIO-SERVEI-DUAL-INTENSIVA-300x29.jpg 300w, https:\/\/agora.xtec.cat\/fpdual\/wp-content\/uploads\/usu1832\/2024\/11\/BOTO-SOL\u00b7LICITAR-INFORMACIO-SERVEI-DUAL-INTENSIVA-768x75.jpg 768w\" sizes=\"auto, (max-width: 906px) 100vw, 906px\" \/><\/a><\/p>\n<p><strong><a href=\"https:\/\/drive.google.com\/file\/d\/1105rMqjSXNWL3ErOhboM-FElMwVvhF-t\/view?usp=sharing\" target=\"_blank\" rel=\"noopener\"><span style=\"font-weight: 400;\"><span style=\"text-decoration: underline;\"><span style=\"color: #2f5d5d;\">Protocol i \u201ccheck-list\u201d certificaci\u00f3 qualitat organitzacions FP dual (catal\u00e0)<\/span><\/span><\/span><\/a><br \/>\n<a href=\"https:\/\/drive.google.com\/file\/d\/1ybvYfco_Di6VWYA10zwrEOm00sJ4aPLk\/view\" target=\"_blank\" rel=\"noopener\"><span style=\"font-weight: 400;\"><span style=\"text-decoration: underline;\"><span style=\"color: #2f5d5d;\">Protocol i \u201ccheck-list\u201d certificaci\u00f3 qualitat organitzacions FP dual (catal\u00e0) R\u00e8gim intensiu<\/span><\/span><\/span><\/a><br \/>\n<a href=\"https:\/\/drive.google.com\/file\/d\/1LzVKfbyp1-q26n6WQjJuzjGPz7eAPRVj\/view?usp=sharing\" target=\"_blank\" rel=\"noopener\"><span style=\"font-weight: 400;\"><span style=\"text-decoration: underline;\"><span style=\"color: #2f5d5d;\">Protocol i \u201ccheck-list\u201d certificaci\u00f3 qualitat organitzacions FP dual (castell\u00e0)<\/span><\/span><\/span><\/a><br \/>\n<a href=\"https:\/\/drive.google.com\/file\/d\/1OzXiHGkx1YFRZkOaTp40aLP4h8bA-6TP\/view\" target=\"_blank\" rel=\"noopener\"><span style=\"font-weight: 400;\"><span style=\"text-decoration: underline;\"><span style=\"color: #2f5d5d;\">Protocol i \u201ccheck-list\u201d certificaci\u00f3 qualitat organitzacions FP dual (castell\u00e0) R\u00e8gim intensiu<\/span><\/span><\/span><\/a><br \/>\n<a href=\"https:\/\/drive.google.com\/file\/d\/176Jv89XFLeuqH2GmHqJBtMM4bJF0FrpT\/view?usp=sharing\" target=\"_blank\" rel=\"noopener\"><span style=\"font-weight: 400;\"><span style=\"text-decoration: underline;\"><span style=\"color: #2f5d5d;\">Protocol i \u201ccheck-list\u201d certificaci\u00f3 qualitat organitzacions FP dual (angl\u00e8s)<\/span><\/span><\/span><\/a><\/strong><\/p>\n<p><strong><a href=\"https:\/\/drive.google.com\/file\/d\/1TX0w_7AerFwCCwANdzBLwxEu4ZLBObpH\/view?usp=share_link\" target=\"_blank\" rel=\"noopener\"><span style=\"font-weight: 400;\"><span style=\"text-decoration: underline;\"><span style=\"color: #0000ff;\"><span style=\"color: #ff0000;\">TUTORIAL<\/span><\/span><\/span><\/span><\/a> <span style=\"color: #008000;\">COMPLIMENT DELS REQUISITS PER A LA CERTIFICACI\u00d3 D&#8217;ORGANITZACIONS dual<\/span><\/strong><\/p>\n","protected":false},"excerpt":{"rendered":"<p>Des de la subdirecci\u00f3 general de programes i projectes s\u2019ha impulsat la certificaci\u00f3 de qualitat de la formaci\u00f3 en alternan\u00e7a dual (r\u00e8gim intensiu) que presta el centre en col\u00b7laboraci\u00f3 amb les organitzacions. Els centres educatius tenen integrada l\u2019FP dual intensiva en els seus sistemes de&hellip;  <a href=\"https:\/\/agora.xtec.cat\/fpdual\/projectes\/certificacio-dorganitzacions-servei-fp-dual\/\" title=\"Read Certificaci\u00f3 d&#8217;organitzacions servei FP dual intensiva\">Llegeix m\u00e9s\u00bb<\/a><\/p>\n","protected":false},"author":373,"featured_media":0,"parent":19070,"menu_order":10,"comment_status":"closed","ping_status":"closed","template":"page-templates\/side-menu.php","meta":{"_bbp_topic_count":0,"_bbp_reply_count":0,"_bbp_total_topic_count":0,"_bbp_total_reply_count":0,"_bbp_voice_count":0,"_bbp_anonymous_reply_count":0,"_bbp_topic_count_hidden":0,"_bbp_reply_count_hidden":0,"_bbp_forum_subforum_count":0,"footnotes":""},"class_list":["post-19073","page","type-page","status-publish","hentry"],"post_mailing_queue_ids":[],"_links":{"self":[{"href":"https:\/\/agora.xtec.cat\/fpdual\/wp-json\/wp\/v2\/pages\/19073","targetHints":{"allow":["GET"]}}],"collection":[{"href":"https:\/\/agora.xtec.cat\/fpdual\/wp-json\/wp\/v2\/pages"}],"about":[{"href":"https:\/\/agora.xtec.cat\/fpdual\/wp-json\/wp\/v2\/types\/page"}],"author":[{"embeddable":true,"href":"https:\/\/agora.xtec.cat\/fpdual\/wp-json\/wp\/v2\/users\/373"}],"replies":[{"embeddable":true,"href":"https:\/\/agora.xtec.cat\/fpdual\/wp-json\/wp\/v2\/comments?post=19073"}],"version-history":[{"count":2,"href":"https:\/\/agora.xtec.cat\/fpdual\/wp-json\/wp\/v2\/pages\/19073\/revisions"}],"predecessor-version":[{"id":19079,"href":"https:\/\/agora.xtec.cat\/fpdual\/wp-json\/wp\/v2\/pages\/19073\/revisions\/19079"}],"up":[{"embeddable":true,"href":"https:\/\/agora.xtec.cat\/fpdual\/wp-json\/wp\/v2\/pages\/19070"}],"wp:attachment":[{"href":"https:\/\/agora.xtec.cat\/fpdual\/wp-json\/wp\/v2\/media?parent=19073"}],"curies":[{"name":"wp","href":"https:\/\/api.w.org\/{rel}","templated":true}]}}