{"id":19050,"date":"2025-03-16T15:59:49","date_gmt":"2025-03-16T14:59:49","guid":{"rendered":"https:\/\/agora.xtec.cat\/fpdual\/?page_id=19050"},"modified":"2025-03-16T15:59:49","modified_gmt":"2025-03-16T14:59:49","slug":"de-informacio-fp-dual-empreses-fp-dual","status":"publish","type":"page","link":"https:\/\/agora.xtec.cat\/fpdual\/empresa-2\/de-informacio-fp-dual-empreses-fp-dual\/","title":{"rendered":"DE &#8211; Informaci\u00f3 FP dual &#8211; Empreses FP dual"},"content":{"rendered":"<p><a href=\"http:\/\/educacio.gencat.cat\/ca\/arees-actuacio\/empreses-fpdual\/\" target=\"_blank\" rel=\"noopener\"><span style=\"font-weight: 400;\"><span style=\"text-decoration: underline;\"><strong><span style=\"color: #2f5d5d;\"><strong>Departament d&#8217;educaci\u00f3 i formaci\u00f3 professional &#8211; Informaci\u00f3 FP dual &#8211; Empreses FP dual<\/strong><\/span><\/strong><\/span><\/span><\/a>.<\/p>\n<p>&nbsp;<\/p>\n<p>&nbsp;<\/p>\n<p>&nbsp;<\/p>\n<p>&nbsp;<\/p>\n<p>&nbsp;<\/p>\n<p>&nbsp;<\/p>\n","protected":false},"excerpt":{"rendered":"<p><a href=\"http:\/\/educacio.gencat.cat\/ca\/arees-actuacio\/empreses-fpdual\/\" target=\"_blank\" rel=\"noopener\">Departament d&#8217;educaci\u00f3 i formaci\u00f3 professional &#8211; Informaci\u00f3 FP dual &#8211; Empreses FP dual<\/a>.<br \/>\n&nbsp;<br \/>\n&nbsp;<br \/>\n&nbsp;<br \/>\n&nbsp;<br \/>\n&nbsp;<br \/>\n&nbsp;<\/p>\n","protected":false},"author":373,"featured_media":0,"parent":19035,"menu_order":120,"comment_status":"closed","ping_status":"closed","template":"page-templates\/side-menu.php","meta":{"_bbp_topic_count":0,"_bbp_reply_count":0,"_bbp_total_topic_count":0,"_bbp_total_reply_count":0,"_bbp_voice_count":0,"_bbp_anonymous_reply_count":0,"_bbp_topic_count_hidden":0,"_bbp_reply_count_hidden":0,"_bbp_forum_subforum_count":0,"footnotes":""},"class_list":["post-19050","page","type-page","status-publish","hentry"],"post_mailing_queue_ids":[],"_links":{"self":[{"href":"https:\/\/agora.xtec.cat\/fpdual\/wp-json\/wp\/v2\/pages\/19050","targetHints":{"allow":["GET"]}}],"collection":[{"href":"https:\/\/agora.xtec.cat\/fpdual\/wp-json\/wp\/v2\/pages"}],"about":[{"href":"https:\/\/agora.xtec.cat\/fpdual\/wp-json\/wp\/v2\/types\/page"}],"author":[{"embeddable":true,"href":"https:\/\/agora.xtec.cat\/fpdual\/wp-json\/wp\/v2\/users\/373"}],"replies":[{"embeddable":true,"href":"https:\/\/agora.xtec.cat\/fpdual\/wp-json\/wp\/v2\/comments?post=19050"}],"version-history":[{"count":1,"href":"https:\/\/agora.xtec.cat\/fpdual\/wp-json\/wp\/v2\/pages\/19050\/revisions"}],"predecessor-version":[{"id":19051,"href":"https:\/\/agora.xtec.cat\/fpdual\/wp-json\/wp\/v2\/pages\/19050\/revisions\/19051"}],"up":[{"embeddable":true,"href":"https:\/\/agora.xtec.cat\/fpdual\/wp-json\/wp\/v2\/pages\/19035"}],"wp:attachment":[{"href":"https:\/\/agora.xtec.cat\/fpdual\/wp-json\/wp\/v2\/media?parent=19050"}],"curies":[{"name":"wp","href":"https:\/\/api.w.org\/{rel}","templated":true}]}}