{"id":13472,"date":"2021-09-08T13:20:41","date_gmt":"2021-09-08T11:20:41","guid":{"rendered":"https:\/\/agora.xtec.cat\/fpdual\/?page_id=13472"},"modified":"2025-03-15T20:25:00","modified_gmt":"2025-03-15T19:25:00","slug":"unitat-dfct-fp-dual","status":"publish","type":"page","link":"https:\/\/agora.xtec.cat\/fpdual\/menu-informacio\/unitat-dfct-fp-dual\/","title":{"rendered":"Unitat d&#8217;FCT-FP dual"},"content":{"rendered":"<p>Des de la Subdirecci\u00f3 General de Programes i Projectes, a la Unitat d&#8217;FCT-FP dual treballem per tal de donar suport a les empreses, el professorat, l&#8217;alumnat i les fam\u00edlies per consolidar l&#8217;FP dual a Catalunya, organitzant jornades de difusi\u00f3, organitzant cursos de formaci\u00f3 pel professorat, facilitant eines de suport als centres educatius orientades a la contractaci\u00f3 de l&#8217;alumnat, donant resposta arreu del territori, a trav\u00e9s dels Serveis Territorials.<\/p>\n<p>&nbsp;<\/p>\n<p>&nbsp;<\/p>\n","protected":false},"excerpt":{"rendered":"<p>Des de la Subdirecci\u00f3 General de Programes i Projectes, a la Unitat d&#8217;FCT-FP dual treballem per tal de donar suport a les empreses, el professorat, l&#8217;alumnat i les fam\u00edlies per consolidar l&#8217;FP dual a Catalunya, organitzant jornades de difusi\u00f3, organitzant cursos de formaci\u00f3 pel professorat,&hellip;  <a href=\"https:\/\/agora.xtec.cat\/fpdual\/menu-informacio\/unitat-dfct-fp-dual\/\" title=\"Read Unitat d&#8217;FCT-FP dual\">Llegeix m\u00e9s\u00bb<\/a><\/p>\n","protected":false},"author":373,"featured_media":0,"parent":19021,"menu_order":3,"comment_status":"closed","ping_status":"closed","template":"page-templates\/side-menu.php","meta":{"_bbp_topic_count":0,"_bbp_reply_count":0,"_bbp_total_topic_count":0,"_bbp_total_reply_count":0,"_bbp_voice_count":0,"_bbp_anonymous_reply_count":0,"_bbp_topic_count_hidden":0,"_bbp_reply_count_hidden":0,"_bbp_forum_subforum_count":0,"footnotes":""},"class_list":["post-13472","page","type-page","status-publish","hentry"],"post_mailing_queue_ids":[],"_links":{"self":[{"href":"https:\/\/agora.xtec.cat\/fpdual\/wp-json\/wp\/v2\/pages\/13472","targetHints":{"allow":["GET"]}}],"collection":[{"href":"https:\/\/agora.xtec.cat\/fpdual\/wp-json\/wp\/v2\/pages"}],"about":[{"href":"https:\/\/agora.xtec.cat\/fpdual\/wp-json\/wp\/v2\/types\/page"}],"author":[{"embeddable":true,"href":"https:\/\/agora.xtec.cat\/fpdual\/wp-json\/wp\/v2\/users\/373"}],"replies":[{"embeddable":true,"href":"https:\/\/agora.xtec.cat\/fpdual\/wp-json\/wp\/v2\/comments?post=13472"}],"version-history":[{"count":1,"href":"https:\/\/agora.xtec.cat\/fpdual\/wp-json\/wp\/v2\/pages\/13472\/revisions"}],"predecessor-version":[{"id":13473,"href":"https:\/\/agora.xtec.cat\/fpdual\/wp-json\/wp\/v2\/pages\/13472\/revisions\/13473"}],"up":[{"embeddable":true,"href":"https:\/\/agora.xtec.cat\/fpdual\/wp-json\/wp\/v2\/pages\/19021"}],"wp:attachment":[{"href":"https:\/\/agora.xtec.cat\/fpdual\/wp-json\/wp\/v2\/media?parent=13472"}],"curies":[{"name":"wp","href":"https:\/\/api.w.org\/{rel}","templated":true}]}}