{"id":10753,"date":"2020-05-11T11:55:10","date_gmt":"2020-05-11T09:55:10","guid":{"rendered":"http:\/\/agora.xtec.cat\/fpdual\/?page_id=10753"},"modified":"2023-06-07T11:51:23","modified_gmt":"2023-06-07T09:51:23","slug":"video-tutorials","status":"publish","type":"page","link":"https:\/\/agora.xtec.cat\/fpdual\/dual-en-imatges\/video-tutorials\/","title":{"rendered":"V\u00eddeo tutorials"},"content":{"rendered":"<p><a href=\"https:\/\/agora.xtec.cat\/fpdual\/wp-content\/uploads\/usu1832\/2022\/01\/nou.png\"><img loading=\"lazy\" decoding=\"async\" class=\"wp-image-14289 alignleft\" src=\"https:\/\/agora.xtec.cat\/fpdual\/wp-content\/uploads\/usu1832\/2022\/01\/nou.png\" alt=\"\" width=\"43\" height=\"41\" srcset=\"https:\/\/agora.xtec.cat\/fpdual\/wp-content\/uploads\/usu1832\/2022\/01\/nou.png 506w, https:\/\/agora.xtec.cat\/fpdual\/wp-content\/uploads\/usu1832\/2022\/01\/nou-300x286.png 300w\" sizes=\"auto, (max-width: 43px) 100vw, 43px\" \/><\/a> V\u00eddeotutorial <a href=\"https:\/\/youtu.be\/T6BwoK_L9PU\" target=\"_blank\" rel=\"noopener\">gesti\u00f3 enquestes inserci\u00f3 a qBID<\/a><\/p>\n<p>Sistema de gesti\u00f3 d&#8217;<strong>enquestes d&#8217;inserci\u00f3<\/strong> laboral: <a href=\"https:\/\/www.youtube.com\/watch?v=-WW4LQEQOlM\" target=\"_blank\" rel=\"noopener\">Enquesta d&#8217;inserci\u00f3 mitjan\u00e7ant la plataforma qBID<\/a><\/p>\n<p>Com tramitar les comunicacions implantaci\u00f3 projectes nous FP dual: <a style=\"font-family: inherit; font-size: 1em;\" href=\"https:\/\/www.youtube.com\/watch?v=BkZ8KquLJOM\" target=\"_blank\" rel=\"noopener noreferrer\">Com tramitar comunicacions dual<\/a><\/p>\n<p><strong>Web d\u2019FP dual<\/strong> a Catalunya:<\/p>\n<ul>\n<li>Presentaci\u00f3 de l\u2019espai web FP dual a Catalunya: <a style=\"font-family: inherit; font-size: 1em;\" href=\"https:\/\/youtu.be\/3IMEM1KQaPM\" target=\"_blank\" rel=\"noopener noreferrer\">La web de dual<\/a><\/li>\n<li>Com publicar una noticia a l\u2019espai web FP dual a Catalunya:<span style=\"font-family: inherit; font-size: 1em;\">\u00a0<\/span><a style=\"font-family: inherit; font-size: 1em;\" href=\"https:\/\/www.youtube.com\/watch?v=u0FFFkucmPI\" target=\"_blank\" rel=\"noopener noreferrer\">Com publicar una noticia<\/a><\/li>\n<li>Com publicar una noticia a l\u2019espai web FP dual a Catalunya en pdf:<span style=\"font-family: inherit; font-size: 1em;\">\u00a0<\/span><a style=\"font-family: inherit; font-size: 1em;\" href=\"https:\/\/drive.google.com\/file\/d\/11mVSFdDLvc2BHSZYzm_i78MuMr4J0wMY\/view?usp=sharing\" target=\"_blank\" rel=\"noopener noreferrer\">Com publicar una noticia<\/a><\/li>\n<\/ul>\n<p>Plataforma <strong>qBID<\/strong>:<\/p>\n<ul>\n<li>Com accedir al qBID: <a href=\"https:\/\/youtu.be\/2lu2K--j0Fw\" target=\"_blank\" rel=\"noopener noreferrer\">Com accedir al BID<\/a><\/li>\n<li>Tutorial de l&#8217;alumne: <a href=\"https:\/\/youtu.be\/Fur79MsXy7E\" target=\"_blank\" rel=\"noopener noreferrer\">Alumne<\/a><\/li>\n<li>Tutorial del tutor d&#8217;empresa: <a href=\"https:\/\/youtu.be\/Ro4QJdta13I\" target=\"_blank\" rel=\"noopener noreferrer\">Empresa<\/a><\/li>\n<li>Tutorial gestionar centre: <a href=\"https:\/\/youtu.be\/ZKm5lHaP-08\" target=\"_blank\" rel=\"noopener noreferrer\">Centre<\/a><\/li>\n<li>Tutorial gestionar entitats: <a href=\"https:\/\/youtu.be\/Rd3TloJUfXc\" target=\"_blank\" rel=\"noopener noreferrer\">Entitats<\/a><\/li>\n<li>Tutorial gesti\u00f3 d&#8217;acords formatius:\u00a0<a href=\"https:\/\/youtu.be\/3-FS_qixVBE\" target=\"_blank\" rel=\"noopener noreferrer\">Acords<\/a><\/li>\n<li>Tutorial gesti\u00f3 tutor centre: <a href=\"https:\/\/youtu.be\/iUCZleCu2HI\" target=\"_blank\" rel=\"noopener noreferrer\">Tutor de centre<\/a><\/li>\n<li>Tutorial gesti\u00f3 d&#8217;usuaris, explotaci\u00f3 i agenda: <a href=\"https:\/\/youtu.be\/r5KkXu8hqyM\" target=\"_blank\" rel=\"noopener noreferrer\">Gesti\u00f3 d&#8217;usuaris<\/a><\/li>\n<li>Tutorial documents de refer\u00e8ncia i gesti\u00f3 incid\u00e8ncies al SAU: <a href=\"https:\/\/youtu.be\/NPUq0e70xVY\" target=\"_blank\" rel=\"noopener noreferrer\">Documents i gesti\u00f3 incid\u00e8ncies<\/a><\/li>\n<li>Sistema de gesti\u00f3 d&#8217;<strong>enquestes d&#8217;inserci\u00f3<\/strong> laboral: <a href=\"https:\/\/www.youtube.com\/watch?v=-WW4LQEQOlM\" target=\"_blank\" rel=\"noopener\">Enquesta d&#8217;inserci\u00f3 mitjan\u00e7ant la plataforma qBID<\/a><\/li>\n<\/ul>\n","protected":false},"excerpt":{"rendered":"<p><a href=\"https:\/\/agora.xtec.cat\/fpdual\/wp-content\/uploads\/usu1832\/2022\/01\/nou.png\"><\/a> V\u00eddeotutorial <a href=\"https:\/\/youtu.be\/T6BwoK_L9PU\" target=\"_blank\" rel=\"noopener\">gesti\u00f3 enquestes inserci\u00f3 a qBID<\/a><br \/>\nSistema de gesti\u00f3 d&#8217;enquestes d&#8217;inserci\u00f3 laboral: <a href=\"https:\/\/www.youtube.com\/watch?v=-WW4LQEQOlM\" target=\"_blank\" rel=\"noopener\">Enquesta d&#8217;inserci\u00f3 mitjan\u00e7ant la plataforma qBID<\/a><br \/>\nCom tramitar les comunicacions implantaci\u00f3 projectes nous FP dual: <a style=\"font-family: inherit; font-size: 1em;\" href=\"https:\/\/www.youtube.com\/watch?v=BkZ8KquLJOM\" target=\"_blank\" rel=\"noopener noreferrer\">Com tramitar comunicacions dual<\/a><br \/>\nWeb&hellip;  <a href=\"https:\/\/agora.xtec.cat\/fpdual\/dual-en-imatges\/video-tutorials\/\" title=\"Read V\u00eddeo tutorials\">Llegeix m\u00e9s\u00bb<\/a><\/p>\n","protected":false},"author":118,"featured_media":0,"parent":9006,"menu_order":60,"comment_status":"closed","ping_status":"closed","template":"page-templates\/side-menu.php","meta":{"_bbp_topic_count":0,"_bbp_reply_count":0,"_bbp_total_topic_count":0,"_bbp_total_reply_count":0,"_bbp_voice_count":0,"_bbp_anonymous_reply_count":0,"_bbp_topic_count_hidden":0,"_bbp_reply_count_hidden":0,"_bbp_forum_subforum_count":0,"footnotes":""},"class_list":["post-10753","page","type-page","status-publish","hentry"],"post_mailing_queue_ids":[],"_links":{"self":[{"href":"https:\/\/agora.xtec.cat\/fpdual\/wp-json\/wp\/v2\/pages\/10753","targetHints":{"allow":["GET"]}}],"collection":[{"href":"https:\/\/agora.xtec.cat\/fpdual\/wp-json\/wp\/v2\/pages"}],"about":[{"href":"https:\/\/agora.xtec.cat\/fpdual\/wp-json\/wp\/v2\/types\/page"}],"author":[{"embeddable":true,"href":"https:\/\/agora.xtec.cat\/fpdual\/wp-json\/wp\/v2\/users\/118"}],"replies":[{"embeddable":true,"href":"https:\/\/agora.xtec.cat\/fpdual\/wp-json\/wp\/v2\/comments?post=10753"}],"version-history":[{"count":4,"href":"https:\/\/agora.xtec.cat\/fpdual\/wp-json\/wp\/v2\/pages\/10753\/revisions"}],"predecessor-version":[{"id":16971,"href":"https:\/\/agora.xtec.cat\/fpdual\/wp-json\/wp\/v2\/pages\/10753\/revisions\/16971"}],"up":[{"embeddable":true,"href":"https:\/\/agora.xtec.cat\/fpdual\/wp-json\/wp\/v2\/pages\/9006"}],"wp:attachment":[{"href":"https:\/\/agora.xtec.cat\/fpdual\/wp-json\/wp\/v2\/media?parent=10753"}],"curies":[{"name":"wp","href":"https:\/\/api.w.org\/{rel}","templated":true}]}}