{"id":1705,"date":"2026-02-01T21:01:44","date_gmt":"2026-02-01T20:01:44","guid":{"rendered":"https:\/\/agora.xtec.cat\/form0083\/?page_id=1705"},"modified":"2026-02-02T16:04:06","modified_gmt":"2026-02-02T15:04:06","slug":"families-digitals","status":"publish","type":"page","link":"https:\/\/agora.xtec.cat\/form0083\/projecte-educatiu\/families-digitals\/","title":{"rendered":"Fam\u00edlies digitals"},"content":{"rendered":"\n<div class=\"wp-block-columns is-layout-flex wp-container-core-columns-is-layout-1 wp-block-columns-is-layout-flex\">\n<div class=\"wp-block-column is-layout-flow wp-block-column-is-layout-flow\" style=\"padding-top:var(--wp--preset--spacing--30);padding-bottom:var(--wp--preset--spacing--30);flex-basis:33.33%\">\n<figure class=\"wp-block-image aligncenter size-full is-resized\"><a href=\"https:\/\/agora.xtec.cat\/form0083\/wp-content\/uploads\/usu2608\/2026\/02\/technology_13583498.png\"><img loading=\"lazy\" decoding=\"async\" width=\"512\" height=\"512\" src=\"https:\/\/agora.xtec.cat\/form0083\/wp-content\/uploads\/usu2608\/2026\/02\/technology_13583498.png\" alt=\"\" class=\"wp-image-1707\" style=\"width:130px\" srcset=\"https:\/\/agora.xtec.cat\/form0083\/wp-content\/uploads\/usu2608\/2026\/02\/technology_13583498.png 512w, https:\/\/agora.xtec.cat\/form0083\/wp-content\/uploads\/usu2608\/2026\/02\/technology_13583498-300x300.png 300w, https:\/\/agora.xtec.cat\/form0083\/wp-content\/uploads\/usu2608\/2026\/02\/technology_13583498-150x150.png 150w\" sizes=\"auto, (max-width: 512px) 100vw, 512px\" \/><\/a><\/figure>\n\n\n<div class=\"wp-block-calendar\"><table id=\"wp-calendar\" class=\"wp-calendar-table\">\n\t<caption>abril 2026<\/caption>\n\t<thead>\n\t<tr>\n\t\t<th scope=\"col\" title=\"Dilluns\">Dl<\/th>\n\t\t<th scope=\"col\" title=\"Dimarts\">Dt<\/th>\n\t\t<th scope=\"col\" title=\"Dimecres\">Dc<\/th>\n\t\t<th scope=\"col\" title=\"Dijous\">Dj<\/th>\n\t\t<th scope=\"col\" title=\"Divendres\">Dv<\/th>\n\t\t<th scope=\"col\" title=\"Dissabte\">Ds<\/th>\n\t\t<th scope=\"col\" title=\"Diumenge\">Dg<\/th>\n\t<\/tr>\n\t<\/thead>\n\t<tbody>\n\t<tr>\n\t\t<td colspan=\"2\" class=\"pad\">&nbsp;<\/td><td>1<\/td><td>2<\/td><td>3<\/td><td>4<\/td><td>5<\/td>\n\t<\/tr>\n\t<tr>\n\t\t<td>6<\/td><td>7<\/td><td>8<\/td><td>9<\/td><td>10<\/td><td>11<\/td><td>12<\/td>\n\t<\/tr>\n\t<tr>\n\t\t<td>13<\/td><td>14<\/td><td>15<\/td><td>16<\/td><td>17<\/td><td>18<\/td><td>19<\/td>\n\t<\/tr>\n\t<tr>\n\t\t<td>20<\/td><td>21<\/td><td>22<\/td><td>23<\/td><td>24<\/td><td id=\"today\">25<\/td><td>26<\/td>\n\t<\/tr>\n\t<tr>\n\t\t<td>27<\/td><td>28<\/td><td>29<\/td><td>30<\/td>\n\t\t<td class=\"pad\" colspan=\"3\">&nbsp;<\/td>\n\t<\/tr>\n\t<\/tbody>\n\t<\/table><nav aria-label=\"Mesos anteriors i posteriors\" class=\"wp-calendar-nav\">\n\t\t<span class=\"wp-calendar-nav-prev\"><a href=\"https:\/\/agora.xtec.cat\/form0083\/2026\/02\/\">&laquo; febr.<\/a><\/span>\n\t\t<span class=\"pad\">&nbsp;<\/span>\n\t\t<span class=\"wp-calendar-nav-next\">&nbsp;<\/span>\n\t<\/nav><\/div>\n\n\n<p><strong>Subscripci\u00f3<\/strong><\/p>\n\n\n<div class=\"emaillist\" id=\"es_form_f4-n1\"><form action=\"\/form0083\/wp-json\/wp\/v2\/pages\/1705#es_form_f4-n1\" method=\"post\" class=\"es_subscription_form es_shortcode_form  es_ajax_subscription_form\" id=\"es_subscription_form_69eccd7d5b07b\" data-source=\"ig-es\" data-form-id=\"4\"><input type=\"hidden\" name=\"esfpx_form_id\" value=\"4\" \/><input type=\"hidden\" name=\"esfpx_lists[]\" value=\"9d4bf0709800\" \/><input type=\"hidden\" name=\"es\" value=\"subscribe\" \/>\n\t\t\t<input type=\"hidden\" name=\"esfpx_es_form_identifier\" value=\"f4-n1\" \/>\n\t\t\t<input type=\"hidden\" name=\"esfpx_es_email_page\" value=\"1705\" \/>\n\t\t\t<input type=\"hidden\" name=\"esfpx_es_email_page_url\" value=\"https:\/\/agora.xtec.cat\/form0083\/projecte-educatiu\/families-digitals\/\" \/>\n\t\t\t<input type=\"hidden\" name=\"esfpx_status\" value=\"Unconfirmed\" \/>\n\t\t\t<input type=\"hidden\" name=\"esfpx_es-subscribe\" id=\"es-subscribe-69eccd7d5b07b\" value=\"5a8068ac60\" \/>\n\t\t\t<label style=\"position:absolute;top:-99999px;left:-99999px;z-index:-99;\" aria-hidden=\"true\"><span hidden>Please leave this field empty.<\/span><input type=\"email\" name=\"esfpx_es_hp_email\" class=\"es_required_field\" tabindex=\"-1\" autocomplete=\"-1\" value=\"\" \/><\/label><style>form.es_subscription_form[data-form-id=\"4\"] * { box-sizing: border-box; } form[data-form-id=\"4\"] .es-form-field-container .gjs-row{display:flex;justify-content:flex-start;align-items:stretch;flex-wrap:nowrap;}form[data-form-id=\"4\"] .es-form-field-container .gjs-cell{flex-grow:1;flex-basis:100%;}form[data-form-id=\"4\"] .es-form-field-container .gjs-cell[data-highlightable=\"1\"]:empty{border-top-width:1px;border-right-width:1px;border-bottom-width:1px;border-left-width:1px;border-top-style:dashed;border-right-style:dashed;border-bottom-style:dashed;border-left-style:dashed;border-top-color:rgb(204, 204, 204);border-right-color:rgb(204, 204, 204);border-bottom-color:rgb(204, 204, 204);border-left-color:rgb(204, 204, 204);border-image-source:initial;border-image-slice:initial;border-image-width:initial;border-image-outset:initial;border-image-repeat:initial;height:30px;}form[data-form-id=\"4\"] .es-form-field-container .gjs-row .gjs-cell input[type=\"checkbox\"], form[data-form-id=\"4\"] .es-form-field-container .gjs-row .gjs-cell input[type=\"radio\"]{margin-top:0px;margin-right:5px;margin-bottom:0px;margin-left:0px;width:auto;}form[data-form-id=\"4\"] .es-form-field-container .gjs-row{margin-bottom:0.6em;}form[data-form-id=\"4\"] .es-form-field-container label.es-field-label{display:block;}@media only screen and (max-width: 576px){.gjs-row{display:flex;flex-direction:column;}.gjs-cell img{width:100%;height:auto;}}@media (max-width: 320px){form[data-form-id=\"4\"] .es-form-field-container{padding-top:1rem;padding-right:1rem;padding-bottom:1rem;padding-left:1rem;}}<\/style><div class=\"es-form-field-container\"><div class=\"gjs-row\"><div class=\"gjs-cell\"><label for=\"esfpx_name_7f704813b1b718\" class=\"es-field-label\">Nom<\/label><input type=\"text\" name=\"esfpx_name\" autocomplete=\"name\" placeholder=\"Enter your name\" class=\"es-name\" id=\"esfpx_name_7f704813b1b718\" \/><\/div><\/div><div class=\"gjs-row\"><div class=\"gjs-cell\"><label for=\"esfpx_email_7f704813b1b718\" class=\"es-field-label\">Correu electr\u00f2nic<\/label><input type=\"email\" required class=\"es-email\" name=\"esfpx_email\" autocomplete=\"email\" placeholder=\"Enter your email\" id=\"esfpx_email_7f704813b1b718\" \/><\/div><\/div><div class=\"gjs-row\"><div class=\"gjs-cell\"><input type=\"submit\" name=\"submit\" value=\"Apunta't!\" \/><\/div><\/div><\/div><span class=\"es_spinner_image\" id=\"spinner-image\"><img decoding=\"async\" src=\"https:\/\/agora.xtec.cat\/form0083\/wp-content\/plugins\/email-subscribers\/lite\/public\/images\/spinner.gif\" alt=\"Loading\" \/><\/span><\/form><span class=\"es_subscription_message \" id=\"es_subscription_message_69eccd7d5b07b\" role=\"alert\" aria-live=\"assertive\"><\/span><\/div><\/div>\n\n\n\n<div class=\"wp-block-column is-layout-flow wp-block-column-is-layout-flow\" style=\"flex-basis:66.66%\">\n<p>Benvolgudes fam\u00edlies,<\/p>\n\n\n\n<p>Us convidem a explorar aquesta secci\u00f3, dissenyada per acompanyar-vos en el m\u00f3n de la tecnologia i l\u2019aprenentatge digital. Aqu\u00ed trobareu una gran varietat de&nbsp;<strong>recursos pr\u00e0ctics<\/strong>, incloent-hi v\u00eddeos informatius en diferents idiomes, guies interactives i eines \u00fatils per ajudar-vos a treure el m\u00e0xim profit de l\u2019entorn digital en fam\u00edlia.<\/p>\n\n\n\n<div class=\"h5p-iframe-wrapper\"><iframe id=\"h5p-iframe-2\" class=\"h5p-iframe\" data-content-id=\"2\" style=\"height:1px\" src=\"about:blank\" frameBorder=\"0\" scrolling=\"no\" title=\"Comunicaci\u00f3 Escola i Fam\u00edlia\"><\/iframe><\/div>\n\n\n\n        <div class=\"wp-block-getwid-post-carousel custom-post-type-post has-slides-gap-small is-carousel has-arrows-inside has-dots-outside\">\n            <div data-slider-option=\"{&quot;sliderSlidesToShowDesktop&quot;:&quot;2&quot;,&quot;getwid_slidesToShowLaptop&quot;:&quot;1&quot;,&quot;getwid_slidesToShowTablet&quot;:&quot;1&quot;,&quot;getwid_slidesToShowMobile&quot;:&quot;1&quot;,&quot;getwid_autoplay_speed&quot;:6000,&quot;getwid_animation_speed&quot;:800,&quot;getwid_slidesToScroll&quot;:&quot;1&quot;,&quot;getwid_autoplay&quot;:false,&quot;getwid_pause_on_hover&quot;:false,&quot;getwid_infinite&quot;:true,&quot;getwid_center_mode&quot;:false,&quot;getwid_arrows&quot;:&quot;inside&quot;,&quot;getwid_dots&quot;:&quot;outside&quot;}\" class=\"wp-block-getwid-post-carousel__wrapper\">\n                \t\t\t\t\t\t\t<div class=\"wp-block-getwid-post-carousel__slide\">\n\t\t\t\t\t\t\t\t\n<div class=\"wp-block-getwid-post-carousel__post\">\n            <div class=\"wp-block-getwid-post-carousel__post-thumbnail\">\n            <a href=\"https:\/\/agora.xtec.cat\/form0083\/families-digitals\/article-de-prova-per-modul-susbcripcions\/\"><img loading=\"lazy\" decoding=\"async\" width=\"367\" height=\"267\" src=\"https:\/\/agora.xtec.cat\/form0083\/wp-content\/uploads\/usu2608\/2026\/02\/17-367x267-1.jpg\" class=\"attachment-post-thumbnail size-post-thumbnail wp-post-image\" alt=\"\" srcset=\"https:\/\/agora.xtec.cat\/form0083\/wp-content\/uploads\/usu2608\/2026\/02\/17-367x267-1.jpg 367w, https:\/\/agora.xtec.cat\/form0083\/wp-content\/uploads\/usu2608\/2026\/02\/17-367x267-1-300x218.jpg 300w\" sizes=\"auto, (max-width: 367px) 100vw, 367px\" \/><\/a>\n        <\/div>\n        <div class=\"wp-block-getwid-post-carousel__post-content-wrapper\">\n        <div class=\"wp-block-getwid-post-carousel__post-header\">\n            <h3 class=\"wp-block-getwid-post-carousel__post-title\"><a href=\"https:\/\/agora.xtec.cat\/form0083\/families-digitals\/article-de-prova-per-modul-susbcripcions\/\">ARTICLE DE PROVA per MODUL SUSBCRIPCIONS<\/a><\/h3>        <\/div>\n        <div class=\"wp-block-getwid-post-carousel__post-excerpt\"><p>Hola. Provant si al publicar aquest aprticle constara a informes estat enviament. Gr\u00e0cies.<\/p>\n<\/div>\n    <\/div>\n<\/div>\n\n\t\t\t\t\t\t\t<\/div>\n\t\t\t\t\t\t\t\t\t\t\t\t\t<div class=\"wp-block-getwid-post-carousel__slide\">\n\t\t\t\t\t\t\t\t\n<div class=\"wp-block-getwid-post-carousel__post\">\n            <div class=\"wp-block-getwid-post-carousel__post-thumbnail\">\n            <a href=\"https:\/\/agora.xtec.cat\/form0083\/families-digitals\/decaleg-per-a-grups-de-missatgeria-escolars\/\"><img loading=\"lazy\" decoding=\"async\" width=\"230\" height=\"153\" src=\"https:\/\/agora.xtec.cat\/form0083\/wp-content\/uploads\/usu2608\/2026\/02\/decaleg-grups-missatgeria.png_1535735885.png\" class=\"attachment-post-thumbnail size-post-thumbnail wp-post-image\" alt=\"\" \/><\/a>\n        <\/div>\n        <div class=\"wp-block-getwid-post-carousel__post-content-wrapper\">\n        <div class=\"wp-block-getwid-post-carousel__post-header\">\n            <h3 class=\"wp-block-getwid-post-carousel__post-title\"><a href=\"https:\/\/agora.xtec.cat\/form0083\/families-digitals\/decaleg-per-a-grups-de-missatgeria-escolars\/\">Dec\u00e0leg per a grups de missatgeria escolars<\/a><\/h3>        <\/div>\n        <div class=\"wp-block-getwid-post-carousel__post-excerpt\"><p>Compartim amb vosaltres 10 regles que caldria respectar en els grups de WhatsApp de les fam\u00edlies. <\/p>\n<\/div>\n    <\/div>\n<\/div>\n\n\t\t\t\t\t\t\t<\/div>\n\t\t\t\t\t\t\t\t\t\t\t\t\t<div class=\"wp-block-getwid-post-carousel__slide\">\n\t\t\t\t\t\t\t\t\n<div class=\"wp-block-getwid-post-carousel__post\">\n            <div class=\"wp-block-getwid-post-carousel__post-thumbnail\">\n            <a href=\"https:\/\/agora.xtec.cat\/form0083\/portada\/acompanyem-les-families\/\"><img loading=\"lazy\" decoding=\"async\" width=\"1086\" height=\"1536\" src=\"https:\/\/agora.xtec.cat\/form0083\/wp-content\/uploads\/usu2608\/2026\/02\/Eines-practiques-reduir-bretxa-digital-1-1086x1536-1.jpg\" class=\"attachment-post-thumbnail size-post-thumbnail wp-post-image\" alt=\"\" srcset=\"https:\/\/agora.xtec.cat\/form0083\/wp-content\/uploads\/usu2608\/2026\/02\/Eines-practiques-reduir-bretxa-digital-1-1086x1536-1.jpg 1086w, https:\/\/agora.xtec.cat\/form0083\/wp-content\/uploads\/usu2608\/2026\/02\/Eines-practiques-reduir-bretxa-digital-1-1086x1536-1-212x300.jpg 212w, https:\/\/agora.xtec.cat\/form0083\/wp-content\/uploads\/usu2608\/2026\/02\/Eines-practiques-reduir-bretxa-digital-1-1086x1536-1-724x1024.jpg 724w, https:\/\/agora.xtec.cat\/form0083\/wp-content\/uploads\/usu2608\/2026\/02\/Eines-practiques-reduir-bretxa-digital-1-1086x1536-1-768x1086.jpg 768w\" sizes=\"auto, (max-width: 1086px) 100vw, 1086px\" \/><\/a>\n        <\/div>\n        <div class=\"wp-block-getwid-post-carousel__post-content-wrapper\">\n        <div class=\"wp-block-getwid-post-carousel__post-header\">\n            <h3 class=\"wp-block-getwid-post-carousel__post-title\"><a href=\"https:\/\/agora.xtec.cat\/form0083\/portada\/acompanyem-les-families\/\">Acompanyem les fam\u00edlies<\/a><\/h3>        <\/div>\n        <div class=\"wp-block-getwid-post-carousel__post-excerpt\"><p>Fam\u00edlies,\u00a0El Departament d\u2019educaci\u00f3 ha publicat una guia b\u00e0sica de digitalitzaci\u00f3 que us pot ajudar for\u00e7a.\u00a0<\/p>\n<\/div>\n    <\/div>\n<\/div>\n\n\t\t\t\t\t\t\t<\/div>\n\t\t\t\t\t\t            <\/div>\n        <\/div>\n        <\/div>\n<\/div>\n","protected":false},"excerpt":{"rendered":"<p>Subscripci\u00f3 Benvolgudes fam\u00edlies, Us convidem a explorar aquesta secci\u00f3, dissenyada per acompanyar-vos en el m\u00f3n de la tecnologia i l\u2019aprenentatge [&hellip;]<\/p>\n","protected":false},"author":1,"featured_media":0,"parent":64,"menu_order":0,"comment_status":"closed","ping_status":"close","template":"","meta":{"site-sidebar-layout":"default","site-content-layout":"","ast-site-content-layout":"default","site-content-style":"default","site-sidebar-style":"default","ast-global-header-display":"","ast-banner-title-visibility":"","ast-main-header-display":"","ast-hfb-above-header-display":"","ast-hfb-below-header-display":"","ast-hfb-mobile-header-display":"","site-post-title":"","ast-breadcrumbs-content":"","ast-featured-img":"","footer-sml-layout":"","theme-transparent-header-meta":"","adv-header-id-meta":"","stick-header-meta":"","header-above-stick-meta":"","header-main-stick-meta":"","header-below-stick-meta":"","astra-migrate-meta-layouts":"set","ast-page-background-enabled":"default","ast-page-background-meta":{"desktop":{"background-color":"var(--ast-global-color-4)","background-image":"","background-repeat":"repeat","background-position":"center center","background-size":"auto","background-attachment":"scroll","background-type":"","background-media":"","overlay-type":"","overlay-color":"","overlay-opacity":"","overlay-gradient":""},"tablet":{"background-color":"","background-image":"","background-repeat":"repeat","background-position":"center center","background-size":"auto","background-attachment":"scroll","background-type":"","background-media":"","overlay-type":"","overlay-color":"","overlay-opacity":"","overlay-gradient":""},"mobile":{"background-color":"","background-image":"","background-repeat":"repeat","background-position":"center center","background-size":"auto","background-attachment":"scroll","background-type":"","background-media":"","overlay-type":"","overlay-color":"","overlay-opacity":"","overlay-gradient":""}},"ast-content-background-meta":{"desktop":{"background-color":"var(--ast-global-color-5)","background-image":"","background-repeat":"repeat","background-position":"center center","background-size":"auto","background-attachment":"scroll","background-type":"","background-media":"","overlay-type":"","overlay-color":"","overlay-opacity":"","overlay-gradient":""},"tablet":{"background-color":"var(--ast-global-color-5)","background-image":"","background-repeat":"repeat","background-position":"center center","background-size":"auto","background-attachment":"scroll","background-type":"","background-media":"","overlay-type":"","overlay-color":"","overlay-opacity":"","overlay-gradient":""},"mobile":{"background-color":"var(--ast-global-color-5)","background-image":"","background-repeat":"repeat","background-position":"center center","background-size":"auto","background-attachment":"scroll","background-type":"","background-media":"","overlay-type":"","overlay-color":"","overlay-opacity":"","overlay-gradient":""}},"footnotes":""},"class_list":["post-1705","page","type-page","status-publish","hentry"],"post_mailing_queue_ids":[],"_links":{"self":[{"href":"https:\/\/agora.xtec.cat\/form0083\/wp-json\/wp\/v2\/pages\/1705","targetHints":{"allow":["GET"]}}],"collection":[{"href":"https:\/\/agora.xtec.cat\/form0083\/wp-json\/wp\/v2\/pages"}],"about":[{"href":"https:\/\/agora.xtec.cat\/form0083\/wp-json\/wp\/v2\/types\/page"}],"author":[{"embeddable":true,"href":"https:\/\/agora.xtec.cat\/form0083\/wp-json\/wp\/v2\/users\/1"}],"replies":[{"embeddable":true,"href":"https:\/\/agora.xtec.cat\/form0083\/wp-json\/wp\/v2\/comments?post=1705"}],"version-history":[{"count":6,"href":"https:\/\/agora.xtec.cat\/form0083\/wp-json\/wp\/v2\/pages\/1705\/revisions"}],"predecessor-version":[{"id":1750,"href":"https:\/\/agora.xtec.cat\/form0083\/wp-json\/wp\/v2\/pages\/1705\/revisions\/1750"}],"up":[{"embeddable":true,"href":"https:\/\/agora.xtec.cat\/form0083\/wp-json\/wp\/v2\/pages\/64"}],"wp:attachment":[{"href":"https:\/\/agora.xtec.cat\/form0083\/wp-json\/wp\/v2\/media?parent=1705"}],"curies":[{"name":"wp","href":"https:\/\/api.w.org\/{rel}","templated":true}]}}