{"id":30,"date":"2014-09-18T12:30:23","date_gmt":"2014-09-18T11:30:23","guid":{"rendered":"https:\/\/agora.xtec.cat\/form0053\/?page_id=30"},"modified":"2025-11-30T15:59:00","modified_gmt":"2025-11-30T14:59:00","slug":"instal%c2%b7lacions","status":"publish","type":"page","link":"https:\/\/agora.xtec.cat\/form0053\/lescola\/instal%c2%b7lacions\/","title":{"rendered":"Instal\u00b7lacions"},"content":{"rendered":"\n<div class=\"wp-block-columns is-layout-flex wp-container-core-columns-is-layout-1 wp-block-columns-is-layout-flex\" style=\"margin-top:0;margin-bottom:0;padding-top:0;padding-bottom:0\">\n<div class=\"wp-block-column is-layout-flow wp-block-column-is-layout-flow\" style=\"padding-right:var(--wp--preset--spacing--20);padding-left:var(--wp--preset--spacing--20)\">\n<figure class=\"wp-block-image size-full is-resized has-custom-border\" style=\"margin-top:0;margin-right:0;margin-bottom:0;margin-left:0\"><a href=\"https:\/\/agora.xtec.cat\/form0053\/wp-content\/uploads\/usu2570\/2024\/10\/gimnas.jpg\"><img loading=\"lazy\" decoding=\"async\" width=\"1000\" height=\"667\" src=\"https:\/\/agora.xtec.cat\/form0053\/wp-content\/uploads\/usu2570\/2024\/10\/gimnas.jpg\" alt=\"Nens en un gimn\u00e0s\" class=\"wp-image-564\" style=\"border-radius:5px;object-fit:cover;width:150px;height:150px\" srcset=\"https:\/\/agora.xtec.cat\/form0053\/wp-content\/uploads\/usu2570\/2024\/10\/gimnas.jpg 1000w, https:\/\/agora.xtec.cat\/form0053\/wp-content\/uploads\/usu2570\/2024\/10\/gimnas-300x200.jpg 300w, https:\/\/agora.xtec.cat\/form0053\/wp-content\/uploads\/usu2570\/2024\/10\/gimnas-768x512.jpg 768w\" sizes=\"auto, (max-width: 1000px) 100vw, 1000px\" \/><\/a><\/figure>\n\n\n\n<h2 class=\"wp-block-heading\" style=\"font-size:30px\">Gimn\u00e0s<\/h2>\n\n\n\n<p>150 m<sup>2<\/sup> amb 4 espais diferenciats on es pot practicar diferents esports simult\u00e0niament.<\/p>\n\n\n\n<div class=\"wp-block-buttons is-layout-flex wp-block-buttons-is-layout-flex\">\n<div class=\"wp-block-button\"><a class=\"wp-block-button__link wp-element-button\" href=\"https:\/\/agora.xtec.cat\/form0053\/lescola\/instal%c2%b7lacions\/gimnas\/\">M\u00e9s informaci\u00f3<\/a><\/div>\n<\/div>\n<\/div>\n\n\n\n<div class=\"wp-block-column is-layout-flow wp-block-column-is-layout-flow\" style=\"padding-right:var(--wp--preset--spacing--20);padding-left:var(--wp--preset--spacing--20)\">\n<figure class=\"wp-block-image size-large is-resized has-custom-border\" style=\"margin-top:0;margin-right:0;margin-bottom:0;margin-left:0\"><a href=\"https:\/\/agora.xtec.cat\/form0053\/wp-content\/uploads\/usu2570\/2025\/11\/ESO.jpg\"><img loading=\"lazy\" decoding=\"async\" width=\"1024\" height=\"1024\" src=\"https:\/\/agora.xtec.cat\/form0053\/wp-content\/uploads\/usu2570\/2025\/11\/ESO-1024x1024.jpg\" alt=\"ESO\" class=\"wp-image-1642\" style=\"border-radius:5px;object-fit:cover;width:150px;height:150px\" srcset=\"https:\/\/agora.xtec.cat\/form0053\/wp-content\/uploads\/usu2570\/2025\/11\/ESO-1024x1024.jpg 1024w, https:\/\/agora.xtec.cat\/form0053\/wp-content\/uploads\/usu2570\/2025\/11\/ESO-300x300.jpg 300w, https:\/\/agora.xtec.cat\/form0053\/wp-content\/uploads\/usu2570\/2025\/11\/ESO-150x150.jpg 150w, https:\/\/agora.xtec.cat\/form0053\/wp-content\/uploads\/usu2570\/2025\/11\/ESO-768x768.jpg 768w, https:\/\/agora.xtec.cat\/form0053\/wp-content\/uploads\/usu2570\/2025\/11\/ESO.jpg 1280w\" sizes=\"auto, (max-width: 1024px) 100vw, 1024px\" \/><\/a><\/figure>\n\n\n\n<h2 class=\"wp-block-heading\" style=\"font-size:30px\">Laboratori<\/h2>\n\n\n\n<p>M\u00e9s de 40 experiments en un entorn segur i l\u00fadic.<\/p>\n\n\n\n<div class=\"wp-block-buttons is-layout-flex wp-block-buttons-is-layout-flex\">\n<div class=\"wp-block-button\"><a class=\"wp-block-button__link wp-element-button\" href=\"https:\/\/agora.xtec.cat\/form0053\/lescola\/instal%c2%b7lacions\/pati-principal\/\">M\u00e9s informaci\u00f3<\/a><\/div>\n<\/div>\n<\/div>\n\n\n\n<div class=\"wp-block-column is-layout-flow wp-block-column-is-layout-flow\" style=\"padding-right:var(--wp--preset--spacing--20);padding-left:var(--wp--preset--spacing--20)\">\n<figure class=\"wp-block-image size-full is-resized has-custom-border\" style=\"margin-top:0;margin-right:0;margin-bottom:0;margin-left:0\"><a href=\"https:\/\/agora.xtec.cat\/form0053\/wp-content\/uploads\/usu2570\/2025\/11\/biblio1.jpg\"><img loading=\"lazy\" decoding=\"async\" width=\"566\" height=\"432\" src=\"https:\/\/agora.xtec.cat\/form0053\/wp-content\/uploads\/usu2570\/2025\/11\/biblio1.jpg\" alt=\"\" class=\"wp-image-1650\" style=\"border-radius:5px;object-fit:cover;width:150px;height:150px\" srcset=\"https:\/\/agora.xtec.cat\/form0053\/wp-content\/uploads\/usu2570\/2025\/11\/biblio1.jpg 566w, https:\/\/agora.xtec.cat\/form0053\/wp-content\/uploads\/usu2570\/2025\/11\/biblio1-300x229.jpg 300w\" sizes=\"auto, (max-width: 566px) 100vw, 566px\" \/><\/a><\/figure>\n\n\n\n<h2 class=\"wp-block-heading\" style=\"font-size:30px\">Biblioteca<\/h2>\n\n\n\n<p>3 espais diferenciats de lectura, sala de reunions i presentacions.<\/p>\n\n\n\n<div class=\"wp-block-buttons is-layout-flex wp-block-buttons-is-layout-flex\">\n<div class=\"wp-block-button\"><a class=\"wp-block-button__link wp-element-button\" href=\"https:\/\/agora.xtec.cat\/form0053\/lescola\/instal%c2%b7lacions\/biblioteca\/\">M\u00e9s informaci\u00f3<\/a><\/div>\n<\/div>\n<\/div>\n<\/div>\n\n\n\n<p><\/p>\n","protected":false},"excerpt":{"rendered":"<p>Gimn\u00e0s 150 m2 amb 4 espais diferenciats on es pot practicar diferents esports simult\u00e0niament. Laboratori M\u00e9s de 40 experiments en [&hellip;]<\/p>\n","protected":false},"author":1,"featured_media":0,"parent":22,"menu_order":40,"comment_status":"closed","ping_status":"closed","template":"page-templates\/side-menu.php","meta":{"site-sidebar-layout":"left-sidebar","site-content-layout":"","ast-site-content-layout":"default","site-content-style":"default","site-sidebar-style":"default","ast-global-header-display":"","ast-banner-title-visibility":"","ast-main-header-display":"","ast-hfb-above-header-display":"","ast-hfb-below-header-display":"","ast-hfb-mobile-header-display":"","site-post-title":"","ast-breadcrumbs-content":"","ast-featured-img":"","footer-sml-layout":"","theme-transparent-header-meta":"","adv-header-id-meta":"","stick-header-meta":"","header-above-stick-meta":"","header-main-stick-meta":"","header-below-stick-meta":"","astra-migrate-meta-layouts":"set","ast-page-background-enabled":"default","ast-page-background-meta":{"desktop":{"background-color":"var(--ast-global-color-4)","background-image":"","background-repeat":"repeat","background-position":"center center","background-size":"auto","background-attachment":"scroll","background-type":"","background-media":"","overlay-type":"","overlay-color":"","overlay-opacity":"","overlay-gradient":""},"tablet":{"background-color":"","background-image":"","background-repeat":"repeat","background-position":"center center","background-size":"auto","background-attachment":"scroll","background-type":"","background-media":"","overlay-type":"","overlay-color":"","overlay-opacity":"","overlay-gradient":""},"mobile":{"background-color":"","background-image":"","background-repeat":"repeat","background-position":"center center","background-size":"auto","background-attachment":"scroll","background-type":"","background-media":"","overlay-type":"","overlay-color":"","overlay-opacity":"","overlay-gradient":""}},"ast-content-background-meta":{"desktop":{"background-color":"var(--ast-global-color-5)","background-image":"","background-repeat":"repeat","background-position":"center center","background-size":"auto","background-attachment":"scroll","background-type":"","background-media":"","overlay-type":"","overlay-color":"","overlay-opacity":"","overlay-gradient":""},"tablet":{"background-color":"var(--ast-global-color-5)","background-image":"","background-repeat":"repeat","background-position":"center center","background-size":"auto","background-attachment":"scroll","background-type":"","background-media":"","overlay-type":"","overlay-color":"","overlay-opacity":"","overlay-gradient":""},"mobile":{"background-color":"var(--ast-global-color-5)","background-image":"","background-repeat":"repeat","background-position":"center center","background-size":"auto","background-attachment":"scroll","background-type":"","background-media":"","overlay-type":"","overlay-color":"","overlay-opacity":"","overlay-gradient":""}},"footnotes":""},"class_list":["post-30","page","type-page","status-publish","hentry"],"post_mailing_queue_ids":[],"_links":{"self":[{"href":"https:\/\/agora.xtec.cat\/form0053\/wp-json\/wp\/v2\/pages\/30","targetHints":{"allow":["GET"]}}],"collection":[{"href":"https:\/\/agora.xtec.cat\/form0053\/wp-json\/wp\/v2\/pages"}],"about":[{"href":"https:\/\/agora.xtec.cat\/form0053\/wp-json\/wp\/v2\/types\/page"}],"author":[{"embeddable":true,"href":"https:\/\/agora.xtec.cat\/form0053\/wp-json\/wp\/v2\/users\/1"}],"replies":[{"embeddable":true,"href":"https:\/\/agora.xtec.cat\/form0053\/wp-json\/wp\/v2\/comments?post=30"}],"version-history":[{"count":5,"href":"https:\/\/agora.xtec.cat\/form0053\/wp-json\/wp\/v2\/pages\/30\/revisions"}],"predecessor-version":[{"id":1694,"href":"https:\/\/agora.xtec.cat\/form0053\/wp-json\/wp\/v2\/pages\/30\/revisions\/1694"}],"up":[{"embeddable":true,"href":"https:\/\/agora.xtec.cat\/form0053\/wp-json\/wp\/v2\/pages\/22"}],"wp:attachment":[{"href":"https:\/\/agora.xtec.cat\/form0053\/wp-json\/wp\/v2\/media?parent=30"}],"curies":[{"name":"wp","href":"https:\/\/api.w.org\/{rel}","templated":true}]}}