{"id":34,"date":"2014-09-18T12:32:18","date_gmt":"2014-09-18T11:32:18","guid":{"rendered":"https:\/\/agora.xtec.cat\/form0043\/?page_id=34"},"modified":"2026-01-19T13:31:18","modified_gmt":"2026-01-19T12:31:18","slug":"oferta-educativa","status":"publish","type":"page","link":"https:\/\/agora.xtec.cat\/form0043\/lescola\/oferta-educativa\/","title":{"rendered":"Oferta educativa"},"content":{"rendered":"\n<p>Lorem ipsum dolor sit amet, consectetur adipiscing elit. Sed nisl quam, lobortis et interdum finibus, aliquam eget ligula. Donec nec ex et leo ultrices dignissim. Suspendisse quis tortor porta, rhoncus velit sit amet, convallis est. In lobortis dignissim convallis. Integer faucibus urna at magna mattis, id accumsan lacus posuere. Quisque vitae ipsum erat. Cras varius placerat justo. Vivamus maximus finibus hendrerit. Nullam accumsan quam pulvinar odio sollicitudin feugiat. Praesent vehicula dolor mauris, in semper risus gravida quis.<\/p>\n\n\n\n\n\n\n\n<p>Cras vitae porta turpis. Proin pharetra ac lacus in tempor. Vestibulum ullamcorper neque quis elit faucibus, at sodales est pretium. Suspendisse ac mauris in enim eleifend porttitor. Sed quis dolor laoreet, eleifend diam non, tincidunt nisl. Nulla sed venenatis eros. Ut non neque cursus, condimentum leo consequat, tempus ligula. Nulla vel orci sed sapien tincidunt fermentum.<\/p>\n\n\n\n<p>Lorem ipsum dolor sit amet, consectetur adipiscing elit. Fusce in feugiat urna, a sagittis nisl. Proin fringilla turpis sed orci ultricies commodo. Morbi ac magna pulvinar lacus feugiat placerat non eu urna. Mauris laoreet nisi tellus, vel vehicula erat ornare mollis. Pellentesque justo erat, maximus a varius vitae, suscipit vel augue. Vivamus mattis sed metus sit amet auctor. Curabitur vel enim enim. Cras cursus leo lorem, ac dictum nibh bibendum non. Maecenas ac mauris felis. Phasellus euismod luctus augue ac vehicula. Sed dignissim libero vitae consequat luctus. Maecenas quis ornare tellus. Aliquam erat volutpat.<\/p>\n\n\n\n<div class=\"wp-block-getwid-section\"><div class=\"wp-block-getwid-section__wrapper\"><div class=\"wp-block-getwid-section__inner-wrapper\"><div class=\"wp-block-getwid-section__background-holder\"><div class=\"wp-block-getwid-section__background has-background has-cyan-bluish-gray-background-color\"><\/div><div class=\"wp-block-getwid-section__foreground\"><\/div><\/div><div class=\"wp-block-getwid-section__content\"><div class=\"wp-block-getwid-section__inner-content\">\n<div class=\"wp-block-group is-nowrap is-layout-flex wp-container-core-group-is-layout-1 wp-block-group-is-layout-flex\" style=\"margin-top:0;margin-bottom:0;padding-top:0;padding-right:0;padding-bottom:0;padding-left:0\">\n<figure class=\"wp-block-image size-full is-resized\"><a href=\"https:\/\/agora.xtec.cat\/form0043\/wp-content\/uploads\/usu2560\/2026\/01\/PEC_ICON.png\"><img loading=\"lazy\" decoding=\"async\" width=\"200\" height=\"151\" src=\"https:\/\/agora.xtec.cat\/form0043\/wp-content\/uploads\/usu2560\/2026\/01\/PEC_ICON.png\" alt=\"\" class=\"wp-image-2014\" style=\"width:110px;height:auto\"\/><\/a><\/figure>\n\n\n\n<p>El projecte educatiu de centre (PEC) \u00e9s un document que inclou els trets d&#8217;identitat del centre, els principis pedag\u00f2gics, els principis organitzatius i el projecte ling\u00fc\u00edstic.<\/p>\n<\/div>\n\n\n\n<div class=\"wp-block-buttons is-content-justification-center is-layout-flex wp-container-core-buttons-is-layout-1 wp-block-buttons-is-layout-flex\">\n<div class=\"wp-block-button\"><a class=\"wp-block-button__link has-text-align-center wp-element-button\" href=\"https:\/\/agora.xtec.cat\/form0043\/projecte-educatiu\/\">Consulteu el PEC<\/a><\/div>\n<\/div>\n<\/div><\/div><\/div><\/div><\/div>\n","protected":false},"excerpt":{"rendered":"<p>Lorem ipsum dolor sit amet, consectetur adipiscing elit. Sed nisl quam, lobortis et interdum finibus, aliquam eget ligula. Donec nec [&hellip;]<\/p>\n","protected":false},"author":1,"featured_media":0,"parent":22,"menu_order":60,"comment_status":"closed","ping_status":"closed","template":"page-templates\/side-menu.php","meta":{"site-sidebar-layout":"left-sidebar","site-content-layout":"","ast-site-content-layout":"default","site-content-style":"default","site-sidebar-style":"default","ast-global-header-display":"","ast-banner-title-visibility":"","ast-main-header-display":"","ast-hfb-above-header-display":"","ast-hfb-below-header-display":"","ast-hfb-mobile-header-display":"","site-post-title":"","ast-breadcrumbs-content":"","ast-featured-img":"","footer-sml-layout":"","theme-transparent-header-meta":"","adv-header-id-meta":"","stick-header-meta":"","header-above-stick-meta":"","header-main-stick-meta":"","header-below-stick-meta":"","astra-migrate-meta-layouts":"set","ast-page-background-enabled":"default","ast-page-background-meta":{"desktop":{"background-color":"var(--ast-global-color-4)","background-image":"","background-repeat":"repeat","background-position":"center center","background-size":"auto","background-attachment":"scroll","background-type":"","background-media":"","overlay-type":"","overlay-color":"","overlay-opacity":"","overlay-gradient":""},"tablet":{"background-color":"","background-image":"","background-repeat":"repeat","background-position":"center center","background-size":"auto","background-attachment":"scroll","background-type":"","background-media":"","overlay-type":"","overlay-color":"","overlay-opacity":"","overlay-gradient":""},"mobile":{"background-color":"","background-image":"","background-repeat":"repeat","background-position":"center center","background-size":"auto","background-attachment":"scroll","background-type":"","background-media":"","overlay-type":"","overlay-color":"","overlay-opacity":"","overlay-gradient":""}},"ast-content-background-meta":{"desktop":{"background-color":"var(--ast-global-color-5)","background-image":"","background-repeat":"repeat","background-position":"center center","background-size":"auto","background-attachment":"scroll","background-type":"","background-media":"","overlay-type":"","overlay-color":"","overlay-opacity":"","overlay-gradient":""},"tablet":{"background-color":"var(--ast-global-color-5)","background-image":"","background-repeat":"repeat","background-position":"center center","background-size":"auto","background-attachment":"scroll","background-type":"","background-media":"","overlay-type":"","overlay-color":"","overlay-opacity":"","overlay-gradient":""},"mobile":{"background-color":"var(--ast-global-color-5)","background-image":"","background-repeat":"repeat","background-position":"center center","background-size":"auto","background-attachment":"scroll","background-type":"","background-media":"","overlay-type":"","overlay-color":"","overlay-opacity":"","overlay-gradient":""}},"footnotes":""},"class_list":["post-34","page","type-page","status-publish","hentry"],"post_mailing_queue_ids":[],"_links":{"self":[{"href":"https:\/\/agora.xtec.cat\/form0043\/wp-json\/wp\/v2\/pages\/34","targetHints":{"allow":["GET"]}}],"collection":[{"href":"https:\/\/agora.xtec.cat\/form0043\/wp-json\/wp\/v2\/pages"}],"about":[{"href":"https:\/\/agora.xtec.cat\/form0043\/wp-json\/wp\/v2\/types\/page"}],"author":[{"embeddable":true,"href":"https:\/\/agora.xtec.cat\/form0043\/wp-json\/wp\/v2\/users\/1"}],"replies":[{"embeddable":true,"href":"https:\/\/agora.xtec.cat\/form0043\/wp-json\/wp\/v2\/comments?post=34"}],"version-history":[{"count":3,"href":"https:\/\/agora.xtec.cat\/form0043\/wp-json\/wp\/v2\/pages\/34\/revisions"}],"predecessor-version":[{"id":2013,"href":"https:\/\/agora.xtec.cat\/form0043\/wp-json\/wp\/v2\/pages\/34\/revisions\/2013"}],"up":[{"embeddable":true,"href":"https:\/\/agora.xtec.cat\/form0043\/wp-json\/wp\/v2\/pages\/22"}],"wp:attachment":[{"href":"https:\/\/agora.xtec.cat\/form0043\/wp-json\/wp\/v2\/media?parent=34"}],"curies":[{"name":"wp","href":"https:\/\/api.w.org\/{rel}","templated":true}]}}