{"id":30,"date":"2014-09-18T12:30:23","date_gmt":"2014-09-18T11:30:23","guid":{"rendered":"https:\/\/agora.xtec.cat\/form0043\/?page_id=30"},"modified":"2025-11-17T13:15:47","modified_gmt":"2025-11-17T12:15:47","slug":"instal%c2%b7lacions","status":"publish","type":"page","link":"https:\/\/agora.xtec.cat\/form0043\/linstitut\/instal%c2%b7lacions\/","title":{"rendered":"Instal\u00b7lacions"},"content":{"rendered":"\n<div class=\"wp-block-columns is-layout-flex wp-container-core-columns-is-layout-1 wp-block-columns-is-layout-flex\">\n<div class=\"wp-block-column is-layout-flow wp-block-column-is-layout-flow\">\n<figure class=\"wp-block-image size-large has-custom-border\"><img loading=\"lazy\" decoding=\"async\" width=\"1024\" height=\"683\" src=\"https:\/\/agora.xtec.cat\/form0043\/wp-content\/uploads\/usu2560\/2025\/11\/2212.w054.n005.209A.p1.209-copia-1024x683.jpg\" alt=\"\" class=\"wp-image-1834\" style=\"border-radius:20px\" srcset=\"https:\/\/agora.xtec.cat\/form0043\/wp-content\/uploads\/usu2560\/2025\/11\/2212.w054.n005.209A.p1.209-copia-1024x683.jpg 1024w, https:\/\/agora.xtec.cat\/form0043\/wp-content\/uploads\/usu2560\/2025\/11\/2212.w054.n005.209A.p1.209-copia-300x200.jpg 300w, https:\/\/agora.xtec.cat\/form0043\/wp-content\/uploads\/usu2560\/2025\/11\/2212.w054.n005.209A.p1.209-copia-768x512.jpg 768w, https:\/\/agora.xtec.cat\/form0043\/wp-content\/uploads\/usu2560\/2025\/11\/2212.w054.n005.209A.p1.209-copia-1536x1024.jpg 1536w, https:\/\/agora.xtec.cat\/form0043\/wp-content\/uploads\/usu2560\/2025\/11\/2212.w054.n005.209A.p1.209-copia-2048x1365.jpg 2048w\" sizes=\"auto, (max-width: 1024px) 100vw, 1024px\" \/><\/figure>\n\n\n\n<h2 class=\"wp-block-heading has-text-align-center\" style=\"font-size:30px\">Gimn\u00e0s<\/h2>\n\n\n\n<p>150m<sup>2<\/sup> amb 4 espais diferenciats on es pot practicar diferents esports simult\u00e0neament.<\/p>\n\n\n\n<div class=\"wp-block-buttons is-layout-flex wp-block-buttons-is-layout-flex\">\n<div class=\"wp-block-button\"><a class=\"wp-block-button__link has-text-align-center wp-element-button\" href=\"https:\/\/agora.xtec.cat\/form0043\/lescola\/instal%c2%b7lacions\/gimnas\/\" style=\"padding-right:var(--wp--preset--spacing--70);padding-left:var(--wp--preset--spacing--70)\">M\u00e9s informaci\u00f3<\/a><\/div>\n<\/div>\n<\/div>\n\n\n\n<div class=\"wp-block-column is-layout-flow wp-block-column-is-layout-flow\">\n<figure class=\"wp-block-image size-large has-custom-border\"><img loading=\"lazy\" decoding=\"async\" width=\"1024\" height=\"683\" src=\"https:\/\/agora.xtec.cat\/form0043\/wp-content\/uploads\/usu2560\/2025\/11\/5121156-1024x683.png\" alt=\"\" class=\"wp-image-1835\" style=\"border-radius:20px\" srcset=\"https:\/\/agora.xtec.cat\/form0043\/wp-content\/uploads\/usu2560\/2025\/11\/5121156-1024x683.png 1024w, https:\/\/agora.xtec.cat\/form0043\/wp-content\/uploads\/usu2560\/2025\/11\/5121156-300x200.png 300w, https:\/\/agora.xtec.cat\/form0043\/wp-content\/uploads\/usu2560\/2025\/11\/5121156-768x512.png 768w, https:\/\/agora.xtec.cat\/form0043\/wp-content\/uploads\/usu2560\/2025\/11\/5121156-1536x1024.png 1536w, https:\/\/agora.xtec.cat\/form0043\/wp-content\/uploads\/usu2560\/2025\/11\/5121156-2048x1365.png 2048w\" sizes=\"auto, (max-width: 1024px) 100vw, 1024px\" \/><\/figure>\n\n\n\n<h2 class=\"wp-block-heading has-text-align-center\" style=\"font-size:30px\">Laboratori<\/h2>\n\n\n\n<p>M\u00e9s de 40 experiments en un entorn l\u00fadic i segur.<\/p>\n\n\n\n<div class=\"wp-block-buttons is-layout-flex wp-block-buttons-is-layout-flex\">\n<div class=\"wp-block-button\"><a class=\"wp-block-button__link wp-element-button\" href=\"https:\/\/agora.xtec.cat\/form0043\/lescola\/instal%c2%b7lacions\/pati-principal\/\" style=\"padding-right:var(--wp--preset--spacing--70);padding-left:var(--wp--preset--spacing--70)\">M\u00e9s informaci\u00f3<\/a><\/div>\n<\/div>\n<\/div>\n\n\n\n<div class=\"wp-block-column is-layout-flow wp-block-column-is-layout-flow\">\n<figure class=\"wp-block-image size-large has-custom-border\"><img loading=\"lazy\" decoding=\"async\" width=\"1024\" height=\"683\" src=\"https:\/\/agora.xtec.cat\/form0043\/wp-content\/uploads\/usu2560\/2025\/11\/31097-1-1024x683.png\" alt=\"\" class=\"wp-image-1836\" style=\"border-radius:20px\" srcset=\"https:\/\/agora.xtec.cat\/form0043\/wp-content\/uploads\/usu2560\/2025\/11\/31097-1-1024x683.png 1024w, https:\/\/agora.xtec.cat\/form0043\/wp-content\/uploads\/usu2560\/2025\/11\/31097-1-300x200.png 300w, https:\/\/agora.xtec.cat\/form0043\/wp-content\/uploads\/usu2560\/2025\/11\/31097-1-768x512.png 768w, https:\/\/agora.xtec.cat\/form0043\/wp-content\/uploads\/usu2560\/2025\/11\/31097-1-1536x1024.png 1536w, https:\/\/agora.xtec.cat\/form0043\/wp-content\/uploads\/usu2560\/2025\/11\/31097-1-2048x1365.png 2048w\" sizes=\"auto, (max-width: 1024px) 100vw, 1024px\" \/><\/figure>\n\n\n\n<h2 class=\"wp-block-heading has-text-align-center\" style=\"font-size:30px\">Biblioteca<\/h2>\n\n\n\n<p>Tres espais diferenciats de lectura, sala de reunions i presentacions.<\/p>\n\n\n\n<div class=\"wp-block-buttons is-layout-flex wp-block-buttons-is-layout-flex\">\n<div class=\"wp-block-button\"><a class=\"wp-block-button__link wp-element-button\" href=\"https:\/\/agora.xtec.cat\/form0043\/lescola\/instal%c2%b7lacions\/biblioteca\/\" style=\"padding-right:var(--wp--preset--spacing--70);padding-left:var(--wp--preset--spacing--70)\">M\u00e9s informaci\u00f3<\/a><\/div>\n<\/div>\n<\/div>\n<\/div>\n\n\n\n<p><\/p>\n","protected":false},"excerpt":{"rendered":"<p>Gimn\u00e0s 150m2 amb 4 espais diferenciats on es pot practicar diferents esports simult\u00e0neament. Laboratori M\u00e9s de 40 experiments en un [&hellip;]<\/p>\n","protected":false},"author":1,"featured_media":0,"parent":1691,"menu_order":20,"comment_status":"closed","ping_status":"closed","template":"","meta":{"site-sidebar-layout":"left-sidebar","site-content-layout":"","ast-site-content-layout":"default","site-content-style":"default","site-sidebar-style":"default","ast-global-header-display":"","ast-banner-title-visibility":"","ast-main-header-display":"","ast-hfb-above-header-display":"","ast-hfb-below-header-display":"","ast-hfb-mobile-header-display":"","site-post-title":"","ast-breadcrumbs-content":"","ast-featured-img":"","footer-sml-layout":"","theme-transparent-header-meta":"","adv-header-id-meta":"","stick-header-meta":"","header-above-stick-meta":"","header-main-stick-meta":"","header-below-stick-meta":"","astra-migrate-meta-layouts":"set","ast-page-background-enabled":"default","ast-page-background-meta":{"desktop":{"background-color":"var(--ast-global-color-4)","background-image":"","background-repeat":"repeat","background-position":"center center","background-size":"auto","background-attachment":"scroll","background-type":"","background-media":"","overlay-type":"","overlay-color":"","overlay-opacity":"","overlay-gradient":""},"tablet":{"background-color":"","background-image":"","background-repeat":"repeat","background-position":"center center","background-size":"auto","background-attachment":"scroll","background-type":"","background-media":"","overlay-type":"","overlay-color":"","overlay-opacity":"","overlay-gradient":""},"mobile":{"background-color":"","background-image":"","background-repeat":"repeat","background-position":"center center","background-size":"auto","background-attachment":"scroll","background-type":"","background-media":"","overlay-type":"","overlay-color":"","overlay-opacity":"","overlay-gradient":""}},"ast-content-background-meta":{"desktop":{"background-color":"var(--ast-global-color-5)","background-image":"","background-repeat":"repeat","background-position":"center center","background-size":"auto","background-attachment":"scroll","background-type":"","background-media":"","overlay-type":"","overlay-color":"","overlay-opacity":"","overlay-gradient":""},"tablet":{"background-color":"var(--ast-global-color-5)","background-image":"","background-repeat":"repeat","background-position":"center center","background-size":"auto","background-attachment":"scroll","background-type":"","background-media":"","overlay-type":"","overlay-color":"","overlay-opacity":"","overlay-gradient":""},"mobile":{"background-color":"var(--ast-global-color-5)","background-image":"","background-repeat":"repeat","background-position":"center center","background-size":"auto","background-attachment":"scroll","background-type":"","background-media":"","overlay-type":"","overlay-color":"","overlay-opacity":"","overlay-gradient":""}},"footnotes":""},"class_list":["post-30","page","type-page","status-publish","hentry"],"post_mailing_queue_ids":[],"_links":{"self":[{"href":"https:\/\/agora.xtec.cat\/form0043\/wp-json\/wp\/v2\/pages\/30","targetHints":{"allow":["GET"]}}],"collection":[{"href":"https:\/\/agora.xtec.cat\/form0043\/wp-json\/wp\/v2\/pages"}],"about":[{"href":"https:\/\/agora.xtec.cat\/form0043\/wp-json\/wp\/v2\/types\/page"}],"author":[{"embeddable":true,"href":"https:\/\/agora.xtec.cat\/form0043\/wp-json\/wp\/v2\/users\/1"}],"replies":[{"embeddable":true,"href":"https:\/\/agora.xtec.cat\/form0043\/wp-json\/wp\/v2\/comments?post=30"}],"version-history":[{"count":6,"href":"https:\/\/agora.xtec.cat\/form0043\/wp-json\/wp\/v2\/pages\/30\/revisions"}],"predecessor-version":[{"id":1841,"href":"https:\/\/agora.xtec.cat\/form0043\/wp-json\/wp\/v2\/pages\/30\/revisions\/1841"}],"up":[{"embeddable":true,"href":"https:\/\/agora.xtec.cat\/form0043\/wp-json\/wp\/v2\/pages\/1691"}],"wp:attachment":[{"href":"https:\/\/agora.xtec.cat\/form0043\/wp-json\/wp\/v2\/media?parent=30"}],"curies":[{"name":"wp","href":"https:\/\/api.w.org\/{rel}","templated":true}]}}