{"id":1777,"date":"2025-11-06T12:15:36","date_gmt":"2025-11-06T11:15:36","guid":{"rendered":"https:\/\/agora.xtec.cat\/form0043\/?page_id=1777"},"modified":"2025-11-06T12:35:21","modified_gmt":"2025-11-06T11:35:21","slug":"serveis-digitals","status":"publish","type":"page","link":"https:\/\/agora.xtec.cat\/form0043\/serveis-digitals\/","title":{"rendered":"Serveis Digitals"},"content":{"rendered":"\n<div class=\"wp-block-columns is-layout-flex wp-container-core-columns-is-layout-1 wp-block-columns-is-layout-flex\">\n<div class=\"wp-block-column is-layout-flow wp-block-column-is-layout-flow\">\n<p>Plataformes d&#8217;aprenentatge<\/p>\n\n\n\n<figure class=\"wp-block-image size-full is-resized\"><a href=\"https:\/\/agora.xtec.cat\/form0043\/wp-content\/uploads\/usu2560\/2025\/11\/pngwing.com_.png\"><img loading=\"lazy\" decoding=\"async\" width=\"540\" height=\"540\" src=\"https:\/\/agora.xtec.cat\/form0043\/wp-content\/uploads\/usu2560\/2025\/11\/pngwing.com_.png\" alt=\"\" class=\"wp-image-1790\" style=\"width:164px;height:auto\" srcset=\"https:\/\/agora.xtec.cat\/form0043\/wp-content\/uploads\/usu2560\/2025\/11\/pngwing.com_.png 540w, https:\/\/agora.xtec.cat\/form0043\/wp-content\/uploads\/usu2560\/2025\/11\/pngwing.com_-300x300.png 300w, https:\/\/agora.xtec.cat\/form0043\/wp-content\/uploads\/usu2560\/2025\/11\/pngwing.com_-150x150.png 150w\" sizes=\"auto, (max-width: 540px) 100vw, 540px\" \/><\/a><\/figure>\n<\/div>\n\n\n\n<div class=\"wp-block-column is-layout-flow wp-block-column-is-layout-flow\">\n<p>Eines de gesti\u00f3 i control de dispositius<\/p>\n\n\n\n<figure class=\"wp-block-image size-full\" style=\"margin-top:var(--wp--preset--spacing--70);margin-bottom:var(--wp--preset--spacing--70)\"><a href=\"https:\/\/agora.xtec.cat\/form0043\/wp-content\/uploads\/usu2560\/2025\/11\/images.png\"><img loading=\"lazy\" decoding=\"async\" width=\"356\" height=\"141\" src=\"https:\/\/agora.xtec.cat\/form0043\/wp-content\/uploads\/usu2560\/2025\/11\/images.png\" alt=\"\" class=\"wp-image-1791\" srcset=\"https:\/\/agora.xtec.cat\/form0043\/wp-content\/uploads\/usu2560\/2025\/11\/images.png 356w, https:\/\/agora.xtec.cat\/form0043\/wp-content\/uploads\/usu2560\/2025\/11\/images-300x119.png 300w\" sizes=\"auto, (max-width: 356px) 100vw, 356px\" \/><\/a><\/figure>\n<\/div>\n\n\n\n<div class=\"wp-block-column is-layout-flow wp-block-column-is-layout-flow\">\n<p>Plataforma de gesti\u00f3 acad\u00e8mica<\/p>\n\n\n\n<figure class=\"wp-block-image size-full is-resized\" style=\"margin-top:var(--wp--preset--spacing--60);margin-right:var(--wp--preset--spacing--30);margin-bottom:var(--wp--preset--spacing--60);margin-left:var(--wp--preset--spacing--30)\"><a href=\"https:\/\/agora.xtec.cat\/form0043\/wp-content\/uploads\/usu2560\/2025\/11\/LOGO-IEDUCA.jpg\"><img decoding=\"async\" src=\"https:\/\/agora.xtec.cat\/form0043\/wp-content\/uploads\/usu2560\/2025\/11\/LOGO-IEDUCA.jpg\" alt=\"\" class=\"wp-image-1792\" style=\"width:131px;height:auto\"\/><\/a><\/figure>\n<\/div>\n\n\n\n<div class=\"wp-block-column is-layout-flow wp-block-column-is-layout-flow\">\n<p>Sistema de gesti\u00f3 de pagaments i autoritzacions<\/p>\n\n\n\n<figure class=\"wp-block-image size-full is-resized\" style=\"margin-top:0;margin-right:var(--wp--preset--spacing--60);margin-bottom:0;margin-left:var(--wp--preset--spacing--60)\"><a href=\"https:\/\/agora.xtec.cat\/form0043\/wp-content\/uploads\/usu2560\/2025\/11\/unnamed.png\"><img loading=\"lazy\" decoding=\"async\" width=\"373\" height=\"374\" src=\"https:\/\/agora.xtec.cat\/form0043\/wp-content\/uploads\/usu2560\/2025\/11\/unnamed.png\" alt=\"\" class=\"wp-image-1793\" style=\"width:98px;height:auto\" srcset=\"https:\/\/agora.xtec.cat\/form0043\/wp-content\/uploads\/usu2560\/2025\/11\/unnamed.png 373w, https:\/\/agora.xtec.cat\/form0043\/wp-content\/uploads\/usu2560\/2025\/11\/unnamed-300x300.png 300w, https:\/\/agora.xtec.cat\/form0043\/wp-content\/uploads\/usu2560\/2025\/11\/unnamed-150x150.png 150w\" sizes=\"auto, (max-width: 373px) 100vw, 373px\" \/><\/a><\/figure>\n<\/div>\n<\/div>\n\n\n\n<p><\/p>\n","protected":false},"excerpt":{"rendered":"<p>Plataformes d&#8217;aprenentatge Eines de gesti\u00f3 i control de dispositius Plataforma de gesti\u00f3 acad\u00e8mica Sistema de gesti\u00f3 de pagaments i autoritzacions<\/p>\n","protected":false},"author":1,"featured_media":0,"parent":0,"menu_order":0,"comment_status":"closed","ping_status":"close","template":"","meta":{"site-sidebar-layout":"default","site-content-layout":"","ast-site-content-layout":"default","site-content-style":"default","site-sidebar-style":"default","ast-global-header-display":"","ast-banner-title-visibility":"","ast-main-header-display":"","ast-hfb-above-header-display":"","ast-hfb-below-header-display":"","ast-hfb-mobile-header-display":"","site-post-title":"","ast-breadcrumbs-content":"","ast-featured-img":"","footer-sml-layout":"","theme-transparent-header-meta":"","adv-header-id-meta":"","stick-header-meta":"","header-above-stick-meta":"","header-main-stick-meta":"","header-below-stick-meta":"","astra-migrate-meta-layouts":"set","ast-page-background-enabled":"default","ast-page-background-meta":{"desktop":{"background-color":"var(--ast-global-color-4)","background-image":"","background-repeat":"repeat","background-position":"center center","background-size":"auto","background-attachment":"scroll","background-type":"","background-media":"","overlay-type":"","overlay-color":"","overlay-opacity":"","overlay-gradient":""},"tablet":{"background-color":"","background-image":"","background-repeat":"repeat","background-position":"center center","background-size":"auto","background-attachment":"scroll","background-type":"","background-media":"","overlay-type":"","overlay-color":"","overlay-opacity":"","overlay-gradient":""},"mobile":{"background-color":"","background-image":"","background-repeat":"repeat","background-position":"center center","background-size":"auto","background-attachment":"scroll","background-type":"","background-media":"","overlay-type":"","overlay-color":"","overlay-opacity":"","overlay-gradient":""}},"ast-content-background-meta":{"desktop":{"background-color":"var(--ast-global-color-5)","background-image":"","background-repeat":"repeat","background-position":"center center","background-size":"auto","background-attachment":"scroll","background-type":"","background-media":"","overlay-type":"","overlay-color":"","overlay-opacity":"","overlay-gradient":""},"tablet":{"background-color":"var(--ast-global-color-5)","background-image":"","background-repeat":"repeat","background-position":"center center","background-size":"auto","background-attachment":"scroll","background-type":"","background-media":"","overlay-type":"","overlay-color":"","overlay-opacity":"","overlay-gradient":""},"mobile":{"background-color":"var(--ast-global-color-5)","background-image":"","background-repeat":"repeat","background-position":"center center","background-size":"auto","background-attachment":"scroll","background-type":"","background-media":"","overlay-type":"","overlay-color":"","overlay-opacity":"","overlay-gradient":""}},"footnotes":""},"class_list":["post-1777","page","type-page","status-publish","hentry"],"post_mailing_queue_ids":[],"_links":{"self":[{"href":"https:\/\/agora.xtec.cat\/form0043\/wp-json\/wp\/v2\/pages\/1777","targetHints":{"allow":["GET"]}}],"collection":[{"href":"https:\/\/agora.xtec.cat\/form0043\/wp-json\/wp\/v2\/pages"}],"about":[{"href":"https:\/\/agora.xtec.cat\/form0043\/wp-json\/wp\/v2\/types\/page"}],"author":[{"embeddable":true,"href":"https:\/\/agora.xtec.cat\/form0043\/wp-json\/wp\/v2\/users\/1"}],"replies":[{"embeddable":true,"href":"https:\/\/agora.xtec.cat\/form0043\/wp-json\/wp\/v2\/comments?post=1777"}],"version-history":[{"count":2,"href":"https:\/\/agora.xtec.cat\/form0043\/wp-json\/wp\/v2\/pages\/1777\/revisions"}],"predecessor-version":[{"id":1794,"href":"https:\/\/agora.xtec.cat\/form0043\/wp-json\/wp\/v2\/pages\/1777\/revisions\/1794"}],"wp:attachment":[{"href":"https:\/\/agora.xtec.cat\/form0043\/wp-json\/wp\/v2\/media?parent=1777"}],"curies":[{"name":"wp","href":"https:\/\/api.w.org\/{rel}","templated":true}]}}