{"id":82,"date":"2014-09-18T14:10:51","date_gmt":"2014-09-18T12:10:51","guid":{"rendered":"http:\/\/agora.xtec.cat\/escvilaolimpica\/?page_id=82"},"modified":"2025-07-03T23:49:10","modified_gmt":"2025-07-03T21:49:10","slug":"activitats-extraescolars","status":"publish","type":"page","link":"https:\/\/agora.xtec.cat\/escvilaolimpica\/temps-de-lleure-2\/activitats-extraescolars\/","title":{"rendered":"EXTRAESCOLARS"},"content":{"rendered":"<div>\n<table style=\"width: 87.7027%; height: 720px;\" border=\"0\" width=\"592\" cellspacing=\"0\" cellpadding=\"0\">\n<colgroup>\n<col width=\"144\" \/>\n<col width=\"190\" \/>\n<col width=\"177\" \/>\n<col width=\"81\" \/><\/colgroup>\n<tbody>\n<tr style=\"height: 46px;\">\n<td style=\"width: 59.3465%; text-align: center; height: 46px;\" colspan=\"2\" width=\"334\" height=\"46\">ESCOLA VILA OL\u00cdMPICA<\/td>\n<td style=\"width: 26.971%; height: 46px;\" width=\"177\">CURS 2024-2025<\/td>\n<td style=\"width: 23.3685%; height: 46px;\" width=\"81\"><\/td>\n<\/tr>\n<tr style=\"height: 32px;\">\n<td style=\"width: 27.2519%; height: 32px;\" height=\"28\"><\/td>\n<td style=\"width: 32.0946%; height: 32px;\"><\/td>\n<td style=\"width: 26.971%; height: 32px;\"><\/td>\n<td style=\"width: 23.3685%; height: 32px;\"><\/td>\n<\/tr>\n<tr style=\"height: 33px;\">\n<td style=\"width: 27.2519%; height: 33px;\" height=\"33\"><\/td>\n<td style=\"width: 32.0946%; height: 33px;\"><\/td>\n<td style=\"width: 26.971%; height: 33px;\">Quotes<\/td>\n<td style=\"width: 23.3685%; height: 33px; text-align: right;\">Preus<\/td>\n<\/tr>\n<tr style=\"height: 33px;\">\n<td style=\"width: 27.2519%; height: 33px;\" height=\"33\">MENJADOR<\/td>\n<td style=\"width: 32.0946%; height: 33px;\"><\/td>\n<td style=\"width: 26.971%; height: 33px;\">10 quotes mensuals<\/td>\n<td style=\"width: 23.3685%; height: 33px; text-align: right;\">116,41 \u20ac<\/td>\n<\/tr>\n<tr style=\"height: 33px;\">\n<td style=\"width: 27.2519%; height: 33px;\" height=\"33\">MENJADOR<\/td>\n<td style=\"width: 32.0946%; height: 33px;\"><\/td>\n<td style=\"width: 26.971%; height: 33px;\">dia espor\u00e0dic<\/td>\n<td style=\"width: 23.3685%; height: 33px; text-align: right;\">7,00 \u20ac<\/td>\n<\/tr>\n<tr style=\"height: 48px;\">\n<td style=\"width: 27.2519%; height: 48px;\" height=\"33\">JORNADA INTENSIVA<\/td>\n<td style=\"width: 32.0946%; height: 48px;\">monitoratge mes de juny migdia<\/td>\n<td style=\"width: 26.971%; height: 48px;\">10 quotes mensuals<\/td>\n<td style=\"width: 23.3685%; height: 48px; text-align: right;\">1,35 \u20ac<\/td>\n<\/tr>\n<tr style=\"height: 33px;\">\n<td style=\"width: 27.2519%; height: 33px;\" height=\"33\">FRUITA<\/td>\n<td style=\"width: 32.0946%; height: 33px;\">obligatori d&#8217;I3 fins a 2n<\/td>\n<td style=\"width: 26.971%; height: 33px;\">10 quotes mensuals<\/td>\n<td style=\"width: 23.3685%; height: 33px; text-align: right;\">13,65 \u20ac<\/td>\n<\/tr>\n<tr style=\"height: 33px;\">\n<td style=\"width: 27.2519%; height: 33px;\" height=\"33\"><\/td>\n<td style=\"width: 32.0946%; height: 33px;\"><\/td>\n<td style=\"width: 26.971%; height: 33px;\"><\/td>\n<td style=\"width: 23.3685%; height: 33px; text-align: right;\"><\/td>\n<\/tr>\n<tr style=\"height: 33px;\">\n<td style=\"width: 27.2519%; height: 33px;\" height=\"33\"><\/td>\n<td style=\"width: 32.0946%; height: 33px;\"><\/td>\n<td style=\"width: 26.971%; height: 33px;\"><\/td>\n<td style=\"width: 23.3685%; height: 33px; text-align: right;\"><\/td>\n<\/tr>\n<tr style=\"height: 33px;\">\n<td style=\"width: 27.2519%; height: 33px;\" height=\"33\">QUOTA AFA<\/td>\n<td style=\"width: 32.0946%; height: 33px;\"><\/td>\n<td style=\"width: 26.971%; height: 33px;\">10 quotes mensuals<\/td>\n<td style=\"width: 23.3685%; height: 33px; text-align: right;\">8,00 \u20ac<\/td>\n<\/tr>\n<tr style=\"height: 33px;\">\n<td style=\"width: 27.2519%; height: 33px;\" height=\"33\">MATERIAL<\/td>\n<td style=\"width: 32.0946%; height: 33px;\"><\/td>\n<td style=\"width: 26.971%; height: 33px;\">9 quotes mensuals<\/td>\n<td style=\"width: 23.3685%; height: 33px; text-align: right;\">15,20 \u20ac<\/td>\n<\/tr>\n<tr style=\"height: 33px;\">\n<td style=\"width: 27.2519%; height: 33px;\" height=\"33\">SORTIDES I3<\/td>\n<td style=\"width: 32.0946%; height: 33px;\"><\/td>\n<td style=\"width: 26.971%; height: 33px;\">9 quotes mensuals<\/td>\n<td style=\"width: 23.3685%; height: 33px; text-align: right;\">14,15 \u20ac<\/td>\n<\/tr>\n<tr style=\"height: 33px;\">\n<td style=\"width: 27.2519%; height: 33px;\" height=\"33\">SORTIDES I4<\/td>\n<td style=\"width: 32.0946%; height: 33px;\">inclou col\u00f2nies<\/td>\n<td style=\"width: 26.971%; height: 33px;\">9 quotes mensuals<\/td>\n<td style=\"width: 23.3685%; height: 33px; text-align: right;\">39,00 \u20ac<\/td>\n<\/tr>\n<tr style=\"height: 33px;\">\n<td style=\"width: 27.2519%; height: 33px;\" height=\"33\">SORTIDES I5<\/td>\n<td style=\"width: 32.0946%; height: 33px;\">inclou col\u00f2nies<\/td>\n<td style=\"width: 26.971%; height: 33px;\">9 quotes mensuals<\/td>\n<td style=\"width: 23.3685%; height: 33px; text-align: right;\">35,92 \u20ac<\/td>\n<\/tr>\n<tr style=\"height: 33px;\">\n<td style=\"width: 27.2519%; height: 33px;\" height=\"33\">SORTIDES 1r<\/td>\n<td style=\"width: 32.0946%; height: 33px;\">inclou col\u00f2nies<\/td>\n<td style=\"width: 26.971%; height: 33px;\">9 quotes mensuals<\/td>\n<td style=\"width: 23.3685%; height: 33px; text-align: right;\">41,30 \u20ac<\/td>\n<\/tr>\n<tr style=\"height: 33px;\">\n<td style=\"width: 27.2519%; height: 33px;\" height=\"33\">SORTIDES 2n<\/td>\n<td style=\"width: 32.0946%; height: 33px;\">inclou col\u00f2nies<\/td>\n<td style=\"width: 26.971%; height: 33px;\">9 quotes mensuals<\/td>\n<td style=\"width: 23.3685%; height: 33px; text-align: right;\">36,65 \u20ac<\/td>\n<\/tr>\n<tr style=\"height: 33px;\">\n<td style=\"width: 27.2519%; height: 33px;\" height=\"33\">SORTIDES 3r<\/td>\n<td style=\"width: 32.0946%; height: 33px;\">inclou col\u00f2nies<\/td>\n<td style=\"width: 26.971%; height: 33px;\">9 quotes mensuals<\/td>\n<td style=\"width: 23.3685%; height: 33px; text-align: right;\">37,01 \u20ac<\/td>\n<\/tr>\n<tr style=\"height: 33px;\">\n<td style=\"width: 27.2519%; height: 33px;\" height=\"33\">SORTIDES 4t<\/td>\n<td style=\"width: 32.0946%; height: 33px;\">inclou col\u00f2nies<\/td>\n<td style=\"width: 26.971%; height: 33px;\">9 quotes mensuals<\/td>\n<td style=\"width: 23.3685%; height: 33px; text-align: right;\">36,50 \u20ac<\/td>\n<\/tr>\n<tr style=\"height: 33px;\">\n<td style=\"width: 27.2519%; height: 33px;\" height=\"33\">SORTIDES 5\u00e8<\/td>\n<td style=\"width: 32.0946%; height: 33px;\">inclou col\u00f2nies<\/td>\n<td style=\"width: 26.971%; height: 33px;\">9 quotes mensuals<\/td>\n<td style=\"width: 23.3685%; height: 33px; text-align: right;\">36,10 \u20ac<\/td>\n<\/tr>\n<tr style=\"height: 33px;\">\n<td style=\"width: 27.2519%; height: 33px;\" height=\"33\">SORTIDES 6\u00e8<\/td>\n<td style=\"width: 32.0946%; height: 33px;\">inclou col\u00f2nies<\/td>\n<td style=\"width: 26.971%; height: 33px;\">9 quotes mensuals<\/td>\n<td style=\"width: 23.3685%; height: 33px; text-align: right;\">52,10 \u20ac<\/td>\n<\/tr>\n<tr style=\"height: 33px;\">\n<td style=\"width: 27.2519%; height: 33px;\" height=\"33\"><\/td>\n<td style=\"width: 32.0946%; height: 33px;\"><\/td>\n<td style=\"width: 26.971%; height: 33px;\"><\/td>\n<td style=\"width: 23.3685%; height: 33px;\"><\/td>\n<\/tr>\n<\/tbody>\n<\/table>\n<\/div>\n<div><\/div>\n<div><\/div>\n<div><\/div>\n<div>\n<table style=\"width: 87.781%;\" border=\"0\" width=\"603\" cellspacing=\"0\" cellpadding=\"0\">\n<colgroup>\n<col width=\"187\" \/>\n<col width=\"158\" \/>\n<col width=\"177\" \/>\n<col width=\"81\" \/><\/colgroup>\n<tbody>\n<tr>\n<td style=\"width: 61.8775%; text-align: center;\" colspan=\"2\" width=\"345\" height=\"46\">ESCOLA VILA OL\u00cdMPICA &#8211; AFA<\/td>\n<td style=\"width: 25.2153%;\" width=\"177\">CURS 2023-2024<\/td>\n<td style=\"width: 21.8239%;\" width=\"81\"><\/td>\n<\/tr>\n<tr>\n<td style=\"width: 35.6802%;\" height=\"20\"><\/td>\n<td style=\"width: 26.1973%;\"><\/td>\n<td style=\"width: 25.2153%;\"><\/td>\n<td style=\"width: 21.8239%;\"><\/td>\n<\/tr>\n<tr>\n<td style=\"width: 35.6802%;\" height=\"33\"><\/td>\n<td style=\"width: 26.1973%;\">Horari<\/td>\n<td style=\"width: 25.2153%;\">Quotes<\/td>\n<td style=\"width: 21.8239%;\">Preus<\/td>\n<\/tr>\n<tr>\n<td style=\"width: 35.6802%;\" height=\"33\">ACOLLIDA<\/td>\n<td style=\"width: 26.1973%;\"><\/td>\n<td style=\"width: 25.2153%;\"><\/td>\n<td style=\"width: 21.8239%;\"><\/td>\n<\/tr>\n<tr>\n<td style=\"width: 35.6802%;\" height=\"33\">MAT\u00cd (7.30 a 8.45)<\/td>\n<td style=\"width: 26.1973%;\"><\/td>\n<td style=\"width: 25.2153%;\">Dia espor\u00e0dic<\/td>\n<td style=\"width: 21.8239%; text-align: right;\">\u00a0 \u00a05,50 \u20ac<\/td>\n<\/tr>\n<tr>\n<td style=\"width: 35.6802%;\" height=\"33\">TARDA 1 (16.00 a 17.00)<\/td>\n<td style=\"width: 26.1973%;\"><\/td>\n<td style=\"width: 25.2153%;\">1 dia fix a la setmana<\/td>\n<td style=\"width: 21.8239%; text-align: right;\">\u00a010,00 \u20ac<\/td>\n<\/tr>\n<tr>\n<td style=\"width: 35.6802%;\" height=\"33\">TARDA 2 (17.00 a 18.00)<\/td>\n<td style=\"width: 26.1973%;\"><\/td>\n<td style=\"width: 25.2153%;\">5 dies fixos<\/td>\n<td style=\"width: 21.8239%; text-align: right;\">\u00a0 35,00 \u20ac<\/td>\n<\/tr>\n<tr>\n<td style=\"width: 35.6802%;\" height=\"21\"><\/td>\n<td style=\"width: 26.1973%;\"><\/td>\n<td style=\"width: 25.2153%;\"><\/td>\n<td style=\"width: 21.8239%;\"><\/td>\n<\/tr>\n<tr>\n<td style=\"width: 61.8775%;\" colspan=\"2\" height=\"33\">ACTIVITATS EXTRAESCOLARS<\/td>\n<td style=\"width: 25.2153%;\"><\/td>\n<td style=\"width: 21.8239%;\"><\/td>\n<\/tr>\n<tr>\n<td style=\"width: 35.6802%;\" height=\"33\">NATACI\u00d3 (I3 a 6\u00e8)<\/td>\n<td style=\"width: 26.1973%;\">De 16,00 a 18.00 h<\/td>\n<td style=\"width: 25.2153%;\">1 dia a la setmana<\/td>\n<td style=\"width: 21.8239%; text-align: right;\">\u00a0\u00a0\u00a0\u00a0\u00a0 52,00 \u20ac<\/td>\n<\/tr>\n<tr>\n<td style=\"width: 35.6802%;\" height=\"33\">NATACI\u00d3 1r Subvencionat<\/td>\n<td style=\"width: 26.1973%;\"><\/td>\n<td style=\"width: 25.2153%;\"><\/td>\n<td style=\"width: 21.8239%; text-align: right;\">38,00 \u20ac<\/td>\n<\/tr>\n<tr>\n<td style=\"width: 35.6802%;\" height=\"33\">Matr\u00edcula<\/td>\n<td style=\"width: 26.1973%;\"><\/td>\n<td style=\"width: 25.2153%;\"><\/td>\n<td style=\"width: 21.8239%; text-align: right;\">NO<\/td>\n<\/tr>\n<tr>\n<td style=\"width: 35.6802%;\" height=\"33\">JOCS EN MOVIMENT (I4 i I5)<\/td>\n<td style=\"width: 26.1973%;\">De 16,00 a 17.00 h<\/td>\n<td style=\"width: 25.2153%;\">1 dia \/ 1\u202fh<\/td>\n<td style=\"width: 21.8239%; text-align: right;\">\u00a0\u00a0\u00a0\u00a0\u00a0 13,00 \u20ac<\/td>\n<\/tr>\n<tr>\n<td style=\"width: 35.6802%;\" height=\"33\"><\/td>\n<td style=\"width: 26.1973%;\"><\/td>\n<td style=\"width: 25.2153%;\">2 dies \/ 1\u202fh cada dia<\/td>\n<td style=\"width: 21.8239%; text-align: right;\">\u00a0\u00a0\u00a0\u00a0\u00a0 26,00 \u20ac<\/td>\n<\/tr>\n<tr>\n<td style=\"width: 35.6802%;\" height=\"33\">Matr\u00edcula<\/td>\n<td style=\"width: 26.1973%;\"><\/td>\n<td style=\"width: 25.2153%;\"><\/td>\n<td style=\"width: 21.8239%; text-align: right;\">\u00a0NO<\/td>\n<\/tr>\n<tr>\n<td style=\"width: 35.6802%;\" height=\"33\">RECICLART (I4 i I5)<\/td>\n<td style=\"width: 26.1973%;\">De 16,00 a 17.00 h<\/td>\n<td style=\"width: 25.2153%;\">1 dia \/ 1\u202fh<\/td>\n<td style=\"width: 21.8239%; text-align: right;\">\u00a0\u00a0\u00a0\u00a0\u00a0 13,00 \u20ac<\/td>\n<\/tr>\n<tr>\n<td style=\"width: 35.6802%;\" height=\"33\"><\/td>\n<td style=\"width: 26.1973%;\"><\/td>\n<td style=\"width: 25.2153%;\">2 dies \/ 1\u202fh cada dia<\/td>\n<td style=\"width: 21.8239%; text-align: right;\">\u00a0\u00a0\u00a0\u00a0\u00a0 26,00 \u20ac<\/td>\n<\/tr>\n<tr>\n<td style=\"width: 35.6802%;\" height=\"33\">Matr\u00edcula<\/td>\n<td style=\"width: 26.1973%;\"><\/td>\n<td style=\"width: 25.2153%;\"><\/td>\n<td style=\"width: 21.8239%; text-align: right;\">\u00a0NO<\/td>\n<\/tr>\n<tr>\n<td style=\"width: 35.6802%;\" height=\"33\">PL\u00c0STICA (1r i 2n)<\/td>\n<td style=\"width: 26.1973%;\">De 16,00 a 17.30 h<\/td>\n<td style=\"width: 25.2153%;\">1 dia \/ 1,5\u202fh<\/td>\n<td style=\"width: 21.8239%; text-align: right;\">\u00a0\u00a0\u00a0\u00a0\u00a0 24,00 \u20ac<\/td>\n<\/tr>\n<tr>\n<td style=\"width: 35.6802%;\" height=\"33\">Matr\u00edcula<\/td>\n<td style=\"width: 26.1973%;\"><\/td>\n<td style=\"width: 25.2153%;\"><\/td>\n<td style=\"width: 21.8239%; text-align: right;\">\u00a0NO<\/td>\n<\/tr>\n<tr>\n<td style=\"width: 35.6802%;\" height=\"33\">M\u00daSICA (I4 a 6\u00e8)<\/td>\n<td style=\"width: 26.1973%;\">De 16.00 a 17.00 h<\/td>\n<td style=\"width: 25.2153%;\">1 dia \/ 1\u202fh<\/td>\n<td style=\"width: 21.8239%; text-align: right;\">\u00a0\u00a0\u00a0\u00a0\u00a0 26,00 \u20ac<\/td>\n<\/tr>\n<tr>\n<td style=\"width: 35.6802%;\" height=\"33\">Matr\u00edcula<\/td>\n<td style=\"width: 26.1973%;\"><\/td>\n<td style=\"width: 25.2153%;\"><\/td>\n<td style=\"width: 21.8239%; text-align: right;\">\u00a0\u00a0\u00a0\u00a0\u00a0 30,00 \u20ac<\/td>\n<\/tr>\n<tr>\n<td style=\"width: 35.6802%;\" height=\"33\">ROB\u00d2TICA (1r a 4t)<\/td>\n<td style=\"width: 26.1973%;\">De 16.00 a 17.00 h<\/td>\n<td style=\"width: 25.2153%;\">1 dia \/ 1\u202fh<\/td>\n<td style=\"width: 21.8239%; text-align: right;\">\u00a0\u00a0\u00a0\u00a0\u00a0 37,00 \u20ac<\/td>\n<\/tr>\n<tr>\n<td style=\"width: 35.6802%;\" height=\"33\">ROB\u00d2TICA (5\u00e8 i 6\u00e8)<\/td>\n<td style=\"width: 26.1973%;\">De 16.00 a 17.30 h<\/td>\n<td style=\"width: 25.2153%;\">1 dia \/ 1,5\u202fh<\/td>\n<td style=\"width: 21.8239%; text-align: right;\">\u00a0\u00a0\u00a0\u00a0\u00a0 45,00 \u20ac<\/td>\n<\/tr>\n<tr>\n<td style=\"width: 35.6802%;\" height=\"33\">Matr\u00edcula<\/td>\n<td style=\"width: 26.1973%;\"><\/td>\n<td style=\"width: 25.2153%;\"><\/td>\n<td style=\"width: 21.8239%; text-align: right;\">\u00a0\u00a0\u00a0\u00a0\u00a0 20,00 \u20ac<\/td>\n<\/tr>\n<tr>\n<td style=\"width: 35.6802%;\" height=\"33\">HOQUEI \/PATINATGE (1r a 6\u00e8)<\/td>\n<td style=\"width: 26.1973%;\">En funci\u00f3 de cada curs<\/td>\n<td style=\"width: 25.2153%;\">2 dies \/ 1,5\u202fh cada dia<\/td>\n<td style=\"width: 21.8239%; text-align: right;\">\u00a0\u00a0\u00a0\u00a0\u00a0 40,00 \u20ac<\/td>\n<\/tr>\n<tr>\n<td style=\"width: 35.6802%;\" height=\"33\">Matr\u00edcula<\/td>\n<td style=\"width: 26.1973%;\"><\/td>\n<td style=\"width: 25.2153%;\"><\/td>\n<td style=\"width: 21.8239%; text-align: right;\">\u00a0\u00a0\u00a0\u00a0\u00a0 20,00 \u20ac<\/td>\n<\/tr>\n<tr>\n<td style=\"width: 35.6802%;\" height=\"33\">Quota de competici\u00f3 (trimestral)<\/td>\n<td style=\"width: 26.1973%;\"><\/td>\n<td style=\"width: 25.2153%;\"><\/td>\n<td style=\"width: 21.8239%; text-align: right;\">\u00a0\u00a0\u00a0\u00a0\u00a0 10,00 \u20ac<\/td>\n<\/tr>\n<tr>\n<td style=\"width: 35.6802%;\" height=\"33\"><\/td>\n<td style=\"width: 26.1973%;\"><\/td>\n<td style=\"width: 25.2153%;\"><\/td>\n<td style=\"width: 21.8239%; text-align: right;\"><\/td>\n<\/tr>\n<tr>\n<td style=\"width: 35.6802%;\" height=\"33\">ESCACS (1r a 6\u00e8)<\/td>\n<td style=\"width: 26.1973%;\">De 16,00 a 17.00 h<\/td>\n<td style=\"width: 25.2153%;\">1 dia \/ 1\u202fh<\/td>\n<td style=\"width: 21.8239%; text-align: right;\">\u00a0\u00a0\u00a0\u00a0\u00a0 20,00 \u20ac<\/td>\n<\/tr>\n<tr>\n<td style=\"width: 35.6802%;\" height=\"33\">Matr\u00edcula<\/td>\n<td style=\"width: 26.1973%;\"><\/td>\n<td style=\"width: 25.2153%;\"><\/td>\n<td style=\"width: 21.8239%; text-align: right;\">\u00a0NO<\/td>\n<\/tr>\n<tr>\n<td style=\"width: 35.6802%;\" height=\"33\">ANGL\u00c8S (1r a 6\u00e8)<\/td>\n<td style=\"width: 26.1973%;\">De 16,00 a 17.00 h<\/td>\n<td style=\"width: 25.2153%;\">2 dies \/ 1\u202fh cada dia<\/td>\n<td style=\"width: 21.8239%; text-align: right;\">\u00a0\u00a0\u00a0\u00a0\u00a0 55,00 \u20ac<\/td>\n<\/tr>\n<tr>\n<td style=\"width: 35.6802%;\" height=\"33\">Matr\u00edcula<\/td>\n<td style=\"width: 26.1973%;\"><\/td>\n<td style=\"width: 25.2153%;\"><\/td>\n<td style=\"width: 21.8239%; text-align: right;\">\u00a0\u00a0\u00a0\u00a0\u00a0 25,00 \u20ac<\/td>\n<\/tr>\n<tr>\n<td style=\"width: 35.6802%;\" height=\"33\"><\/td>\n<td style=\"width: 26.1973%;\"><\/td>\n<td style=\"width: 25.2153%;\"><\/td>\n<td style=\"width: 21.8239%; text-align: right;\"><\/td>\n<\/tr>\n<tr>\n<td style=\"width: 35.6802%;\" height=\"33\">EXPRESSI\u00d3 CORPORAL (I4 i I5)<\/td>\n<td style=\"width: 26.1973%;\">De 16.00 a 17.00 h<\/td>\n<td style=\"width: 25.2153%;\">1 dia \/ 1\u202fh<\/td>\n<td style=\"width: 21.8239%; text-align: right;\">\u00a0\u00a0\u00a0\u00a0\u00a0 24,00 \u20ac<\/td>\n<\/tr>\n<tr>\n<td style=\"width: 35.6802%;\" height=\"33\">Matr\u00edcula<\/td>\n<td style=\"width: 26.1973%;\"><\/td>\n<td style=\"width: 25.2153%;\"><\/td>\n<td style=\"width: 21.8239%; text-align: right;\">\u00a0NO<\/td>\n<\/tr>\n<tr>\n<td style=\"width: 35.6802%;\" height=\"33\">DANSA JAZZ (1r a 4t)<\/td>\n<td style=\"width: 26.1973%;\">De 16.00 a 17.00 h<\/td>\n<td style=\"width: 25.2153%;\">1 dia \/ 1\u202fh<\/td>\n<td style=\"width: 21.8239%; text-align: right;\">\u00a0\u00a0\u00a0\u00a0\u00a0 24,00 \u20ac<\/td>\n<\/tr>\n<tr>\n<td style=\"width: 35.6802%;\" height=\"33\">Matr\u00edcula<\/td>\n<td style=\"width: 26.1973%;\"><\/td>\n<td style=\"width: 25.2153%;\"><\/td>\n<td style=\"width: 21.8239%; text-align: right;\">\u00a0NO<\/td>\n<\/tr>\n<tr>\n<td style=\"width: 35.6802%;\" height=\"33\">STREET JAZZ (5\u00e8 i 6\u00e8)<\/td>\n<td style=\"width: 26.1973%;\">De 16.00 a 17.00 h<\/td>\n<td style=\"width: 25.2153%;\">1 dia \/ 1\u202fh<\/td>\n<td style=\"width: 21.8239%; text-align: right;\">\u00a0\u00a0\u00a0\u00a0\u00a0 24,00 \u20ac<\/td>\n<\/tr>\n<tr>\n<td style=\"width: 35.6802%;\" height=\"33\">Matr\u00edcula<\/td>\n<td style=\"width: 26.1973%;\"><\/td>\n<td style=\"width: 25.2153%;\"><\/td>\n<td style=\"width: 21.8239%; text-align: right;\">\u00a0NO<\/td>\n<\/tr>\n<tr>\n<td style=\"width: 35.6802%;\" height=\"33\">TEATRE (I4 i I5)<\/td>\n<td style=\"width: 26.1973%;\">De 16.00 a 17.00 h<\/td>\n<td style=\"width: 25.2153%;\">1 dia \/ 1\u202fh<\/td>\n<td style=\"width: 21.8239%; text-align: right;\">\u00a0\u00a0\u00a0\u00a0\u00a0 24,00 \u20ac<\/td>\n<\/tr>\n<tr>\n<td style=\"width: 35.6802%;\" height=\"33\">TEATRE (1r a 2n)<\/td>\n<td style=\"width: 26.1973%;\">De 16.00 a 17.00 h<\/td>\n<td style=\"width: 25.2153%;\">1 dia \/ 1\u202fh<\/td>\n<td style=\"width: 21.8239%; text-align: right;\">\u00a0\u00a0\u00a0\u00a0\u00a0 24,00 \u20ac<\/td>\n<\/tr>\n<tr>\n<td style=\"width: 35.6802%;\" height=\"33\">TEATRE (3r a 6\u00e8)<\/td>\n<td style=\"width: 26.1973%;\">De 16.00 a 17.00 h<\/td>\n<td style=\"width: 25.2153%;\">2 dies \/ 1\u202fh<\/td>\n<td style=\"width: 21.8239%; text-align: right;\">\u00a0\u00a0\u00a0\u00a0\u00a0 45,00 \u20ac<\/td>\n<\/tr>\n<tr>\n<td style=\"width: 35.6802%;\" height=\"33\">Matr\u00edcula<\/td>\n<td style=\"width: 26.1973%;\"><\/td>\n<td style=\"width: 25.2153%;\"><\/td>\n<td style=\"width: 21.8239%; text-align: right;\">\u00a0NO<\/td>\n<\/tr>\n<tr>\n<td style=\"width: 35.6802%;\" height=\"33\">B\u00c0SQUET (1r i 2n)<\/td>\n<td style=\"width: 26.1973%;\">De 16.00 a 17.00 h<\/td>\n<td style=\"width: 25.2153%;\">1 dia \/ 1\u202fh<\/td>\n<td style=\"width: 21.8239%; text-align: right;\">\u00a0\u00a0\u00a0\u00a0\u00a0 20,00 \u20ac<\/td>\n<\/tr>\n<tr>\n<td style=\"width: 35.6802%;\" height=\"33\">B\u00c0SQUET (3r a 6\u00e8)<\/td>\n<td style=\"width: 26.1973%;\">De 16.00 a 17.00 h<\/td>\n<td style=\"width: 25.2153%;\">2 dies \/ 1\u202fh<\/td>\n<td style=\"width: 21.8239%; text-align: right;\">\u00a0\u00a0\u00a0\u00a0\u00a0 38,00 \u20ac<\/td>\n<\/tr>\n<tr>\n<td style=\"width: 35.6802%;\" height=\"33\">Matr\u00edcula (4t a 6\u00e8)<\/td>\n<td style=\"width: 26.1973%;\"><\/td>\n<td style=\"width: 25.2153%;\"><\/td>\n<td style=\"width: 21.8239%; text-align: right;\">\u00a0\u00a0\u00a0\u00a0\u00a0 10,00 \u20ac<\/td>\n<\/tr>\n<\/tbody>\n<\/table>\n<p>&nbsp;<\/p>\n<\/div>\n","protected":false},"excerpt":{"rendered":"<p>ESCOLA VILA OL\u00cdMPICA CURS 2024-2025 Quotes Preus MENJADOR 10 quotes mensuals 116,41 \u20ac MENJADOR dia espor\u00e0dic 7,00 \u20ac JORNADA INTENSIVA [&hellip;]<\/p>\n","protected":false},"author":1,"featured_media":0,"parent":32,"menu_order":2,"comment_status":"closed","ping_status":"closed","template":"","meta":{"_bbp_topic_count":0,"_bbp_reply_count":0,"_bbp_total_topic_count":0,"_bbp_total_reply_count":0,"_bbp_voice_count":0,"_bbp_anonymous_reply_count":0,"_bbp_topic_count_hidden":0,"_bbp_reply_count_hidden":0,"_bbp_forum_subforum_count":0,"site-sidebar-layout":"default","site-content-layout":"","ast-site-content-layout":"default","site-content-style":"default","site-sidebar-style":"default","ast-global-header-display":"","ast-banner-title-visibility":"","ast-main-header-display":"","ast-hfb-above-header-display":"","ast-hfb-below-header-display":"","ast-hfb-mobile-header-display":"","site-post-title":"","ast-breadcrumbs-content":"","ast-featured-img":"","footer-sml-layout":"","theme-transparent-header-meta":"default","adv-header-id-meta":"","stick-header-meta":"","header-above-stick-meta":"","header-main-stick-meta":"","header-below-stick-meta":"","astra-migrate-meta-layouts":"set","ast-page-background-enabled":"default","ast-page-background-meta":{"desktop":{"background-color":"var(--ast-global-color-4)","background-image":"","background-repeat":"repeat","background-position":"center center","background-size":"auto","background-attachment":"scroll","background-type":"","background-media":"","overlay-type":"","overlay-color":"","overlay-opacity":"","overlay-gradient":""},"tablet":{"background-color":"","background-image":"","background-repeat":"repeat","background-position":"center center","background-size":"auto","background-attachment":"scroll","background-type":"","background-media":"","overlay-type":"","overlay-color":"","overlay-opacity":"","overlay-gradient":""},"mobile":{"background-color":"","background-image":"","background-repeat":"repeat","background-position":"center center","background-size":"auto","background-attachment":"scroll","background-type":"","background-media":"","overlay-type":"","overlay-color":"","overlay-opacity":"","overlay-gradient":""}},"ast-content-background-meta":{"desktop":{"background-color":"var(--ast-global-color-5)","background-image":"","background-repeat":"repeat","background-position":"center center","background-size":"auto","background-attachment":"scroll","background-type":"","background-media":"","overlay-type":"","overlay-color":"","overlay-opacity":"","overlay-gradient":""},"tablet":{"background-color":"var(--ast-global-color-5)","background-image":"","background-repeat":"repeat","background-position":"center center","background-size":"auto","background-attachment":"scroll","background-type":"","background-media":"","overlay-type":"","overlay-color":"","overlay-opacity":"","overlay-gradient":""},"mobile":{"background-color":"var(--ast-global-color-5)","background-image":"","background-repeat":"repeat","background-position":"center center","background-size":"auto","background-attachment":"scroll","background-type":"","background-media":"","overlay-type":"","overlay-color":"","overlay-opacity":"","overlay-gradient":""}},"footnotes":""},"class_list":["post-82","page","type-page","status-publish","hentry"],"post_mailing_queue_ids":[],"_links":{"self":[{"href":"https:\/\/agora.xtec.cat\/escvilaolimpica\/wp-json\/wp\/v2\/pages\/82","targetHints":{"allow":["GET"]}}],"collection":[{"href":"https:\/\/agora.xtec.cat\/escvilaolimpica\/wp-json\/wp\/v2\/pages"}],"about":[{"href":"https:\/\/agora.xtec.cat\/escvilaolimpica\/wp-json\/wp\/v2\/types\/page"}],"author":[{"embeddable":true,"href":"https:\/\/agora.xtec.cat\/escvilaolimpica\/wp-json\/wp\/v2\/users\/1"}],"replies":[{"embeddable":true,"href":"https:\/\/agora.xtec.cat\/escvilaolimpica\/wp-json\/wp\/v2\/comments?post=82"}],"version-history":[{"count":6,"href":"https:\/\/agora.xtec.cat\/escvilaolimpica\/wp-json\/wp\/v2\/pages\/82\/revisions"}],"predecessor-version":[{"id":1240,"href":"https:\/\/agora.xtec.cat\/escvilaolimpica\/wp-json\/wp\/v2\/pages\/82\/revisions\/1240"}],"up":[{"embeddable":true,"href":"https:\/\/agora.xtec.cat\/escvilaolimpica\/wp-json\/wp\/v2\/pages\/32"}],"wp:attachment":[{"href":"https:\/\/agora.xtec.cat\/escvilaolimpica\/wp-json\/wp\/v2\/media?parent=82"}],"curies":[{"name":"wp","href":"https:\/\/api.w.org\/{rel}","templated":true}]}}