{"id":770,"date":"2024-02-22T17:59:22","date_gmt":"2024-02-22T16:59:22","guid":{"rendered":"https:\/\/agora.xtec.cat\/escvilaolimpica\/?page_id=770"},"modified":"2026-04-07T12:10:26","modified_gmt":"2026-04-07T10:10:26","slug":"temps-de-migdia","status":"publish","type":"page","link":"https:\/\/agora.xtec.cat\/escvilaolimpica\/temps-de-lleure-2\/temps-de-migdia\/","title":{"rendered":"MIGDIES"},"content":{"rendered":"<div class=\"et_pb_module et_pb_text et_pb_text_0 et_pb_text_align_left et_pb_bg_layout_light\">\n<div class=\"et_pb_text_inner\">\n<table style=\"border-collapse: collapse; width: 100%; height: 53px;\">\n<tbody>\n<tr style=\"height: 53px;\">\n<td style=\"width: 27.757%; height: 53px; text-align: center;\"><a href=\"https:\/\/agora.xtec.cat\/escvilaolimpica\/wp-content\/uploads\/usu2360\/2026\/04\/BASAL-ABRIL.pdf\" target=\"_blank\" rel=\"noopener\">MEN\u00da BASAL ABRIL<\/a><\/td>\n<td style=\"width: 33.9552%; height: 53px; text-align: center;\"><a href=\"https:\/\/agora.xtec.cat\/escvilaolimpica\/wp-content\/uploads\/usu2360\/2026\/04\/VEG-ABRIL.pdf\" target=\"_blank\" rel=\"noopener\">MEN\u00da VEGETARI\u00c0 ABRIL<\/a><\/td>\n<td style=\"width: 38.2877%; height: 53px; text-align: center;\"><a href=\"https:\/\/agora.xtec.cat\/escvilaolimpica\/wp-content\/uploads\/usu2360\/2026\/04\/SOPARS-ABRIL.pdf\" target=\"_blank\" rel=\"noopener\">PROPOSTA DE SOPARS ABRIL<\/a><\/td>\n<\/tr>\n<\/tbody>\n<\/table>\n<p>Gaireb\u00e9 el 90% dels nens i les nenes de l\u2019escola utilitza el servei del temps de migdia. Per a les fam\u00edlies \u00e9s una ajuda per a la conciliaci\u00f3 de la vida familiar i laboral i, per a l\u2019escola, un temps on es continua duent a terme la tasca educativa. Els nens i les nenes aprenen a menjar de forma saludable, tant nutricionalment com socialment. \u00c9s un temps que facilita la col\u00b7laboraci\u00f3 dels nens i nenes, mitjan\u00e7ant l\u2019ajuda dels m\u00e9s grans, alumnes de 6\u00e8, cap als m\u00e9s petits, alumnes d\u2019Educaci\u00f3 Infantil.<\/p>\n<\/div>\n<\/div>\n<div class=\"et_pb_module et_pb_text et_pb_text_1 et_pb_text_align_left et_pb_bg_layout_light\">\n<div class=\"et_pb_text_inner\">\n<p>HORARI I ORGANITZACI\u00d3<\/p>\n<\/div>\n<\/div>\n<div class=\"et_pb_module et_pb_text et_pb_text_2 et_pb_text_align_left et_pb_bg_layout_light\">\n<div class=\"et_pb_text_inner\">\n<p>L\u2019horari del temps migdia \u00e9s de 12.30 a 14.30 h. Una hora es destina a dinar i l\u2019altra a jugar de forma lliure al pati.<\/p>\n<p>Hi ha dos torns per dinar. Al 1r torn, de 12.30 a 13.15 h, mengen els nens i nenes d\u2019Educaci\u00f3 Infantil, 1r, 3r i 4t d\u2019Educaci\u00f3 Prim\u00e0ria. Al 2n torn, de 13.30 a 14.15 h, mengen 2n, 5\u00e8 i 6\u00e8 d\u2019Educaci\u00f3 Prim\u00e0ria.<\/p>\n<p>Els alumnes i les alumnes de P3 fan la migdiada, i els m\u00e9s grans, a partir de 3r de Prim\u00e0ria, poden fer\u00a0\u00fas de la biblioteca de l\u2019escola.<\/p>\n<\/div>\n<\/div>\n<div class=\"et_pb_module et_pb_text et_pb_text_3 et_pb_text_align_left et_pb_bg_layout_light\">\n<div class=\"et_pb_text_inner\">\n<p>EL GUIATGE<\/p>\n<\/div>\n<\/div>\n<div class=\"et_pb_module et_pb_divider et_pb_divider_2 et_pb_divider_position_ et_pb_space\">\n<div class=\"et_pb_divider_internal\"><\/div>\n<\/div>\n<div class=\"et_pb_module et_pb_text et_pb_text_4 et_pb_text_align_left et_pb_bg_layout_light\">\n<div class=\"et_pb_text_inner\">\n<p>El guiatge el porta a terme un equip de 20 monitors coordinats per la Carme Vilarrasa, de l\u2019empresa Serveis d\u2019Esplai. Cada nivell compta amb un monitor o monitora referent que actua com a educador en el temps de migdia, tant dins del menjador com en el temps de joc. Es vetlla per tal de que cada nen i nena s\u2019organitzi, segons les seves prefer\u00e8ncies, el temps lliure del que disposa abans o despr\u00e9s de dinar.<\/p>\n<\/div>\n<\/div>\n<div class=\"et_pb_module et_pb_text et_pb_text_5 et_pb_text_align_left et_pb_bg_layout_light\">\n<div class=\"et_pb_text_inner\">\n<p>EL MENJAR<\/p>\n<\/div>\n<\/div>\n<div class=\"et_pb_module et_pb_divider et_pb_divider_3 et_pb_divider_position_ et_pb_space\">\n<div class=\"et_pb_divider_internal\"><\/div>\n<\/div>\n<div class=\"et_pb_module et_pb_text et_pb_text_6 et_pb_text_align_left et_pb_bg_layout_light\">\n<div class=\"et_pb_text_inner\">\n<p>L\u2019escola disposa de cuina pr\u00f2pia, que gestiona\u00a0<a href=\"http:\/\/escolavilaolimpica.com\/temps-de-migdia\/#cuinajusta\">Cuina Justa<\/a>\u00a0(Fundaci\u00f3 Cassi\u00e0 Just). Aquesta empresa compta amb la feina d\u2019algunes persones amb fragilitats relatives a la discapacitat intel\u00b7lectual o trastorn mental.<\/p>\n<p>Els men\u00fas s\u2019elaboren amb la participaci\u00f3 de la Comissi\u00f3 de Nutrici\u00f3 de l\u2019AMPA. S\u00f3n men\u00fas que fomenten el menjar divers, sabor\u00f3s i saludable, fets amb productes de temporada i proximitat.<\/p>\n<\/div>\n<\/div>\n<div class=\"et_pb_module et_pb_divider_4 et_pb_space et_pb_divider_hidden\">\n<div class=\"et_pb_divider_internal\"><\/div>\n<\/div>\n<div class=\"et_pb_module et_pb_code et_pb_code_0 et_pb_text_align_center\">\n<div class=\"et_pb_code_inner\">\n<div class=\"fluid-width-video-wrapper\" style=\"text-align: center;\"><iframe src=\"https:\/\/www.youtube.com\/embed\/lXhHIEMBsiE\" name=\"fitvid0\" frameborder=\"0\" allowfullscreen=\"allowfullscreen\" data-mce-fragment=\"1\"><\/iframe><\/div>\n<div><\/div>\n<\/div>\n<\/div>\n<div id=\"cuinajusta\" class=\"et_pb_module et_pb_text et_pb_text_7 et_pb_text_align_left et_pb_bg_layout_light\">\n<div class=\"et_pb_text_inner\">\n<h5>25\u00e8 aniversari de Cuina Justa<\/h5>\n<p>Cuina Justa celebr\u00e0 l\u2019any 2019 el 25\u00e8 aniversari de la seva creaci\u00f3. Aquesta empresa d\u2019economia social i solid\u00e0ria treballa dia a dia per tal que els drets i la llibertat de les persones amb fragilitats mentals o amb risc d\u2019exclusi\u00f3 social siguin reals i efectives.<\/p>\n<p>A la cuina de la nostra escola, elaboren di\u00e0riament \u00e0pats abellidors i saludables. Estem molt contents d\u2019haver compartit aquest llarg recorregut, de celebrar aquest aniversari i de seguir plegats dia rere dia.<\/p>\n<p>Cliqueu\u00a0<a href=\"https:\/\/vimeo.com\/342455504\" target=\"_blank\" rel=\"noopener noreferrer\">aqu\u00ed<\/a>\u00a0per veure el v\u00eddeo que van preparar amb motiu de l\u2019aniversari.<\/p>\n<\/div>\n<\/div>\n","protected":false},"excerpt":{"rendered":"<p>MEN\u00da BASAL ABRIL MEN\u00da VEGETARI\u00c0 ABRIL PROPOSTA DE SOPARS ABRIL Gaireb\u00e9 el 90% dels nens i les nenes de l\u2019escola [&hellip;]<\/p>\n","protected":false},"author":1,"featured_media":0,"parent":32,"menu_order":1,"comment_status":"closed","ping_status":"closed","template":"","meta":{"_bbp_topic_count":0,"_bbp_reply_count":0,"_bbp_total_topic_count":0,"_bbp_total_reply_count":0,"_bbp_voice_count":0,"_bbp_anonymous_reply_count":0,"_bbp_topic_count_hidden":0,"_bbp_reply_count_hidden":0,"_bbp_forum_subforum_count":0,"site-sidebar-layout":"default","site-content-layout":"","ast-site-content-layout":"default","site-content-style":"default","site-sidebar-style":"default","ast-global-header-display":"","ast-banner-title-visibility":"","ast-main-header-display":"","ast-hfb-above-header-display":"","ast-hfb-below-header-display":"","ast-hfb-mobile-header-display":"","site-post-title":"","ast-breadcrumbs-content":"","ast-featured-img":"","footer-sml-layout":"","theme-transparent-header-meta":"default","adv-header-id-meta":"","stick-header-meta":"","header-above-stick-meta":"","header-main-stick-meta":"","header-below-stick-meta":"","astra-migrate-meta-layouts":"set","ast-page-background-enabled":"default","ast-page-background-meta":{"desktop":{"background-color":"var(--ast-global-color-4)","background-image":"","background-repeat":"repeat","background-position":"center center","background-size":"auto","background-attachment":"scroll","background-type":"","background-media":"","overlay-type":"","overlay-color":"","overlay-opacity":"","overlay-gradient":""},"tablet":{"background-color":"","background-image":"","background-repeat":"repeat","background-position":"center center","background-size":"auto","background-attachment":"scroll","background-type":"","background-media":"","overlay-type":"","overlay-color":"","overlay-opacity":"","overlay-gradient":""},"mobile":{"background-color":"","background-image":"","background-repeat":"repeat","background-position":"center center","background-size":"auto","background-attachment":"scroll","background-type":"","background-media":"","overlay-type":"","overlay-color":"","overlay-opacity":"","overlay-gradient":""}},"ast-content-background-meta":{"desktop":{"background-color":"var(--ast-global-color-5)","background-image":"","background-repeat":"repeat","background-position":"center center","background-size":"auto","background-attachment":"scroll","background-type":"","background-media":"","overlay-type":"","overlay-color":"","overlay-opacity":"","overlay-gradient":""},"tablet":{"background-color":"var(--ast-global-color-5)","background-image":"","background-repeat":"repeat","background-position":"center center","background-size":"auto","background-attachment":"scroll","background-type":"","background-media":"","overlay-type":"","overlay-color":"","overlay-opacity":"","overlay-gradient":""},"mobile":{"background-color":"var(--ast-global-color-5)","background-image":"","background-repeat":"repeat","background-position":"center center","background-size":"auto","background-attachment":"scroll","background-type":"","background-media":"","overlay-type":"","overlay-color":"","overlay-opacity":"","overlay-gradient":""}},"footnotes":""},"class_list":["post-770","page","type-page","status-publish","hentry"],"post_mailing_queue_ids":[],"_links":{"self":[{"href":"https:\/\/agora.xtec.cat\/escvilaolimpica\/wp-json\/wp\/v2\/pages\/770","targetHints":{"allow":["GET"]}}],"collection":[{"href":"https:\/\/agora.xtec.cat\/escvilaolimpica\/wp-json\/wp\/v2\/pages"}],"about":[{"href":"https:\/\/agora.xtec.cat\/escvilaolimpica\/wp-json\/wp\/v2\/types\/page"}],"author":[{"embeddable":true,"href":"https:\/\/agora.xtec.cat\/escvilaolimpica\/wp-json\/wp\/v2\/users\/1"}],"replies":[{"embeddable":true,"href":"https:\/\/agora.xtec.cat\/escvilaolimpica\/wp-json\/wp\/v2\/comments?post=770"}],"version-history":[{"count":7,"href":"https:\/\/agora.xtec.cat\/escvilaolimpica\/wp-json\/wp\/v2\/pages\/770\/revisions"}],"predecessor-version":[{"id":1590,"href":"https:\/\/agora.xtec.cat\/escvilaolimpica\/wp-json\/wp\/v2\/pages\/770\/revisions\/1590"}],"up":[{"embeddable":true,"href":"https:\/\/agora.xtec.cat\/escvilaolimpica\/wp-json\/wp\/v2\/pages\/32"}],"wp:attachment":[{"href":"https:\/\/agora.xtec.cat\/escvilaolimpica\/wp-json\/wp\/v2\/media?parent=770"}],"curies":[{"name":"wp","href":"https:\/\/api.w.org\/{rel}","templated":true}]}}