{"id":34,"date":"2014-09-18T12:32:18","date_gmt":"2014-09-18T10:32:18","guid":{"rendered":"http:\/\/agora.xtec.cat\/escvilaolimpica\/?page_id=34"},"modified":"2025-01-21T12:28:34","modified_gmt":"2025-01-21T11:28:34","slug":"publicacions-de-lescola","status":"publish","type":"page","link":"https:\/\/agora.xtec.cat\/escvilaolimpica\/escola\/publicacions-de-lescola\/","title":{"rendered":"PUBLICACIONS DE L&#8217;ESCOLA"},"content":{"rendered":"<p>XERRADA &#8211; TALLER<\/p>\n<p><a href=\"https:\/\/youtu.be\/qlPOUwi_kys\" target=\"_blank\" rel=\"noopener\"><img loading=\"lazy\" decoding=\"async\" class=\"alignnone size-large wp-image-579\" src=\"https:\/\/agora.xtec.cat\/escvilaolimpica\/wp-content\/uploads\/usu2360\/2023\/02\/APRENDRE-MATEMA\u0300TIQUES-UN-REPTE-724x1024.jpeg\" alt=\"\" width=\"724\" height=\"1024\" srcset=\"https:\/\/agora.xtec.cat\/escvilaolimpica\/wp-content\/uploads\/usu2360\/2023\/02\/APRENDRE-MATEMA\u0300TIQUES-UN-REPTE-724x1024.jpeg 724w, https:\/\/agora.xtec.cat\/escvilaolimpica\/wp-content\/uploads\/usu2360\/2023\/02\/APRENDRE-MATEMA\u0300TIQUES-UN-REPTE-212x300.jpeg 212w, https:\/\/agora.xtec.cat\/escvilaolimpica\/wp-content\/uploads\/usu2360\/2023\/02\/APRENDRE-MATEMA\u0300TIQUES-UN-REPTE-768x1086.jpeg 768w, https:\/\/agora.xtec.cat\/escvilaolimpica\/wp-content\/uploads\/usu2360\/2023\/02\/APRENDRE-MATEMA\u0300TIQUES-UN-REPTE.jpeg 842w\" sizes=\"auto, (max-width: 724px) 100vw, 724px\" \/><\/a><\/p>\n<h5><\/h5>\n<h5 class=\"et_pb_toggle_title\">Projecte Integrat de Lleng\u00fces a l&#8217;escola inclusiva<\/h5>\n<div class=\"et_pb_toggle_content clearfix\">\n<ul>\n<li>\n<ul>\n<li><a href=\"http:\/\/escolavilaolimpica.com\/wp-content\/uploads\/2019\/01\/llegir_articles-rosa_tana.pdf\" target=\"_blank\" rel=\"noopener\">Llegir per parlar, parlar per llegir a l\u2019etapa de prim\u00e0ria<\/a><br \/>\nRosa Maria Ram\u00edrez, Teresa Serra Santasusana<\/li>\n<li><a href=\"http:\/\/www.nevadabarcelona.com\/wp-content\/uploads\/2018\/08\/mat_ingles_proyecto-1.pdf\" target=\"_blank\" rel=\"noopener\">Las matem\u00e1ticas en ingl\u00e9s en el proyecto integrado de lenguas<\/a><br \/>\nGemma Celma i Gasc\u00f3, Rosa Maria Ram\u00edrez, Teresa Serra Santasusana<\/li>\n<li><a href=\"http:\/\/escolavilaolimpica.com\/wp-content\/uploads\/2019\/01\/El_projecte_integrat_de_lleng.pdf\" target=\"_blank\" rel=\"noopener\">Projecte Integrat de Lleng\u00fces de l\u2019escola Vila Ol\u00edmpica<\/a><br \/>\nRosa Maria Ram\u00edrez, Teresa Serra Santasusana<\/li>\n<li><a href=\"http:\/\/escolavilaolimpica.com\/wp-content\/uploads\/2019\/01\/El_proyecto_integrado_de_lenguas.pdf\" target=\"_blank\" rel=\"noopener\">El proyecto integrado de lenguas<\/a><br \/>\nRosa Maria Ram\u00edrez, Teresa Serra Santasusana<\/li>\n<li><a href=\"http:\/\/www.multilingual-matters.com\/display.asp?isb=9781783090242.\" target=\"_blank\" rel=\"noopener\">Reviving catalan at school callenges and instructional approaches<\/a><br \/>\nCoord. Joaquim Arnau, Rosa Maria Ram\u00edrez, Teresa Serra Santasusana<\/li>\n<li><a href=\"http:\/\/escolavilaolimpica.com\/wp-content\/uploads\/2019\/01\/ambits_tserra_vo.pdf\" target=\"_blank\" rel=\"noopener\">Fent i parlant amb els altres aprenem<\/a><br \/>\nTeresa Serra Santasusana<\/li>\n<li><a href=\"http:\/\/escolavilaolimpica.com\/wp-content\/uploads\/2019\/01\/aprendre_encontre_social.pdf\" target=\"_blank\" rel=\"noopener\">Aprendre, un encontre social<\/a><br \/>\nTeresa Serra Santasusana, Maria Marqu\u00e8s<br \/>\nPublicat a la revista\u00a0<i>\u00c0mbits<\/i><\/li>\n<li><a href=\"http:\/\/escolavilaolimpica.com\/wp-content\/uploads\/2019\/01\/Conversaviure.pdf\" target=\"_blank\" rel=\"noopener\">Conversar a l\u2019escola per aprendre a viure<\/a><br \/>\nTeresa Serra Santasusana, Maria Marqu\u00e8s<br \/>\nPublicat a la Revista catalana de Pedagogia<\/li>\n<li><a href=\"http:\/\/escolavilaolimpica.com\/wp-content\/uploads\/2019\/01\/ARTICLE-VILA-OLA%CC%83_MPICA.pdf\" target=\"_blank\" rel=\"noopener\">La conversa, \u00e0nima en l\u2019aprenentatge d\u2019infants i mestres al Projecte Integrat de Lleng\u00fces a l\u2019escola inclusiva<\/a><br \/>\nTeresa Serra, Maria Llu\u00efsa Abad, Gemma Celma, Maria Marqu\u00e8s, Marta Riba<\/li>\n<li><a href=\"http:\/\/escolavilaolimpica.com\/wp-content\/uploads\/2019\/01\/diversitat-i-exc.pdf\" target=\"_blank\" rel=\"noopener\">Diversitat i excel\u00b7l\u00e8ncia<\/a><br \/>\nRosa M. Ram\u00edrez, Teresa Serra , Pilar Fargas, Carmen Piquero, Efren Carbonell<\/li>\n<\/ul>\n<\/li>\n<\/ul>\n<\/div>\n<p>&nbsp;<\/p>\n<h5 class=\"et_pb_toggle_title\">Parlant de matem\u00e0tiques<\/h5>\n<div class=\"et_pb_toggle_content clearfix\">\n<ul>\n<li><a href=\"http:\/\/escolavilaolimpica.com\/wp-content\/uploads\/2019\/01\/conversa-mate.pdf\" target=\"_blank\" rel=\"noopener\">La conversa de matem\u00e0tiques a l\u2019Educaci\u00f3 Prim\u00e0ria: una eina per aprendre<\/a>.<br \/>\nTeresa Serra Santasusanna.<br \/>\nPublicat a la revista\u00a0<em>\u00c0mbits de psicopedagogia.<\/em><\/li>\n<li><a href=\"http:\/\/escolavilaolimpica.com\/wp-content\/uploads\/2019\/01\/hablar_de_mates_en_clase.pdf\" target=\"_blank\" rel=\"noopener\">Hablar de mates en clase<\/a><br \/>\nTeresa Serra Santasusanna.<\/li>\n<li><a href=\"http:\/\/escolavilaolimpica.com\/wp-content\/uploads\/2019\/01\/hablamos_de_matematicas.pdf\" target=\"_blank\" rel=\"noopener\">Hablamos de matem\u00e1ticas<\/a><br \/>\nTeresa Serra Santasusanna i Rosa Mar\u00eda Ram\u00edrez.<\/li>\n<li><a href=\"http:\/\/escolavilaolimpica.com\/wp-content\/uploads\/2019\/01\/hablar-de-matemA%CC%83%C2%A1ticas-para-aprenderlas.pdf\" target=\"_blank\" rel=\"noopener\">Hablar de matem\u00e1ticas en tres lenguas para aprender de matem\u00e1ticas<\/a><br \/>\nTeresa Serra Santasusanna.<\/li>\n<\/ul>\n<\/div>\n<p>&nbsp;<\/p>\n<h5 class=\"et_pb_toggle_title\">Temps escolar i temps extraescolar<\/h5>\n<div class=\"et_pb_toggle_content clearfix\">\n<ul>\n<li><a href=\"http:\/\/escolavilaolimpica.com\/wp-content\/uploads\/2019\/01\/escola_educa_en_tots_els_temps.pdf\" target=\"_blank\" rel=\"noopener\">L\u2019escola educa en tots els temps<\/a><br \/>\nRosa Maria Ram\u00edrez, Teresa Serra Santasusana<\/li>\n<li><a href=\"http:\/\/escolavilaolimpica.com\/wp-content\/uploads\/2019\/01\/Col_-escola_familia.pdf\" target=\"_blank\" rel=\"noopener\">L\u2019organitzaci\u00f3 del temps dins de l\u2019escola: temps escolar i temps extraescolar. Una col\u00b7laboraci\u00f3 entre l\u2019escola i les fam\u00edlies.<\/a><br \/>\nRosa Maria Ram\u00edrez, Teresa Serra Santasusana<\/li>\n<\/ul>\n<\/div>\n<p>&nbsp;<\/p>\n<div class=\"et_pb_module et_pb_text et_pb_text_2 et_pb_text_align_left et_pb_bg_layout_light\">\n<div class=\"et_pb_text_inner\">\n<p><strong>EL CONTE DE L\u2019ESCOLA<\/strong><\/p>\n<\/div>\n<\/div>\n<div class=\"et_pb_module et_pb_text et_pb_text_3 et_pb_text_align_left et_pb_bg_layout_light\">\n<div class=\"et_pb_text_inner\">\n<div class=\"et_pb_text et_pb_module et_pb_bg_layout_light et_pb_text_align_left et_pb_text_5\">\n<div class=\"et_pb_text_inner\">\n<p>Conte escrit per l\u2019exdirectora Tana Serra adre\u00e7at als alumnes de l\u2019escola on s\u2019explica la seva hist\u00f2ria a trav\u00e9s de l\u2019experi\u00e8ncia de l\u2019Aina, una nena que va estudiar al centre.<\/p>\n<p style=\"text-align: center;\"><a href=\"http:\/\/escolavilaolimpica.com\/wp-content\/uploads\/2019\/01\/conte-histo%CC%80ria-Vila-Oli%CC%81mpica.pdf\" target=\"_blank\" rel=\"noopener\">Descarregar<\/a><\/p>\n<\/div>\n<\/div>\n<\/div>\n<\/div>\n<p>&nbsp;<\/p>\n<div class=\"et_pb_module et_pb_text et_pb_text_4 et_pb_text_align_left et_pb_bg_layout_light\">\n<div class=\"et_pb_text_inner\">\n<p><strong>PREMIS<\/strong><\/p>\n<\/div>\n<\/div>\n<div class=\"et_pb_module et_pb_text et_pb_text_5 et_pb_text_align_left et_pb_bg_layout_light\">\n<div class=\"et_pb_text_inner\">\n<div class=\"et_pb_text et_pb_module et_pb_bg_layout_light et_pb_text_align_left et_pb_text_5\">\n<div class=\"et_pb_text_inner\">\n<p>L\u2019escola va obtenir el tercer premi de la convocat\u00f2ria de Premios Nacionales de Investigaci\u00f3n e Innovaci\u00f3n Educativa, convocats pel Ministeri d\u2019Educaci\u00f3 i Cultura (MEC) amb l\u2019objectiu de contribuir a la millora de la qualitat de l\u2019educaci\u00f3 mitjan\u00e7ant el perfeccionament dels continguts del sistema educatiu.<\/p>\n<\/div>\n<\/div>\n<\/div>\n<\/div>\n","protected":false},"excerpt":{"rendered":"<p>XERRADA &#8211; TALLER Projecte Integrat de Lleng\u00fces a l&#8217;escola inclusiva Llegir per parlar, parlar per llegir a l\u2019etapa de prim\u00e0ria [&hellip;]<\/p>\n","protected":false},"author":1,"featured_media":0,"parent":22,"menu_order":7,"comment_status":"closed","ping_status":"closed","template":"","meta":{"_bbp_topic_count":0,"_bbp_reply_count":0,"_bbp_total_topic_count":0,"_bbp_total_reply_count":0,"_bbp_voice_count":0,"_bbp_anonymous_reply_count":0,"_bbp_topic_count_hidden":0,"_bbp_reply_count_hidden":0,"_bbp_forum_subforum_count":0,"site-sidebar-layout":"default","site-content-layout":"","ast-site-content-layout":"default","site-content-style":"default","site-sidebar-style":"default","ast-global-header-display":"","ast-banner-title-visibility":"","ast-main-header-display":"","ast-hfb-above-header-display":"","ast-hfb-below-header-display":"","ast-hfb-mobile-header-display":"","site-post-title":"","ast-breadcrumbs-content":"","ast-featured-img":"","footer-sml-layout":"","theme-transparent-header-meta":"default","adv-header-id-meta":"","stick-header-meta":"","header-above-stick-meta":"","header-main-stick-meta":"","header-below-stick-meta":"","astra-migrate-meta-layouts":"set","ast-page-background-enabled":"default","ast-page-background-meta":{"desktop":{"background-color":"var(--ast-global-color-4)","background-image":"","background-repeat":"repeat","background-position":"center center","background-size":"auto","background-attachment":"scroll","background-type":"","background-media":"","overlay-type":"","overlay-color":"","overlay-opacity":"","overlay-gradient":""},"tablet":{"background-color":"","background-image":"","background-repeat":"repeat","background-position":"center center","background-size":"auto","background-attachment":"scroll","background-type":"","background-media":"","overlay-type":"","overlay-color":"","overlay-opacity":"","overlay-gradient":""},"mobile":{"background-color":"","background-image":"","background-repeat":"repeat","background-position":"center center","background-size":"auto","background-attachment":"scroll","background-type":"","background-media":"","overlay-type":"","overlay-color":"","overlay-opacity":"","overlay-gradient":""}},"ast-content-background-meta":{"desktop":{"background-color":"var(--ast-global-color-5)","background-image":"","background-repeat":"repeat","background-position":"center center","background-size":"auto","background-attachment":"scroll","background-type":"","background-media":"","overlay-type":"","overlay-color":"","overlay-opacity":"","overlay-gradient":""},"tablet":{"background-color":"var(--ast-global-color-5)","background-image":"","background-repeat":"repeat","background-position":"center center","background-size":"auto","background-attachment":"scroll","background-type":"","background-media":"","overlay-type":"","overlay-color":"","overlay-opacity":"","overlay-gradient":""},"mobile":{"background-color":"var(--ast-global-color-5)","background-image":"","background-repeat":"repeat","background-position":"center center","background-size":"auto","background-attachment":"scroll","background-type":"","background-media":"","overlay-type":"","overlay-color":"","overlay-opacity":"","overlay-gradient":""}},"footnotes":""},"class_list":["post-34","page","type-page","status-publish","hentry"],"post_mailing_queue_ids":[],"_links":{"self":[{"href":"https:\/\/agora.xtec.cat\/escvilaolimpica\/wp-json\/wp\/v2\/pages\/34","targetHints":{"allow":["GET"]}}],"collection":[{"href":"https:\/\/agora.xtec.cat\/escvilaolimpica\/wp-json\/wp\/v2\/pages"}],"about":[{"href":"https:\/\/agora.xtec.cat\/escvilaolimpica\/wp-json\/wp\/v2\/types\/page"}],"author":[{"embeddable":true,"href":"https:\/\/agora.xtec.cat\/escvilaolimpica\/wp-json\/wp\/v2\/users\/1"}],"replies":[{"embeddable":true,"href":"https:\/\/agora.xtec.cat\/escvilaolimpica\/wp-json\/wp\/v2\/comments?post=34"}],"version-history":[{"count":6,"href":"https:\/\/agora.xtec.cat\/escvilaolimpica\/wp-json\/wp\/v2\/pages\/34\/revisions"}],"predecessor-version":[{"id":1065,"href":"https:\/\/agora.xtec.cat\/escvilaolimpica\/wp-json\/wp\/v2\/pages\/34\/revisions\/1065"}],"up":[{"embeddable":true,"href":"https:\/\/agora.xtec.cat\/escvilaolimpica\/wp-json\/wp\/v2\/pages\/22"}],"wp:attachment":[{"href":"https:\/\/agora.xtec.cat\/escvilaolimpica\/wp-json\/wp\/v2\/media?parent=34"}],"curies":[{"name":"wp","href":"https:\/\/api.w.org\/{rel}","templated":true}]}}