{"id":24,"date":"2014-09-18T12:23:15","date_gmt":"2014-09-18T10:23:15","guid":{"rendered":"http:\/\/agora.xtec.cat\/escvilaolimpica\/?page_id=24"},"modified":"2026-04-16T12:15:22","modified_gmt":"2026-04-16T10:15:22","slug":"equip","status":"publish","type":"page","link":"https:\/\/agora.xtec.cat\/escvilaolimpica\/escola\/equip\/","title":{"rendered":"EQUIP DOCENT"},"content":{"rendered":"<p style=\"text-align: center;\"><img loading=\"lazy\" decoding=\"async\" class=\"alignnone size-large wp-image-567 aligncenter\" src=\"https:\/\/agora.xtec.cat\/escvilaolimpica\/wp-content\/uploads\/usu2360\/2023\/02\/IOLANDA-ABAD-1024x682.jpeg\" sizes=\"auto, (max-width: 1024px) 100vw, 1024px\" srcset=\"https:\/\/agora.xtec.cat\/escvilaolimpica\/wp-content\/uploads\/usu2360\/2023\/02\/IOLANDA-ABAD-1024x682.jpeg 1024w, https:\/\/agora.xtec.cat\/escvilaolimpica\/wp-content\/uploads\/usu2360\/2023\/02\/IOLANDA-ABAD-300x200.jpeg 300w, https:\/\/agora.xtec.cat\/escvilaolimpica\/wp-content\/uploads\/usu2360\/2023\/02\/IOLANDA-ABAD-768x512.jpeg 768w, https:\/\/agora.xtec.cat\/escvilaolimpica\/wp-content\/uploads\/usu2360\/2023\/02\/IOLANDA-ABAD-1536x1024.jpeg 1536w, https:\/\/agora.xtec.cat\/escvilaolimpica\/wp-content\/uploads\/usu2360\/2023\/02\/IOLANDA-ABAD.jpeg 2000w\" alt=\"\" width=\"1024\" height=\"682\" \/><strong>Yolanda Abad<\/strong> &#8211; DIRECTORA<\/p>\n<p style=\"text-align: center;\"><img loading=\"lazy\" decoding=\"async\" class=\"alignnone size-large wp-image-566 aligncenter\" src=\"https:\/\/agora.xtec.cat\/escvilaolimpica\/wp-content\/uploads\/usu2360\/2023\/02\/MARTA-RIBA-1024x682.jpeg\" sizes=\"auto, (max-width: 1024px) 100vw, 1024px\" srcset=\"https:\/\/agora.xtec.cat\/escvilaolimpica\/wp-content\/uploads\/usu2360\/2023\/02\/MARTA-RIBA-1024x682.jpeg 1024w, https:\/\/agora.xtec.cat\/escvilaolimpica\/wp-content\/uploads\/usu2360\/2023\/02\/MARTA-RIBA-300x200.jpeg 300w, https:\/\/agora.xtec.cat\/escvilaolimpica\/wp-content\/uploads\/usu2360\/2023\/02\/MARTA-RIBA-768x512.jpeg 768w, https:\/\/agora.xtec.cat\/escvilaolimpica\/wp-content\/uploads\/usu2360\/2023\/02\/MARTA-RIBA-1536x1024.jpeg 1536w, https:\/\/agora.xtec.cat\/escvilaolimpica\/wp-content\/uploads\/usu2360\/2023\/02\/MARTA-RIBA.jpeg 2000w\" alt=\"\" width=\"1024\" height=\"682\" \/><strong>Marta Riba<\/strong> &#8211; CAP D\u2019ESTUDIS<\/p>\n<p><a href=\"https:\/\/agora.xtec.cat\/escvilaolimpica\/wp-content\/uploads\/usu2360\/2026\/04\/Diseno-sin-titulo-1.png\"><img loading=\"lazy\" decoding=\"async\" class=\"alignnone size-large wp-image-1773\" src=\"https:\/\/agora.xtec.cat\/escvilaolimpica\/wp-content\/uploads\/usu2360\/2026\/04\/Diseno-sin-titulo-1-1024x768.png\" alt=\"\" width=\"1024\" height=\"768\" srcset=\"https:\/\/agora.xtec.cat\/escvilaolimpica\/wp-content\/uploads\/usu2360\/2026\/04\/Diseno-sin-titulo-1-1024x768.png 1024w, https:\/\/agora.xtec.cat\/escvilaolimpica\/wp-content\/uploads\/usu2360\/2026\/04\/Diseno-sin-titulo-1-300x225.png 300w, https:\/\/agora.xtec.cat\/escvilaolimpica\/wp-content\/uploads\/usu2360\/2026\/04\/Diseno-sin-titulo-1-768x576.png 768w, https:\/\/agora.xtec.cat\/escvilaolimpica\/wp-content\/uploads\/usu2360\/2026\/04\/Diseno-sin-titulo-1.png 1195w\" sizes=\"auto, (max-width: 1024px) 100vw, 1024px\" \/><\/a><\/p>\n<p style=\"text-align: center;\"><strong>Eladia Contreras<\/strong>\u00a0&#8211; SECRETARI<\/p>\n<p>COORDINADORES DE CICLE<br \/>\nEducaci\u00f3 Infantil: Laia Tov\u00edas<br \/>\nCicle Inicial (1r i 2n): Elena Tim\u00f3n<br \/>\nCicle Mitj\u00e0 (3r i 4t): Anna Ter\u00e9s<br \/>\nCicle Superior (5\u00e8 i 6\u00e8): Gemma Celma<\/p>\n<p>ALTRES COORDINADORS\/ES<br \/>\nCoordinadora d&#8217;atenci\u00f3 a la diversitat: Elena Girv\u00e9s<br \/>\nCoordinadora ling\u00fc\u00edstica: Gemma Celma<br \/>\nCoordinador de l&#8217;estrat\u00e8gia digital: Asier Mart\u00edn<br \/>\nCoordinadora de riscos laborals: Anna Ter\u00e9s<br \/>\nCoordinadora de biblioteca: Aina S\u00e1nchez<br \/>\nCoordinadora Escoles + Sostenibles: Noelia Vargas<\/p>\n<p>MESTRES D&#8217;EDUCACI\u00d3 INFANTIL<br \/>\nI-3 A: Ver\u00f3nica Alventosa<br \/>\nI-3 B: Laia Tov\u00edas<br \/>\nI-4 A: Aina Montserrat<br \/>\nI-4 B: Noem\u00ed Requena<br \/>\nI-5 A: Patr\u00edcia Rojas<br \/>\nI-5 B: Bel\u00e9n Gonz\u00e1lez<\/p>\n<p>MESTRES DE CICLE INICIAL<br \/>\n1r A: Marta Catena<br \/>\n1r B: Anna Pedrell i Montserrat Rossendo<br \/>\n2n A: Lorena Barrachina<br \/>\n2n B: N\u00faria Rodergas<\/p>\n<p>MESTRES DE CICLE MITJ\u00c0<br \/>\n3r A: C\u00e8lia Gim\u00e9nez i Eduard Mart\u00ednez<br \/>\n3r B: Elisabeth Barrachina<br \/>\n4t A: Alberto Sanz<br \/>\n4t B: Marta Pons<\/p>\n<p>MESTRES DE CICLE SUPERIOR<br \/>\n5\u00e8 A: Mireia Bell\u00e9s<br \/>\n5\u00e8 B: Aina S\u00e1nchez<br \/>\n6\u00e8 A: Xavier Rico<br \/>\n6\u00e8 B: Asier Mart\u00edn<\/p>\n<p>MESTRES ESPECIALISTES<br \/>\nM\u00fasica: Elena Tim\u00f3n<br \/>\nEducaci\u00f3 F\u00edsica: Anna Ter\u00e9s<br \/>\nAngl\u00e8s E. Infantil i C. Inicial: Noelia Vargas i Est\u00edbaliz Rodr\u00edguez<br \/>\nAngl\u00e8s C. Mitj\u00e0 i Superior: Gemma Celma i Juan Andr\u00e9s Oca\u00f1a<br \/>\nEducaci\u00f3 Especial: Albert Omedes i Elena Girv\u00e9s<br \/>\nAudici\u00f3 i Llenguatge: Judith Navarro<\/p>\n<p>EDUCADORES, AUXILIARS I VETLLADORES<br \/>\nT\u00e8cnica d\u2019Educaci\u00f3 Infantil: L\u00eddia Samper<br \/>\nEducadora d&#8217;Educaci\u00f3 Especial SIEI: Esther Merino<br \/>\nAuxiliar d\u2019Educaci\u00f3 Especial: Rosa Prado<br \/>\nVetlladores: Sandra Pegenaute i Carla Castillo<\/p>\n","protected":false},"excerpt":{"rendered":"<p>Yolanda Abad &#8211; DIRECTORA Marta Riba &#8211; CAP D\u2019ESTUDIS Eladia Contreras\u00a0&#8211; SECRETARI COORDINADORES DE CICLE Educaci\u00f3 Infantil: Laia Tov\u00edas Cicle [&hellip;]<\/p>\n","protected":false},"author":1,"featured_media":0,"parent":22,"menu_order":1,"comment_status":"closed","ping_status":"closed","template":"","meta":{"_bbp_topic_count":0,"_bbp_reply_count":0,"_bbp_total_topic_count":0,"_bbp_total_reply_count":0,"_bbp_voice_count":0,"_bbp_anonymous_reply_count":0,"_bbp_topic_count_hidden":0,"_bbp_reply_count_hidden":0,"_bbp_forum_subforum_count":0,"site-sidebar-layout":"default","site-content-layout":"","ast-site-content-layout":"default","site-content-style":"default","site-sidebar-style":"default","ast-global-header-display":"","ast-banner-title-visibility":"","ast-main-header-display":"","ast-hfb-above-header-display":"","ast-hfb-below-header-display":"","ast-hfb-mobile-header-display":"","site-post-title":"","ast-breadcrumbs-content":"","ast-featured-img":"","footer-sml-layout":"","theme-transparent-header-meta":"default","adv-header-id-meta":"","stick-header-meta":"","header-above-stick-meta":"","header-main-stick-meta":"","header-below-stick-meta":"","astra-migrate-meta-layouts":"set","ast-page-background-enabled":"default","ast-page-background-meta":{"desktop":{"background-color":"var(--ast-global-color-4)","background-image":"","background-repeat":"repeat","background-position":"center center","background-size":"auto","background-attachment":"scroll","background-type":"","background-media":"","overlay-type":"","overlay-color":"","overlay-opacity":"","overlay-gradient":""},"tablet":{"background-color":"","background-image":"","background-repeat":"repeat","background-position":"center center","background-size":"auto","background-attachment":"scroll","background-type":"","background-media":"","overlay-type":"","overlay-color":"","overlay-opacity":"","overlay-gradient":""},"mobile":{"background-color":"","background-image":"","background-repeat":"repeat","background-position":"center center","background-size":"auto","background-attachment":"scroll","background-type":"","background-media":"","overlay-type":"","overlay-color":"","overlay-opacity":"","overlay-gradient":""}},"ast-content-background-meta":{"desktop":{"background-color":"var(--ast-global-color-5)","background-image":"","background-repeat":"repeat","background-position":"center center","background-size":"auto","background-attachment":"scroll","background-type":"","background-media":"","overlay-type":"","overlay-color":"","overlay-opacity":"","overlay-gradient":""},"tablet":{"background-color":"var(--ast-global-color-5)","background-image":"","background-repeat":"repeat","background-position":"center center","background-size":"auto","background-attachment":"scroll","background-type":"","background-media":"","overlay-type":"","overlay-color":"","overlay-opacity":"","overlay-gradient":""},"mobile":{"background-color":"var(--ast-global-color-5)","background-image":"","background-repeat":"repeat","background-position":"center center","background-size":"auto","background-attachment":"scroll","background-type":"","background-media":"","overlay-type":"","overlay-color":"","overlay-opacity":"","overlay-gradient":""}},"footnotes":""},"class_list":["post-24","page","type-page","status-publish","hentry"],"post_mailing_queue_ids":[],"_links":{"self":[{"href":"https:\/\/agora.xtec.cat\/escvilaolimpica\/wp-json\/wp\/v2\/pages\/24","targetHints":{"allow":["GET"]}}],"collection":[{"href":"https:\/\/agora.xtec.cat\/escvilaolimpica\/wp-json\/wp\/v2\/pages"}],"about":[{"href":"https:\/\/agora.xtec.cat\/escvilaolimpica\/wp-json\/wp\/v2\/types\/page"}],"author":[{"embeddable":true,"href":"https:\/\/agora.xtec.cat\/escvilaolimpica\/wp-json\/wp\/v2\/users\/1"}],"replies":[{"embeddable":true,"href":"https:\/\/agora.xtec.cat\/escvilaolimpica\/wp-json\/wp\/v2\/comments?post=24"}],"version-history":[{"count":6,"href":"https:\/\/agora.xtec.cat\/escvilaolimpica\/wp-json\/wp\/v2\/pages\/24\/revisions"}],"predecessor-version":[{"id":1774,"href":"https:\/\/agora.xtec.cat\/escvilaolimpica\/wp-json\/wp\/v2\/pages\/24\/revisions\/1774"}],"up":[{"embeddable":true,"href":"https:\/\/agora.xtec.cat\/escvilaolimpica\/wp-json\/wp\/v2\/pages\/22"}],"wp:attachment":[{"href":"https:\/\/agora.xtec.cat\/escvilaolimpica\/wp-json\/wp\/v2\/media?parent=24"}],"curies":[{"name":"wp","href":"https:\/\/api.w.org\/{rel}","templated":true}]}}