{"id":1084,"date":"2025-01-27T13:31:29","date_gmt":"2025-01-27T12:31:29","guid":{"rendered":"https:\/\/agora.xtec.cat\/escvilaolimpica\/?page_id=1084"},"modified":"2026-04-16T15:14:36","modified_gmt":"2026-04-16T13:14:36","slug":"preinscripcio-2026-2027","status":"publish","type":"page","link":"https:\/\/agora.xtec.cat\/escvilaolimpica\/preinscripcio-2026-2027\/","title":{"rendered":"PREINSCRIPCI\u00d3 2026-2027"},"content":{"rendered":"<p><strong>Benvolgudes fam\u00edlies,<\/strong><\/p>\n<p><a href=\"https:\/\/agora.xtec.cat\/escvilaolimpica\/wp-content\/uploads\/usu2360\/2026\/04\/INFORME_BAREM_PROVISIONAL_BAREM.pdf\" target=\"_blank\" rel=\"noopener\">Publiquem la llista de sol\u00b7licituds que han demanat el centre com a primera opci\u00f3 amb la puntuaci\u00f3 provisional a 15 d&#8217;abril de 2026.<\/a><\/p>\n<p>D&#8217;altra banda, les nostres Jornades de <strong>Portes Obertes<\/strong>\u00a0 ja es van celebrar, <a href=\"https:\/\/agora.xtec.cat\/escvilaolimpica\/wp-content\/uploads\/usu2360\/2026\/03\/PRESENTACIO-PER-A-LES-PORTES-OBERTES.pdf\" target=\"_blank\" rel=\"noopener\">per\u00f2 us compartim el document que vam presentar en aquestes jornades perqu\u00e8 tingueu acc\u00e9s a la informaci\u00f3.<\/a><\/p>\n<p>LES DATES OFICIALS DE LA PREINSCRIPCI\u00d3 D&#8217;ENGUANY S\u00d3N:<\/p>\n<ul>\n<li>Infantil (3-6 anys) i prim\u00e0ria: del 4 al 18 de mar\u00e7.<\/li>\n<li>Secund\u00e0ria: del 6 al 18 de mar\u00e7.<\/li>\n<\/ul>\n<p><a href=\"https:\/\/agora.xtec.cat\/escvilaolimpica\/wp-content\/uploads\/usu2360\/2026\/03\/OFERTA-INICIAL-DE-PLACES.pdf\" target=\"_blank\" rel=\"noopener\">Publiquem l&#8217;oferta inicial de places.<\/a><\/p>\n","protected":false},"excerpt":{"rendered":"<p>Benvolgudes fam\u00edlies, Publiquem la llista de sol\u00b7licituds que han demanat el centre com a primera opci\u00f3 amb la puntuaci\u00f3 provisional [&hellip;]<\/p>\n","protected":false},"author":1,"featured_media":0,"parent":0,"menu_order":5,"comment_status":"closed","ping_status":"closed","template":"","meta":{"_bbp_topic_count":0,"_bbp_reply_count":0,"_bbp_total_topic_count":0,"_bbp_total_reply_count":0,"_bbp_voice_count":0,"_bbp_anonymous_reply_count":0,"_bbp_topic_count_hidden":0,"_bbp_reply_count_hidden":0,"_bbp_forum_subforum_count":0,"site-sidebar-layout":"default","site-content-layout":"","ast-site-content-layout":"default","site-content-style":"default","site-sidebar-style":"default","ast-global-header-display":"","ast-banner-title-visibility":"","ast-main-header-display":"","ast-hfb-above-header-display":"","ast-hfb-below-header-display":"","ast-hfb-mobile-header-display":"","site-post-title":"","ast-breadcrumbs-content":"","ast-featured-img":"","footer-sml-layout":"","theme-transparent-header-meta":"default","adv-header-id-meta":"","stick-header-meta":"","header-above-stick-meta":"","header-main-stick-meta":"","header-below-stick-meta":"","astra-migrate-meta-layouts":"set","ast-page-background-enabled":"default","ast-page-background-meta":{"desktop":{"background-color":"var(--ast-global-color-4)","background-image":"","background-repeat":"repeat","background-position":"center center","background-size":"auto","background-attachment":"scroll","background-type":"","background-media":"","overlay-type":"","overlay-color":"","overlay-opacity":"","overlay-gradient":""},"tablet":{"background-color":"","background-image":"","background-repeat":"repeat","background-position":"center center","background-size":"auto","background-attachment":"scroll","background-type":"","background-media":"","overlay-type":"","overlay-color":"","overlay-opacity":"","overlay-gradient":""},"mobile":{"background-color":"","background-image":"","background-repeat":"repeat","background-position":"center center","background-size":"auto","background-attachment":"scroll","background-type":"","background-media":"","overlay-type":"","overlay-color":"","overlay-opacity":"","overlay-gradient":""}},"ast-content-background-meta":{"desktop":{"background-color":"var(--ast-global-color-5)","background-image":"","background-repeat":"repeat","background-position":"center center","background-size":"auto","background-attachment":"scroll","background-type":"","background-media":"","overlay-type":"","overlay-color":"","overlay-opacity":"","overlay-gradient":""},"tablet":{"background-color":"var(--ast-global-color-5)","background-image":"","background-repeat":"repeat","background-position":"center center","background-size":"auto","background-attachment":"scroll","background-type":"","background-media":"","overlay-type":"","overlay-color":"","overlay-opacity":"","overlay-gradient":""},"mobile":{"background-color":"var(--ast-global-color-5)","background-image":"","background-repeat":"repeat","background-position":"center center","background-size":"auto","background-attachment":"scroll","background-type":"","background-media":"","overlay-type":"","overlay-color":"","overlay-opacity":"","overlay-gradient":""}},"footnotes":""},"class_list":["post-1084","page","type-page","status-publish","hentry"],"post_mailing_queue_ids":[],"_links":{"self":[{"href":"https:\/\/agora.xtec.cat\/escvilaolimpica\/wp-json\/wp\/v2\/pages\/1084","targetHints":{"allow":["GET"]}}],"collection":[{"href":"https:\/\/agora.xtec.cat\/escvilaolimpica\/wp-json\/wp\/v2\/pages"}],"about":[{"href":"https:\/\/agora.xtec.cat\/escvilaolimpica\/wp-json\/wp\/v2\/types\/page"}],"author":[{"embeddable":true,"href":"https:\/\/agora.xtec.cat\/escvilaolimpica\/wp-json\/wp\/v2\/users\/1"}],"replies":[{"embeddable":true,"href":"https:\/\/agora.xtec.cat\/escvilaolimpica\/wp-json\/wp\/v2\/comments?post=1084"}],"version-history":[{"count":8,"href":"https:\/\/agora.xtec.cat\/escvilaolimpica\/wp-json\/wp\/v2\/pages\/1084\/revisions"}],"predecessor-version":[{"id":1776,"href":"https:\/\/agora.xtec.cat\/escvilaolimpica\/wp-json\/wp\/v2\/pages\/1084\/revisions\/1776"}],"wp:attachment":[{"href":"https:\/\/agora.xtec.cat\/escvilaolimpica\/wp-json\/wp\/v2\/media?parent=1084"}],"curies":[{"name":"wp","href":"https:\/\/api.w.org\/{rel}","templated":true}]}}