{"id":972,"date":"2017-01-20T16:04:39","date_gmt":"2017-01-20T15:04:39","guid":{"rendered":"http:\/\/agora.xtec.cat\/escvilamar\/?page_id=972"},"modified":"2020-11-18T03:18:01","modified_gmt":"2020-11-18T02:18:01","slug":"esmorzars-saludables","status":"publish","type":"page","link":"https:\/\/agora.xtec.cat\/escvilamar\/esmorzars-saludables\/","title":{"rendered":"Esmorzars saludables"},"content":{"rendered":"<p><a href=\"https:\/\/agora.xtec.cat\/escvilamar\/wp-content\/uploads\/usu1098\/2020\/11\/plafruit1.jpg\"><img loading=\"lazy\" decoding=\"async\" class=\" wp-image-3638 alignnone\" src=\"https:\/\/agora.xtec.cat\/escvilamar\/wp-content\/uploads\/usu1098\/2020\/11\/plafruit1-300x116.jpg\" alt=\"\" width=\"359\" height=\"139\" srcset=\"https:\/\/agora.xtec.cat\/escvilamar\/wp-content\/uploads\/usu1098\/2020\/11\/plafruit1-300x116.jpg 300w, https:\/\/agora.xtec.cat\/escvilamar\/wp-content\/uploads\/usu1098\/2020\/11\/plafruit1-768x297.jpg 768w, https:\/\/agora.xtec.cat\/escvilamar\/wp-content\/uploads\/usu1098\/2020\/11\/plafruit1.jpg 770w\" sizes=\"auto, (max-width: 359px) 100vw, 359px\" \/><\/a><\/p>\n<p>Un any m\u00e9s l\u2019escola participa en la campanya <strong>Pla de consum de fruita a les escoles<\/strong>, una iniciativa de la Uni\u00f3 Europea que a Catalunya es fa efectiva mitjan\u00e7ant una acci\u00f3 coordinada dels departaments d\u2019Agricultura, Salut i Ensenyament de la Generalitat de Catalunya per a promoure el consum de fruita entre els infants en edat escolar.<br \/>\nAquest pla consisteix a distribuir gratu\u00eftament fruita i verdura fresca als escolars de prim\u00e0ria de centres educatius de Catalunya, que ho sol\u2022licitin.<br \/>\nDurant el curs escolar, una setmana de cada mes, es distribuir\u00e0 fruita i\/o verdura seleccionada en funci\u00f3 de l\u2019estaci\u00f3 de l\u2019any, la proximitat i la qualitat.<br \/>\n<strong>Com ens organitzem?<\/strong><br \/>\nUn grup de mares volunt\u00e0ries ve a l\u2019escola a rentar i\/o pelar i tallar la fruita i les reparteix en safates per classes.<br \/>\nL\u2019alumnat de prim\u00e0ria la mengen per esmorzar.<\/p>\n","protected":false},"excerpt":{"rendered":"<p><a href=\"https:\/\/agora.xtec.cat\/escvilamar\/wp-content\/uploads\/usu1098\/2020\/11\/plafruit1.jpg\"><\/a><br \/>\nUn any m\u00e9s l\u2019escola participa en la campanya Pla de consum de fruita a les escoles, una iniciativa de la Uni\u00f3 Europea que a Catalunya es fa efectiva mitjan\u00e7ant una acci\u00f3 coordinada dels departaments d\u2019Agricultura, Salut i Ensenyament de la Generalitat de Catalunya per&hellip;  <a href=\"https:\/\/agora.xtec.cat\/escvilamar\/esmorzars-saludables\/\" title=\"Read Esmorzars saludables\">Llegeix m\u00e9s\u00bb<\/a><\/p>\n","protected":false},"author":1,"featured_media":0,"parent":0,"menu_order":0,"comment_status":"closed","ping_status":"closed","template":"","meta":{"_bbp_topic_count":0,"_bbp_reply_count":0,"_bbp_total_topic_count":0,"_bbp_total_reply_count":0,"_bbp_voice_count":0,"_bbp_anonymous_reply_count":0,"_bbp_topic_count_hidden":0,"_bbp_reply_count_hidden":0,"_bbp_forum_subforum_count":0,"footnotes":""},"class_list":["post-972","page","type-page","status-publish","hentry"],"post_mailing_queue_ids":[],"_links":{"self":[{"href":"https:\/\/agora.xtec.cat\/escvilamar\/wp-json\/wp\/v2\/pages\/972","targetHints":{"allow":["GET"]}}],"collection":[{"href":"https:\/\/agora.xtec.cat\/escvilamar\/wp-json\/wp\/v2\/pages"}],"about":[{"href":"https:\/\/agora.xtec.cat\/escvilamar\/wp-json\/wp\/v2\/types\/page"}],"author":[{"embeddable":true,"href":"https:\/\/agora.xtec.cat\/escvilamar\/wp-json\/wp\/v2\/users\/1"}],"replies":[{"embeddable":true,"href":"https:\/\/agora.xtec.cat\/escvilamar\/wp-json\/wp\/v2\/comments?post=972"}],"version-history":[{"count":3,"href":"https:\/\/agora.xtec.cat\/escvilamar\/wp-json\/wp\/v2\/pages\/972\/revisions"}],"predecessor-version":[{"id":3639,"href":"https:\/\/agora.xtec.cat\/escvilamar\/wp-json\/wp\/v2\/pages\/972\/revisions\/3639"}],"wp:attachment":[{"href":"https:\/\/agora.xtec.cat\/escvilamar\/wp-json\/wp\/v2\/media?parent=972"}],"curies":[{"name":"wp","href":"https:\/\/api.w.org\/{rel}","templated":true}]}}