{"id":942,"date":"2017-01-18T15:52:34","date_gmt":"2017-01-18T14:52:34","guid":{"rendered":"http:\/\/agora.xtec.cat\/escvilamar\/?page_id=942"},"modified":"2023-01-12T12:21:15","modified_gmt":"2023-01-12T11:21:15","slug":"escola-verda","status":"publish","type":"page","link":"https:\/\/agora.xtec.cat\/escvilamar\/escola-verda\/","title":{"rendered":"Escola Verda"},"content":{"rendered":"<div class=\"vc_row wpb_row vc_row-fluid\">\n<div class=\"wpb_column vc_column_container vc_col-sm-12\">\n<div class=\"vc_column-inner \">\n<div class=\"wpb_wrapper\">\n<div class=\"wpb_text_column wpb_content_element \">\n<div class=\"wpb_wrapper\">\n<p>Els\u00a0 objectius pels quals treballarem s\u00f3n:<\/p>\n<ul>\n<li>\u00a0Incorporar els valors de l\u2019educaci\u00f3 per a la sostenibilitat i els objectius de desenvolupament sostenible (ODS) en tots els \u00e0mbits de la vida del nostre centre.<\/li>\n<li>Promoure la participaci\u00f3 i la implicaci\u00f3 activa de la comunitat educativa en la millora del\u00a0 nostre entorn.<\/li>\n<li>\u00a0Afavorir l\u2019intercanvi entre el nostre centre i altres centres que participen en el programa.<\/li>\n<\/ul>\n<p>Us presentem el Genial.ly que hem editat per presentar els projectes de la nostra escola verda i sostenible (clica a la imatge per obrir la presentaci\u00f3):<\/p>\n<p><a href=\"https:\/\/view.genial.ly\/60af7c31368a270dbc630d8d\/presentation-escola-verda-escola-vilamar\" target=\"_blank\" rel=\"noopener\"><img loading=\"lazy\" decoding=\"async\" class=\"aligncenter wp-image-5245\" src=\"https:\/\/agora.xtec.cat\/escvilamar\/wp-content\/uploads\/usu1098\/2023\/01\/escola-verda-logotip.jpg\" alt=\"\" width=\"164\" height=\"164\" srcset=\"https:\/\/agora.xtec.cat\/escvilamar\/wp-content\/uploads\/usu1098\/2023\/01\/escola-verda-logotip.jpg 340w, https:\/\/agora.xtec.cat\/escvilamar\/wp-content\/uploads\/usu1098\/2023\/01\/escola-verda-logotip-300x300.jpg 300w, https:\/\/agora.xtec.cat\/escvilamar\/wp-content\/uploads\/usu1098\/2023\/01\/escola-verda-logotip-150x150.jpg 150w\" sizes=\"auto, (max-width: 164px) 100vw, 164px\" \/><\/a><\/p>\n<\/div>\n<\/div>\n<\/div>\n<\/div>\n<\/div>\n<\/div>\n<p><strong><em>\u201cNom\u00e9s s\u2019estima all\u00f2 que es respecta, nom\u00e9s es respecta all\u00f2 que es coneix i nom\u00e9s es coneix all\u00f2 que se\u2019ns ensenya a descobrir\u201d.<\/em><\/strong><\/p>\n","protected":false},"excerpt":{"rendered":"<p>Els\u00a0 objectius pels quals treballarem s\u00f3n:<\/p>\n<ul>\n<li>\u00a0Incorporar els valors de l\u2019educaci\u00f3 per a la sostenibilitat i els objectius de desenvolupament sostenible (ODS) en tots els \u00e0mbits de la vida del nostre centre.<\/li>\n<li>Promoure la participaci\u00f3 i la implicaci\u00f3 activa de la comunitat educativa en la millora del\u00a0&hellip;  <a href=\"https:\/\/agora.xtec.cat\/escvilamar\/escola-verda\/\" title=\"Read Escola Verda\">Llegeix m\u00e9s\u00bb<\/a><br \/>\n","protected":false},"author":1,"featured_media":0,"parent":0,"menu_order":0,"comment_status":"closed","ping_status":"closed","template":"","meta":{"_bbp_topic_count":0,"_bbp_reply_count":0,"_bbp_total_topic_count":0,"_bbp_total_reply_count":0,"_bbp_voice_count":0,"_bbp_anonymous_reply_count":0,"_bbp_topic_count_hidden":0,"_bbp_reply_count_hidden":0,"_bbp_forum_subforum_count":0,"footnotes":""},"class_list":["post-942","page","type-page","status-publish","hentry"],"post_mailing_queue_ids":[],"_links":{"self":[{"href":"https:\/\/agora.xtec.cat\/escvilamar\/wp-json\/wp\/v2\/pages\/942","targetHints":{"allow":["GET"]}}],"collection":[{"href":"https:\/\/agora.xtec.cat\/escvilamar\/wp-json\/wp\/v2\/pages"}],"about":[{"href":"https:\/\/agora.xtec.cat\/escvilamar\/wp-json\/wp\/v2\/types\/page"}],"author":[{"embeddable":true,"href":"https:\/\/agora.xtec.cat\/escvilamar\/wp-json\/wp\/v2\/users\/1"}],"replies":[{"embeddable":true,"href":"https:\/\/agora.xtec.cat\/escvilamar\/wp-json\/wp\/v2\/comments?post=942"}],"version-history":[{"count":3,"href":"https:\/\/agora.xtec.cat\/escvilamar\/wp-json\/wp\/v2\/pages\/942\/revisions"}],"predecessor-version":[{"id":5252,"href":"https:\/\/agora.xtec.cat\/escvilamar\/wp-json\/wp\/v2\/pages\/942\/revisions\/5252"}],"wp:attachment":[{"href":"https:\/\/agora.xtec.cat\/escvilamar\/wp-json\/wp\/v2\/media?parent=942"}],"curies":[{"name":"wp","href":"https:\/\/api.w.org\/{rel}","templated":true}]}}