{"id":36,"date":"2025-08-29T08:30:11","date_gmt":"2025-08-29T06:30:11","guid":{"rendered":"http:\/\/agora.xtec.cat\/escvilamar\/?page_id=36"},"modified":"2025-08-29T14:47:19","modified_gmt":"2025-08-29T12:47:19","slug":"material-escolar","status":"publish","type":"page","link":"https:\/\/agora.xtec.cat\/escvilamar\/lescola\/material-escolar\/","title":{"rendered":"Material escolar 25-26"},"content":{"rendered":"<p><a href=\"http:\/\/agora.xtec.cat\/escvilamar\/wp-content\/uploads\/usu1098\/2014\/09\/2015-12-16-10-14-38-utiles-escolares.jpg\"><img loading=\"lazy\" decoding=\"async\" class=\"wp-image-1194 alignright\" src=\"http:\/\/agora.xtec.cat\/escvilamar\/wp-content\/uploads\/usu1098\/2014\/09\/2015-12-16-10-14-38-utiles-escolares-300x169.jpg\" alt=\"2015-12-16-10-14-38-utiles-escolares\" width=\"358\" height=\"202\" srcset=\"https:\/\/agora.xtec.cat\/escvilamar\/wp-content\/uploads\/usu1098\/2014\/09\/2015-12-16-10-14-38-utiles-escolares-300x169.jpg 300w, https:\/\/agora.xtec.cat\/escvilamar\/wp-content\/uploads\/usu1098\/2014\/09\/2015-12-16-10-14-38-utiles-escolares-768x432.jpg 768w, https:\/\/agora.xtec.cat\/escvilamar\/wp-content\/uploads\/usu1098\/2014\/09\/2015-12-16-10-14-38-utiles-escolares-1024x576.jpg 1024w, https:\/\/agora.xtec.cat\/escvilamar\/wp-content\/uploads\/usu1098\/2014\/09\/2015-12-16-10-14-38-utiles-escolares.jpg 1200w\" sizes=\"auto, (max-width: 358px) 100vw, 358px\" \/><\/a>S\u2019haur\u00e0 de fer un ingr\u00e9s en concepte de material escolar de:<\/p>\n<ul>\n<li>70,00 \u20ac per curs i alumne\/a d&#8217;Educaci\u00f3 Infantil (I3, I4, I5)<\/li>\n<li>70,00 \u20ac per curs i alumne\/a de 1r i 2n<\/li>\n<li>70,00 \u20ac per curs i alumne\/a de 3r i 4t<\/li>\n<li>90,00\u20ac per curs i alumne\/a de 5\u00e8 i 6\u00e8 (incl\u00f2s innovamat)<\/li>\n<\/ul>\n<p>Aquesta quota haur\u00e0 de ser abonada via <strong>DINANTIA.<\/strong><\/p>\n<p align=\"justify\">L&#8217;escola pot acceptar el <strong>val escolar (60,00\u20ac)<\/strong> que ofereix el Departament d&#8217;Educaci\u00f3 a l&#8217;alumnat de prim\u00e0ria, per tal de fer front al pagament de la quota de material. La difer\u00e8ncia de l&#8217;import caldr\u00e0 abonar-la al centre via Dinantia.<\/p>\n<p align=\"justify\">Us recordem la import\u00e0ncia de l\u2019aportaci\u00f3 d\u2019aquesta quota i\u00a0<strong>recordar-vos tamb\u00e9 que es pot fer el pagament fraccionat sempre i quan parleu amb la direcci\u00f3 del centre.<\/strong><\/p>\n<p align=\"justify\"><strong>Les fam\u00edlies d&#8217;I3, I4, I5 i 1r que rebeu la &#8220;Motxilla econ\u00f2mica&#8221; no heu de fer el pagament d&#8217;aquesta quota ja que us queda coberta amb la dotaci\u00f3 que us dona el Departament.<\/strong><\/p>\n<ul>\n<li><a href=\"http:\/\/agora.xtec.cat\/escvilamar\/lescola\/material-escolar\/pagament-de-material\/\">Pagament de material<\/a><\/li>\n<li><a href=\"http:\/\/agora.xtec.cat\/escvilamar\/lescola\/material-escolar\/material-daula-que-cal-portar\/\">Material d&#8217;aula que cal portar\u00a0 <strong>(EN REVISI\u00d3)<\/strong><\/a><\/li>\n<li><a href=\"https:\/\/agora.xtec.cat\/escvilamar\/?page_id=1169&amp;preview=true\">Adhesi\u00f3 projecte Ajuntament<\/a><\/li>\n<\/ul>\n","protected":false},"excerpt":{"rendered":"<p><a href=\"http:\/\/agora.xtec.cat\/escvilamar\/wp-content\/uploads\/usu1098\/2014\/09\/2015-12-16-10-14-38-utiles-escolares.jpg\"><\/a>S\u2019haur\u00e0 de fer un ingr\u00e9s en concepte de material escolar de:<\/p>\n<ul>\n<li>70,00 \u20ac per curs i alumne\/a d&#8217;Educaci\u00f3 Infantil (I3, I4, I5)<\/li>\n<li>70,00 \u20ac per curs i alumne\/a de 1r i 2n<\/li>\n<li>70,00 \u20ac per curs i alumne\/a de 3r i 4t<\/li>\n<li>90,00\u20ac per curs i alumne\/a de&hellip;  <a href=\"https:\/\/agora.xtec.cat\/escvilamar\/lescola\/material-escolar\/\" title=\"Read Material escolar 25-26\">Llegeix m\u00e9s\u00bb<\/a><br \/>\n","protected":false},"author":1,"featured_media":0,"parent":22,"menu_order":70,"comment_status":"closed","ping_status":"closed","template":"page-templates\/side-menu.php","meta":{"_bbp_topic_count":0,"_bbp_reply_count":0,"_bbp_total_topic_count":0,"_bbp_total_reply_count":0,"_bbp_voice_count":0,"_bbp_anonymous_reply_count":0,"_bbp_topic_count_hidden":0,"_bbp_reply_count_hidden":0,"_bbp_forum_subforum_count":0,"footnotes":""},"class_list":["post-36","page","type-page","status-publish","hentry"],"post_mailing_queue_ids":[],"_links":{"self":[{"href":"https:\/\/agora.xtec.cat\/escvilamar\/wp-json\/wp\/v2\/pages\/36","targetHints":{"allow":["GET"]}}],"collection":[{"href":"https:\/\/agora.xtec.cat\/escvilamar\/wp-json\/wp\/v2\/pages"}],"about":[{"href":"https:\/\/agora.xtec.cat\/escvilamar\/wp-json\/wp\/v2\/types\/page"}],"author":[{"embeddable":true,"href":"https:\/\/agora.xtec.cat\/escvilamar\/wp-json\/wp\/v2\/users\/1"}],"replies":[{"embeddable":true,"href":"https:\/\/agora.xtec.cat\/escvilamar\/wp-json\/wp\/v2\/comments?post=36"}],"version-history":[{"count":6,"href":"https:\/\/agora.xtec.cat\/escvilamar\/wp-json\/wp\/v2\/pages\/36\/revisions"}],"predecessor-version":[{"id":6637,"href":"https:\/\/agora.xtec.cat\/escvilamar\/wp-json\/wp\/v2\/pages\/36\/revisions\/6637"}],"up":[{"embeddable":true,"href":"https:\/\/agora.xtec.cat\/escvilamar\/wp-json\/wp\/v2\/pages\/22"}],"wp:attachment":[{"href":"https:\/\/agora.xtec.cat\/escvilamar\/wp-json\/wp\/v2\/media?parent=36"}],"curies":[{"name":"wp","href":"https:\/\/api.w.org\/{rel}","templated":true}]}}