{"id":32,"date":"2025-08-29T08:30:33","date_gmt":"2025-08-29T06:30:33","guid":{"rendered":"http:\/\/agora.xtec.cat\/escvilamar\/?page_id=32"},"modified":"2025-08-28T23:56:40","modified_gmt":"2025-08-28T21:56:40","slug":"calendari-del-curs","status":"publish","type":"page","link":"https:\/\/agora.xtec.cat\/escvilamar\/lescola\/calendari-del-curs\/","title":{"rendered":"Calendari del curs"},"content":{"rendered":"<p><img loading=\"lazy\" decoding=\"async\" class=\"aligncenter size-full wp-image-6624\" src=\"https:\/\/agora.xtec.cat\/escvilamar\/wp-content\/uploads\/usu1098\/2025\/08\/Calendari-curs-2526.png\" alt=\"\" width=\"1414\" height=\"2000\" srcset=\"https:\/\/agora.xtec.cat\/escvilamar\/wp-content\/uploads\/usu1098\/2025\/08\/Calendari-curs-2526.png 1414w, https:\/\/agora.xtec.cat\/escvilamar\/wp-content\/uploads\/usu1098\/2025\/08\/Calendari-curs-2526-212x300.png 212w, https:\/\/agora.xtec.cat\/escvilamar\/wp-content\/uploads\/usu1098\/2025\/08\/Calendari-curs-2526-724x1024.png 724w, https:\/\/agora.xtec.cat\/escvilamar\/wp-content\/uploads\/usu1098\/2025\/08\/Calendari-curs-2526-768x1086.png 768w, https:\/\/agora.xtec.cat\/escvilamar\/wp-content\/uploads\/usu1098\/2025\/08\/Calendari-curs-2526-1086x1536.png 1086w\" sizes=\"auto, (max-width: 1414px) 100vw, 1414px\" \/><\/p>\n<h4 style=\"text-align: justify;\"><strong>Inici de curs:<\/strong><\/h4>\n<p style=\"text-align: justify;\">8 de setembre de 2025<\/p>\n<h4 style=\"text-align: justify;\"><strong>Vacances:<\/strong><\/h4>\n<p style=\"text-align: justify;\">Del 22 de desembre de 2025 al 7 de gener de 2026: vacances de Nadal.<\/p>\n<p style=\"text-align: justify;\">Del 30 de mar\u00e7 al 6 d&#8217;abril de 2026: vacances de Setmana Santa.<\/p>\n<p style=\"text-align: justify;\">L\u2019<b>horari lectiu<\/b> del centre \u00e9s de 9:00h a 12:30h i de 15:00h a 16:30h per a tot l&#8217;alumnat.<\/p>\n<p style=\"text-align: justify;\">Per l&#8217;alumnat que inicien l\u2019escolaritzaci\u00f3 a I3 s\u2019organitza un breu per\u00edode d\u2019adaptaci\u00f3 que suposa una certa modificaci\u00f3 de l&#8217;horari dels tres primers dies de classe, i que es fa saber a les fam\u00edlies en les reunions pr\u00e8vies corresponents.<\/p>\n","protected":false},"excerpt":{"rendered":"<p>Inici de curs:<br \/>\n8 de setembre de 2025<br \/>\nVacances:<br \/>\nDel 22 de desembre de 2025 al 7 de gener de 2026: vacances de Nadal.<br \/>\nDel 30 de mar\u00e7 al 6 d&#8217;abril de 2026: vacances de Setmana Santa.<br \/>\nL\u2019horari lectiu del centre \u00e9s de 9:00h a 12:30h i de 15:00h a&hellip;  <a href=\"https:\/\/agora.xtec.cat\/escvilamar\/lescola\/calendari-del-curs\/\" title=\"Read Calendari del curs\">Llegeix m\u00e9s\u00bb<\/a><\/p>\n","protected":false},"author":1,"featured_media":0,"parent":22,"menu_order":50,"comment_status":"closed","ping_status":"closed","template":"page-templates\/side-menu.php","meta":{"_bbp_topic_count":0,"_bbp_reply_count":0,"_bbp_total_topic_count":0,"_bbp_total_reply_count":0,"_bbp_voice_count":0,"_bbp_anonymous_reply_count":0,"_bbp_topic_count_hidden":0,"_bbp_reply_count_hidden":0,"_bbp_forum_subforum_count":0,"footnotes":""},"class_list":["post-32","page","type-page","status-publish","hentry"],"post_mailing_queue_ids":[],"_links":{"self":[{"href":"https:\/\/agora.xtec.cat\/escvilamar\/wp-json\/wp\/v2\/pages\/32","targetHints":{"allow":["GET"]}}],"collection":[{"href":"https:\/\/agora.xtec.cat\/escvilamar\/wp-json\/wp\/v2\/pages"}],"about":[{"href":"https:\/\/agora.xtec.cat\/escvilamar\/wp-json\/wp\/v2\/types\/page"}],"author":[{"embeddable":true,"href":"https:\/\/agora.xtec.cat\/escvilamar\/wp-json\/wp\/v2\/users\/1"}],"replies":[{"embeddable":true,"href":"https:\/\/agora.xtec.cat\/escvilamar\/wp-json\/wp\/v2\/comments?post=32"}],"version-history":[{"count":7,"href":"https:\/\/agora.xtec.cat\/escvilamar\/wp-json\/wp\/v2\/pages\/32\/revisions"}],"predecessor-version":[{"id":6626,"href":"https:\/\/agora.xtec.cat\/escvilamar\/wp-json\/wp\/v2\/pages\/32\/revisions\/6626"}],"up":[{"embeddable":true,"href":"https:\/\/agora.xtec.cat\/escvilamar\/wp-json\/wp\/v2\/pages\/22"}],"wp:attachment":[{"href":"https:\/\/agora.xtec.cat\/escvilamar\/wp-json\/wp\/v2\/media?parent=32"}],"curies":[{"name":"wp","href":"https:\/\/api.w.org\/{rel}","templated":true}]}}