{"id":1169,"date":"2025-08-29T14:11:04","date_gmt":"2025-08-29T12:11:04","guid":{"rendered":"http:\/\/agora.xtec.cat\/escvilamar\/?page_id=1169"},"modified":"2025-08-29T14:44:48","modified_gmt":"2025-08-29T12:44:48","slug":"socialitzacio","status":"publish","type":"page","link":"https:\/\/agora.xtec.cat\/escvilamar\/lescola\/material-escolar\/socialitzacio\/","title":{"rendered":"Adhesi\u00f3 projecte Ajuntament"},"content":{"rendered":"<p>Projecte de reutilitzaci\u00f3 de llibres i llic\u00e8ncies digitals.<\/p>\n<ul>\n<li>L&#8217;alumnat de nova matr\u00edcula podran adherir-se al projecte de llibres i llic\u00e8ncies. <strong>\u00danicament \u00e9s per l&#8217;alumnat de nova matr\u00edcula<\/strong>, en cap cas els que ja estan matriculats. La plataforma estar\u00e0 oberta de <b>l&#8217;1 de setembre al 31 d&#8217;octubre per fer la gesti\u00f3.<\/b><\/li>\n<\/ul>\n<p><a href=\"https:\/\/drive.google.com\/file\/d\/109F_TDB3CvvLwiEf_RkDKRTcZwxuQcvd\/view?usp=sharing\">Adhesi\u00f3 projecte Ajuntament<\/a><\/p>\n<p>&nbsp;<\/p>\n<p>&nbsp;<\/p>\n<p>&nbsp;<\/p>\n","protected":false},"excerpt":{"rendered":"<p>Projecte de reutilitzaci\u00f3 de llibres i llic\u00e8ncies digitals.<\/p>\n<ul>\n<li>L&#8217;alumnat de nova matr\u00edcula podran adherir-se al projecte de llibres i llic\u00e8ncies. \u00danicament \u00e9s per l&#8217;alumnat de nova matr\u00edcula, en cap cas els que ja estan matriculats. La plataforma estar\u00e0 oberta de l&#8217;1 de setembre al 31 d&#8217;octubre&hellip;  <a href=\"https:\/\/agora.xtec.cat\/escvilamar\/lescola\/material-escolar\/socialitzacio\/\" title=\"Read Adhesi\u00f3 projecte Ajuntament\">Llegeix m\u00e9s\u00bb<\/a><br \/>\n","protected":false},"author":1,"featured_media":0,"parent":36,"menu_order":4,"comment_status":"closed","ping_status":"closed","template":"","meta":{"_bbp_topic_count":0,"_bbp_reply_count":0,"_bbp_total_topic_count":0,"_bbp_total_reply_count":0,"_bbp_voice_count":0,"_bbp_anonymous_reply_count":0,"_bbp_topic_count_hidden":0,"_bbp_reply_count_hidden":0,"_bbp_forum_subforum_count":0,"footnotes":""},"class_list":["post-1169","page","type-page","status-publish","hentry"],"post_mailing_queue_ids":[],"_links":{"self":[{"href":"https:\/\/agora.xtec.cat\/escvilamar\/wp-json\/wp\/v2\/pages\/1169","targetHints":{"allow":["GET"]}}],"collection":[{"href":"https:\/\/agora.xtec.cat\/escvilamar\/wp-json\/wp\/v2\/pages"}],"about":[{"href":"https:\/\/agora.xtec.cat\/escvilamar\/wp-json\/wp\/v2\/types\/page"}],"author":[{"embeddable":true,"href":"https:\/\/agora.xtec.cat\/escvilamar\/wp-json\/wp\/v2\/users\/1"}],"replies":[{"embeddable":true,"href":"https:\/\/agora.xtec.cat\/escvilamar\/wp-json\/wp\/v2\/comments?post=1169"}],"version-history":[{"count":6,"href":"https:\/\/agora.xtec.cat\/escvilamar\/wp-json\/wp\/v2\/pages\/1169\/revisions"}],"predecessor-version":[{"id":6636,"href":"https:\/\/agora.xtec.cat\/escvilamar\/wp-json\/wp\/v2\/pages\/1169\/revisions\/6636"}],"up":[{"embeddable":true,"href":"https:\/\/agora.xtec.cat\/escvilamar\/wp-json\/wp\/v2\/pages\/36"}],"wp:attachment":[{"href":"https:\/\/agora.xtec.cat\/escvilamar\/wp-json\/wp\/v2\/media?parent=1169"}],"curies":[{"name":"wp","href":"https:\/\/api.w.org\/{rel}","templated":true}]}}