{"id":1162,"date":"2017-02-10T15:29:56","date_gmt":"2017-02-10T14:29:56","guid":{"rendered":"http:\/\/agora.xtec.cat\/escvilamar\/?page_id=1162"},"modified":"2022-07-19T13:26:40","modified_gmt":"2022-07-19T11:26:40","slug":"llibres","status":"publish","type":"page","link":"https:\/\/agora.xtec.cat\/escvilamar\/lescola\/material-escolar\/llibres\/","title":{"rendered":"Llibres"},"content":{"rendered":"<p><strong>LLIB<a href=\"http:\/\/agora.xtec.cat\/escvilamar\/wp-content\/uploads\/usu1098\/2017\/02\/\u00edndice.jpg\"><img loading=\"lazy\" decoding=\"async\" class=\"wp-image-1177 alignleft\" src=\"http:\/\/agora.xtec.cat\/escvilamar\/wp-content\/uploads\/usu1098\/2017\/02\/\u00edndice.jpg\" alt=\"indice\" width=\"185\" height=\"272\" \/><\/a>RES CURS 2022-2023<\/strong><\/p>\n<ul>\n<li><a href=\"https:\/\/agora.xtec.cat\/escvilamar\/wp-content\/uploads\/usu1098\/2022\/07\/Material-EI-2022-23-.pdf\">Material Educaci\u00f3 Infantil<\/a><\/li>\n<li><a href=\"https:\/\/agora.xtec.cat\/escvilamar\/wp-content\/uploads\/usu1098\/2022\/07\/llibres-1r-curs-2022-23-.pdf\">Educaci\u00f3 Prim\u00e0ria &#8211; 1r<\/a><\/li>\n<li><a href=\"https:\/\/agora.xtec.cat\/escvilamar\/wp-content\/uploads\/usu1098\/2022\/07\/llibres-2n-primaria-2022-23-.pdf\">Educaci\u00f3 Prim\u00e0ria &#8211; 2n<\/a><\/li>\n<li><a href=\"https:\/\/agora.xtec.cat\/escvilamar\/wp-content\/uploads\/usu1098\/2022\/07\/llibres-3r-primaria-2022-23-.pdf\">Educaci\u00f3 Prim\u00e0ria &#8211; 3r<\/a><\/li>\n<li><a href=\"https:\/\/agora.xtec.cat\/escvilamar\/wp-content\/uploads\/usu1098\/2022\/07\/llibres-4t-primaria-2022-23-.pdf\">Educaci\u00f3 Prim\u00e0ria &#8211; 4t<\/a><\/li>\n<li><a href=\"https:\/\/agora.xtec.cat\/escvilamar\/wp-content\/uploads\/usu1098\/2022\/07\/llibres-5e-primaria-2022-23-.pdf\">Educaci\u00f3 Prim\u00e0ria &#8211; 5\u00e8<\/a><\/li>\n<li><a href=\"https:\/\/agora.xtec.cat\/escvilamar\/wp-content\/uploads\/usu1098\/2022\/07\/llibres-6e-primaria-2022-23-.pdf\">Educaci\u00f3 Prim\u00e0ria &#8211; 6\u00e8<\/a><\/li>\n<\/ul>\n","protected":false},"excerpt":{"rendered":"<p>LLIB<a href=\"http:\/\/agora.xtec.cat\/escvilamar\/wp-content\/uploads\/usu1098\/2017\/02\/\u00edndice.jpg\"><\/a>RES CURS 2022-2023<\/p>\n<ul>\n<li><a href=\"https:\/\/agora.xtec.cat\/escvilamar\/wp-content\/uploads\/usu1098\/2022\/07\/Material-EI-2022-23-.pdf\">Material Educaci\u00f3 Infantil<\/a><\/li>\n<li><a href=\"https:\/\/agora.xtec.cat\/escvilamar\/wp-content\/uploads\/usu1098\/2022\/07\/llibres-1r-curs-2022-23-.pdf\">Educaci\u00f3 Prim\u00e0ria &#8211; 1r<\/a><\/li>\n<li><a href=\"https:\/\/agora.xtec.cat\/escvilamar\/wp-content\/uploads\/usu1098\/2022\/07\/llibres-2n-primaria-2022-23-.pdf\">Educaci\u00f3 Prim\u00e0ria &#8211; 2n<\/a><\/li>\n<li><a href=\"https:\/\/agora.xtec.cat\/escvilamar\/wp-content\/uploads\/usu1098\/2022\/07\/llibres-3r-primaria-2022-23-.pdf\">Educaci\u00f3 Prim\u00e0ria &#8211; 3r<\/a><\/li>\n<li><a href=\"https:\/\/agora.xtec.cat\/escvilamar\/wp-content\/uploads\/usu1098\/2022\/07\/llibres-4t-primaria-2022-23-.pdf\">Educaci\u00f3 Prim\u00e0ria &#8211; 4t<\/a><\/li>\n<li><a href=\"https:\/\/agora.xtec.cat\/escvilamar\/wp-content\/uploads\/usu1098\/2022\/07\/llibres-5e-primaria-2022-23-.pdf\">Educaci\u00f3 Prim\u00e0ria &#8211; 5\u00e8<\/a><\/li>\n<li><a href=\"https:\/\/agora.xtec.cat\/escvilamar\/wp-content\/uploads\/usu1098\/2022\/07\/llibres-6e-primaria-2022-23-.pdf\">Educaci\u00f3 Prim\u00e0ria &#8211; 6\u00e8<\/a><\/li>\n<\/ul>\n","protected":false},"author":1,"featured_media":0,"parent":36,"menu_order":3,"comment_status":"closed","ping_status":"closed","template":"","meta":{"_bbp_topic_count":0,"_bbp_reply_count":0,"_bbp_total_topic_count":0,"_bbp_total_reply_count":0,"_bbp_voice_count":0,"_bbp_anonymous_reply_count":0,"_bbp_topic_count_hidden":0,"_bbp_reply_count_hidden":0,"_bbp_forum_subforum_count":0,"footnotes":""},"class_list":["post-1162","page","type-page","status-publish","hentry"],"post_mailing_queue_ids":[],"_links":{"self":[{"href":"https:\/\/agora.xtec.cat\/escvilamar\/wp-json\/wp\/v2\/pages\/1162","targetHints":{"allow":["GET"]}}],"collection":[{"href":"https:\/\/agora.xtec.cat\/escvilamar\/wp-json\/wp\/v2\/pages"}],"about":[{"href":"https:\/\/agora.xtec.cat\/escvilamar\/wp-json\/wp\/v2\/types\/page"}],"author":[{"embeddable":true,"href":"https:\/\/agora.xtec.cat\/escvilamar\/wp-json\/wp\/v2\/users\/1"}],"replies":[{"embeddable":true,"href":"https:\/\/agora.xtec.cat\/escvilamar\/wp-json\/wp\/v2\/comments?post=1162"}],"version-history":[{"count":3,"href":"https:\/\/agora.xtec.cat\/escvilamar\/wp-json\/wp\/v2\/pages\/1162\/revisions"}],"predecessor-version":[{"id":4984,"href":"https:\/\/agora.xtec.cat\/escvilamar\/wp-json\/wp\/v2\/pages\/1162\/revisions\/4984"}],"up":[{"embeddable":true,"href":"https:\/\/agora.xtec.cat\/escvilamar\/wp-json\/wp\/v2\/pages\/36"}],"wp:attachment":[{"href":"https:\/\/agora.xtec.cat\/escvilamar\/wp-json\/wp\/v2\/media?parent=1162"}],"curies":[{"name":"wp","href":"https:\/\/api.w.org\/{rel}","templated":true}]}}