{"id":641,"date":"2016-07-13T12:47:07","date_gmt":"2016-07-13T11:47:07","guid":{"rendered":"http:\/\/agora.xtec.cat\/escvaigalmontbaig\/?page_id=641"},"modified":"2020-09-03T12:08:55","modified_gmt":"2020-09-03T10:08:55","slug":"projecte-eduquem-junts","status":"publish","type":"page","link":"https:\/\/agora.xtec.cat\/escvaigalmontbaig\/projecte-eduquem-junts\/","title":{"rendered":"Projecte Eduquem junts (Educaci\u00f3 360)"},"content":{"rendered":"<p style=\"text-align: justify;\">Eduquem junts \u00e9s un dels projectes integrats dins el Pla de Desenvolupament comunitari de la Direcci\u00f3 General de Serveis Comunitaris de la Generalitat de Catalunya I l&#8217;Ajuntament de Sant Boi de Llobregat, amb les Entitats del Barri de Camps Blancs<\/p>\n<p style=\"text-align: justify;\">Va sorgir de dos agents educatius fonamentals en el Barri de Camps Blancs: L&#8217;<strong>ESCOLA MONTBAIG<\/strong>, a trav\u00e9s de l&#8217;<strong>AMPA<\/strong>, i el <strong>CENTRE D\u2019ESPLAI INFANTIL I JUVENIL EIXIDA CAMPS BLANCS<\/strong>, units per uns objectius comuns: l\u2019educaci\u00f3 dels infants i adolescents del nostre barri. Tenim com objectiu prioritari ampliar aquest projecte a altres agents educatius del barri ( Escoles bressol , institut Camps Blancs, ambulatori, serveis socials , Escola de m\u00fasica,etc.) i tamb\u00e9 a l\u2019administraci\u00f3 local com vertebrador de les pol\u00edtiques municipals al territori ( Educaci\u00f3 ,Serveis Socials, participaci\u00f3, etc ) .<\/p>\n<p style=\"text-align: justify;\">L\u2019esplai Eixida i l\u2019escola Montbaig, s\u00f3n dos agents educatius fonamentals. Ja fa molts anys que han anat construint una cultura de treball en com\u00fa. S\u00f3n dues entitats:<\/p>\n<p style=\"text-align: justify;\">-Compromeses al barri de Camps Blancs, en el m\u00f3n dels infants i dels joves.<\/p>\n<p style=\"text-align: justify;\">-Experimentades, amb una traject\u00f2ria de treball pedag\u00f2gic llarg i reeixit.<\/p>\n<p style=\"text-align: justify;\">-Complement\u00e0ries. Creiem en la import\u00e0ncia de la cooperaci\u00f3 des dels \u00e0mbits formals i no formals per realitzar accions educatives de qualitat, arrelades, per tal de garantir la cohesi\u00f3 social i la igualtat d\u2019oportunitats.<\/p>\n<p style=\"text-align: justify;\">Amb la nostra activitat di\u00e0ria i amb aquest projecte volem:<\/p>\n<p style=\"text-align: justify;\">-Fomentar la participaci\u00f3 de les fam\u00edlies.<\/p>\n<p style=\"text-align: justify;\">-Aprofundir en nous models d\u2019intervenci\u00f3 socioeducativa que fomentin la participaci\u00f3 de tothom per tal de construir una veritable comunitat educativa, motor fonamental de la societat que volem construir.<\/p>\n<p style=\"text-align: justify;\">-Donar resposta a les necessitats i reptes educatius i de cohesi\u00f3 en el barri, a trav\u00e9s de la creaci\u00f3 d\u2019un model basat en l\u2019atenci\u00f3 educativa global i coherent.<\/p>\n<p style=\"text-align: justify;\">-Potenciar el treball en xarxa com el model d\u2019intervenci\u00f3 m\u00e9s efica\u00e7 d\u2019optimitzar recursos, fer viables diferents accions educatives i garantir la seva continu\u00eftat dins i fora de l\u2019\u00e0mbit escolar.<\/p>\n<p style=\"text-align: justify;\"><strong>DESENVOLUPAMENT DEL PROJECTE<\/strong><\/p>\n<p style=\"text-align: justify;\"><b><i>AMBIT DE FORMACI\u00d3<\/i><\/b><\/p>\n<p style=\"text-align: justify;\"><span style=\"font-weight: 400;\">Entenem i ubiquem en aquest \u00e0mbit \u00a0totes les activitats i projectes dirigits a millorar l\u2019assoliment dels aprenentatges escolars , per\u00f2 sempre des de una educaci\u00f3 integral, donant especial rellev\u00e0ncia a la igualtat d\u2019oportunitats, a la motivaci\u00f3 \u00a0\u00a0davant l\u2019adquisici\u00f3 de continguts, \u00a0a la potenciaci\u00f3 de la \u00a0autoestima i de les \u00a0expectatives de futur dels infants:<\/span><\/p>\n<ul style=\"text-align: justify;\">\n<li style=\"font-weight: 400;\"><span style=\"font-weight: 400;\">PROJECTE DE REFOR\u00c7 ESCOLAR<\/span><\/li>\n<li style=\"font-weight: 400;\"><span style=\"font-weight: 400;\">RAC\u00d3 DELS DEURES. PROGRAMA \u201cJUGAR I LLEGIR\u201d<\/span><\/li>\n<li style=\"font-weight: 400;\"><span style=\"font-weight: 400;\">RAC\u00d3 D\u2019INFORM\u00c0TICA PROGRAMA \u201cJUGAR I LLEGIR\u201d<\/span><\/li>\n<li style=\"font-weight: 400;\"><span style=\"font-weight: 400;\">ESTUDI ASSISTIT A L\u2019ESCOLA MONTBAIG<\/span><\/li>\n<li style=\"font-weight: 400;\"><span style=\"font-weight: 400;\">CURS D\u2019INFORM\u00c0TICA PER MARES MONTBAIG I EXIDA<\/span><\/li>\n<\/ul>\n<p style=\"text-align: justify;\"><b><i>AMBIT \u00a0DE LLEURE I ACTIVITATS EXTRAESCOLARS<\/i><\/b><\/p>\n<p style=\"text-align: justify;\"><span style=\"font-weight: 400;\">Aqu\u00ed ubiquem tots aquest projectes comuns que al llarg de tots aquest any hem anat dissenyant \u00a0i desenvolupant de manera conjunta entre l\u2019Escola i l\u2019Esplai per cobrir les necessitats dels infants i les seves fam\u00edlies \u00a0i que ara volem ampliar a tota la poblaci\u00f3 del barri indistintament estiguin vinculats a l\u2019Escola i a l\u2019Esplai .<\/span><\/p>\n<ul style=\"text-align: justify;\">\n<li style=\"font-weight: 400;\"><span style=\"font-weight: 400;\">ACOLLIDA \u00a0I RECOLLIDA<\/span><\/li>\n<li style=\"font-weight: 400;\"><span style=\"font-weight: 400;\">CASALS \u00a0I COL\u00d2NIES D\u2019ESTIU<\/span><\/li>\n<li style=\"font-weight: 400;\"><span style=\"font-weight: 400;\">RAC\u00d3 DEL JOC <\/span><\/li>\n<li style=\"font-weight: 400;\"><span style=\"font-weight: 400;\">ACTIVITATS EXTRAESCOLARS OBERTES AL BARRI<\/span><\/li>\n<\/ul>\n<p style=\"text-align: justify;\"><b><i>AMBIT DE SEGUIMENT I COORDINACI\u00d3 PEDAG\u00d2GICA<\/i><\/b><\/p>\n<p style=\"text-align: justify;\"><span style=\"font-weight: 400;\">En aquest \u00e0mbit estan totes aquelles accions conjuntes que desenvolupen l\u2019Escola i l\u2019Esplai per \u00a0fer el seguiment individualitzat de cadascun dels alumnes de l\u2019escola que participen en els diferents projectes o activitats , \u00a0aix\u00ed com les accions dirigides a la coordinaci\u00f3 , disseny i valoraci\u00f3 de les activitats conjuntes<\/span><\/p>\n<ul style=\"text-align: justify;\">\n<li style=\"font-weight: 400;\"><span style=\"font-weight: 400;\">REUNIONS DE SEGUIMENT AMB ELS MESTRES<\/span><\/li>\n<li style=\"font-weight: 400;\"><span style=\"font-weight: 400;\">REUNIONS AMB L\u2019EQUIP DIRECTIU<\/span><\/li>\n<li style=\"font-weight: 400;\"><span style=\"font-weight: 400;\">REUNIONS AMB L\u2019AMPA<\/span><\/li>\n<\/ul>\n<p style=\"text-align: justify;\"><b><i>AMBIT DE PARTICIPACI\u00d3 COMUNITARIA<\/i><\/b><\/p>\n<p style=\"text-align: justify;\"><span style=\"font-weight: 400;\">Aqu\u00ed incloent la participaci\u00f3 conjunta entre l\u2019Escola i l\u2019Esplai, en les festes pr\u00f2pies del Calendari Escolar i que donen vida a la Comunitat Educativa, on tots som protagonistes els nens\/es, les fam\u00edlies, els mestres \u00a0i els monitors\/es i obertes al barri.<\/span><\/p>\n<ul style=\"text-align: justify;\">\n<li style=\"font-weight: 400;\"><span style=\"font-weight: 400;\">FESTA DE NADAL<\/span><\/li>\n<li style=\"font-weight: 400;\"><span style=\"font-weight: 400;\">CARNAVAL<\/span><\/li>\n<li style=\"font-weight: 400;\"><span style=\"font-weight: 400;\">SANT JORDI<\/span><\/li>\n<li style=\"font-weight: 400;\"><span style=\"font-weight: 400;\">FI DE CURS<\/span><\/li>\n<li style=\"font-weight: 400;\"><span style=\"font-weight: 400;\">FESTES DE BARRI<\/span><\/li>\n<\/ul>\n<p style=\"text-align: justify;\"><b><i>AMBIT \u00a0FAMILIAR:<\/i><\/b><\/p>\n<p style=\"text-align: justify;\"><span style=\"font-weight: 400;\">En aquet \u00e0mbit \u00a0fem refer\u00e8ncia a totes les accions dirigides exclusivament a les fam\u00edlies <\/span><\/p>\n<ul style=\"text-align: justify;\">\n<li style=\"font-weight: 400;\"><span style=\"font-weight: 400;\">ESPAI FAMILIAR<\/span><\/li>\n<li style=\"font-weight: 400;\"><span style=\"font-weight: 400;\">XERRADES AMB MARES i PARES<\/span><\/li>\n<li style=\"font-weight: 400;\"><span style=\"font-weight: 400;\">TALLERS PER DONES<\/span><\/li>\n<li style=\"font-weight: 400;\"><span style=\"font-weight: 400;\">CURS D\u2019INFORM\u00c0TICA PER MARES<\/span><\/li>\n<li style=\"font-weight: 400;\"><span style=\"font-weight: 400;\">ACTIVITATS DIRIGIDES A LA FAMILIA DINS DE LES FESTES <\/span><\/li>\n<\/ul>\n<p style=\"text-align: justify;\"><b>OBJECTIUS EDUCATIUS<\/b><\/p>\n<ul style=\"text-align: justify;\">\n<li style=\"font-weight: 400;\"><span style=\"font-weight: 400;\">Realitzar i desenvolupar <\/span><b>activitats l\u00fadiques i educatives<\/b><span style=\"font-weight: 400;\"> adaptades al ritme dels infants i a l&#8217;horari en qu\u00e8 s&#8217;hi desenvoluparan (mat\u00ed, tarda).<\/span><\/li>\n<li style=\"font-weight: 400;\"><span style=\"font-weight: 400;\">Aconseguir la implicaci\u00f3 en el projecte als <\/span><b>diferents agents del Barri: Escola, Esplai, Serveis Socials, Fam\u00edlies\u2026<\/b><\/li>\n<li style=\"font-weight: 400;\"><span style=\"font-weight: 400;\">Establir <\/span><b>referents compartits i coordinats entre l\u2019Escola i l\u2019Esplai<\/b><span style=\"font-weight: 400;\"> que treballen conjuntament pel desenvolupament integral del infants, i que siguin tamb\u00e9 \u00a0referents per llurs fam\u00edlies. ( mestres i monitors\/es)<\/span><\/li>\n<li style=\"font-weight: 400;\"><span style=\"font-weight: 400;\">Fomentar la <\/span><b>participaci\u00f3 a trav\u00e9s d&#8217;una difusi\u00f3 efectiva<\/b><span style=\"font-weight: 400;\"> i partint de la confian\u00e7a i coneixement que tant l&#8217;escola com l&#8217;esplai i, tamb\u00e9 \u00a0l\u2019AMPA t\u00e9 de les fam\u00edlies.<\/span><\/li>\n<li style=\"font-weight: 400;\"><span style=\"font-weight: 400;\">Educar en els <\/span><b>valors humans<\/b><span style=\"font-weight: 400;\">, com un mitja de transformaci\u00f3 de la societat.<\/span><\/li>\n<li style=\"font-weight: 400;\"><span style=\"font-weight: 400;\">Fer un <\/span><b>seguiment dels infants<\/b><span style=\"font-weight: 400;\"> per detectar problem\u00e0tiques, establir criteris d\u2019actuacions comuns ,etc<\/span><\/li>\n<\/ul>\n<p style=\"text-align: justify;\"><b>OBJECTIUS AMB ELS INFANTS<\/b><\/p>\n<ul style=\"text-align: justify;\">\n<li style=\"font-weight: 400;\"><span style=\"font-weight: 400;\">Motivar als nens i les nenes perqu\u00e8 <\/span><b>participin i s&#8217;impliquin<\/b><span style=\"font-weight: 400;\"> en les activitats proposades.<\/span><\/li>\n<li style=\"font-weight: 400;\"><span style=\"font-weight: 400;\">Fomentar <\/span><b>l&#8217;autonomia personal dels infants<\/b><span style=\"font-weight: 400;\"> a trav\u00e9s de les activitats i creant espais el m\u00e9s quotidians i propers possibles.<\/span><\/li>\n<li style=\"font-weight: 400;\"><span style=\"font-weight: 400;\">Treballar conjuntament per <\/span><b>l\u2019adquisici\u00f3 dels h\u00e0bits i habilitats<\/b><span style=\"font-weight: 400;\"> necessaris pel desenvolupament harm\u00f2nic dels infants <\/span><\/li>\n<li style=\"font-weight: 400;\"><span style=\"font-weight: 400;\">Garantir als infants, sobretot aquells en <\/span><b>situacions socials m\u00e9s desfavorides<\/b><span style=\"font-weight: 400;\"> un <\/span><b>suport constant per l\u2019adquisici\u00f3 dels aprenentatges escolars, en coordinaci\u00f3 amb els tutors\/es.<\/b><\/li>\n<li style=\"font-weight: 400;\"><span style=\"font-weight: 400;\">Augmentar les <\/span><b>expectatives de futur i les oportunitats<\/b><span style=\"font-weight: 400;\"> d\u2019aquells infants amb m\u00e9s dificultats socioecon\u00f2miqes i\/o maduratives-cognitives<\/span><\/li>\n<li style=\"font-weight: 400;\"><span style=\"font-weight: 400;\">Aconseguir <\/span><b>una assist\u00e8ncia continuada<\/b><span style=\"font-weight: 400;\"> dels nens i les nenes al llarg de tot el curs.<\/span><\/li>\n<li style=\"font-weight: 400;\"><span style=\"font-weight: 400;\">Potenciar la participaci\u00f3 continuada \u00a0a les diferents activitats que es puguin desenvolupar a l\u2019esplai<\/span><span style=\"font-weight: 400;\">&#8230;<\/span><\/li>\n<li style=\"font-weight: 400;\"><span style=\"font-weight: 400;\">Fomentar les <\/span><b>relacions personals<\/b><span style=\"font-weight: 400;\"> entre \u00a0nens i nenes del barri de diferents cultures i\/o diferents centres educatius.<\/span><\/li>\n<\/ul>\n<p style=\"text-align: justify;\"><b>OBJECTIUS AMB FAM\u00cdLIES<\/b><\/p>\n<ul style=\"text-align: justify;\">\n<li style=\"font-weight: 400;\"><span style=\"font-weight: 400;\">Oferir <\/span><b>recursos i serveis de qualitat<\/b><span style=\"font-weight: 400;\"> a les fam\u00edlies per poder millorar el desenvolupament dels seus fills , i tamb\u00e9 conciliar la <\/span><b>seva vida laboral i familiar<\/b><span style=\"font-weight: 400;\">.( ACOLLIDA I RECOLLIDA , CASALS D\u2019ESTIU, RAC\u00d3 DEL JOC ,ESPAI FAMILIAR&#8230;)<\/span><\/li>\n<li style=\"font-weight: 400;\"><span style=\"font-weight: 400;\">Oferir <\/span><b>activitats i actuacions dirigides exclusivament a les fam\u00edlies , voltant a formaci\u00f3 d\u2019elles mateixes i tamb\u00e9 relacionades amb l\u2019educaci\u00f3 dels seus fills i filles<\/b><\/li>\n<\/ul>\n<ul style=\"text-align: justify;\">\n<li style=\"font-weight: 400;\"><b>Informar a les fam\u00edlies dels diferents<\/b><span style=\"font-weight: 400;\"> serveis que tenen a disposici\u00f3 deixant clar la seva organitzaci\u00f3 i funcionament.<\/span><\/li>\n<li style=\"font-weight: 400;\"><b>Implicar en els pares i mares en el proc\u00e9s educatiu i de lleure dels seus fills\/es.<\/b><\/li>\n<li style=\"font-weight: 400;\"><span style=\"font-weight: 400;\">Portar a terme un <\/span><b>seguiment continu de l&#8217;evoluci\u00f3 dels infants<\/b><span style=\"font-weight: 400;\"> intercanviant informacions amb les seves fam\u00edlies.<\/span><\/li>\n<li style=\"font-weight: 400;\"><span style=\"font-weight: 400;\">Que hi hagi el <\/span><b>comprom\u00eds d&#8217;abonar les quotes \u00a0i d\u2019utilitzar els serveis respectant les condicions establertes <\/b><span style=\"font-weight: 400;\">en cadascuna de les activitats o projectes.<\/span><\/li>\n<\/ul>\n<p style=\"text-align: justify;\"><b>OBJECTIUS COMUNITARIS <\/b><\/p>\n<ul>\n<li style=\"font-weight: 400; text-align: justify;\"><b>Impulsar l\u2019Escola del barri <\/b><span style=\"font-weight: 400;\">\u00a0<\/span><span style=\"font-weight: 400;\">com la refer\u00e8ncia educativa d\u2019educaci\u00f3 infantil i prim\u00e0ria del barri, oberta&#8230;..<\/span><\/li>\n<li style=\"font-weight: 400; text-align: justify;\"><span style=\"font-weight: 400;\">Rentabilitzar i optimitzar recursos, econ\u00f2mics, estructurals, professionals &#8230;.<\/span><\/li>\n<li style=\"font-weight: 400; text-align: justify;\"><b>Obrir l\u2019Escola<\/b><span style=\"font-weight: 400;\"> a tota la poblaci\u00f3 infantil i les seves fam\u00edlies ( Festes, Casals , activitats&#8230;)<\/span><\/li>\n<li style=\"font-weight: 400; text-align: justify;\"><b>Implicar a les administracions p\u00fabliques i t\u00e8cnics del barri<\/b><span style=\"font-weight: 400;\"> en aquest model de comunitat educativa i en el treball en el territori<\/span><\/li>\n<\/ul>\n<p>&nbsp;<\/p>\n","protected":false},"excerpt":{"rendered":"<p>Eduquem junts \u00e9s un dels projectes integrats dins el Pla de Desenvolupament comunitari de la Direcci\u00f3 General de Serveis Comunitaris de la Generalitat de Catalunya I l&#8217;Ajuntament de Sant Boi de Llobregat, amb les Entitats del Barri de Camps Blancs<br \/>\nVa sorgir de dos agents educatius&hellip;  <a href=\"https:\/\/agora.xtec.cat\/escvaigalmontbaig\/projecte-eduquem-junts\/\" title=\"Read Projecte Eduquem junts (Educaci\u00f3 360)\">Llegeix m\u00e9s\u00bb<\/a><\/p>\n","protected":false},"author":1,"featured_media":0,"parent":0,"menu_order":0,"comment_status":"closed","ping_status":"closed","template":"","meta":{"_bbp_topic_count":0,"_bbp_reply_count":0,"_bbp_total_topic_count":0,"_bbp_total_reply_count":0,"_bbp_voice_count":0,"_bbp_anonymous_reply_count":0,"_bbp_topic_count_hidden":0,"_bbp_reply_count_hidden":0,"_bbp_forum_subforum_count":0,"footnotes":""},"class_list":["post-641","page","type-page","status-publish","hentry"],"post_mailing_queue_ids":[],"_links":{"self":[{"href":"https:\/\/agora.xtec.cat\/escvaigalmontbaig\/wp-json\/wp\/v2\/pages\/641","targetHints":{"allow":["GET"]}}],"collection":[{"href":"https:\/\/agora.xtec.cat\/escvaigalmontbaig\/wp-json\/wp\/v2\/pages"}],"about":[{"href":"https:\/\/agora.xtec.cat\/escvaigalmontbaig\/wp-json\/wp\/v2\/types\/page"}],"author":[{"embeddable":true,"href":"https:\/\/agora.xtec.cat\/escvaigalmontbaig\/wp-json\/wp\/v2\/users\/1"}],"replies":[{"embeddable":true,"href":"https:\/\/agora.xtec.cat\/escvaigalmontbaig\/wp-json\/wp\/v2\/comments?post=641"}],"version-history":[{"count":3,"href":"https:\/\/agora.xtec.cat\/escvaigalmontbaig\/wp-json\/wp\/v2\/pages\/641\/revisions"}],"predecessor-version":[{"id":19140,"href":"https:\/\/agora.xtec.cat\/escvaigalmontbaig\/wp-json\/wp\/v2\/pages\/641\/revisions\/19140"}],"wp:attachment":[{"href":"https:\/\/agora.xtec.cat\/escvaigalmontbaig\/wp-json\/wp\/v2\/media?parent=641"}],"curies":[{"name":"wp","href":"https:\/\/api.w.org\/{rel}","templated":true}]}}