{"id":636,"date":"2016-07-13T12:37:43","date_gmt":"2016-07-13T11:37:43","guid":{"rendered":"http:\/\/agora.xtec.cat\/escvaigalmontbaig\/?page_id=636"},"modified":"2016-07-13T12:37:43","modified_gmt":"2016-07-13T11:37:43","slug":"projecte-mochil","status":"publish","type":"page","link":"https:\/\/agora.xtec.cat\/escvaigalmontbaig\/projecte-mochil\/","title":{"rendered":"Projecte Mochil"},"content":{"rendered":"<p style=\"text-align: justify;\">Els alumnes de cicle incial de la nostra escola fan un treball en valors i educaci\u00f3 emocional a partir del desenvolupament del Projecte Mochil amb un conjunt de contes i activitats.<br \/>\nAquesta s\u00e8rie de 8 contes neix amb l&#8217;objectiu de fer que aflorin, en els nens, capacitats que afavoreixin el desenvolupament personal i social, s&#8217;instaurin i se solidifiquin. Es vol omplir la motxilla dels alumnes amb les capacitats necess\u00e0ries per tal que es desenvolupin com a persones i, entre tots, col\u00b7laborin per construir un m\u00f3n millor. En cada conte es treballa una capacitat: habilitats socials, empatia, motivaci\u00f3, assertivitat, autonomia, resoluci\u00f3 de conflictes, autocontrol i autoestima.<\/p>\n<p style=\"text-align: justify;\">\n<p style=\"text-align: justify;\"><a href=\"http:\/\/agora.xtec.cat\/escvaigalmontbaig\/wp-content\/uploads\/usu1395\/2016\/07\/Contes_Motxil_CA.jpg\"><img loading=\"lazy\" decoding=\"async\" class=\"aligncenter wp-image-637 size-full\" src=\"http:\/\/agora.xtec.cat\/escvaigalmontbaig\/wp-content\/uploads\/usu1395\/2016\/07\/Contes_Motxil_CA.jpg\" alt=\"Contes_Motxil_CA\" width=\"300\" height=\"167\" \/><\/a><\/p>\n","protected":false},"excerpt":{"rendered":"<p>Els alumnes de cicle incial de la nostra escola fan un treball en valors i educaci\u00f3 emocional a partir del desenvolupament del Projecte Mochil amb un conjunt de contes i activitats.<br \/>\nAquesta s\u00e8rie de 8 contes neix amb l&#8217;objectiu de fer que aflorin, en els nens,&hellip;  <a href=\"https:\/\/agora.xtec.cat\/escvaigalmontbaig\/projecte-mochil\/\" title=\"Read Projecte Mochil\">Llegeix m\u00e9s\u00bb<\/a><\/p>\n","protected":false},"author":1,"featured_media":0,"parent":0,"menu_order":0,"comment_status":"closed","ping_status":"closed","template":"","meta":{"_bbp_topic_count":0,"_bbp_reply_count":0,"_bbp_total_topic_count":0,"_bbp_total_reply_count":0,"_bbp_voice_count":0,"_bbp_anonymous_reply_count":0,"_bbp_topic_count_hidden":0,"_bbp_reply_count_hidden":0,"_bbp_forum_subforum_count":0,"footnotes":""},"class_list":["post-636","page","type-page","status-publish","hentry"],"post_mailing_queue_ids":[],"_links":{"self":[{"href":"https:\/\/agora.xtec.cat\/escvaigalmontbaig\/wp-json\/wp\/v2\/pages\/636","targetHints":{"allow":["GET"]}}],"collection":[{"href":"https:\/\/agora.xtec.cat\/escvaigalmontbaig\/wp-json\/wp\/v2\/pages"}],"about":[{"href":"https:\/\/agora.xtec.cat\/escvaigalmontbaig\/wp-json\/wp\/v2\/types\/page"}],"author":[{"embeddable":true,"href":"https:\/\/agora.xtec.cat\/escvaigalmontbaig\/wp-json\/wp\/v2\/users\/1"}],"replies":[{"embeddable":true,"href":"https:\/\/agora.xtec.cat\/escvaigalmontbaig\/wp-json\/wp\/v2\/comments?post=636"}],"version-history":[{"count":1,"href":"https:\/\/agora.xtec.cat\/escvaigalmontbaig\/wp-json\/wp\/v2\/pages\/636\/revisions"}],"predecessor-version":[{"id":639,"href":"https:\/\/agora.xtec.cat\/escvaigalmontbaig\/wp-json\/wp\/v2\/pages\/636\/revisions\/639"}],"wp:attachment":[{"href":"https:\/\/agora.xtec.cat\/escvaigalmontbaig\/wp-json\/wp\/v2\/media?parent=636"}],"curies":[{"name":"wp","href":"https:\/\/api.w.org\/{rel}","templated":true}]}}