{"id":553,"date":"2016-07-12T20:33:17","date_gmt":"2016-07-12T19:33:17","guid":{"rendered":"http:\/\/agora.xtec.cat\/escvaigalmontbaig\/?page_id=553"},"modified":"2016-07-12T22:50:57","modified_gmt":"2016-07-12T21:50:57","slug":"lescola-2","status":"publish","type":"page","link":"https:\/\/agora.xtec.cat\/escvaigalmontbaig\/lescola-2\/","title":{"rendered":"L&#8217;escola"},"content":{"rendered":"<p style=\"text-align: left;\"><strong>Benvinguts a la nostra web!<\/strong><\/p>\n<p style=\"text-align: left;\">A la nostra p\u00e0gina web trobar\u00e0s tot el que necessites saber sobre la nostra Escola, per\u00f2 tamb\u00e9 una multitud d&#8217;informaci\u00f3 sobre temes relacionats amb els vostres fills i filles.<\/p>\n","protected":false},"excerpt":{"rendered":"<p>Benvinguts a la nostra web!<br \/>\nA la nostra p\u00e0gina web trobar\u00e0s tot el que necessites saber sobre la nostra Escola, per\u00f2 tamb\u00e9 una multitud d&#8217;informaci\u00f3 sobre temes relacionats amb els vostres fills i filles.<\/p>\n","protected":false},"author":1,"featured_media":0,"parent":0,"menu_order":0,"comment_status":"closed","ping_status":"closed","template":"","meta":{"_bbp_topic_count":0,"_bbp_reply_count":0,"_bbp_total_topic_count":0,"_bbp_total_reply_count":0,"_bbp_voice_count":0,"_bbp_anonymous_reply_count":0,"_bbp_topic_count_hidden":0,"_bbp_reply_count_hidden":0,"_bbp_forum_subforum_count":0,"footnotes":""},"class_list":["post-553","page","type-page","status-publish","hentry"],"post_mailing_queue_ids":[],"_links":{"self":[{"href":"https:\/\/agora.xtec.cat\/escvaigalmontbaig\/wp-json\/wp\/v2\/pages\/553","targetHints":{"allow":["GET"]}}],"collection":[{"href":"https:\/\/agora.xtec.cat\/escvaigalmontbaig\/wp-json\/wp\/v2\/pages"}],"about":[{"href":"https:\/\/agora.xtec.cat\/escvaigalmontbaig\/wp-json\/wp\/v2\/types\/page"}],"author":[{"embeddable":true,"href":"https:\/\/agora.xtec.cat\/escvaigalmontbaig\/wp-json\/wp\/v2\/users\/1"}],"replies":[{"embeddable":true,"href":"https:\/\/agora.xtec.cat\/escvaigalmontbaig\/wp-json\/wp\/v2\/comments?post=553"}],"version-history":[{"count":3,"href":"https:\/\/agora.xtec.cat\/escvaigalmontbaig\/wp-json\/wp\/v2\/pages\/553\/revisions"}],"predecessor-version":[{"id":581,"href":"https:\/\/agora.xtec.cat\/escvaigalmontbaig\/wp-json\/wp\/v2\/pages\/553\/revisions\/581"}],"wp:attachment":[{"href":"https:\/\/agora.xtec.cat\/escvaigalmontbaig\/wp-json\/wp\/v2\/media?parent=553"}],"curies":[{"name":"wp","href":"https:\/\/api.w.org\/{rel}","templated":true}]}}