{"id":542,"date":"2016-07-12T12:01:15","date_gmt":"2016-07-12T11:01:15","guid":{"rendered":"http:\/\/agora.xtec.cat\/escvaigalmontbaig\/?page_id=542"},"modified":"2016-07-13T11:59:28","modified_gmt":"2016-07-13T10:59:28","slug":"projecte-euronet-50x50","status":"publish","type":"page","link":"https:\/\/agora.xtec.cat\/escvaigalmontbaig\/projecte-euronet-50x50\/","title":{"rendered":"Projecte Euronet 50&#215;50"},"content":{"rendered":"<p style=\"text-align: justify;\">Des de fa 3 anys la nostra escola participa en el Projecte europeu Euronet 50\/50. L&#8217;euronet 50\/50 max \u00e9s un projecte que incentiva l&#8217;estalvi energ\u00e8tic en edificis p\u00fablics a partir de l&#8217;aplicaci\u00f3 de bones pr\u00e0ctiques en l&#8217;\u00fas i la gesti\u00f3 de l&#8217;energia. La metodologia que es fa servir \u00e9s el 50\/50, que consisteix en introduir incentius econ\u00f2mics a l&#8217;estalvi energ\u00e8tic aconseguit. L&#8217;ajuntament (que \u00e9s qui paga les factures) i l&#8217;equipament signen un comprom\u00eds on el primer es compromet a retornar el 50% dels estalvis econ\u00f2mics aconseguits i l&#8217;equipament es compromet a aplicar un conjunt de bones pr\u00e0ctiques i liderar el projecte.<\/p>\n<p>A continuaci\u00f3 es pot trobar un resum dels 9 passos que conduiran a l&#8217;estalvi econ\u00f2mic i energ\u00e8tic:<\/p>\n<h3>PAS 1 &#8211; CREACI\u00d3 DE L&#8217;EQUIP ENERG\u00c8TIC<\/h3>\n<p style=\"text-align: justify;\">L&#8217;equip energ\u00e8tic est\u00e0 format per els alumnes de sis\u00e8 de prim\u00e0ria, mestres \u00a0i el conserge de l\u2019escola, entre altres. La seva tasca \u00e9s la d&#8217;explorar la situaci\u00f3 energ\u00e8tica actual de l&#8217;escola i proposar i implementar mesures d&#8217;estalvi energ\u00e8tic. L&#8217;equip tamb\u00e9 organitzar\u00e0 una campanya d&#8217;informaci\u00f3 i educaci\u00f3 dirigida a la resta de l\u2019escola.<\/p>\n<h3>PAS 2 &#8211; RECORREGUT ENERG\u00c8TIC GUIAT<\/h3>\n<p style=\"text-align: justify;\">Abans de comen\u00e7ar a treballar amb els alumnes, el director del centre escolar, conjuntament amb els mestres involucrats i el conserge, participen en l&#8217;anomenat &#8220;recorregut energ\u00e8tic guiat&#8221;, que els preparar\u00e0 per a les tasques futures. L&#8217;objectiu del recorregut \u00e9s:<\/p>\n<ul>\n<li style=\"text-align: justify;\">Fer una avaluaci\u00f3 inicial de les caracter\u00edstiques energ\u00e8tiques de l&#8217;edifici escolar (inclosa l&#8217;avaluaci\u00f3 del sistema de calefacci\u00f3, l&#8217;estat t\u00e8cnic de l&#8217;edificaci\u00f3, etc.);<\/li>\n<li style=\"text-align: justify;\">Identificar els elements en qu\u00e8 s&#8217;ha d&#8217;enfocar l&#8217;atenci\u00f3 dels alumnes, aix\u00ed com la recerca d\u2019experi\u00e8ncies d&#8217;\u00e8xit potencial per als alumnes.<\/li>\n<\/ul>\n<h3>PAS 3 &#8211; CON\u00c8IXER, PRENDRE CONSCI\u00c8NCIA I PLANIFICAR<\/h3>\n<p>En aquesta etapa els alumnes (tant de l&#8217;equip energ\u00e8tic com la resta) es familiaritzen amb q\u00fcestions com ara:<\/p>\n<ul>\n<li>Formes d&#8217;energia o l&#8217;\u00fas de l&#8217;energia en la vida quotidiana i el seu impacte en el medi ambient.<\/li>\n<li>L&#8217;efecte hivernacle, el canvi clim\u00e0tic i la protecci\u00f3 del clima,<\/li>\n<li>L&#8217;estalvi energ\u00e8tic, l&#8217;efici\u00e8ncia energ\u00e8tica, l&#8217;\u00fas de fonts energ\u00e8tiques renovables.<\/li>\n<\/ul>\n<p>L&#8217;objectiu \u00e9s conferir als alumnes el coneixement i la conscienciaci\u00f3 de les q\u00fcestions relacionades amb el clima i l&#8217;energia, aix\u00ed com fer-los conscients que hi ha la possibilitat de fer accions que actu\u00efn sobre el canvi clim\u00e0tic i que les seves accions individuals s\u00f3n importants.<\/p>\n<h3>PAS 4 &#8211; RECORREGUT ENERG\u00c8TIC \/ INSPECCI\u00d3<\/h3>\n<p style=\"text-align: justify;\">Aquesta vegada el recorregut energ\u00e8tic \u00e9s realitzat per l&#8217;equip energ\u00e8tic. Sota la supervisi\u00f3 dels professors i el conserge de l&#8217;escola, els alumnes inspeccionen tot l&#8217;edifici escolar i avaluen els diferents aspectes que influeixen en el consum energ\u00e8tic de l&#8217;escola, incloent:<\/p>\n<ul>\n<li>Estat t\u00e8cnic de l&#8217;edifici<\/li>\n<li>Sistema de calefacci\u00f3<\/li>\n<li>Il\u2022luminaci\u00f3<\/li>\n<li>\u00das d&#8217;equips electr\u00f2nics<\/li>\n<li>\u00das de l&#8217;aigua calenta<\/li>\n<\/ul>\n<h3>PAS 5 &#8211; PRESA DE DADES DE TEMPERATURA I AVALUACI\u00d3 DE L&#8217;\u00daS DE L&#8217;ENERGIA<\/h3>\n<p style=\"text-align: justify;\">En aquesta etapa de l&#8217;execuci\u00f3 del projecte l&#8217;equip energ\u00e8tic t\u00e9 dues tasques:<\/p>\n<ul>\n<li style=\"text-align: justify;\">Fer un perfil de temperatura a llarg termini de l\u2019escola mesurant temperatures i llum a totes les aules dos dies a la setmana \u00a0durant tot el curs.<\/li>\n<li>Avaluaci\u00f3 de l&#8217; \u00fas de l&#8217;energia basada en:\n<ul>\n<li style=\"text-align: justify;\">Observaci\u00f3 de com la conducta d&#8217;altres alumnes, mestres i altres usuaris de l&#8217;edifici escolar influeix en el consum energ\u00e8tic de l\u2019escola. Ells prestaran especial atenci\u00f3 a comportaments com ara: m\u00e8tode d&#8217;airejar les habitacions, m\u00e8todes de regulaci\u00f3 de la calefacci\u00f3, \u00fas d&#8217;aparells el\u00e8ctrics i electr\u00f2nics, etc.<\/li>\n<\/ul>\n<\/li>\n<\/ul>\n<h3>PAS 6 &#8211; PLA D&#8217;ACCI\u00d3 \/ SOLUCIONS<\/h3>\n<p>En aquesta etapa l&#8217;equip energ\u00e8tic realitza un estudi estad\u00edstic i analitza els seus resultats i desenvolupa propostes de solucions per reduir el consum energ\u00e8tic a l&#8217;escola.<\/p>\n<h3>PAS 7 &#8211; CAMPANYA INFORMATIVA<\/h3>\n<p style=\"text-align: justify;\">En aquesta etapa l&#8217;equip energ\u00e8tic comparteix amb la resta de l\u2019escola el que han apr\u00e8s durant l&#8217;execuci\u00f3 del projecte i el que poden fer per estalviar energia. L&#8217;equip pot utilitzar diferents canals de comunicaci\u00f3, com per exemple: fer cartells o presentacions a la pissarra digital, fent presentacions en les classes i en els esdeveniments de l\u2019escola&#8230;<\/p>\n<h3>PAS 8 &#8211; COMUNICACI\u00d3 I \u00daS DELS DINERS ESTALVIATS<\/h3>\n<p style=\"text-align: justify;\">Una part molt important del projecte \u00e9s la participaci\u00f3 dels alumnes en la decisi\u00f3 de com utilitzar els diners estalviats. D&#8217;aquesta manera sentiran que les seves accions tenen resultats positius i mesurables. Per tant, despr\u00e9s de cada any d&#8217;aplicaci\u00f3 del 50\/50 cal calcular i informar la comunitat escolar sobre la quantitat d&#8217;energia, CO<sub>2<\/sub> i diners que han estat estalviats i, a continuaci\u00f3, discutir amb els alumnes qu\u00e8 es pot fer amb els diners estalviats<\/p>\n<p style=\"margin: 12px auto 6px auto; font-family: Helvetica,Arial,Sans-serif; font-style: normal; font-variant: normal; font-weight: normal; font-size: 14px; line-height: normal; font-size-adjust: none; font-stretch: normal; -x-system-font: none; display: block;\"><a style=\"text-decoration: underline;\" title=\"View EuroNet curs 2015\/2016 on Scribd\" href=\"https:\/\/www.scribd.com\/presentation\/318175630\/EuroNet-curs-2015-2016#from_embed\">EuroNet curs 2015\/2016<\/a><\/p>\n<p><iframe loading=\"lazy\" id=\"doc_83022\" class=\"scribd_iframe_embed\" src=\"https:\/\/www.scribd.com\/embeds\/318175630\/content?start_page=1&amp;view_mode=scroll&amp;show_recommendations=true&amp;show_upsell=true\" width=\"100%\" height=\"600\" frameborder=\"0\" scrolling=\"no\" data-auto-height=\"false\" data-aspect-ratio=\"undefined\"><\/iframe><\/p>\n<p>Enlla\u00e7 a not\u00edcies Euronet\u00a0de l&#8217;Ajuntament:\u00a0<a href=\"http:\/\/www.santboi.cat\/euronet\" target=\"_blank\">EURONET AJUNTAMENT<\/a><\/p>\n","protected":false},"excerpt":{"rendered":"<p>Des de fa 3 anys la nostra escola participa en el Projecte europeu Euronet 50\/50. L&#8217;euronet 50\/50 max \u00e9s un projecte que incentiva l&#8217;estalvi energ\u00e8tic en edificis p\u00fablics a partir de l&#8217;aplicaci\u00f3 de bones pr\u00e0ctiques en l&#8217;\u00fas i la gesti\u00f3 de l&#8217;energia. La metodologia que&hellip;  <a href=\"https:\/\/agora.xtec.cat\/escvaigalmontbaig\/projecte-euronet-50x50\/\" title=\"Read Projecte Euronet 50&#215;50\">Llegeix m\u00e9s\u00bb<\/a><\/p>\n","protected":false},"author":1,"featured_media":0,"parent":0,"menu_order":0,"comment_status":"closed","ping_status":"closed","template":"","meta":{"_bbp_topic_count":0,"_bbp_reply_count":0,"_bbp_total_topic_count":0,"_bbp_total_reply_count":0,"_bbp_voice_count":0,"_bbp_anonymous_reply_count":0,"_bbp_topic_count_hidden":0,"_bbp_reply_count_hidden":0,"_bbp_forum_subforum_count":0,"footnotes":""},"class_list":["post-542","page","type-page","status-publish","hentry"],"post_mailing_queue_ids":[],"_links":{"self":[{"href":"https:\/\/agora.xtec.cat\/escvaigalmontbaig\/wp-json\/wp\/v2\/pages\/542","targetHints":{"allow":["GET"]}}],"collection":[{"href":"https:\/\/agora.xtec.cat\/escvaigalmontbaig\/wp-json\/wp\/v2\/pages"}],"about":[{"href":"https:\/\/agora.xtec.cat\/escvaigalmontbaig\/wp-json\/wp\/v2\/types\/page"}],"author":[{"embeddable":true,"href":"https:\/\/agora.xtec.cat\/escvaigalmontbaig\/wp-json\/wp\/v2\/users\/1"}],"replies":[{"embeddable":true,"href":"https:\/\/agora.xtec.cat\/escvaigalmontbaig\/wp-json\/wp\/v2\/comments?post=542"}],"version-history":[{"count":4,"href":"https:\/\/agora.xtec.cat\/escvaigalmontbaig\/wp-json\/wp\/v2\/pages\/542\/revisions"}],"predecessor-version":[{"id":632,"href":"https:\/\/agora.xtec.cat\/escvaigalmontbaig\/wp-json\/wp\/v2\/pages\/542\/revisions\/632"}],"wp:attachment":[{"href":"https:\/\/agora.xtec.cat\/escvaigalmontbaig\/wp-json\/wp\/v2\/media?parent=542"}],"curies":[{"name":"wp","href":"https:\/\/api.w.org\/{rel}","templated":true}]}}