{"id":536,"date":"2016-07-12T11:53:31","date_gmt":"2016-07-12T10:53:31","guid":{"rendered":"http:\/\/agora.xtec.cat\/escvaigalmontbaig\/?page_id=536"},"modified":"2020-09-07T10:23:24","modified_gmt":"2020-09-07T08:23:24","slug":"projecte-tot-per-tothom-material-escolar","status":"publish","type":"page","link":"https:\/\/agora.xtec.cat\/escvaigalmontbaig\/projecte-tot-per-tothom-material-escolar\/","title":{"rendered":"Projecte tot per tothom"},"content":{"rendered":"<p style=\"text-align: center;\"><strong>L&#8217;objectiu d&#8217;aquest projecte \u00e9s que, des del primer dia del curs, els nostres alumnes disposin de tot el material escolar i did\u00e0ctic , de qualitat, fent una despesa assequible i raonable per part de les fam\u00edlies.<\/strong><\/p>\n<p style=\"text-align: center;\"><strong>MATERIAL I LLIBRES CURS 2020-2021<\/strong><\/p>\n<p style=\"text-align: justify;\">Tal i com hem informat diferents vegades, el curs 2020-2021 ser\u00e0 el centre el que s\u2019encarregar\u00e0 de comprar i distribuir el material i els llibres\/dossiers a tots els nenes i nenes que volunt\u00e0riament vulguin participar-hi.<\/p>\n<p style=\"text-align: justify;\">El projecte que hem fet conjuntament l&#8217; AMPA i l&#8217; Escola, i en el qual col.labora de manera molt important el Departament d&#8217; Educaci\u00f3 de l&#8217; Ajuntament de Sant Boi, suposa una rebaixa molt gran en el que us haureu de gastar. A m\u00e9s a m\u00e9s, si sou socis de l&#8217;AMPA, el pagament del setembre \u00e9s 5\u20ac m\u00e9s econ\u00f2mic per cada fill\/a.<\/p>\n<p><strong>EDUCACI\u00d3 INFANTIL <\/strong><\/p>\n<p><strong>Socis AMPA: 22\u20ac<\/strong><\/p>\n<p><strong>No socis AMPA 27\u20ac<\/strong><\/p>\n<p><strong>EDUCACIO PRIM\u00c0RIA <\/strong><\/p>\n<p><strong>Socis AMPA 37\u20ac<\/strong><\/p>\n<p><strong>No socis AMPA 42\u20ac<\/strong><\/p>\n<p style=\"text-align: justify;\">Per abonar el material aquest curs, i donades les circumst\u00e0ncies en qu\u00e8 ens trobem, s\u2019abonar\u00e0 \u00edntegrament a secretaria.<\/p>\n<p style=\"text-align: justify;\"><strong>HORARI PER ABONAR EL MATERIAL<\/strong><\/p>\n<p>De dilluns a divendres de 9:15 a 10:15 hores.<\/p>\n<p style=\"text-align: justify;\"><strong>MATERIAL Y LIBROS CURSO 2020-21<\/strong><\/p>\n<p style=\"text-align: center;\"><strong>Proyecto Tot per tothom<\/strong><\/p>\n<p style=\"text-align: justify;\">Tal y como hemos informado varia veces, el curso 2020-21 el centro ser\u00e1 el que se encargar\u00e1 de comprar y distribuir el material y los libros\/dossiers a todos los ni\u00f1os y ni\u00f1as que voluntariamente quieran participar.<\/p>\n<p style=\"text-align: justify;\">El Proyecto que hemos hecho conjuntamente el AMPA y el colegio, y en el cual colabora de manera muy importante el Departament D&#8217; Educaci\u00f3 de l&#8217; Ajuntament de Sant Boi, supone una rebaja muy grande en lo que os tendr\u00e9is que gastar. Adem\u00e1s, si sois socios del AMPA el curso que viene, el pago de septiembre es 5\u20ac m\u00e1s econ\u00f3mico para cada uno de vuestros hijos\/hijas.<\/p>\n<p>Los pagos son los siguientes<\/p>\n<p><strong>EDUCACI\u00d3 INFANTIL <\/strong><\/p>\n<p><strong>Socios AMPA No socios 22\u20ac<\/strong><\/p>\n<p><strong>Socios NO AMPA 27\u20ac<\/strong><\/p>\n<p><strong>EDUCACIO PRIM\u00c0RIA<\/strong><\/p>\n<p><strong> Socios AMPA: 37\u20ac<\/strong><\/p>\n<p><strong><span style=\"font-family: inherit; font-size: 1em;\">No socios AMPA: 42\u20ac<\/span><\/strong><\/p>\n<p style=\"text-align: justify;\">Para abonar el material de este curso, i dadas las circunstancias en que nos encontramos, se abonar\u00e1 integramente en secretaria.<\/p>\n<p><strong>HORARIO PARA ABONAR EL MATERIAL<\/strong><\/p>\n<p>De lunes a viernes de 9:15 a 10:15 horas.<\/p>\n","protected":false},"excerpt":{"rendered":"<p>L&#8217;objectiu d&#8217;aquest projecte \u00e9s que, des del primer dia del curs, els nostres alumnes disposin de tot el material escolar i did\u00e0ctic , de qualitat, fent una despesa assequible i raonable per part de les fam\u00edlies.<br \/>\nMATERIAL I LLIBRES CURS 2020-2021<br \/>\nTal i com hem informat diferents&hellip;  <a href=\"https:\/\/agora.xtec.cat\/escvaigalmontbaig\/projecte-tot-per-tothom-material-escolar\/\" title=\"Read Projecte tot per tothom\">Llegeix m\u00e9s\u00bb<\/a><\/p>\n","protected":false},"author":1,"featured_media":0,"parent":0,"menu_order":0,"comment_status":"closed","ping_status":"closed","template":"","meta":{"_bbp_topic_count":0,"_bbp_reply_count":0,"_bbp_total_topic_count":0,"_bbp_total_reply_count":0,"_bbp_voice_count":0,"_bbp_anonymous_reply_count":0,"_bbp_topic_count_hidden":0,"_bbp_reply_count_hidden":0,"_bbp_forum_subforum_count":0,"footnotes":""},"class_list":["post-536","page","type-page","status-publish","hentry"],"post_mailing_queue_ids":[],"_links":{"self":[{"href":"https:\/\/agora.xtec.cat\/escvaigalmontbaig\/wp-json\/wp\/v2\/pages\/536","targetHints":{"allow":["GET"]}}],"collection":[{"href":"https:\/\/agora.xtec.cat\/escvaigalmontbaig\/wp-json\/wp\/v2\/pages"}],"about":[{"href":"https:\/\/agora.xtec.cat\/escvaigalmontbaig\/wp-json\/wp\/v2\/types\/page"}],"author":[{"embeddable":true,"href":"https:\/\/agora.xtec.cat\/escvaigalmontbaig\/wp-json\/wp\/v2\/users\/1"}],"replies":[{"embeddable":true,"href":"https:\/\/agora.xtec.cat\/escvaigalmontbaig\/wp-json\/wp\/v2\/comments?post=536"}],"version-history":[{"count":3,"href":"https:\/\/agora.xtec.cat\/escvaigalmontbaig\/wp-json\/wp\/v2\/pages\/536\/revisions"}],"predecessor-version":[{"id":19193,"href":"https:\/\/agora.xtec.cat\/escvaigalmontbaig\/wp-json\/wp\/v2\/pages\/536\/revisions\/19193"}],"wp:attachment":[{"href":"https:\/\/agora.xtec.cat\/escvaigalmontbaig\/wp-json\/wp\/v2\/media?parent=536"}],"curies":[{"name":"wp","href":"https:\/\/api.w.org\/{rel}","templated":true}]}}