{"id":5279,"date":"2018-09-13T16:39:56","date_gmt":"2018-09-13T14:39:56","guid":{"rendered":"http:\/\/agora.xtec.cat\/escvaigalmontbaig\/?page_id=5279"},"modified":"2022-12-09T13:31:04","modified_gmt":"2022-12-09T12:31:04","slug":"robotica-lego-league","status":"publish","type":"page","link":"https:\/\/agora.xtec.cat\/escvaigalmontbaig\/robotica-lego-league\/","title":{"rendered":"Projecte STEAM: Switch to the future"},"content":{"rendered":"<div class=\"page\" title=\"Page 1\">\n<div class=\"section\">\n<div class=\"layoutArea\">\n<div class=\"column\">\n<div class=\"page\" style=\"text-align: justify;\" title=\"Page 1\">\n<div class=\"section\">\n<div class=\"layoutArea\">\n<div class=\"column\">\n<p style=\"text-align: justify;\">L\u2019adquisici\u00f3 de la compet\u00e8ncia digital \u00e9s fonamental per afrontar amb \u00e8xit els reptes del futur. Considerem que integrar el treball de les compet\u00e8ncies digitals \u00e9s b\u00e0sic en el proc\u00e9s formatiu del nostre alumnat: el treball amb pissarres digitals, tauletes t\u00e0ctils, robots i ordinadors ha de comen\u00e7ar des dels tres anys. A l\u2019Educaci\u00f3 Prim\u00e0ria, l\u2019eix del treball en compet\u00e8ncia digital s\u2019aconseguiria desenvolupant projectes creatius, basats en metodologies <strong>STEM, STEAM i MINT,<\/strong> amb tecnologia multim\u00e8dia i 3D, integrant-se totes elles com a eina d\u2019aprenentatge en activitats d\u2019altres mat\u00e8ries.<\/p>\n<\/div>\n<\/div>\n<\/div>\n<\/div>\n<p style=\"text-align: justify;\">El projecte <strong>SWITCH TO THE FUTURE<\/strong> per una banda pret\u00e9n oferir formaci\u00f3 i assessorament al professorat per al disseny i la posada en pr\u00e0ctiques de situacions d\u2019aprenentatge en l\u2019\u00e0mbit cient\u00edfico-t\u00e8cnic STEAM. A trav\u00e9s d\u2019aquest enfoc multidisciplinari volem promoure projectes centrats en la innovaci\u00f3, la creativitat i el disseny, en la cerca de solucions a problemes reals, que pot potenciar l\u2019\u00fas de les tecnologies de la informaci\u00f3 i la comunicaci\u00f3 i dels espais virtuals d\u2019aprenentatge. Tot el conjunt amb un tractament integrador d\u2019aquestes eines, metodologies, recursos i continguts educatius. I per una altra banda volem generar en el nostre alumnat el tipus de pensament necessaris per a afrontar situacions cotidianes de la societat del segle XXI: pensament computacional, treball col\u00b7laboratiu, rutines i destinaci\u00f3 de pensament &#8230; D&#8217;aquesta manera farem \u00fas de la transversalitat de l\u2019ensenyament per aconseguir una contextualitzaci\u00f3 major i aconseguir un aprenentatge significatiu responent a les necessitats del desenvolupament integral de l\u2019alumnat.<\/p>\n<p><strong>ROB\u00d2TICA,\u00a0<\/strong><strong>PENSAMENT COMPUTACIONAL,\u00a0<\/strong><strong style=\"font-family: inherit; font-size: 1em;\">DISSENY I IMPRESSI\u00d3 3D<\/strong><\/p>\n<p><strong>1. ROB\u00d2TICA I PENSAMENT COMPUTACIONAL<\/strong><\/p>\n<p style=\"text-align: justify;\">\u00c9s decisiu que la rob\u00f2tica educativa formi part del paisatge d&#8217;eines i metodologies docents que tenim a la nostra escola a quatre nivells:<\/p>\n<p style=\"text-align: justify;\">En primer lloc, perqu\u00e8 el robot \u00e9s un element tangible amb alt potencial motivador que millora la immersi\u00f3 en l\u2019activitat.<\/p>\n<p style=\"text-align: justify;\">En segon, perqu\u00e8 la programaci\u00f3 i el muntatge de robots est\u00e0 associada a processos cognitius complexos molt valuosos, com el pensament computacional (organitzar i analitzar la informaci\u00f3, establir una s\u00e8rie de passos per arribar a una soluci\u00f3, generalitzar aquest proc\u00e9s i aplicar-lo en situacions semblants), el pensament l\u00f2gico-matem\u00e0tic, el desenvolupament de la resili\u00e8ncia davant els errors i els desenvolupament de la creativitat.<\/p>\n<p style=\"text-align: justify;\">En tercer lloc, perqu\u00e8 la rob\u00f2tica \u00e9s porta d\u2019entrada a l\u2019aprenentatge STEAM.<\/p>\n<p style=\"text-align: justify;\">Per \u00faltim, perqu\u00e8 la rob\u00f2tica convida a les interaccions socials i l&#8217;aprenentatge cooperatiu.<\/p>\n<p>Rob\u00f2tica i pensament computacional al nostre centre:<\/p>\n<p><strong>Educaci\u00f3 Infantil:<\/strong> Bluebots i Scratch Jr.<\/p>\n<p><strong>Educaci\u00f3 Prim\u00e0ria:\u00a0<\/strong><\/p>\n<p>Cicle Inicial: Scratch Jr i Lego Wedo<\/p>\n<p>Cicle Mitj\u00e0: Scratch i Lego Boost<\/p>\n<p>Cicle Superior: Microbit i Makecode, Bitbloq i Zumkit d&#8217;Arduino, Lego Mindstorm<\/p>\n<p><a href=\"https:\/\/agora.xtec.cat\/escvaigalmontbaig\/wp-content\/uploads\/usu1395\/2021\/05\/0EAFC0EF-DD74-4D50-9AEC-4A040BFCFEFD.jpeg\"><img loading=\"lazy\" decoding=\"async\" class=\"alignnone size-large wp-image-20453\" src=\"https:\/\/agora.xtec.cat\/escvaigalmontbaig\/wp-content\/uploads\/usu1395\/2021\/05\/0EAFC0EF-DD74-4D50-9AEC-4A040BFCFEFD-1024x768.jpeg\" alt=\"\" width=\"1024\" height=\"768\" srcset=\"https:\/\/agora.xtec.cat\/escvaigalmontbaig\/wp-content\/uploads\/usu1395\/2021\/05\/0EAFC0EF-DD74-4D50-9AEC-4A040BFCFEFD-1024x768.jpeg 1024w, https:\/\/agora.xtec.cat\/escvaigalmontbaig\/wp-content\/uploads\/usu1395\/2021\/05\/0EAFC0EF-DD74-4D50-9AEC-4A040BFCFEFD-300x225.jpeg 300w, https:\/\/agora.xtec.cat\/escvaigalmontbaig\/wp-content\/uploads\/usu1395\/2021\/05\/0EAFC0EF-DD74-4D50-9AEC-4A040BFCFEFD-768x576.jpeg 768w, https:\/\/agora.xtec.cat\/escvaigalmontbaig\/wp-content\/uploads\/usu1395\/2021\/05\/0EAFC0EF-DD74-4D50-9AEC-4A040BFCFEFD-200x150.jpeg 200w, https:\/\/agora.xtec.cat\/escvaigalmontbaig\/wp-content\/uploads\/usu1395\/2021\/05\/0EAFC0EF-DD74-4D50-9AEC-4A040BFCFEFD.jpeg 2048w\" sizes=\"auto, (max-width: 1024px) 100vw, 1024px\" \/><\/a><\/p>\n<p><strong>2. DISSENY I IMPRESSI\u00d3 3D<\/strong><\/p>\n<p style=\"text-align: justify;\">L\u2019\u00fas de la impressi\u00f3 3D a les aules aporta als nens i les nenes grans avantatges:<\/p>\n<p style=\"text-align: justify;\">Primer, perqu\u00e8 adquireixen coneixements sobre noves tecnologies.\u00a0Aix\u00f2 \u00e9s important, ja que la impressi\u00f3 en 3D tindr\u00e0 cada vegada m\u00e9s import\u00e0ncia en el futur i comportar\u00e0 profunds canvis econ\u00f2mics i socials a trav\u00e9s de la tecnologia, i noves incorpacions laborals.<\/p>\n<p style=\"text-align: justify;\">D&#8217;altra banda, gr\u00e0cies a la impressi\u00f3 3D en l&#8217;educaci\u00f3, teories complexes poden simplificar-se. Per tant, els estudiants es beneficien especialment en les anomenades mat\u00e8ries MINT.<\/p>\n<p>El curs 22-23 del disseny i la impressi\u00f3 3D es comen\u00e7a a treballar a tot Cicle Superior:<\/p>\n<ul>\n<li>5\u00e8 el far\u00e0 servir com a mitj\u00e0 per millorar els productes que faran a la cooperativa del projecte CUEME.<\/li>\n<li>6\u00e8 el far\u00e0 servir per a millorar el seu projecte RETOTECH.<\/li>\n<\/ul>\n<\/div>\n<p>Per fer dissenys, l&#8217;alumnat fa servir TINKERCAD com a eina principal.<\/p>\n<\/div>\n<p><a href=\"https:\/\/agora.xtec.cat\/escvaigalmontbaig\/wp-content\/uploads\/usu1395\/2022\/12\/1670588600709-scaled.jpg\"><img loading=\"lazy\" decoding=\"async\" class=\"size-large wp-image-22096 aligncenter\" src=\"https:\/\/agora.xtec.cat\/escvaigalmontbaig\/wp-content\/uploads\/usu1395\/2022\/12\/1670588600709-461x1024.jpg\" alt=\"\" width=\"461\" height=\"1024\" srcset=\"https:\/\/agora.xtec.cat\/escvaigalmontbaig\/wp-content\/uploads\/usu1395\/2022\/12\/1670588600709-461x1024.jpg 461w, https:\/\/agora.xtec.cat\/escvaigalmontbaig\/wp-content\/uploads\/usu1395\/2022\/12\/1670588600709-135x300.jpg 135w, https:\/\/agora.xtec.cat\/escvaigalmontbaig\/wp-content\/uploads\/usu1395\/2022\/12\/1670588600709-768x1707.jpg 768w, https:\/\/agora.xtec.cat\/escvaigalmontbaig\/wp-content\/uploads\/usu1395\/2022\/12\/1670588600709-691x1536.jpg 691w, https:\/\/agora.xtec.cat\/escvaigalmontbaig\/wp-content\/uploads\/usu1395\/2022\/12\/1670588600709-921x2048.jpg 921w, https:\/\/agora.xtec.cat\/escvaigalmontbaig\/wp-content\/uploads\/usu1395\/2022\/12\/1670588600709-scaled.jpg 1152w\" sizes=\"auto, (max-width: 461px) 100vw, 461px\" \/><\/a><\/p>\n<p>&nbsp;<\/p>\n<div class=\"layoutArea\">\n<div class=\"column\">\n<p style=\"text-align: justify;\">\n<\/div>\n<\/div>\n<\/div>\n<\/div>\n","protected":false},"excerpt":{"rendered":"<p>L\u2019adquisici\u00f3 de la compet\u00e8ncia digital \u00e9s fonamental per afrontar amb \u00e8xit els reptes del futur. Considerem que integrar el treball de les compet\u00e8ncies digitals \u00e9s b\u00e0sic en el proc\u00e9s formatiu del nostre alumnat: el treball amb pissarres digitals, tauletes t\u00e0ctils, robots i ordinadors ha de&hellip;  <a href=\"https:\/\/agora.xtec.cat\/escvaigalmontbaig\/robotica-lego-league\/\" title=\"Read Projecte STEAM: Switch to the future\">Llegeix m\u00e9s\u00bb<\/a><\/p>\n","protected":false},"author":1,"featured_media":0,"parent":0,"menu_order":0,"comment_status":"closed","ping_status":"closed","template":"","meta":{"_bbp_topic_count":0,"_bbp_reply_count":0,"_bbp_total_topic_count":0,"_bbp_total_reply_count":0,"_bbp_voice_count":0,"_bbp_anonymous_reply_count":0,"_bbp_topic_count_hidden":0,"_bbp_reply_count_hidden":0,"_bbp_forum_subforum_count":0,"footnotes":""},"class_list":["post-5279","page","type-page","status-publish","hentry"],"post_mailing_queue_ids":[],"_links":{"self":[{"href":"https:\/\/agora.xtec.cat\/escvaigalmontbaig\/wp-json\/wp\/v2\/pages\/5279","targetHints":{"allow":["GET"]}}],"collection":[{"href":"https:\/\/agora.xtec.cat\/escvaigalmontbaig\/wp-json\/wp\/v2\/pages"}],"about":[{"href":"https:\/\/agora.xtec.cat\/escvaigalmontbaig\/wp-json\/wp\/v2\/types\/page"}],"author":[{"embeddable":true,"href":"https:\/\/agora.xtec.cat\/escvaigalmontbaig\/wp-json\/wp\/v2\/users\/1"}],"replies":[{"embeddable":true,"href":"https:\/\/agora.xtec.cat\/escvaigalmontbaig\/wp-json\/wp\/v2\/comments?post=5279"}],"version-history":[{"count":4,"href":"https:\/\/agora.xtec.cat\/escvaigalmontbaig\/wp-json\/wp\/v2\/pages\/5279\/revisions"}],"predecessor-version":[{"id":22097,"href":"https:\/\/agora.xtec.cat\/escvaigalmontbaig\/wp-json\/wp\/v2\/pages\/5279\/revisions\/22097"}],"wp:attachment":[{"href":"https:\/\/agora.xtec.cat\/escvaigalmontbaig\/wp-json\/wp\/v2\/media?parent=5279"}],"curies":[{"name":"wp","href":"https:\/\/api.w.org\/{rel}","templated":true}]}}