{"id":468,"date":"2016-07-10T18:13:44","date_gmt":"2016-07-10T17:13:44","guid":{"rendered":"http:\/\/agora.xtec.cat\/escvaigalmontbaig\/?page_id=468"},"modified":"2024-10-08T17:45:46","modified_gmt":"2024-10-08T15:45:46","slug":"menjador","status":"publish","type":"page","link":"https:\/\/agora.xtec.cat\/escvaigalmontbaig\/menjador\/","title":{"rendered":"Menjador"},"content":{"rendered":"<div align=\"center\">\n<hr align=\"center\" noshade=\"noshade\" size=\"2\" width=\"100%\" \/>\n<\/div>\n<p>L&#8217;Escola disposa de servei de menjador que gestiona el Consell Comarcal (ja no ho fa l&#8217;escola), a trav\u00e9s de l&#8217;empresa <b>Endermar.<\/b><\/p>\n<p>L&#8217;horari de menjador per a l&#8217;alumnat d&#8217;Educaci\u00f3 Infantil \u00e9s de 12:30 a 15:00 i per a Prim\u00e0ria \u00e9s de 13:00 a 15:00. Durant la jornada intensiva de juny, l&#8217;horari ser\u00e0 de 13:00 a 15:00 per a tothom.<\/p>\n<p>Si un nen o nena necessita quedar-se al menjador, cal que ho notifiqui a la persona responsable a les 9:00 quan entren a l&#8217;escola. Tamb\u00e9 cal notificar si un alumne necessita fer qualsevol tipus de dieta. No es podr\u00e0 quedar al menjador cap alumne que arribi m\u00e9s tard de les 9:30 i que no sigui per causes de for\u00e7a major justificades. En aquests casos \u00e9s responsabilitat de la fam\u00edlia fer-ho saber a la persona responsable.<\/p>\n<p>Pagaments: Per poder utilitzar el servei de menjador cal estar al dia dels pagaments, o b\u00e9 abonant el preu el mateix dia que es fa \u00fas del servei o b\u00e9 per aven\u00e7at. El cobrament el far\u00e0 la persona responsable del menjador, per\u00f2 en cap cas es pot saltar les normes que ha marcat aquesta empresa, per tant, <strong>no es pot quedar al menjador cap persona que no hagi efectuat el pagament<\/strong>.<\/p>\n<p>Els preus per el curs <strong>2024-2025<\/strong> s\u00f3n els seg\u00fcents:<\/p>\n<table border=\"0\" cellspacing=\"0\" cellpadding=\"0\" align=\"left\">\n<tbody>\n<tr>\n<td valign=\"top\" width=\"252\">Sense beca de menjador<\/td>\n<td valign=\"top\" width=\"199\">6.89 \u20ac\/dia<\/td>\n<\/tr>\n<\/tbody>\n<\/table>\n<table border=\"0\" cellspacing=\"0\" cellpadding=\"0\" align=\"left\">\n<tbody>\n<tr>\n<td valign=\"top\" width=\"252\">Amb beca de menjador<\/td>\n<td valign=\"top\" width=\"199\">2.07 \u20ac\/dia<\/td>\n<\/tr>\n<\/tbody>\n<\/table>\n","protected":false},"excerpt":{"rendered":"<p>L&#8217;Escola disposa de servei de menjador que gestiona el Consell Comarcal (ja no ho fa l&#8217;escola), a trav\u00e9s de l&#8217;empresa Endermar.<br \/>\nL&#8217;horari de menjador per a l&#8217;alumnat d&#8217;Educaci\u00f3 Infantil \u00e9s de 12:30 a 15:00 i per a Prim\u00e0ria \u00e9s de 13:00 a 15:00. Durant la jornada&hellip;  <a href=\"https:\/\/agora.xtec.cat\/escvaigalmontbaig\/menjador\/\" title=\"Read Menjador\">Llegeix m\u00e9s\u00bb<\/a><\/p>\n","protected":false},"author":1,"featured_media":0,"parent":0,"menu_order":0,"comment_status":"closed","ping_status":"closed","template":"","meta":{"_bbp_topic_count":0,"_bbp_reply_count":0,"_bbp_total_topic_count":0,"_bbp_total_reply_count":0,"_bbp_voice_count":0,"_bbp_anonymous_reply_count":0,"_bbp_topic_count_hidden":0,"_bbp_reply_count_hidden":0,"_bbp_forum_subforum_count":0,"footnotes":""},"class_list":["post-468","page","type-page","status-publish","hentry"],"post_mailing_queue_ids":[],"_links":{"self":[{"href":"https:\/\/agora.xtec.cat\/escvaigalmontbaig\/wp-json\/wp\/v2\/pages\/468","targetHints":{"allow":["GET"]}}],"collection":[{"href":"https:\/\/agora.xtec.cat\/escvaigalmontbaig\/wp-json\/wp\/v2\/pages"}],"about":[{"href":"https:\/\/agora.xtec.cat\/escvaigalmontbaig\/wp-json\/wp\/v2\/types\/page"}],"author":[{"embeddable":true,"href":"https:\/\/agora.xtec.cat\/escvaigalmontbaig\/wp-json\/wp\/v2\/users\/1"}],"replies":[{"embeddable":true,"href":"https:\/\/agora.xtec.cat\/escvaigalmontbaig\/wp-json\/wp\/v2\/comments?post=468"}],"version-history":[{"count":6,"href":"https:\/\/agora.xtec.cat\/escvaigalmontbaig\/wp-json\/wp\/v2\/pages\/468\/revisions"}],"predecessor-version":[{"id":22863,"href":"https:\/\/agora.xtec.cat\/escvaigalmontbaig\/wp-json\/wp\/v2\/pages\/468\/revisions\/22863"}],"wp:attachment":[{"href":"https:\/\/agora.xtec.cat\/escvaigalmontbaig\/wp-json\/wp\/v2\/media?parent=468"}],"curies":[{"name":"wp","href":"https:\/\/api.w.org\/{rel}","templated":true}]}}