{"id":22,"date":"2014-09-18T12:19:57","date_gmt":"2014-09-18T11:19:57","guid":{"rendered":"http:\/\/agora.xtec.cat\/escvaigalmontbaig\/?page_id=22"},"modified":"2025-09-19T12:00:29","modified_gmt":"2025-09-19T10:00:29","slug":"lescola","status":"publish","type":"page","link":"https:\/\/agora.xtec.cat\/escvaigalmontbaig\/lescola\/","title":{"rendered":"Qui som"},"content":{"rendered":"<p>L\u2019escola Montbaig \u00e9s una escola p\u00fablica, catalana i\u00a0inclusiva on tenen cabuda persones de diferents proced\u00e8ncies, cultures, capacitats, actituds, aptituds. Entenem l\u2019atenci\u00f3 a la\u00a0diversitat i el foment de la conviv\u00e8ncia com la manera de\u00a0potenciar el desenvolupament integral del nostre\u00a0alumnat.<\/p>\n<p>A la nostra escola eduquem en\u00a0coneixements i valors mitjan\u00e7ant models positius i estrat\u00e8gies\u00a0d\u2019aprenentatge: una escola referent en bones pr\u00e0ctiques, amb inquietud per seguir innovant i\u00a0donar resposta a\u00a0les\u00a0demandes de la societat actual i futura.<\/p>\n<p>Eduquem en el respecte i cura del medi ambient per tal de desenvolupar comportaments\u00a0que afavoreixin la seva protecci\u00f3.<\/p>\n<p>L\u2019escola Montbaig volem aconseguir\u00a0ser l\u2019escola referent en l\u2019educaci\u00f3 infantil\u00a0i prim\u00e0ria per als nens i nenes del barri i les seves fam\u00edlies.<\/p>\n<p>Volem ser una escola que utilitzi tots els mitjans humans, materials, tecnol\u00f2gics i metodologies\u00a0 a l\u2019abast per tal de millorar els resultats educatius i assolir l\u2019\u00e8xit escolar del nostre alumnat.<\/p>\n<p style=\"text-align: justify;\">Volem incrementar la confian\u00e7a de tota la comunitat educativa en la tasca que realitza l\u2019escola i millorar les seves expectatives com a membres de la societat.<\/p>\n<p>&nbsp;<\/p>\n<p style=\"text-align: justify;\"><span style=\"text-decoration: underline;\"><b>QUINS S\u00d3N ELS NOSTRES PRINCIPIS?<\/b><\/span><\/p>\n<p style=\"text-align: justify;\">Escola acollidora, oberta a totes les cultures que conformen la societat, conscients de la riquesa que suposa la conviv\u00e8ncia durant la inf\u00e0ncia, i de la responsabilitat de formar ciutadans i ciutadanes del pa\u00eds.<\/p>\n<p style=\"text-align: justify;\">Escola democr\u00e0tica, respectuosa i tolerant, que fa del di\u00e0leg la seva eina educativa priorit\u00e0ria: amb\u00a0 pares i mares, amb mestres, amb l\u2019alumnat, i amb les entitats i institucions de l\u2019entorn.<\/p>\n<p style=\"text-align: justify;\">El nostre \u00e9s un tarann\u00e0 familiar, amb un tracte aut\u00e8ntic, per tal que tota la comunitat educativa se senti preuada i valorada.<\/p>\n<p style=\"text-align: justify;\">Som una escola preocupada per la problem\u00e0tica mediambiental i implicada en el foment d\u2019actituds afavoridores de la sostenibilitat.<\/p>\n<ul style=\"text-align: justify;\">\n<li>Compromesa <b>en l\u2019\u00e8xit escolar del nostre alumnat<\/b> tot proporcionant-los el millor ensenyament: atenci\u00f3 individualitzada, grups redu\u00efts, angl\u00e8s des de P-4 i mat\u00e8ries en angl\u00e8s a partir de 1r de prim\u00e0ria, treball per projectes, \u00fas de les noves tecnologies (aules digitalitzades, d\u2019inform\u00e0tica, port\u00e0tils, pissarres digitals&#8230;)<\/li>\n<\/ul>\n<ul style=\"text-align: justify;\">\n<li>Amb un <b>equip docent consolidat<\/b>, s\u00f2lid i amb molta experi\u00e8ncia, refer\u00e8ncia en l\u2019\u00e0mbit de l\u2019ensenyament per la capacitat de desenvolupar i dur a terme projectes d\u2019innovaci\u00f3 pedag\u00f2gica: d\u2019angl\u00e8s, de mitjans audiovisuals&#8230;<\/li>\n<\/ul>\n<ul style=\"text-align: justify;\">\n<li>Que promovem la cordialitat, i el <b>tracte personal amb les fam\u00edlies<\/b>: formaci\u00f3 de mares i pares, reunions de classe,\u00a0 entrevistes, celebraci\u00f3 de festes conjuntes, jornades d\u2019escola oberta.<\/li>\n<\/ul>\n<ul style=\"text-align: justify;\">\n<li>Que ens coordinem amb altres entitats del barri per oferir <b>activitats extraescolars de qualitat<\/b>: Projecte Eduquem junts, piscina, karate, esplai diari, refor\u00e7 escolar.<\/li>\n<\/ul>\n<ul>\n<li style=\"text-align: justify;\">Que adeq\u00fcem els serveis complementaris i l\u2019economia a la realitat del moment: servei d\u2019acollida, de recollida, menjador, quotes de material i extraescolars ajustades, projecte de reutilitzaci\u00f3 de llibres, tramitaci\u00f3 de beques&#8230;<\/li>\n<\/ul>\n<p>&nbsp;<\/p>\n<h3 style=\"text-align: left;\" align=\"center\">L&#8217;EQUIP DE MESTRES<\/h3>\n<table style=\"height: 1012px; width: 69.8383%;\" border=\"0\" cellspacing=\"0\" cellpadding=\"0\">\n<tbody>\n<tr style=\"height: 55px;\">\n<td style=\"width: 88.7113%; height: 55px;\" colspan=\"4\" valign=\"top\">\n<p style=\"text-align: center;\" align=\"center\"><strong><span style=\"color: #003300; background-color: #ff9900;\">TUTORES I TUTORS<\/span><\/strong><\/p>\n<\/td>\n<\/tr>\n<tr style=\"height: 31px;\">\n<td style=\"width: 88.7113%; height: 31px;\" colspan=\"4\" valign=\"top\"><strong>\u00a0<\/strong><strong>\u00a0<\/strong><\/td>\n<\/tr>\n<tr style=\"height: 31px;\">\n<td style=\"width: 88.7113%; height: 31px;\" colspan=\"4\" valign=\"top\"><strong>EDUCACI\u00d3 INFANTIL<\/strong><\/td>\n<\/tr>\n<tr style=\"height: 31px;\">\n<td style=\"width: 25.5638%; height: 31px;\" valign=\"top\">i-3<\/td>\n<td style=\"width: 63.1475%; height: 31px;\" colspan=\"3\" valign=\"top\">Laura Carrasco<\/td>\n<\/tr>\n<tr style=\"height: 31px;\">\n<td style=\"width: 25.5638%; height: 31px;\" valign=\"top\">i-4<\/td>\n<td style=\"width: 63.1475%; height: 31px;\" colspan=\"3\" valign=\"top\">Ana Soto (Marta Sebasti\u00e0)<\/td>\n<\/tr>\n<tr style=\"height: 31px;\">\n<td style=\"width: 25.5638%; height: 31px;\" valign=\"top\">i-5<\/td>\n<td style=\"width: 63.1475%; height: 31px;\" colspan=\"3\" valign=\"top\">Isabel Cabrera<\/td>\n<\/tr>\n<tr style=\"height: 31px;\">\n<td style=\"width: 88.7113%; height: 31px;\" colspan=\"4\" valign=\"top\"><\/td>\n<\/tr>\n<tr style=\"height: 31px;\">\n<td style=\"width: 88.7113%; height: 31px;\" colspan=\"4\" valign=\"top\"><strong>EDUCACI\u00d3 PRIM\u00c0RIA<\/strong><\/td>\n<\/tr>\n<tr style=\"height: 31px;\">\n<td style=\"width: 25.5638%; height: 31px;\" valign=\"top\">1r<\/td>\n<td style=\"width: 63.1475%; height: 31px;\" colspan=\"3\" valign=\"top\">Esperanza Calso<\/td>\n<\/tr>\n<tr style=\"height: 31px;\">\n<td style=\"width: 25.5638%; height: 31px;\" valign=\"top\">2n<\/td>\n<td style=\"width: 63.1475%; height: 31px;\" colspan=\"3\" valign=\"top\">Mar\u00eda Jes\u00fas Rom\u00e1n<\/td>\n<\/tr>\n<tr style=\"height: 31px;\">\n<td style=\"width: 25.5638%; height: 31px;\" valign=\"top\">3r<\/td>\n<td style=\"width: 63.1475%; height: 31px;\" colspan=\"3\" valign=\"top\">Ana M\u00aa Mill\u00e1n<\/td>\n<\/tr>\n<tr style=\"height: 31px;\">\n<td style=\"width: 25.5638%; height: 31px;\" valign=\"top\">4t<\/td>\n<td style=\"width: 63.1475%; height: 31px;\" colspan=\"3\" valign=\"top\">Arantxa Andreu<\/td>\n<\/tr>\n<tr style=\"height: 31px;\">\n<td style=\"width: 25.5638%; height: 31px;\" valign=\"top\">5\u00e8<\/td>\n<td style=\"width: 63.1475%; height: 31px;\" colspan=\"3\" valign=\"top\">Alejandro Rey<\/td>\n<\/tr>\n<tr style=\"height: 31px;\">\n<td style=\"width: 25.5638%; height: 31px;\" valign=\"top\">6\u00e8<\/td>\n<td style=\"width: 63.1475%; height: 31px;\" colspan=\"3\" valign=\"top\">Nora Bourk<\/td>\n<\/tr>\n<tr style=\"height: 31px;\">\n<td style=\"width: 88.7113%; height: 31px;\" colspan=\"4\" valign=\"top\"><\/td>\n<\/tr>\n<tr style=\"height: 55px;\">\n<td style=\"width: 88.7113%; height: 55px;\" colspan=\"4\" valign=\"top\">\n<p style=\"text-align: center;\" align=\"center\"><span style=\"background-color: #ff9900;\"><b>ESPECIALISTES I MESTRES DE SUPORT<\/b><\/span><b><\/b><\/p>\n<\/td>\n<\/tr>\n<tr style=\"height: 31px;\">\n<td style=\"width: 88.7113%; height: 31px;\" colspan=\"4\" valign=\"top\"><\/td>\n<\/tr>\n<tr style=\"height: 31px;\">\n<td style=\"width: 27.4613%; height: 31px;\" colspan=\"2\" valign=\"top\">Educaci\u00f3 Especial<\/td>\n<td style=\"width: 61.25%; height: 31px;\" colspan=\"2\" valign=\"top\">Sandra Valera (Anna Pleguezuelos)<\/td>\n<\/tr>\n<tr style=\"height: 31px;\">\n<td style=\"width: 27.4613%; height: 31px;\" colspan=\"2\" valign=\"top\">Educaci\u00f3 F\u00edsica<\/td>\n<td style=\"width: 61.25%; height: 31px;\" colspan=\"2\" valign=\"top\">Miriam Tomas<\/td>\n<\/tr>\n<tr style=\"height: 31px;\">\n<td style=\"width: 27.4613%; height: 31px;\" colspan=\"2\" valign=\"top\">Educaci\u00f3 Art\u00edstica<\/td>\n<td style=\"width: 61.25%; height: 31px;\" colspan=\"2\" valign=\"top\">Mois\u00e8s Vara \/ Abril Moreno<\/td>\n<\/tr>\n<tr style=\"height: 31px;\">\n<td style=\"width: 27.4613%; height: 31px;\" colspan=\"2\" valign=\"top\">Llengua Anglesa<\/td>\n<td style=\"width: 61.25%; height: 31px;\" colspan=\"2\" valign=\"top\">Carla Agost<\/td>\n<\/tr>\n<tr style=\"height: 46px;\">\n<td style=\"width: 27.4613%; height: 46px;\" colspan=\"2\" valign=\"top\">Suport Educaci\u00f3 Prim\u00e0ria<\/td>\n<td style=\"width: 61.25%; height: 46px;\" colspan=\"2\" valign=\"top\">Carol Gonz\u00e1lez, Noelia Alfonso, Lorena Ma\u00f1es, David Mu\u00f1oz, Marta Gimeno<\/td>\n<\/tr>\n<tr style=\"height: 31px;\">\n<td style=\"width: 27.4613%; height: 31px;\" colspan=\"2\" valign=\"top\">Suport Educaci\u00f3 Infantil<\/td>\n<td style=\"width: 61.25%; height: 31px;\" colspan=\"2\" valign=\"top\">Jessica Cabezas, Marta Gimeno<\/td>\n<\/tr>\n<tr style=\"height: 46px;\">\n<td style=\"width: 27.4613%; height: 46px;\" colspan=\"2\">Integradora social<\/td>\n<td style=\"width: 61.25%; height: 46px;\" colspan=\"2\">Montserrat Homs<\/td>\n<\/tr>\n<tr style=\"height: 31px;\">\n<td style=\"width: 27.4613%; height: 31px;\" colspan=\"2\">Vetlladora<\/td>\n<td style=\"width: 61.25%; height: 31px;\" colspan=\"2\">Mar D\u00edez<\/td>\n<\/tr>\n<tr style=\"height: 31px;\">\n<td style=\"width: 27.4613%; height: 31px;\" colspan=\"2\">Suport TEI<\/td>\n<td style=\"width: 61.25%; height: 31px;\" colspan=\"2\">Cristina Sillero<\/td>\n<\/tr>\n<tr style=\"height: 32px;\">\n<td style=\"height: 32px;\" colspan=\"2\">Aula d&#8217;acollida<\/td>\n<td style=\"height: 32px;\" colspan=\"2\">Ariadna Arqu\u00e9<\/td>\n<\/tr>\n<tr style=\"height: 64px;\">\n<td style=\"width: 27.4613%; height: 64px;\" colspan=\"2\">Coordinador\/a Coeducaci\u00f3, Conviv\u00e8ncia i Benestar de l&#8217;alumnat (COCOBE)<\/td>\n<td style=\"width: 61.25%; height: 64px;\" colspan=\"2\">M\u00aa Jes\u00fas Rom\u00e1n<\/td>\n<\/tr>\n<tr style=\"height: 32px;\">\n<td style=\"width: 88.7113%; height: 32px;\" colspan=\"4\"><\/td>\n<\/tr>\n<\/tbody>\n<\/table>\n<table style=\"width: 69.8492%; height: 529px;\" border=\"0\" cellspacing=\"0\" cellpadding=\"0\">\n<tbody>\n<tr style=\"height: 10px;\">\n<td style=\"width: 98.5537%; height: 10px; text-align: center;\" colspan=\"2\" valign=\"top\" width=\"627\">\u00a0 <strong><span style=\"color: #003300; background-color: #ff9900;\">EQUIP DIRECTIU<\/span><\/strong><\/td>\n<\/tr>\n<tr style=\"height: 33px;\">\n<td style=\"width: 98.5537%; height: 33px;\" colspan=\"2\" valign=\"top\" width=\"173\"><\/td>\n<\/tr>\n<tr style=\"height: 33px;\">\n<td style=\"width: 33.2807%; height: 33px;\" valign=\"top\" width=\"173\">Director<\/td>\n<td style=\"width: 65.273%; height: 33px;\" valign=\"top\" width=\"454\">Carol Gonz\u00e1lez<\/td>\n<\/tr>\n<tr style=\"height: 33px;\">\n<td style=\"width: 33.2807%; height: 33px;\" valign=\"top\" width=\"173\">Cap d\u2019estudis<\/td>\n<td style=\"width: 65.273%; height: 33px;\" valign=\"top\" width=\"454\">Noelia Alfonso<\/td>\n<\/tr>\n<tr style=\"height: 33px;\">\n<td style=\"width: 33.2807%; height: 33px;\" valign=\"top\" width=\"173\">Secret\u00e0ria<\/td>\n<td style=\"width: 65.273%; height: 33px;\" valign=\"top\" width=\"454\">Rocio Carnero<\/td>\n<\/tr>\n<tr style=\"height: 33px;\">\n<td style=\"width: 98.5537%; height: 33px;\" colspan=\"2\" valign=\"top\" width=\"173\"><\/td>\n<\/tr>\n<tr style=\"height: 57px;\">\n<td style=\"width: 98.5537%; height: 57px;\" colspan=\"2\" valign=\"top\" width=\"627\">\n<p style=\"text-align: center;\"><strong><span style=\"background-color: #ff9900;\">COORDINACIONS<\/span><\/strong><b><\/b><\/p>\n<\/td>\n<\/tr>\n<tr style=\"height: 33px;\">\n<td style=\"width: 98.5537%; height: 33px;\" colspan=\"2\" valign=\"top\" width=\"173\"><\/td>\n<\/tr>\n<tr style=\"height: 33px;\">\n<td style=\"width: 33.2807%; height: 33px;\" valign=\"top\" width=\"173\">Educaci\u00f3 Infantil<\/td>\n<td style=\"width: 65.273%; height: 33px;\" valign=\"top\" width=\"454\">Isabel Cabrera<\/td>\n<\/tr>\n<tr style=\"height: 33px;\">\n<td style=\"width: 33.2807%; height: 33px;\" valign=\"top\" width=\"173\">Educaci\u00f3 Prim\u00e0ria<\/td>\n<td style=\"width: 65.273%; height: 33px;\" valign=\"top\" width=\"454\">Nora Bourk<\/td>\n<\/tr>\n<tr style=\"height: 33px;\">\n<td style=\"width: 33.2807%; height: 33px;\" valign=\"top\" width=\"173\">Responsable STEAM<\/td>\n<td style=\"width: 65.273%; height: 33px;\" valign=\"top\" width=\"454\">Noelia Alfonso<\/td>\n<\/tr>\n<tr style=\"height: 33px;\">\n<td style=\"width: 33.2807%; height: 33px;\" valign=\"top\" width=\"173\">Coordinaci\u00f3 TAC<\/td>\n<td style=\"width: 65.273%; height: 33px;\" valign=\"top\" width=\"454\">David Mu\u00f1oz<\/td>\n<\/tr>\n<tr style=\"height: 33px;\">\n<td style=\"width: 33.2807%; height: 33px;\" valign=\"top\" width=\"173\">Riscos laborals<\/td>\n<td style=\"width: 65.273%; height: 33px;\" valign=\"top\" width=\"454\">Ana Mill\u00e1n<\/td>\n<\/tr>\n<tr style=\"height: 33px;\">\n<td style=\"width: 33.2807%; height: 33px;\" valign=\"top\" width=\"173\">Llengua i c. Social<\/td>\n<td style=\"width: 65.273%; height: 33px;\" valign=\"top\" width=\"454\">Ariadna Arqu\u00e9<\/td>\n<\/tr>\n<tr style=\"height: 33px;\">\n<td style=\"width: 33.2807%; height: 33px;\" valign=\"top\" width=\"173\">Material<\/td>\n<td style=\"width: 65.273%; height: 33px;\" valign=\"top\" width=\"454\">Mar\u00eda Jes\u00fas Rom\u00e1n<\/td>\n<\/tr>\n<tr style=\"height: 33px;\">\n<td style=\"width: 98.5537%; height: 33px;\" colspan=\"2\" valign=\"top\" width=\"173\"><\/td>\n<\/tr>\n<\/tbody>\n<\/table>\n<table style=\"height: 264px; width: 69.8659%;\" border=\"0\" width=\"587\" cellspacing=\"0\" cellpadding=\"0\">\n<tbody>\n<tr style=\"height: 33px;\">\n<td style=\"width: 117.998%; text-align: center; height: 33px;\" colspan=\"2\" valign=\"top\" width=\"173\"><strong style=\"font-family: inherit; font-size: 1em; text-align: center;\"><span style=\"color: #003300; background-color: #ff9900;\">PERSONAL D&#8217;ADMINISTRACI\u00d3 I SERVEIS<\/span><\/strong><\/td>\n<\/tr>\n<tr style=\"height: 33px;\">\n<td style=\"width: 117.998%; height: 33px;\" colspan=\"2\" valign=\"top\" width=\"173\"><\/td>\n<\/tr>\n<tr style=\"height: 33px;\">\n<td style=\"width: 33.5529%; height: 33px;\" valign=\"top\" width=\"173\">Administrativa<\/td>\n<td style=\"width: 84.4446%; height: 33px;\" valign=\"top\" width=\"454\">Raquel Rodr\u00edguez<\/td>\n<\/tr>\n<tr style=\"height: 33px;\">\n<td style=\"width: 33.5529%; height: 33px;\" valign=\"top\" width=\"173\">Conserge<\/td>\n<td style=\"width: 84.4446%; height: 33px;\" valign=\"top\" width=\"454\">Josep Sep\u00falveda<\/td>\n<\/tr>\n<tr style=\"height: 33px;\">\n<td style=\"width: 33.5529%; height: 33px;\" valign=\"top\" width=\"173\">Coordinaci\u00f3 Menjador<\/td>\n<td style=\"width: 84.4446%; height: 33px;\" valign=\"top\" width=\"454\">Ana Cazorla<\/td>\n<\/tr>\n<tr style=\"height: 33px;\">\n<td style=\"width: 33.5529%; height: 33px;\" valign=\"top\" width=\"173\">Monitores Educaci\u00f3 Infantil<\/td>\n<td style=\"width: 84.4446%; height: 33px;\" valign=\"top\" width=\"454\">Ana, Roser<\/td>\n<\/tr>\n<tr style=\"height: 33px;\">\n<td style=\"width: 33.5529%; height: 33px;\">Monitors Educaci\u00f3 Prim\u00e0ria<\/td>\n<td style=\"width: 84.4446%; height: 33px;\">Aaron, Sergi<\/td>\n<\/tr>\n<tr style=\"height: 33px;\">\n<td style=\"width: 117.998%; height: 33px;\" colspan=\"2\"><\/td>\n<\/tr>\n<\/tbody>\n<\/table>\n<table style=\"width: 69.8361%;\" border=\"0\" cellspacing=\"0\" cellpadding=\"0\">\n<tbody>\n<tr>\n<td style=\"width: 110.847%; text-align: center;\" colspan=\"2\" valign=\"top\" width=\"173\"><strong><span style=\"background-color: #ff9900;\">ALTRES PROFESSIONALS<\/span><\/strong><\/td>\n<\/tr>\n<tr>\n<td style=\"width: 110.847%;\" colspan=\"2\" valign=\"top\" width=\"173\"><\/td>\n<\/tr>\n<tr>\n<td style=\"width: 33.4909%;\" valign=\"top\" width=\"173\">Psicopedagog<\/td>\n<td style=\"width: 77.3566%;\" valign=\"top\" width=\"454\">\u00a0Gemma<\/td>\n<\/tr>\n<tr>\n<td style=\"width: 33.4909%;\" valign=\"top\" width=\"173\">Treballadora Social<\/td>\n<td style=\"width: 77.3566%;\" valign=\"top\" width=\"454\">\u00a0Lorena Moruno<\/td>\n<\/tr>\n<tr>\n<td style=\"width: 110.847%;\" colspan=\"2\" valign=\"top\" width=\"173\"><\/td>\n<\/tr>\n<\/tbody>\n<\/table>\n<p>&nbsp;<\/p>\n<div>\n<h3 style=\"text-align: left;\" align=\"center\"><strong>CONSELL ESCOLAR<\/strong><\/h3>\n<table style=\"width: 69.66%;\" border=\"1\" cellspacing=\"0\" cellpadding=\"0\">\n<tbody>\n<tr>\n<td style=\"width: 33.4048%;\" valign=\"top\" width=\"206\">President<\/td>\n<td style=\"width: 115.292%;\" valign=\"top\" width=\"446\">Carol Gonz\u00e1lez<\/td>\n<\/tr>\n<tr>\n<td style=\"width: 33.4048%;\" valign=\"top\" width=\"206\">Cap d\u2019estudis<\/td>\n<td style=\"width: 115.292%;\" valign=\"top\" width=\"446\">Noelia Alfonso<\/td>\n<\/tr>\n<tr>\n<td style=\"width: 33.4048%;\" valign=\"top\" width=\"206\">Secret\u00e0ria<\/td>\n<td style=\"width: 115.292%;\" valign=\"top\" width=\"446\">Rocio Carnero<\/td>\n<\/tr>\n<tr>\n<td style=\"width: 33.4048%;\" valign=\"top\" width=\"206\">Mestres<\/td>\n<td style=\"width: 115.292%;\" valign=\"top\" width=\"446\">Nora Bourk, Isabel Cabrera,<\/td>\n<\/tr>\n<tr>\n<td style=\"width: 33.4048%;\" valign=\"top\" width=\"206\">Mares i pares<\/td>\n<td style=\"width: 115.292%;\" valign=\"top\" width=\"446\">Luc\u00eda Bautista, \u00c1ngeles Cort\u00e9s, Cristina D\u00edaz, Latifa Jlhij, N\u00faria Salvador<\/td>\n<\/tr>\n<tr>\n<td style=\"width: 33.4048%;\" valign=\"top\" width=\"206\">Sector AMPA<\/td>\n<td style=\"width: 115.292%;\" valign=\"top\" width=\"446\">Susana Triguero<\/td>\n<\/tr>\n<tr>\n<td style=\"width: 33.4048%;\" valign=\"top\" width=\"206\">Sector PAS<\/td>\n<td style=\"width: 115.292%;\" valign=\"top\" width=\"446\">Josep Sep\u00falveda<\/td>\n<\/tr>\n<tr>\n<td style=\"width: 33.4048%;\" valign=\"top\" width=\"206\">Ajuntament<\/td>\n<td style=\"width: 115.292%;\" valign=\"top\" width=\"446\">Francisco Javier Nicol\u00e1s<\/td>\n<\/tr>\n<\/tbody>\n<\/table>\n<p style=\"text-align: left;\"><strong><span style=\"font-size: xx-large; color: #0000ff;\">\u00a0<\/span><\/strong><\/p>\n<\/div>\n","protected":false},"excerpt":{"rendered":"<p>L\u2019escola Montbaig \u00e9s una escola p\u00fablica, catalana i\u00a0inclusiva on tenen cabuda persones de diferents proced\u00e8ncies, cultures, capacitats, actituds, aptituds. Entenem l\u2019atenci\u00f3 a la\u00a0diversitat i el foment de la conviv\u00e8ncia com la manera de\u00a0potenciar el desenvolupament integral del nostre\u00a0alumnat.<br \/>\nA la nostra escola eduquem en\u00a0coneixements i valors&hellip;  <a href=\"https:\/\/agora.xtec.cat\/escvaigalmontbaig\/lescola\/\" title=\"Read Qui som\">Llegeix m\u00e9s\u00bb<\/a><\/p>\n","protected":false},"author":1,"featured_media":0,"parent":0,"menu_order":0,"comment_status":"closed","ping_status":"closed","template":"page-templates\/side-menu.php","meta":{"_bbp_topic_count":0,"_bbp_reply_count":0,"_bbp_total_topic_count":0,"_bbp_total_reply_count":0,"_bbp_voice_count":0,"_bbp_anonymous_reply_count":0,"_bbp_topic_count_hidden":0,"_bbp_reply_count_hidden":0,"_bbp_forum_subforum_count":0,"footnotes":""},"class_list":["post-22","page","type-page","status-publish","hentry"],"post_mailing_queue_ids":[],"_links":{"self":[{"href":"https:\/\/agora.xtec.cat\/escvaigalmontbaig\/wp-json\/wp\/v2\/pages\/22","targetHints":{"allow":["GET"]}}],"collection":[{"href":"https:\/\/agora.xtec.cat\/escvaigalmontbaig\/wp-json\/wp\/v2\/pages"}],"about":[{"href":"https:\/\/agora.xtec.cat\/escvaigalmontbaig\/wp-json\/wp\/v2\/types\/page"}],"author":[{"embeddable":true,"href":"https:\/\/agora.xtec.cat\/escvaigalmontbaig\/wp-json\/wp\/v2\/users\/1"}],"replies":[{"embeddable":true,"href":"https:\/\/agora.xtec.cat\/escvaigalmontbaig\/wp-json\/wp\/v2\/comments?post=22"}],"version-history":[{"count":7,"href":"https:\/\/agora.xtec.cat\/escvaigalmontbaig\/wp-json\/wp\/v2\/pages\/22\/revisions"}],"predecessor-version":[{"id":23115,"href":"https:\/\/agora.xtec.cat\/escvaigalmontbaig\/wp-json\/wp\/v2\/pages\/22\/revisions\/23115"}],"wp:attachment":[{"href":"https:\/\/agora.xtec.cat\/escvaigalmontbaig\/wp-json\/wp\/v2\/media?parent=22"}],"curies":[{"name":"wp","href":"https:\/\/api.w.org\/{rel}","templated":true}]}}