{"id":13040,"date":"2018-04-10T09:47:41","date_gmt":"2018-04-10T07:47:41","guid":{"rendered":"http:\/\/projectes.xtec.cat\/programacioirobotica\/?page_id=13040"},"modified":"2018-04-10T09:47:41","modified_gmt":"2018-04-10T07:47:41","slug":"m6-sessio10","status":"publish","type":"page","link":"https:\/\/agora.xtec.cat\/escvaigalmontbaig\/modul-6-sessio-2-bis\/m6-sessio10\/","title":{"rendered":"Sessi\u00f3 10.  Construcci\u00f3 i programaci\u00f3 del vostre robot"},"content":{"rendered":"<h2>Pla de treball<\/h2>\n<div style=\"padding-left: 50px;\">\n<ul>\n<li>Construcci\u00f3 i programaci\u00f3 del robot<\/li>\n<\/ul>\n<\/div>\n<hr \/>\n\n<h2>Constru\u00efu, redissenyeu i programeu el vostre robot<\/h2>\n<p>Ara ja esteu treballant a fons en el vostre robot. Aquesta sessi\u00f3 la podeu dedicar \u00edntegrament al disseny, la construcci\u00f3 i la programaci\u00f3 amb S4A de les seves funcions. Vinga, som-hi!<\/p>\n<hr \/>\n<h2>Aprofiteu feina feta &#8230;<\/h2>\n<p>Utilitzeu els components i els blocs de programaci\u00f3 de la caixa forta que necessiteu i adapteu-los al vostre robot.<\/p>\n<hr \/>\n<h2>Compartiu<\/h2>\n<p>Dediqueu la part final de la sessi\u00f3 a mostrar als altres grups el vostre projecte de robot. Fixeu-vos en els projectes dels altres grups, doneu-los la vostra opini\u00f3 i recolliu les propostes de millora que us facin perqu\u00e8 encara sou a temps d&#8217;incorporar-les.<\/p>\n<hr \/>\n<p><img decoding=\"async\" class=\"alignnone\" src=\"http:\/\/projectes.xtec.cat\/programacioirobotica\/wp-content\/uploads\/usu604\/2017\/06\/scratch-icona_projecte2.png\" alt=\"Icona projecte\" width=\"32\" \/> <strong>El nostre projecte creix&#8230;<\/strong><\/p>\n<p>Ja ho tenim tot a punt per comen\u00e7ar a construir i programar o b\u00e9 continuar amb el repte final (robot). La descripci\u00f3 del robot que vam concretar a la sessi\u00f3 anterior ens ha de servir per anar seguint els passos corresponents a la feina que ens hem marcat. Podem fer-nos una llista i anar marcant les coses resoltes, repartir-nos les tasques i planificar. \u00c0nims, porteu un bon ritme!<\/p>\n","protected":false},"excerpt":{"rendered":"<p>Pla de treball<\/p>\n<ul>\n<li>Construcci\u00f3 i programaci\u00f3 del robot<\/li>\n<\/ul>\n<p>Constru\u00efu, redissenyeu i programeu el vostre robot<br \/>\nAra ja esteu treballant a fons en el vostre robot. Aquesta sessi\u00f3 la podeu dedicar \u00edntegrament al disseny, la construcci\u00f3 i la programaci\u00f3 amb S4A de les seves funcions. Vinga, som-hi!<\/p>\n<p>Aprofiteu feina feta&hellip;  <a href=\"https:\/\/agora.xtec.cat\/escvaigalmontbaig\/modul-6-sessio-2-bis\/m6-sessio10\/\" title=\"Read Sessi\u00f3 10.  Construcci\u00f3 i programaci\u00f3 del vostre robot\">Llegeix m\u00e9s\u00bb<\/a><\/p>\n","protected":false},"author":1,"featured_media":0,"parent":15865,"menu_order":10,"comment_status":"closed","ping_status":"closed","template":"page-templates\/side-menu.php","meta":{"_bbp_topic_count":0,"_bbp_reply_count":0,"_bbp_total_topic_count":0,"_bbp_total_reply_count":0,"_bbp_voice_count":0,"_bbp_anonymous_reply_count":0,"_bbp_topic_count_hidden":0,"_bbp_reply_count_hidden":0,"_bbp_forum_subforum_count":0,"footnotes":""},"class_list":["post-13040","page","type-page","status-publish","hentry"],"post_mailing_queue_ids":[],"_links":{"self":[{"href":"https:\/\/agora.xtec.cat\/escvaigalmontbaig\/wp-json\/wp\/v2\/pages\/13040","targetHints":{"allow":["GET"]}}],"collection":[{"href":"https:\/\/agora.xtec.cat\/escvaigalmontbaig\/wp-json\/wp\/v2\/pages"}],"about":[{"href":"https:\/\/agora.xtec.cat\/escvaigalmontbaig\/wp-json\/wp\/v2\/types\/page"}],"author":[{"embeddable":true,"href":"https:\/\/agora.xtec.cat\/escvaigalmontbaig\/wp-json\/wp\/v2\/users\/1"}],"replies":[{"embeddable":true,"href":"https:\/\/agora.xtec.cat\/escvaigalmontbaig\/wp-json\/wp\/v2\/comments?post=13040"}],"version-history":[{"count":0,"href":"https:\/\/agora.xtec.cat\/escvaigalmontbaig\/wp-json\/wp\/v2\/pages\/13040\/revisions"}],"up":[{"embeddable":true,"href":"https:\/\/agora.xtec.cat\/escvaigalmontbaig\/wp-json\/wp\/v2\/pages\/15865"}],"wp:attachment":[{"href":"https:\/\/agora.xtec.cat\/escvaigalmontbaig\/wp-json\/wp\/v2\/media?parent=13040"}],"curies":[{"name":"wp","href":"https:\/\/api.w.org\/{rel}","templated":true}]}}