{"id":5490,"date":"2023-04-25T15:13:29","date_gmt":"2023-04-25T13:13:29","guid":{"rendered":"https:\/\/agora.xtec.cat\/escurgell\/?page_id=5490"},"modified":"2023-05-23T12:37:59","modified_gmt":"2023-05-23T10:37:59","slug":"pla-de-comunicacio","status":"publish","type":"page","link":"https:\/\/agora.xtec.cat\/escurgell\/pla-de-comunicacio\/","title":{"rendered":"Pla de Comunicaci\u00f3"},"content":{"rendered":"<section class=\"nicdark_section\">\n<div class=\"nicdark_container nicdark_clearfix\">\n<div class=\"grid grid_8 percentage nicdark_page_sidebar\">\n<div class=\"vc_row wpb_row vc_row-fluid\">\n<div class=\"wpb_column vc_column_container vc_col-sm-12\">\n<div class=\"vc_column-inner \">\n<div class=\"wpb_wrapper\">\n<div class=\"wpb_text_column wpb_content_element \">\n<div class=\"wpb_wrapper\">\n<p>A continuaci\u00f3, s\u2019exposa com es duu a terme la comunicaci\u00f3 entre les diferents parts de la comunitat educativa.<\/p>\n<p><b>Direcci\u00f3 \u2013 Professorat<\/b><\/p>\n<p>L\u2019equip directiu es comunica amb el professorat del centre a trav\u00e9s de correus electr\u00f2nics enviats des de la plataforma Clickedu. El professorat rep aquests correus al seu compte de correu coorporatiu.<\/p>\n<p><b style=\"font-family: inherit; font-size: 1em;\">Direcci\u00f3 \u2013 Alumnat<\/b><\/p>\n<p>La comunicaci\u00f3 de direcci\u00f3 amb l\u2019alumnat acostuma a ser a trav\u00e9s de la persona tutora del grup. Si la comunicaci\u00f3 s\u2019ha de fer de forma massiva, s\u2019utilitza el correu electr\u00f2nic.<\/p>\n<p><b>Direcci\u00f3 \u2013 Fam\u00edlies<\/b><\/p>\n<p>Les comunicacions de direcci\u00f3 amb les fam\u00edlies de l\u2019alumnat del centre es fan a trav\u00e9s del correu electr\u00f2nic. Les fam\u00edlies han de tenir el correu electr\u00f2nic dels responsables informat i actualitzat en la plataforma Clickedu.<\/p>\n<p><b>Professorat \u2013 Alumnat<\/b><\/p>\n<p>El professorat es comunica amb l\u2019alumnat a trav\u00e9s de Clickedu i de l\u2019entorn google workspace (gmail, drive, classroom). Aquests entorns esdevenen tamb\u00e9 una eina de comunicaci\u00f3 alhora que de treball.<\/p>\n<p><b>Professorat \u2013 Fam\u00edlies<\/b><\/p>\n<p>La plataforma Clickedu permet al professorat fer un seguiment de cada alumne\/a visible per a les fam\u00edlies. Aquest seguiment inclou anotacions de si l\u2019alumnat fa els deures, t\u00e9 un bon comportament a l\u2019aula, control de l\u2019assist\u00e8ncia i qualificacions de les diferents mat\u00e8ries. En cas de ser necess\u00e0ria una comunicaci\u00f3 m\u00e9s directa entre professorat i fam\u00edlia, es fa a trav\u00e9s de la persona tutora o una trucada.<\/p>\n<p>A m\u00e9s utilitzem l&#8217;agenda per a quealsevol comunicaci\u00f3 que sigui necessaria.<\/p>\n<p><b>Tutor\/a \u2013 Fam\u00edlies<\/b><\/p>\n<p>La persona tutora \u00e9s a qui les fam\u00edlies poden adre\u00e7ar-se per a qualsevol consulta, dubte, inquietud, problema o proposta. La forma de comunicaci\u00f3 principal \u00e9s a trav\u00e9s de la plataforma Clickedu. A m\u00e9s a m\u00e9s, tant les fam\u00edlies com les tutores poden acordar una tutoria directa de manera presencial al centre o per videotrucada.<\/p>\n<p>A m\u00e9s d&#8217;utiltizar l&#8217;agenda de manera di\u00e0ria per comunicar qualsevol cosa.<\/p>\n<p><b>Altres comunicacions<\/b><\/p>\n<p>El web del centre esdev\u00e9 el nucli que aglutina tota la informaci\u00f3 relativa al centre, secretaria, nivells educatius, projecte educatiu, extraescolars, serveis, calendari escolar, organitzaci\u00f3 de curs, documents d\u2019inter\u00e8s, enlla\u00e7os als entorns digitals i xarxes socials i finalment not\u00edcies del centre, i que \u00e9s visible a tota la comunitat educativa i obert a qualsevol persona que vulgui consultar.<\/p>\n<\/div>\n<p><a href=\"https:\/\/agora.xtec.cat\/escurgell\/cultura-digital\/\"><img loading=\"lazy\" decoding=\"async\" class=\"aligncenter size-full wp-image-5366\" src=\"https:\/\/agora.xtec.cat\/escurgell\/wp-content\/uploads\/usu2192\/2022\/10\/DIAGNOSI-300-\u00d7-169-px-300-\u00d7-130-px-300-\u00d7-110-px-2.png\" alt=\"\" width=\"300\" height=\"110\" \/><\/a><\/p>\n<\/div>\n<\/div>\n<\/div>\n<\/div>\n<\/div>\n<div class=\"nicdark_archive1 nicdark_padding010\">\n<div class=\"nicdark_focus\">\n<div class=\"singlelinkpages\"><\/div>\n<\/div>\n<\/div>\n<\/div>\n<\/div>\n<\/section>\n","protected":false},"excerpt":{"rendered":"<p>A continuaci\u00f3, s\u2019exposa com es duu a terme la comunicaci\u00f3 entre les diferents parts de la comunitat educativa.<br \/>\nDirecci\u00f3 \u2013 Professorat<br \/>\nL\u2019equip directiu es comunica amb el professorat del centre a trav\u00e9s de correus electr\u00f2nics enviats des de la plataforma Clickedu. El professorat rep aquests correus al&hellip;  <a href=\"https:\/\/agora.xtec.cat\/escurgell\/pla-de-comunicacio\/\" title=\"Read Pla de Comunicaci\u00f3\">Llegeix m\u00e9s\u00bb<\/a><\/p>\n","protected":false},"author":6,"featured_media":0,"parent":0,"menu_order":0,"comment_status":"closed","ping_status":"closed","template":"","meta":{"_bbp_topic_count":0,"_bbp_reply_count":0,"_bbp_total_topic_count":0,"_bbp_total_reply_count":0,"_bbp_voice_count":0,"_bbp_anonymous_reply_count":0,"_bbp_topic_count_hidden":0,"_bbp_reply_count_hidden":0,"_bbp_forum_subforum_count":0,"footnotes":""},"class_list":["post-5490","page","type-page","status-publish","hentry"],"post_mailing_queue_ids":[],"_links":{"self":[{"href":"https:\/\/agora.xtec.cat\/escurgell\/wp-json\/wp\/v2\/pages\/5490","targetHints":{"allow":["GET"]}}],"collection":[{"href":"https:\/\/agora.xtec.cat\/escurgell\/wp-json\/wp\/v2\/pages"}],"about":[{"href":"https:\/\/agora.xtec.cat\/escurgell\/wp-json\/wp\/v2\/types\/page"}],"author":[{"embeddable":true,"href":"https:\/\/agora.xtec.cat\/escurgell\/wp-json\/wp\/v2\/users\/6"}],"replies":[{"embeddable":true,"href":"https:\/\/agora.xtec.cat\/escurgell\/wp-json\/wp\/v2\/comments?post=5490"}],"version-history":[{"count":3,"href":"https:\/\/agora.xtec.cat\/escurgell\/wp-json\/wp\/v2\/pages\/5490\/revisions"}],"predecessor-version":[{"id":5579,"href":"https:\/\/agora.xtec.cat\/escurgell\/wp-json\/wp\/v2\/pages\/5490\/revisions\/5579"}],"wp:attachment":[{"href":"https:\/\/agora.xtec.cat\/escurgell\/wp-json\/wp\/v2\/media?parent=5490"}],"curies":[{"name":"wp","href":"https:\/\/api.w.org\/{rel}","templated":true}]}}