{"id":3009,"date":"2018-10-17T10:42:11","date_gmt":"2018-10-17T08:42:11","guid":{"rendered":"http:\/\/agora.xtec.cat\/escgranollers\/?page_id=3009"},"modified":"2026-01-30T13:46:43","modified_gmt":"2026-01-30T12:46:43","slug":"documents-del-centre","status":"publish","type":"page","link":"https:\/\/agora.xtec.cat\/escturocangili\/documents-del-centre\/","title":{"rendered":"Documents del centre"},"content":{"rendered":"<ol>\n<li style=\"list-style-type: none;\">\n<ol>\n<li><a href=\"https:\/\/agora.xtec.cat\/escturocangili\/wp-content\/uploads\/usu525\/2023\/07\/PEC-22-23.pdf\" target=\"_blank\" rel=\"noopener\">PEC (Projecte Educatiu de Centre)<\/a><\/li>\n<li><a href=\"https:\/\/agora.xtec.cat\/escturocangili\/wp-content\/uploads\/usu525\/2026\/01\/NOFC-TURO-DE-CAN-GILI_2025.pdf\" target=\"_blank\" rel=\"noopener\">NOFC 2025-2029 (revisades al 2026) &#8211; Normes d&#8217;Organitzaci\u00f3 i Funcionament del Centre<\/a><\/li>\n<li><a href=\"https:\/\/agora.xtec.cat\/escturocangili\/wp-content\/uploads\/usu525\/2026\/01\/PGA_25_26.pdf\" target=\"_blank\" rel=\"noopener\">PGA &#8211; Programaci\u00f3 General Anual 25-26<\/a><\/li>\n<li><a href=\"https:\/\/agora.xtec.cat\/escturocangili\/wp-content\/uploads\/usu525\/2024\/07\/PES-.pdf\" target=\"_blank\" rel=\"noopener\">PES &#8211; Pla d&#8217;Educaci\u00f3 per a la Sostenibilitat<\/a><\/li>\n<li><a href=\"https:\/\/agora.xtec.cat\/escturocangili\/wp-content\/uploads\/usu525\/2025\/03\/PLA-DACOLLIDA-I-INTEGRACIO.pdf\" target=\"_blank\" rel=\"noopener\">Pla d&#8217;acollida i d&#8217;integraci\u00f3<\/a><\/li>\n<li><a href=\"https:\/\/agora.xtec.cat\/escturocangili\/wp-content\/uploads\/usu525\/2022\/11\/PLC-Turo-de-Can-Gili-octubre-22.pdf\" target=\"_blank\" rel=\"noopener\">Projecte ling\u00fc\u00edstic de centre<\/a><\/li>\n<li><a href=\"https:\/\/agora.xtec.cat\/escturocangili\/wp-content\/uploads\/usu525\/2023\/07\/CONVIVENCIA.pdf\" target=\"_blank\" rel=\"noopener\">Projecte de Conviv\u00e8ncia<\/a><\/li>\n<li><a href=\"https:\/\/agora.xtec.cat\/escturocangili\/wp-content\/uploads\/usu525\/2026\/01\/Dades-del-pressupost.pdf\" target=\"_blank\" rel=\"noopener\">Pressupost 2026<\/a><\/li>\n<li><a href=\"https:\/\/agora.xtec.cat\/escturocangili\/wp-content\/uploads\/usu525\/2023\/07\/PEM-Turo-de-Can-Gili.pdf\" target=\"_blank\" rel=\"noopener\">PEM (Pla Estrat\u00e8gic de Millora)<\/a><\/li>\n<li><a href=\"https:\/\/agora.xtec.cat\/escturocangili\/wp-content\/uploads\/usu525\/2023\/07\/08074811-Escola-Turo-de-Can-Gili-Resum-de-lEDC-1.pdf\" target=\"_blank\" rel=\"noopener\">EDC (Estrat\u00e8gia Digital de Centre)<\/a>\n<ol>\n<li><a href=\"https:\/\/agora.xtec.cat\/escturocangili\/wp-content\/uploads\/usu525\/2025\/03\/Pla-dAcollida-Digital-ESC-Turo-de-Can-Gili.pdf\">Pla d&#8217;acollida digital<\/a><\/li>\n<li><a href=\"https:\/\/agora.xtec.cat\/escturocangili\/wp-content\/uploads\/usu525\/2025\/03\/Pla-de-comunicacio-de-centre-ESC-Turo-de-Can-Gili.pdf\" target=\"_blank\" rel=\"noopener\">Pla de comunicaci\u00f3<\/a><\/li>\n<\/ol>\n<\/li>\n<li><a href=\"https:\/\/agora.xtec.cat\/escturocangili\/wp-content\/uploads\/usu525\/2023\/07\/Pla-dAtencio-a-la-Diversitat.pdf\" target=\"_blank\" rel=\"noopener\">Pla d&#8217;Atenci\u00f3 a la Diversitat<\/a><\/li>\n<li><a href=\"https:\/\/agora.xtec.cat\/escturocangili\/wp-content\/uploads\/usu525\/2024\/12\/CARTA-DE-COMPROMIS.pdf\" target=\"_blank\" rel=\"noopener\">Carta de comprom\u00eds<\/a><\/li>\n<\/ol>\n<\/li>\n<\/ol>\n<p>&nbsp;<\/p>\n","protected":false},"excerpt":{"rendered":"<p>PEC (Projecte Educatiu de Centre) NOFC 2025-2029 (revisades al 2026) &#8211; Normes d&#8217;Organitzaci\u00f3 i Funcionament del Centre PGA &#8211; Programaci\u00f3 General Anual 25-26 PES &#8211; Pla d&#8217;Educaci\u00f3 per a la Sostenibilitat Pla d&#8217;acollida i d&#8217;integraci\u00f3 Projecte ling\u00fc\u00edstic de centre Projecte de Conviv\u00e8ncia Pressupost 2026 PEM (Pla Estrat\u00e8gic de Millora) EDC (Estrat\u00e8gia Digital de Centre) Pla [&hellip;]<\/p>\n","protected":false},"author":1,"featured_media":0,"parent":0,"menu_order":0,"comment_status":"closed","ping_status":"closed","template":"","meta":{"_bbp_topic_count":0,"_bbp_reply_count":0,"_bbp_total_topic_count":0,"_bbp_total_reply_count":0,"_bbp_voice_count":0,"_bbp_anonymous_reply_count":0,"_bbp_topic_count_hidden":0,"_bbp_reply_count_hidden":0,"_bbp_forum_subforum_count":0,"site-sidebar-layout":"default","site-content-layout":"","ast-site-content-layout":"default","site-content-style":"default","site-sidebar-style":"default","ast-global-header-display":"","ast-banner-title-visibility":"","ast-main-header-display":"","ast-hfb-above-header-display":"","ast-hfb-below-header-display":"","ast-hfb-mobile-header-display":"","site-post-title":"","ast-breadcrumbs-content":"","ast-featured-img":"","footer-sml-layout":"","theme-transparent-header-meta":"default","adv-header-id-meta":"","stick-header-meta":"","header-above-stick-meta":"","header-main-stick-meta":"","header-below-stick-meta":"","astra-migrate-meta-layouts":"set","ast-page-background-enabled":"default","ast-page-background-meta":{"desktop":{"background-color":"var(--ast-global-color-4)","background-image":"","background-repeat":"repeat","background-position":"center center","background-size":"auto","background-attachment":"scroll","background-type":"","background-media":"","overlay-type":"","overlay-color":"","overlay-opacity":"","overlay-gradient":""},"tablet":{"background-color":"","background-image":"","background-repeat":"repeat","background-position":"center center","background-size":"auto","background-attachment":"scroll","background-type":"","background-media":"","overlay-type":"","overlay-color":"","overlay-opacity":"","overlay-gradient":""},"mobile":{"background-color":"","background-image":"","background-repeat":"repeat","background-position":"center center","background-size":"auto","background-attachment":"scroll","background-type":"","background-media":"","overlay-type":"","overlay-color":"","overlay-opacity":"","overlay-gradient":""}},"ast-content-background-meta":{"desktop":{"background-color":"var(--ast-global-color-5)","background-image":"","background-repeat":"repeat","background-position":"center center","background-size":"auto","background-attachment":"scroll","background-type":"","background-media":"","overlay-type":"","overlay-color":"","overlay-opacity":"","overlay-gradient":""},"tablet":{"background-color":"var(--ast-global-color-5)","background-image":"","background-repeat":"repeat","background-position":"center center","background-size":"auto","background-attachment":"scroll","background-type":"","background-media":"","overlay-type":"","overlay-color":"","overlay-opacity":"","overlay-gradient":""},"mobile":{"background-color":"var(--ast-global-color-5)","background-image":"","background-repeat":"repeat","background-position":"center center","background-size":"auto","background-attachment":"scroll","background-type":"","background-media":"","overlay-type":"","overlay-color":"","overlay-opacity":"","overlay-gradient":""}},"footnotes":""},"class_list":["post-3009","page","type-page","status-publish","hentry"],"post_mailing_queue_ids":[],"_links":{"self":[{"href":"https:\/\/agora.xtec.cat\/escturocangili\/wp-json\/wp\/v2\/pages\/3009","targetHints":{"allow":["GET"]}}],"collection":[{"href":"https:\/\/agora.xtec.cat\/escturocangili\/wp-json\/wp\/v2\/pages"}],"about":[{"href":"https:\/\/agora.xtec.cat\/escturocangili\/wp-json\/wp\/v2\/types\/page"}],"author":[{"embeddable":true,"href":"https:\/\/agora.xtec.cat\/escturocangili\/wp-json\/wp\/v2\/users\/1"}],"replies":[{"embeddable":true,"href":"https:\/\/agora.xtec.cat\/escturocangili\/wp-json\/wp\/v2\/comments?post=3009"}],"version-history":[{"count":7,"href":"https:\/\/agora.xtec.cat\/escturocangili\/wp-json\/wp\/v2\/pages\/3009\/revisions"}],"predecessor-version":[{"id":22044,"href":"https:\/\/agora.xtec.cat\/escturocangili\/wp-json\/wp\/v2\/pages\/3009\/revisions\/22044"}],"wp:attachment":[{"href":"https:\/\/agora.xtec.cat\/escturocangili\/wp-json\/wp\/v2\/media?parent=3009"}],"curies":[{"name":"wp","href":"https:\/\/api.w.org\/{rel}","templated":true}]}}