{"id":226,"date":"2015-10-09T10:12:27","date_gmt":"2015-10-09T09:12:27","guid":{"rendered":"http:\/\/agora.xtec.cat\/escgranollers\/?page_id=226"},"modified":"2024-02-16T12:50:06","modified_gmt":"2024-02-16T11:50:06","slug":"consell-escolar","status":"publish","type":"page","link":"https:\/\/agora.xtec.cat\/escturocangili\/organitzacio\/consell-escolar\/","title":{"rendered":"Consell Escolar"},"content":{"rendered":"<div id=\"pg-1059-0\" class=\"panel-grid\">\n<div id=\"pgc-1059-0-0\" class=\"panel-grid-cell\">\n<div id=\"panel-1059-0-0-0\" class=\"so-panel widget widget_black-studio-tinymce widget_black_studio_tinymce panel-first-child panel-last-child\">\n<div class=\"textwidget\">\n<p>El consell escolar del centre \u00e9s l\u2019<strong>\u00f2rgan col\u00b7legiat de participaci\u00f3<\/strong> de la comunitat escolar en el govern del centre. En el consell escolar hi ha representats tots els col\u00b7lectius que intervenen en la comunitat educativa: director, professorat, alumnat, personal d\u2019administraci\u00f3 i serveis, etc.<\/p>\n<p>La funci\u00f3 principal del consell escolar \u00e9s participar en la presa de decisions en relaci\u00f3 amb aquells temes importants per al funcionament i l\u2019organitzaci\u00f3 del centre: el projecte educatiu, la programaci\u00f3 general, la gesti\u00f3 econ\u00f2mica, etc.<\/p>\n<p>Els membres del consell escolar s\u00f3n elegits per un per\u00edode de quatre anys i es renoven per meitats cada dos anys.<\/p>\n<\/div>\n<\/div>\n<\/div>\n<\/div>\n<h3 style=\"text-align: left;\">Representants 2023\/24<\/h3>\n<p>&nbsp;<\/p>\n<ul>\n<li><strong>Equip directiu: <\/strong><strong>Directora<\/strong>: Maria Muntal, <strong>Cap d&#8217;estudis<\/strong>: Maria Rufat, <strong>Secretari:\u00a0<\/strong>Adri\u00e0 Garcia<\/li>\n<\/ul>\n<ul>\n<li><strong>Representants docents: <\/strong>S\u00f2nia Amargant, Berta Costa, J\u00falia G\u00f3mez, Meritxell Mart\u00ed, Rosa Maria Mota i Nat\u00e0lia Munuera.<\/li>\n<\/ul>\n<ul>\n<li><strong>Representant de l&#8217;AFA:\u00a0<\/strong>Luc\u00eda Riquelme<\/li>\n<\/ul>\n<ul>\n<li><strong>Representants pares\/mares :\u00a0<\/strong>Yassmina Achkara, Mariam Kone, Ver\u00f3nica M\u00e1rquez i Vanesa Olmo.<\/li>\n<\/ul>\n<ul>\n<li><strong>Representant del PAS<\/strong>: Manel Herrera<\/li>\n<\/ul>\n<ul>\n<li><strong>Representant PAE<\/strong>: Eva Roura<\/li>\n<\/ul>\n<ul>\n<li><strong>Representat Ajuntament:<\/strong> Isabel Llorente<\/li>\n<\/ul>\n<p>&nbsp;<\/p>\n","protected":false},"excerpt":{"rendered":"<p>El consell escolar del centre \u00e9s l\u2019\u00f2rgan col\u00b7legiat de participaci\u00f3 de la comunitat escolar en el govern del centre. En el consell escolar hi ha representats tots els col\u00b7lectius que intervenen en la comunitat educativa: director, professorat, alumnat, personal d\u2019administraci\u00f3 i serveis, etc. La funci\u00f3 principal del consell escolar \u00e9s participar en la presa de [&hellip;]<\/p>\n","protected":false},"author":1,"featured_media":0,"parent":222,"menu_order":0,"comment_status":"closed","ping_status":"closed","template":"page-templates\/side-menu.php","meta":{"_bbp_topic_count":0,"_bbp_reply_count":0,"_bbp_total_topic_count":0,"_bbp_total_reply_count":0,"_bbp_voice_count":0,"_bbp_anonymous_reply_count":0,"_bbp_topic_count_hidden":0,"_bbp_reply_count_hidden":0,"_bbp_forum_subforum_count":0,"site-sidebar-layout":"default","site-content-layout":"","ast-site-content-layout":"","site-content-style":"default","site-sidebar-style":"default","ast-global-header-display":"","ast-banner-title-visibility":"","ast-main-header-display":"","ast-hfb-above-header-display":"","ast-hfb-below-header-display":"","ast-hfb-mobile-header-display":"","site-post-title":"","ast-breadcrumbs-content":"","ast-featured-img":"","footer-sml-layout":"","theme-transparent-header-meta":"","adv-header-id-meta":"","stick-header-meta":"","header-above-stick-meta":"","header-main-stick-meta":"","header-below-stick-meta":"","astra-migrate-meta-layouts":"default","ast-page-background-enabled":"default","ast-page-background-meta":{"desktop":{"background-color":"var(--ast-global-color-4)","background-image":"","background-repeat":"repeat","background-position":"center center","background-size":"auto","background-attachment":"scroll","background-type":"","background-media":"","overlay-type":"","overlay-color":"","overlay-opacity":"","overlay-gradient":""},"tablet":{"background-color":"","background-image":"","background-repeat":"repeat","background-position":"center center","background-size":"auto","background-attachment":"scroll","background-type":"","background-media":"","overlay-type":"","overlay-color":"","overlay-opacity":"","overlay-gradient":""},"mobile":{"background-color":"","background-image":"","background-repeat":"repeat","background-position":"center center","background-size":"auto","background-attachment":"scroll","background-type":"","background-media":"","overlay-type":"","overlay-color":"","overlay-opacity":"","overlay-gradient":""}},"ast-content-background-meta":{"desktop":{"background-color":"var(--ast-global-color-5)","background-image":"","background-repeat":"repeat","background-position":"center center","background-size":"auto","background-attachment":"scroll","background-type":"","background-media":"","overlay-type":"","overlay-color":"","overlay-opacity":"","overlay-gradient":""},"tablet":{"background-color":"var(--ast-global-color-5)","background-image":"","background-repeat":"repeat","background-position":"center center","background-size":"auto","background-attachment":"scroll","background-type":"","background-media":"","overlay-type":"","overlay-color":"","overlay-opacity":"","overlay-gradient":""},"mobile":{"background-color":"var(--ast-global-color-5)","background-image":"","background-repeat":"repeat","background-position":"center center","background-size":"auto","background-attachment":"scroll","background-type":"","background-media":"","overlay-type":"","overlay-color":"","overlay-opacity":"","overlay-gradient":""}},"footnotes":""},"class_list":["post-226","page","type-page","status-publish","hentry"],"post_mailing_queue_ids":[],"_links":{"self":[{"href":"https:\/\/agora.xtec.cat\/escturocangili\/wp-json\/wp\/v2\/pages\/226","targetHints":{"allow":["GET"]}}],"collection":[{"href":"https:\/\/agora.xtec.cat\/escturocangili\/wp-json\/wp\/v2\/pages"}],"about":[{"href":"https:\/\/agora.xtec.cat\/escturocangili\/wp-json\/wp\/v2\/types\/page"}],"author":[{"embeddable":true,"href":"https:\/\/agora.xtec.cat\/escturocangili\/wp-json\/wp\/v2\/users\/1"}],"replies":[{"embeddable":true,"href":"https:\/\/agora.xtec.cat\/escturocangili\/wp-json\/wp\/v2\/comments?post=226"}],"version-history":[{"count":6,"href":"https:\/\/agora.xtec.cat\/escturocangili\/wp-json\/wp\/v2\/pages\/226\/revisions"}],"predecessor-version":[{"id":20044,"href":"https:\/\/agora.xtec.cat\/escturocangili\/wp-json\/wp\/v2\/pages\/226\/revisions\/20044"}],"up":[{"embeddable":true,"href":"https:\/\/agora.xtec.cat\/escturocangili\/wp-json\/wp\/v2\/pages\/222"}],"wp:attachment":[{"href":"https:\/\/agora.xtec.cat\/escturocangili\/wp-json\/wp\/v2\/media?parent=226"}],"curies":[{"name":"wp","href":"https:\/\/api.w.org\/{rel}","templated":true}]}}