{"id":8439,"date":"2025-09-08T08:26:57","date_gmt":"2025-09-08T06:26:57","guid":{"rendered":"https:\/\/agora.xtec.cat\/esctrespins\/?page_id=8439"},"modified":"2026-04-13T08:44:38","modified_gmt":"2026-04-13T06:44:38","slug":"organigrama","status":"publish","type":"page","link":"https:\/\/agora.xtec.cat\/esctrespins\/organigrama\/","title":{"rendered":"Organigrama"},"content":{"rendered":"\n<h3 class=\"wp-block-heading has-ast-global-color-1-color has-text-color has-link-color wp-elements-6ddf4259cddcd0f65432c2ef6c030123\">Equip directiu<\/h3>\n\n\n\n<div class=\"wp-block-columns is-layout-flex wp-container-core-columns-is-layout-1 wp-block-columns-is-layout-flex\">\n<div class=\"wp-block-column is-layout-flow wp-block-column-is-layout-flow\" style=\"flex-basis:33.33%\">\n<p class=\"has-text-align-right\">\u00c0ngels Hugas<\/p>\n\n\n\n<p class=\"has-text-align-right\">Yolanda L\u00f3pez<\/p>\n\n\n\n<p class=\"has-text-align-right\">Marta Moles<\/p>\n\n\n\n<p class=\"has-text-align-right\">Mari del Rosal<\/p>\n<\/div>\n\n\n\n<div class=\"wp-block-column is-layout-flow wp-block-column-is-layout-flow\" style=\"flex-basis:66.66%\">\n<p class=\"has-ast-global-color-0-color has-text-color has-link-color wp-elements-1206cb1fcea03576477b208f30abf280\"><em>Directora<\/em><\/p>\n\n\n\n<p class=\"has-ast-global-color-0-color has-text-color has-link-color wp-elements-cc4dab828ddc792c6dc514461da46034\" style=\"padding-top:0;padding-bottom:0\"><em>Cap d&#8217;estudis<\/em><\/p>\n\n\n\n<p class=\"has-ast-global-color-0-color has-text-color has-link-color wp-elements-e64e26b6f4f0a4d47d1bf483e648f8ce\"><em>Secret\u00e0ria<\/em><\/p>\n\n\n\n<p class=\"has-ast-global-color-0-color has-text-color has-link-color wp-elements-e3cbc662de44116f6c7b98f055a89270\"><em>Coordinadora pedag\u00f2gica<\/em><\/p>\n<\/div>\n<\/div>\n\n\n\n<h4 class=\"wp-block-heading has-ast-global-color-1-color has-text-color has-link-color wp-elements-87d657865a33645c7fee38d40647a148\">Coordinacions<\/h4>\n\n\n\n<div class=\"wp-block-columns is-layout-flex wp-container-core-columns-is-layout-2 wp-block-columns-is-layout-flex\">\n<div class=\"wp-block-column is-layout-flow wp-block-column-is-layout-flow\" style=\"flex-basis:33.33%\">\n<p class=\"has-text-align-right\">N\u00faria Giralt<\/p>\n\n\n\n<p class=\"has-text-align-right\">Gemma Lacambra<\/p>\n\n\n\n<p class=\"has-text-align-right\">\u00c0frica Fern\u00e1ndez<\/p>\n\n\n\n<p class=\"has-text-align-right\">Juan Armero<\/p>\n\n\n\n<p class=\"has-text-align-right\">Benjam\u00ed Vilardell<\/p>\n\n\n\n<p class=\"has-text-align-right\">Gemma Campmany<\/p>\n\n\n\n<p class=\"has-text-align-right\">Sandra Hern\u00e1ndez<\/p>\n\n\n\n<p class=\"has-text-align-right\">Raquel P\u00e1ramo<\/p>\n\n\n\n<p class=\"has-text-align-right\">\u00c1frica Fern\u00e1ndez<\/p>\n<\/div>\n\n\n\n<div class=\"wp-block-column is-layout-flow wp-block-column-is-layout-flow\" style=\"flex-basis:66.66%\">\n<p class=\"has-ast-global-color-0-color has-text-color has-link-color wp-elements-5b00b9365d20dc6e96eecab0340bced6\"><em>Coordinador infantil<\/em><\/p>\n\n\n\n<p class=\"has-ast-global-color-0-color has-text-color has-link-color wp-elements-37244491121a1e830def54d3d5fd9009\"><em>Coordinadora  prim\u00e0ria<\/em><\/p>\n\n\n\n<p class=\"has-ast-global-color-0-color has-text-color has-link-color wp-elements-3b8e96353165714e518051da43b26c26\"><em>Coordinadora secund\u00e0ria<\/em><\/p>\n\n\n\n<p class=\"has-ast-global-color-0-color has-text-color has-link-color wp-elements-38e55d87c6b63e9394c6118baebde16a\"><em>Coordinador digital<\/em><\/p>\n\n\n\n<p class=\"has-ast-global-color-0-color has-text-color has-link-color wp-elements-ad326afa355cc39d8f1237cdf833796e\" style=\"padding-top:0;padding-bottom:0\"><em>Coordinador web i comunicacions<\/em><\/p>\n\n\n\n<p class=\"has-ast-global-color-0-color has-text-color has-link-color wp-elements-29ad6e613aa87576cd22accd2176bcc2\"><em>Coordinadora de prevenci\u00f3 de riscos laborals<\/em><\/p>\n\n\n\n<p class=\"has-ast-global-color-0-color has-text-color has-link-color wp-elements-292b5c15f5673d04985135b5a261b61c\"><em>Coordinadora LIC<\/em><\/p>\n\n\n\n<p class=\"has-ast-global-color-0-color has-text-color has-link-color wp-elements-2881be7909041e4f3c1c4f169c64301b\"><em>Coordinadora de festes<\/em><\/p>\n\n\n\n<p class=\"has-ast-global-color-0-color has-text-color has-link-color wp-elements-381202b635707f9cb380a514688ea5ca\"><em>POE (Coordinadora educativa) i referent de coeducaci\u00f3, conviv\u00e8ncia i benestar de l\u2019alumnat a Secund\u00e0ria<\/em><\/p>\n<\/div>\n<\/div>\n\n\n\n<div class=\"wp-block-columns is-layout-flex wp-container-core-columns-is-layout-3 wp-block-columns-is-layout-flex\">\n<div class=\"wp-block-column is-layout-flow wp-block-column-is-layout-flow\" style=\"flex-basis:33.33%\">\n<p class=\"has-text-align-right\">Judith Fontana<\/p>\n\n\n\n<p class=\"has-text-align-right\">Anna Gallardo<\/p>\n\n\n\n<p class=\"has-text-align-right\">Marta Moles<\/p>\n\n\n\n<p class=\"has-text-align-right\">Anna Gallardo<\/p>\n<\/div>\n\n\n\n<div class=\"wp-block-column is-layout-flow wp-block-column-is-layout-flow\" style=\"flex-basis:66.66%\">\n<p class=\"has-ast-global-color-0-color has-text-color has-link-color wp-elements-cf00d5ed71977a18c2ac13e357dc8f51\"><em>Cap d&#8217;\u00e0mbit cient\u00edfic-tecnol\u00f2gic-matem\u00e0tic<\/em><\/p>\n\n\n\n<p class=\"has-ast-global-color-0-color has-text-color has-link-color wp-elements-88c11b17390b43d803182d87121687f8\"><em>Cap d&#8217;\u00e0mbit socioling\u00fc\u00edstic<\/em><\/p>\n\n\n\n<p class=\"has-ast-global-color-0-color has-text-color has-link-color wp-elements-f8ae528eb343c434cadd089d96ebc2ce\"><em>Coordinador STEAM i cap d\u2019\u00e0mbit cient\u00edfic-tecnol\u00f2gic-matem\u00e0tic<\/em><\/p>\n\n\n\n<p class=\"has-ast-global-color-0-color has-text-color has-link-color wp-elements-2ad8da25e6fd2677f04f964cbeb25fc6\"><em>Coordinadora LLENGUA VIVA i cap d\u2019\u00e0mbit socioling\u00fc\u00edstic.<\/em><\/p>\n<\/div>\n<\/div>\n\n\n\n<h4 class=\"wp-block-heading has-ast-global-color-1-color has-text-color has-link-color wp-elements-39c4dbc5e3a5f04c8dfec75e0158266a\">Tutories<\/h4>\n\n\n\n<div class=\"wp-block-columns is-layout-flex wp-container-core-columns-is-layout-4 wp-block-columns-is-layout-flex\">\n<div class=\"wp-block-column is-layout-flow wp-block-column-is-layout-flow\" style=\"flex-basis:33.33%\">\n<p class=\"has-text-align-right\"><strong>I3<\/strong><\/p>\n\n\n\n<p class=\"has-text-align-right\"><strong>I4<\/strong><\/p>\n\n\n\n<p class=\"has-text-align-right\"><strong>I5<\/strong><\/p>\n\n\n\n<p class=\"has-text-align-right\"><strong>1r<\/strong><\/p>\n\n\n\n<p class=\"has-text-align-right\"><strong>2n<\/strong><\/p>\n\n\n\n<p class=\"has-text-align-right\"><strong>3r<\/strong><\/p>\n\n\n\n<p class=\"has-text-align-right\"><strong>4t A<\/strong><\/p>\n\n\n\n<p class=\"has-text-align-right\"><strong>4t B<\/strong><\/p>\n\n\n\n<p class=\"has-text-align-right\"><strong>5\u00e8<\/strong><\/p>\n\n\n\n<p class=\"has-text-align-right\"><strong>6\u00e8<\/strong><\/p>\n<\/div>\n\n\n\n<div class=\"wp-block-column is-layout-flow wp-block-column-is-layout-flow\" style=\"flex-basis:66.66%\">\n<p class=\"has-ast-global-color-0-color has-text-color has-link-color wp-elements-46236f77f018193b34fc63d6325b0530\">Raquel Lleonart<\/p>\n\n\n\n<p class=\"has-ast-global-color-0-color has-text-color has-link-color wp-elements-d9cc1a3607fd370e88672b0dd89a19aa\">Raquel Rodr\u00edguez<\/p>\n\n\n\n<p class=\"has-ast-global-color-0-color has-text-color has-link-color wp-elements-b4f8a5aeded2ecc73dfdbf5c8861df9b\">N\u00faria Giralt<\/p>\n\n\n\n<p class=\"has-ast-global-color-0-color has-text-color has-link-color wp-elements-04be88a8298b3e94c2f4cf19fc3d5b25\">Ariadna Monago<\/p>\n\n\n\n<p class=\"has-ast-global-color-0-color has-text-color has-link-color wp-elements-d4aa795fbd7ca6c4bde7935fa4e588f5\">Laura Segovia<\/p>\n\n\n\n<p class=\"has-ast-global-color-0-color has-text-color has-link-color wp-elements-cd29d65a85a8e4c3e07a1440f19e2726\">Anna Delgado<\/p>\n\n\n\n<p class=\"has-ast-global-color-0-color has-text-color has-link-color wp-elements-ef63f3c41e61da194577acaca5e74b0b\">Rocio Amezcua<\/p>\n\n\n\n<p class=\"has-ast-global-color-0-color has-text-color has-link-color wp-elements-2739c9897df010e6f9fa303e63ed5c7c\">Gerard Garc\u00eda<\/p>\n\n\n\n<p class=\"has-ast-global-color-0-color has-text-color has-link-color wp-elements-f3b5bf97cec3bda99aac342be600af69\">Roser Mart\u00ed<\/p>\n\n\n\n<p class=\"has-ast-global-color-0-color has-text-color has-link-color wp-elements-f31effa646fc985efd29bc80ee6b382f\">Gemma Lacambra<\/p>\n<\/div>\n<\/div>\n\n\n\n<div class=\"wp-block-columns is-layout-flex wp-container-core-columns-is-layout-5 wp-block-columns-is-layout-flex\">\n<div class=\"wp-block-column is-layout-flow wp-block-column-is-layout-flow\" style=\"flex-basis:33.33%\">\n<p class=\"has-text-align-right\"><strong>1r ESO<\/strong><\/p>\n\n\n\n<p class=\"has-text-align-right\"><strong>2n ESO<\/strong><\/p>\n\n\n\n<p class=\"has-text-align-right\"><strong>3r ESO A<\/strong><\/p>\n\n\n\n<p class=\"has-text-align-right\"><strong>3r ESO B<\/strong><\/p>\n\n\n\n<p class=\"has-text-align-right\"><strong>4t ESO A<\/strong><\/p>\n\n\n\n<p class=\"has-text-align-right\"><strong>4t ESO B<\/strong><\/p>\n<\/div>\n\n\n\n<div class=\"wp-block-column is-layout-flow wp-block-column-is-layout-flow\" style=\"flex-basis:66.66%\">\n<p class=\"has-ast-global-color-0-color has-text-color has-link-color wp-elements-5d1cd1dcf2e11289351853becb99119f\">Marta Fern\u00e1ndez<\/p>\n\n\n\n<p class=\"has-ast-global-color-0-color has-text-color has-link-color wp-elements-6dd184037ff322be2ab7e6651dab2e28\">Anna Gallardo<\/p>\n\n\n\n<p class=\"has-ast-global-color-0-color has-text-color has-link-color wp-elements-f9ea47d99257b761ecaf9ec53a64fad3\">Jes\u00fas Gasco<\/p>\n\n\n\n<p class=\"has-ast-global-color-0-color has-text-color has-link-color wp-elements-1c2972e04d5201c4dd127445c4373536\">Mart\u00ed Lloret<\/p>\n\n\n\n<p class=\"has-ast-global-color-0-color has-text-color has-link-color wp-elements-201d35784a2c639fe3f8de6576829278\">Raquel Mart\u00ednez<\/p>\n\n\n\n<p class=\"has-ast-global-color-0-color has-text-color has-link-color wp-elements-486bb2b8f34f006a419bda10bad36538\">Rosa Pursals<\/p>\n<\/div>\n<\/div>\n\n\n\n<h4 class=\"wp-block-heading has-ast-global-color-1-color has-text-color has-link-color wp-elements-89f0b0b7ceee691fb55a97b002712ebb\">Especialistes<\/h4>\n\n\n\n<div class=\"wp-block-columns is-layout-flex wp-container-core-columns-is-layout-6 wp-block-columns-is-layout-flex\">\n<div class=\"wp-block-column is-layout-flow wp-block-column-is-layout-flow\">\n<p class=\"has-text-align-right\"><strong>Angl\u00e8s Infantil- Prim\u00e0ria<\/strong><\/p>\n\n\n\n<p class=\"has-text-align-right\"><strong>Angl\u00e8s Prim\u00e0ria<\/strong><\/p>\n\n\n\n<p class=\"has-text-align-right\"><strong>Angl\u00e8s Secund\u00e0ria<\/strong><\/p>\n\n\n\n<p class=\"has-text-align-right\"><strong>Educaci\u00f3 Infantil<\/strong><\/p>\n\n\n\n<p class=\"has-text-align-right\"><strong>Educaci\u00f3 Especial<\/strong><\/p>\n\n\n\n<p class=\"has-text-align-right\"><strong>Educaci\u00f3 Musical<\/strong><\/p>\n\n\n\n<p class=\"has-text-align-right\"><strong>Religi\u00f3<\/strong><\/p>\n\n\n\n<p class=\"has-text-align-right\"><strong>Educaci\u00f3 F\u00edsica &#8211; Prim\u00e0ria<\/strong><\/p>\n\n\n\n<p class=\"has-text-align-right\"><strong>Educaci\u00f3 F\u00edsica &#8211; Secund\u00e0ria<\/strong><\/p>\n\n\n\n<p class=\"has-text-align-right\"><strong>Matem\u00e0tiques<\/strong><\/p>\n\n\n\n<p class=\"has-text-align-right\"><strong>Matem\u00e0tiques<\/strong><\/p>\n\n\n\n<p class=\"has-text-align-right\"><strong>Matem\u00e0tiques<\/strong><\/p>\n\n\n\n<p class=\"has-text-align-right\"><strong>Orientadora<\/strong><\/p>\n\n\n\n<p class=\"has-text-align-right\"><strong>Orientadora<\/strong><\/p>\n\n\n\n<p class=\"has-text-align-right\"><strong>Tecnologia<\/strong><\/p>\n\n\n\n<p class=\"has-text-align-right\"><strong>Tecnologia<\/strong><\/p>\n<\/div>\n\n\n\n<div class=\"wp-block-column is-layout-flow wp-block-column-is-layout-flow\">\n<p class=\"has-ast-global-color-0-color has-text-color has-link-color wp-elements-69c08a60bee71e705985e5c6add8c022\"><em>Raquel P\u00e1ramo<\/em><\/p>\n\n\n\n<p class=\"has-ast-global-color-0-color has-text-color has-link-color wp-elements-6239669c4308b042d470ba4201f88850\"><em>Gemma Campmany<\/em><\/p>\n\n\n\n<p class=\"has-ast-global-color-0-color has-text-color has-link-color wp-elements-821aa4838bdbe255a3bc612303a306a1\"><em>Guillem Vila<\/em><\/p>\n\n\n\n<p class=\"has-ast-global-color-0-color has-text-color has-link-color wp-elements-56ebca6192aa3a930491b83a9e782fff\"><em>Veronica Cano<\/em><\/p>\n\n\n\n<p class=\"has-ast-global-color-0-color has-text-color has-link-color wp-elements-7323f235ed212b4ab1b7e5add02e039d\"><em>Isabel Palma<\/em><\/p>\n\n\n\n<p class=\"has-ast-global-color-0-color has-text-color has-link-color wp-elements-d9f0dbc2ce301023623adef8ff998465\"><em>Juan Armero<\/em><\/p>\n\n\n\n<p class=\"has-ast-global-color-0-color has-text-color has-link-color wp-elements-9d6eaf8f7b52bd5f9fee3b0d56135b9d\"><em>Noem\u00ed Egido<\/em><\/p>\n\n\n\n<p class=\"has-ast-global-color-0-color has-text-color has-link-color wp-elements-21a85f1138fdb32305e6a44fa894b68d\"><em>Marcel Petit<\/em><\/p>\n\n\n\n<p class=\"has-ast-global-color-0-color has-text-color has-link-color wp-elements-fda506eb29652eacbca3e5021a22a4cc\"><em>Albert Gallego<\/em><\/p>\n\n\n\n<p class=\"has-ast-global-color-0-color has-text-color has-link-color wp-elements-7e682eb1e8b78c93f9757c3ba18922d1\"><em>Olga Grau<\/em><\/p>\n\n\n\n<p class=\"has-ast-global-color-0-color has-text-color has-link-color wp-elements-1115e4c1eb2d32ba506d79256c98a39b\"><em>Judith Fontana<\/em><\/p>\n\n\n\n<p class=\"has-ast-global-color-0-color has-text-color has-link-color wp-elements-be2ec4604a8830b9f4d8cc9c9e618adb\"><em>\u00d3scar Hern\u00e0ndez<\/em><\/p>\n\n\n\n<p class=\"has-ast-global-color-0-color has-text-color has-link-color wp-elements-fad9f7d922bf959130e85a0b9a955f0e\"><em>\u00c0frica Fern\u00e1ndez<\/em><\/p>\n\n\n\n<p class=\"has-ast-global-color-0-color has-text-color has-link-color wp-elements-3d8a44acfebebd6575fc07cdee946ae7\"><em>Sandra Hern\u00e1ndez<\/em><\/p>\n\n\n\n<p class=\"has-ast-global-color-0-color has-text-color has-link-color wp-elements-974ee259575a567aee0bd63bc2257da2\"><em>Benjam\u00ed Vilardell<\/em><\/p>\n\n\n\n<p class=\"has-ast-global-color-0-color has-text-color has-link-color wp-elements-852b7eba023b1cc0f7457411ec8ca091\"><em>Daphne Nacher<\/em><\/p>\n<\/div>\n<\/div>\n\n\n\n<h3 class=\"wp-block-heading has-ast-global-color-1-color has-text-color has-link-color wp-elements-5d92182429485026f3396a863821078b\">Personal PAS<\/h3>\n\n\n\n<div class=\"wp-block-columns is-layout-flex wp-container-core-columns-is-layout-7 wp-block-columns-is-layout-flex\">\n<div class=\"wp-block-column is-layout-flow wp-block-column-is-layout-flow\" style=\"flex-basis:33.33%\">\n<p class=\"has-text-align-right\">Albert Pocurull<\/p>\n\n\n\n<p class=\"has-text-align-right\">Yasdasdas<\/p>\n\n\n\n<p class=\"has-text-align-right\">Sandra Rodr\u00edguez<\/p>\n<\/div>\n\n\n\n<div class=\"wp-block-column is-layout-flow wp-block-column-is-layout-flow\" style=\"flex-basis:66.66%\">\n<p class=\"has-ast-global-color-0-color has-text-color has-link-color wp-elements-82220c58fa89a578c44c74ee80b34b00\"><em>Conserge<\/em><\/p>\n\n\n\n<p class=\"has-ast-global-color-0-color has-text-color has-link-color wp-elements-8c1039c69619eba870c8ff824911f73c\" style=\"padding-top:0;padding-bottom:0\"><em>Conserge<\/em><\/p>\n\n\n\n<p class=\"has-ast-global-color-0-color has-text-color has-link-color wp-elements-87d6dc92e5e858333793e27d8dfd2aa6\"><em>Administrativa<\/em><\/p>\n<\/div>\n<\/div>\n\n\n\n<h3 class=\"wp-block-heading has-ast-global-color-1-color has-text-color has-link-color wp-elements-4f975741e892bc8e4fb8448db516a5c0\"><strong>Coordinadora menjador \/ SAM i SAT<\/strong><\/h3>\n\n\n\n<div class=\"wp-block-columns is-layout-flex wp-container-core-columns-is-layout-8 wp-block-columns-is-layout-flex\">\n<div class=\"wp-block-column is-layout-flow wp-block-column-is-layout-flow\" style=\"flex-basis:33.33%\">\n<p class=\"has-text-align-right\">In\u00e9s Guerra<\/p>\n<\/div>\n\n\n\n<div class=\"wp-block-column is-layout-flow wp-block-column-is-layout-flow\" style=\"flex-basis:66.66%\">\n<p class=\"has-ast-global-color-0-color has-text-color has-link-color wp-elements-69a158e09969a1d9fc9cc95db0356a7d\"><em><em>661048810<\/em><\/em><\/p>\n\n\n\n<p class=\"has-ast-global-color-0-color has-text-color has-link-color wp-elements-d18df086e258ef383e838f6518423e82\" style=\"padding-top:0;padding-bottom:0\"><em>trespins@recreagastronomina.com<\/em><\/p>\n<\/div>\n<\/div>\n\n\n\n<figure class=\"wp-block-image size-large\"><a href=\"https:\/\/agora.xtec.cat\/esctrespins\/wp-content\/uploads\/usu226\/2025\/09\/Claustre-25-26-scaled.jpg\"><img loading=\"lazy\" decoding=\"async\" width=\"1024\" height=\"528\" src=\"https:\/\/agora.xtec.cat\/esctrespins\/wp-content\/uploads\/usu226\/2025\/09\/Claustre-25-26-1024x528.jpg\" alt=\"\" class=\"wp-image-8462\" srcset=\"https:\/\/agora.xtec.cat\/esctrespins\/wp-content\/uploads\/usu226\/2025\/09\/Claustre-25-26-1024x528.jpg 1024w, https:\/\/agora.xtec.cat\/esctrespins\/wp-content\/uploads\/usu226\/2025\/09\/Claustre-25-26-300x155.jpg 300w, https:\/\/agora.xtec.cat\/esctrespins\/wp-content\/uploads\/usu226\/2025\/09\/Claustre-25-26-768x396.jpg 768w, https:\/\/agora.xtec.cat\/esctrespins\/wp-content\/uploads\/usu226\/2025\/09\/Claustre-25-26-1536x793.jpg 1536w, https:\/\/agora.xtec.cat\/esctrespins\/wp-content\/uploads\/usu226\/2025\/09\/Claustre-25-26-2048x1057.jpg 2048w\" sizes=\"auto, (max-width: 1024px) 100vw, 1024px\" \/><\/a><\/figure>\n\n\n\n<p><\/p>\n","protected":false},"excerpt":{"rendered":"<p>Equip directiu \u00c0ngels Hugas Yolanda L\u00f3pez Marta Moles Mari del Rosal Directora Cap d&#8217;estudis Secret\u00e0ria Coordinadora pedag\u00f2gica Coordinacions N\u00faria Giralt Gemma Lacambra \u00c0frica Fern\u00e1ndez Juan Armero Benjam\u00ed Vilardell Gemma Campmany Sandra Hern\u00e1ndez Raquel P\u00e1ramo \u00c1frica Fern\u00e1ndez Coordinador infantil Coordinadora prim\u00e0ria Coordinadora secund\u00e0ria Coordinador digital Coordinador web i comunicacions Coordinadora de prevenci\u00f3 de riscos laborals Coordinadora [&hellip;]<\/p>\n","protected":false},"author":1,"featured_media":0,"parent":0,"menu_order":0,"comment_status":"closed","ping_status":"close","template":"","meta":{"_bbp_topic_count":0,"_bbp_reply_count":0,"_bbp_total_topic_count":0,"_bbp_total_reply_count":0,"_bbp_voice_count":0,"_bbp_anonymous_reply_count":0,"_bbp_topic_count_hidden":0,"_bbp_reply_count_hidden":0,"_bbp_forum_subforum_count":0,"site-sidebar-layout":"default","site-content-layout":"","ast-site-content-layout":"default","site-content-style":"default","site-sidebar-style":"default","ast-global-header-display":"","ast-banner-title-visibility":"","ast-main-header-display":"","ast-hfb-above-header-display":"","ast-hfb-below-header-display":"","ast-hfb-mobile-header-display":"","site-post-title":"","ast-breadcrumbs-content":"","ast-featured-img":"","footer-sml-layout":"","theme-transparent-header-meta":"","adv-header-id-meta":"","stick-header-meta":"","header-above-stick-meta":"","header-main-stick-meta":"","header-below-stick-meta":"","astra-migrate-meta-layouts":"set","ast-page-background-enabled":"default","ast-page-background-meta":{"desktop":{"background-color":"var(--ast-global-color-4)","background-image":"","background-repeat":"repeat","background-position":"center center","background-size":"auto","background-attachment":"scroll","background-type":"","background-media":"","overlay-type":"","overlay-color":"","overlay-opacity":"","overlay-gradient":""},"tablet":{"background-color":"","background-image":"","background-repeat":"repeat","background-position":"center center","background-size":"auto","background-attachment":"scroll","background-type":"","background-media":"","overlay-type":"","overlay-color":"","overlay-opacity":"","overlay-gradient":""},"mobile":{"background-color":"","background-image":"","background-repeat":"repeat","background-position":"center center","background-size":"auto","background-attachment":"scroll","background-type":"","background-media":"","overlay-type":"","overlay-color":"","overlay-opacity":"","overlay-gradient":""}},"ast-content-background-meta":{"desktop":{"background-color":"var(--ast-global-color-5)","background-image":"","background-repeat":"repeat","background-position":"center center","background-size":"auto","background-attachment":"scroll","background-type":"","background-media":"","overlay-type":"","overlay-color":"","overlay-opacity":"","overlay-gradient":""},"tablet":{"background-color":"var(--ast-global-color-5)","background-image":"","background-repeat":"repeat","background-position":"center center","background-size":"auto","background-attachment":"scroll","background-type":"","background-media":"","overlay-type":"","overlay-color":"","overlay-opacity":"","overlay-gradient":""},"mobile":{"background-color":"var(--ast-global-color-5)","background-image":"","background-repeat":"repeat","background-position":"center center","background-size":"auto","background-attachment":"scroll","background-type":"","background-media":"","overlay-type":"","overlay-color":"","overlay-opacity":"","overlay-gradient":""}},"footnotes":""},"class_list":["post-8439","page","type-page","status-publish","hentry"],"post_mailing_queue_ids":[],"_links":{"self":[{"href":"https:\/\/agora.xtec.cat\/esctrespins\/wp-json\/wp\/v2\/pages\/8439","targetHints":{"allow":["GET"]}}],"collection":[{"href":"https:\/\/agora.xtec.cat\/esctrespins\/wp-json\/wp\/v2\/pages"}],"about":[{"href":"https:\/\/agora.xtec.cat\/esctrespins\/wp-json\/wp\/v2\/types\/page"}],"author":[{"embeddable":true,"href":"https:\/\/agora.xtec.cat\/esctrespins\/wp-json\/wp\/v2\/users\/1"}],"replies":[{"embeddable":true,"href":"https:\/\/agora.xtec.cat\/esctrespins\/wp-json\/wp\/v2\/comments?post=8439"}],"version-history":[{"count":6,"href":"https:\/\/agora.xtec.cat\/esctrespins\/wp-json\/wp\/v2\/pages\/8439\/revisions"}],"predecessor-version":[{"id":9002,"href":"https:\/\/agora.xtec.cat\/esctrespins\/wp-json\/wp\/v2\/pages\/8439\/revisions\/9002"}],"wp:attachment":[{"href":"https:\/\/agora.xtec.cat\/esctrespins\/wp-json\/wp\/v2\/media?parent=8439"}],"curies":[{"name":"wp","href":"https:\/\/api.w.org\/{rel}","templated":true}]}}