{"id":8374,"date":"2025-08-08T18:54:20","date_gmt":"2025-08-08T16:54:20","guid":{"rendered":"https:\/\/agora.xtec.cat\/esctrespins\/?page_id=8374"},"modified":"2025-09-15T16:53:24","modified_gmt":"2025-09-15T14:53:24","slug":"autoritzacions-i-informacions","status":"publish","type":"page","link":"https:\/\/agora.xtec.cat\/esctrespins\/autoritzacions-i-informacions\/","title":{"rendered":"Autoritzacions i informacions"},"content":{"rendered":"\n<div class=\"wp-block-getwid-accordion has-icon-left\" data-active-element=\"none\">\n<div class=\"wp-block-getwid-accordion__header-wrapper\"><span class=\"wp-block-getwid-accordion__header\"><a href=\"#\"><span class=\"wp-block-getwid-accordion__header-title\">Administraci\u00f3 de medicaments<\/span><span class=\"wp-block-getwid-accordion__icon is-active\"><i class=\"fas fa-plus\"><\/i><\/span><span class=\"wp-block-getwid-accordion__icon is-passive\"><i class=\"fas fa-minus\"><\/i><\/span><\/a><\/span><\/div><div class=\"wp-block-getwid-accordion__content-wrapper\"><div class=\"wp-block-getwid-accordion__content\">\n<p><\/p>\n\n\n\n<div class=\"wp-block-group is-content-justification-space-between is-nowrap is-layout-flex wp-container-core-group-is-layout-2 wp-block-group-is-layout-flex\" style=\"padding-top:0;padding-right:0;padding-bottom:0;padding-left:0\">\n<p><a href=\"https:\/\/drive.google.com\/file\/d\/1aCzV7Cp7lPSnSO_RSlaPzChGuJ0U_McW\/view?usp=drive_link\" target=\"_blank\" rel=\"noreferrer noopener\">Administraci\u00f3 de medicaments<\/a><\/p>\n\n\n\n<p><a href=\"https:\/\/agora.xtec.cat\/esctrespins\/wp-content\/uploads\/usu226\/2025\/09\/Paracetamol.pdf\" target=\"_blank\" rel=\"noreferrer noopener\">Administraci\u00f3 paracetamol<\/a><\/p>\n\n\n\n<div class=\"wp-block-group has-ast-global-color-1-background-color has-background is-horizontal is-content-justification-left is-nowrap is-layout-flex wp-container-core-group-is-layout-1 wp-block-group-is-layout-flex\" style=\"padding-top:0;padding-right:0;padding-bottom:0;padding-left:0\">\n<p><\/p>\n<\/div>\n<\/div>\n<\/div><\/div>\n\n\n\n<div class=\"wp-block-getwid-accordion__header-wrapper\"><span class=\"wp-block-getwid-accordion__header\"><a href=\"#\"><span class=\"wp-block-getwid-accordion__header-title\">Drets d&#8217;imatge<\/span><span class=\"wp-block-getwid-accordion__icon is-active\"><i class=\"fas fa-plus\"><\/i><\/span><span class=\"wp-block-getwid-accordion__icon is-passive\"><i class=\"fas fa-minus\"><\/i><\/span><\/a><\/span><\/div><div class=\"wp-block-getwid-accordion__content-wrapper\"><div class=\"wp-block-getwid-accordion__content\">\n<p>Un canal de comunicaci\u00f3 molt important a l\u2019IE Els Tres Pins \u00e9s el web, un espai on es penja informaci\u00f3 de les diferents activitats que es fan al centre. Totes les fotografies p\u00fabliques es comparteixen sempre de manera que no s\u2019identifiqui cap nen o nena de l\u2019Institut Escola, llevat d\u2019excepcions degudament justificades i que compten pr\u00e8viament amb el vistiplau de la fam\u00edlia. D\u2019altra banda, algunes publicacions inclouen imatges en acc\u00e9s restringit en qu\u00e8 s\u00ed que es poden identificar els\/les alumnes fent alguna activitat, com per exemple en unes col\u00f2nies o sortides fora del centre. En aquest cas, l\u2019\u00fanica manera d\u2019accedir a aquest contingut \u00e9s a trav\u00e9s de l\u2019usuari\/usu\u00e0ria <strong>@trespins <\/strong>que tenen els\/les alumnes.<\/p>\n\n\n\n<p>El perfil a Instagram \u00e9s el segon canal a trav\u00e9s del qual es publiquen imatges i v\u00eddeos sobre la vida dins i fora del centre. Per una banda, a Prim\u00e0ria sempre es publica material tal com es fa al web: sense que es puguin identificar cares, ja sigui amb fotografies que persegueixen aquest objectiu de manera intencionada o, en d\u2019altres casos, pixelant els rostres. A Secund\u00e0ria, en canvi, nom\u00e9s es poden veure les cares d\u2019aquells\/es alumnes que les fam\u00edlies aix\u00ed ho autoritzin expressament. En relaci\u00f3 amb el material que elaboren els\/les alumnes, mai \u00e9s identificable i, en tot cas, nom\u00e9s apareixen les inicials dels noms. De totes maneres, tamb\u00e9 es donen excepcions molt puntuals quan la fam\u00edlia dona el vistiplau a la difusi\u00f3 d\u2019algun material concret, ja sigui per la seva v\u00e0lua educativa i comunicativa o per la impossibilitat d\u2019obviar l\u2019autor\/a de la tasca en q\u00fcesti\u00f3.<\/p>\n\n\n\n<div class=\"wp-block-group is-content-justification-space-between is-nowrap is-layout-flex wp-container-core-group-is-layout-4 wp-block-group-is-layout-flex\" style=\"padding-top:0;padding-right:0;padding-bottom:0;padding-left:0\">\n<p><a href=\"https:\/\/drive.google.com\/file\/d\/13qKzZ2ToBZ7wlIGAzewJ4Qx6Z4vlzwPq\/view\" target=\"_blank\" rel=\"noreferrer noopener\">Infantil i prim\u00e0ria<\/a><\/p>\n\n\n\n<p><a href=\"https:\/\/drive.google.com\/file\/d\/1ATO5IJ8JbgmgwKYe9JOvt_0ncAS--RGP\/view\" target=\"_blank\" rel=\"noreferrer noopener\">Secund\u00e0ria (menors 14 anys)<\/a><\/p>\n\n\n\n<div class=\"wp-block-group is-horizontal is-content-justification-left is-nowrap is-layout-flex wp-container-core-group-is-layout-3 wp-block-group-is-layout-flex\" style=\"padding-top:0;padding-right:0;padding-bottom:0;padding-left:0\">\n<p><a href=\"https:\/\/drive.google.com\/file\/d\/1ATO5IJ8JbgmgwKYe9JOvt_0ncAS--RGP\/view\" target=\"_blank\" rel=\"noreferrer noopener\">Secund\u00e0ria (majors 14 anys)<\/a><\/p>\n<\/div>\n<\/div>\n<\/div><\/div>\n\n\n\n<div class=\"wp-block-getwid-accordion__header-wrapper\"><span class=\"wp-block-getwid-accordion__header\"><a href=\"#\"><span class=\"wp-block-getwid-accordion__header-title\">\u00das d&#8217;Internet<\/span><span class=\"wp-block-getwid-accordion__icon is-active\"><i class=\"fas fa-plus\"><\/i><\/span><span class=\"wp-block-getwid-accordion__icon is-passive\"><i class=\"fas fa-minus\"><\/i><\/span><\/a><\/span><\/div><div class=\"wp-block-getwid-accordion__content-wrapper\"><div class=\"wp-block-getwid-accordion__content\">\n<p>Des de fa temps s\u2019utilitzen usuaris\/usu\u00e0ries <strong>@trespins<\/strong> (Gsuite) que permeten treballar la Compet\u00e8ncia Digital amb l\u2019alumnat, crear espais tancats (visualitzaci\u00f3 d\u2019imatges en acc\u00e9s restringit amb usuari i contrasenya) i poder desplegar un conjunt d\u2019eines per preparar el jovent per a un m\u00f3n digital en constant evoluci\u00f3. Es disposa, a m\u00e9s, de protocols per fer un aprofitament adient de la tecnologia i tamb\u00e9 sancionar el seu \u00fas inadequat.<\/p>\n\n\n\n<div class=\"wp-block-group is-content-justification-space-between is-nowrap is-layout-flex wp-container-core-group-is-layout-6 wp-block-group-is-layout-flex\" style=\"padding-top:0;padding-right:0;padding-bottom:0;padding-left:0\">\n<p><a href=\"https:\/\/drive.google.com\/file\/d\/1fwi30ensMZMf4FHLkS_1Zm_0WqyZW-pF\/view\" target=\"_blank\" rel=\"noreferrer noopener\">Menors de 14 anys<\/a><\/p>\n\n\n\n<p><a href=\"https:\/\/drive.google.com\/file\/d\/1KCyxCE_YzWhcXQVyh9mh-pYMeWyQKM9Y\/view\" target=\"_blank\" rel=\"noreferrer noopener\">Majors de 14 anys<\/a><\/p>\n\n\n\n<div class=\"wp-block-group has-ast-global-color-1-background-color has-background is-horizontal is-content-justification-left is-nowrap is-layout-flex wp-container-core-group-is-layout-5 wp-block-group-is-layout-flex\" style=\"padding-top:0;padding-right:0;padding-bottom:0;padding-left:0\">\n<p><\/p>\n<\/div>\n<\/div>\n<\/div><\/div>\n\n\n\n<div class=\"wp-block-getwid-accordion__header-wrapper\"><span class=\"wp-block-getwid-accordion__header\"><a href=\"#\"><span class=\"wp-block-getwid-accordion__header-title\">Autoritzacions de recollida de menors<\/span><span class=\"wp-block-getwid-accordion__icon is-active\"><i class=\"fas fa-plus\"><\/i><\/span><span class=\"wp-block-getwid-accordion__icon is-passive\"><i class=\"fas fa-minus\"><\/i><\/span><\/a><\/span><\/div><div class=\"wp-block-getwid-accordion__content-wrapper\"><div class=\"wp-block-getwid-accordion__content\">\n<div class=\"wp-block-group is-content-justification-space-between is-nowrap is-layout-flex wp-container-core-group-is-layout-8 wp-block-group-is-layout-flex\" style=\"padding-top:0;padding-right:0;padding-bottom:0;padding-left:0\">\n<p><a href=\"https:\/\/drive.google.com\/file\/d\/1r3qE6vPzfummQVVAPP4BhkV1uRcUZLoV\/view\" target=\"_blank\" rel=\"noreferrer noopener\">Adults d&#8217;I3 a 2n<\/a><\/p>\n\n\n\n<p><a href=\"https:\/\/drive.google.com\/file\/d\/1qmCWvQgggmJRNpEoCcKdAh1H1brPGV2o\/view\" target=\"_blank\" rel=\"noreferrer noopener\">Adults de 3r a 4t d&#8217;ESO<\/a><\/p>\n\n\n\n<p><a href=\"https:\/\/drive.google.com\/file\/d\/1zYMIl4iMrHEI6wAJMUNmqN-6INm7azKd\/view\" target=\"_blank\" rel=\"noreferrer noopener\">Recollida de germans<\/a><\/p>\n\n\n\n<div class=\"wp-block-group is-horizontal is-content-justification-left is-nowrap is-layout-flex wp-container-core-group-is-layout-7 wp-block-group-is-layout-flex\" style=\"padding-top:0;padding-right:0;padding-bottom:0;padding-left:0\">\n<p><a href=\"https:\/\/drive.google.com\/file\/d\/1ADeZIDQ7Jl3dZtwWs-ZIoViYnSQQoOFR\/view\" target=\"_blank\" rel=\"noreferrer noopener\">Recollida al Casal del poble<\/a><\/p>\n<\/div>\n<\/div>\n<\/div><\/div>\n\n\n\n<div class=\"wp-block-getwid-accordion__header-wrapper\"><span class=\"wp-block-getwid-accordion__header\"><a href=\"#\"><span class=\"wp-block-getwid-accordion__header-title\">Sortides amb cost econ\u00f2mic i pel poble<\/span><span class=\"wp-block-getwid-accordion__icon is-active\"><i class=\"fas fa-plus\"><\/i><\/span><span class=\"wp-block-getwid-accordion__icon is-passive\"><i class=\"fas fa-minus\"><\/i><\/span><\/a><\/span><\/div><div class=\"wp-block-getwid-accordion__content-wrapper\"><div class=\"wp-block-getwid-accordion__content\">\n<div class=\"wp-block-group is-content-justification-space-between is-nowrap is-layout-flex wp-container-core-group-is-layout-10 wp-block-group-is-layout-flex\" style=\"padding-top:0;padding-right:0;padding-bottom:0;padding-left:0\">\n<p><a href=\"https:\/\/agora.xtec.cat\/esctrespins\/wp-content\/uploads\/usu226\/2025\/04\/Sortides-Memoria-INF_PRIM-24-25.pdf\" target=\"_blank\" rel=\"noreferrer noopener\">Infantil i prim\u00e0ria <\/a><\/p>\n\n\n\n<p><a href=\"https:\/\/agora.xtec.cat\/esctrespins\/wp-content\/uploads\/usu226\/2025\/01\/Sortides-ESO-04_12_24-Memoria-24-25.pdf\" target=\"_blank\" rel=\"noreferrer noopener\">Secund\u00e0ria<\/a><\/p>\n\n\n\n<p><a href=\"https:\/\/drive.google.com\/file\/d\/1Tge056CB3BrjPQJzKKZS91uiEKdU_yL2\/view\" target=\"_blank\" rel=\"noreferrer noopener\">Vallromanes<\/a><\/p>\n\n\n\n<div class=\"wp-block-group is-horizontal is-content-justification-left is-nowrap is-layout-flex wp-container-core-group-is-layout-9 wp-block-group-is-layout-flex\" style=\"padding-top:0;padding-right:0;padding-bottom:0;padding-left:0\"><\/div>\n<\/div>\n\n\n\n<p><\/p>\n<\/div><\/div>\n<\/div>\n\n\n\n<p><\/p>\n","protected":false},"excerpt":{"rendered":"","protected":false},"author":1,"featured_media":0,"parent":0,"menu_order":0,"comment_status":"closed","ping_status":"close","template":"","meta":{"_bbp_topic_count":0,"_bbp_reply_count":0,"_bbp_total_topic_count":0,"_bbp_total_reply_count":0,"_bbp_voice_count":0,"_bbp_anonymous_reply_count":0,"_bbp_topic_count_hidden":0,"_bbp_reply_count_hidden":0,"_bbp_forum_subforum_count":0,"site-sidebar-layout":"default","site-content-layout":"","ast-site-content-layout":"default","site-content-style":"default","site-sidebar-style":"default","ast-global-header-display":"","ast-banner-title-visibility":"","ast-main-header-display":"","ast-hfb-above-header-display":"","ast-hfb-below-header-display":"","ast-hfb-mobile-header-display":"","site-post-title":"","ast-breadcrumbs-content":"","ast-featured-img":"","footer-sml-layout":"","theme-transparent-header-meta":"","adv-header-id-meta":"","stick-header-meta":"","header-above-stick-meta":"","header-main-stick-meta":"","header-below-stick-meta":"","astra-migrate-meta-layouts":"set","ast-page-background-enabled":"default","ast-page-background-meta":{"desktop":{"background-color":"var(--ast-global-color-4)","background-image":"","background-repeat":"repeat","background-position":"center center","background-size":"auto","background-attachment":"scroll","background-type":"","background-media":"","overlay-type":"","overlay-color":"","overlay-opacity":"","overlay-gradient":""},"tablet":{"background-color":"","background-image":"","background-repeat":"repeat","background-position":"center center","background-size":"auto","background-attachment":"scroll","background-type":"","background-media":"","overlay-type":"","overlay-color":"","overlay-opacity":"","overlay-gradient":""},"mobile":{"background-color":"","background-image":"","background-repeat":"repeat","background-position":"center center","background-size":"auto","background-attachment":"scroll","background-type":"","background-media":"","overlay-type":"","overlay-color":"","overlay-opacity":"","overlay-gradient":""}},"ast-content-background-meta":{"desktop":{"background-color":"var(--ast-global-color-5)","background-image":"","background-repeat":"repeat","background-position":"center center","background-size":"auto","background-attachment":"scroll","background-type":"","background-media":"","overlay-type":"","overlay-color":"","overlay-opacity":"","overlay-gradient":""},"tablet":{"background-color":"var(--ast-global-color-5)","background-image":"","background-repeat":"repeat","background-position":"center center","background-size":"auto","background-attachment":"scroll","background-type":"","background-media":"","overlay-type":"","overlay-color":"","overlay-opacity":"","overlay-gradient":""},"mobile":{"background-color":"var(--ast-global-color-5)","background-image":"","background-repeat":"repeat","background-position":"center center","background-size":"auto","background-attachment":"scroll","background-type":"","background-media":"","overlay-type":"","overlay-color":"","overlay-opacity":"","overlay-gradient":""}},"footnotes":""},"class_list":["post-8374","page","type-page","status-publish","hentry"],"post_mailing_queue_ids":[],"_links":{"self":[{"href":"https:\/\/agora.xtec.cat\/esctrespins\/wp-json\/wp\/v2\/pages\/8374","targetHints":{"allow":["GET"]}}],"collection":[{"href":"https:\/\/agora.xtec.cat\/esctrespins\/wp-json\/wp\/v2\/pages"}],"about":[{"href":"https:\/\/agora.xtec.cat\/esctrespins\/wp-json\/wp\/v2\/types\/page"}],"author":[{"embeddable":true,"href":"https:\/\/agora.xtec.cat\/esctrespins\/wp-json\/wp\/v2\/users\/1"}],"replies":[{"embeddable":true,"href":"https:\/\/agora.xtec.cat\/esctrespins\/wp-json\/wp\/v2\/comments?post=8374"}],"version-history":[{"count":6,"href":"https:\/\/agora.xtec.cat\/esctrespins\/wp-json\/wp\/v2\/pages\/8374\/revisions"}],"predecessor-version":[{"id":8469,"href":"https:\/\/agora.xtec.cat\/esctrespins\/wp-json\/wp\/v2\/pages\/8374\/revisions\/8469"}],"wp:attachment":[{"href":"https:\/\/agora.xtec.cat\/esctrespins\/wp-json\/wp\/v2\/media?parent=8374"}],"curies":[{"name":"wp","href":"https:\/\/api.w.org\/{rel}","templated":true}]}}