{"id":8348,"date":"2025-08-08T17:16:47","date_gmt":"2025-08-08T15:16:47","guid":{"rendered":"https:\/\/agora.xtec.cat\/esctrespins\/?page_id=8348"},"modified":"2026-03-15T20:54:00","modified_gmt":"2026-03-15T19:54:00","slug":"documents","status":"publish","type":"page","link":"https:\/\/agora.xtec.cat\/esctrespins\/documents\/","title":{"rendered":"Documents"},"content":{"rendered":"\n<p>En aquest espai teniu una s\u00e8rie de documents relacionats amb el funcionament del centre i  protocols.  Un d\u2019aquests primers documents \u00e9s la \u201cCarta de comprom\u00eds\u201d que recull una s\u00e8rie de punts clau per crear un clima i espai de treball. \u00c9s molt recomanable que li feu una lectura fent part\u00edcips als vostres fills i filles.<\/p>\n\n\n\n<p><a href=\"https:\/\/agora.xtec.cat\/esctrespins\/wp-content\/uploads\/usu226\/2025\/08\/Carta-de-compromis.pdf\" target=\"_blank\" rel=\"noreferrer noopener\">Carta de comprom\u00eds<\/a><\/p>\n\n\n\n<hr class=\"wp-block-separator has-alpha-channel-opacity\"\/>\n\n\n\n<p><a href=\"https:\/\/agora.xtec.cat\/esctrespins\/wp-content\/uploads\/usu226\/2021\/11\/PROJECTE-EDUCATIU-DE-CENTRE.pdf\" target=\"_blank\" rel=\"noreferrer noopener\">PEC (Projecte  Educatiu de Centre)<\/a><\/p>\n\n\n\n<p><a href=\"https:\/\/agora.xtec.cat\/esctrespins\/wp-content\/uploads\/usu226\/2019\/08\/PLC-2019.pdf\" target=\"_blank\" rel=\"noreferrer noopener\">PIL (Projecte Ling\u00fc\u00edstic de Centre)<\/a><\/p>\n\n\n\n<p><a href=\"https:\/\/drive.google.com\/file\/d\/17rXdY8ZI0NqP_cQgY9v0hq8DWbraunyn\/view?usp=share_link\" target=\"_blank\" rel=\"noreferrer noopener\">Presentaci\u00f3 del projecte de conviv\u00e8ncia<\/a><\/p>\n\n\n\n<p><a href=\"https:\/\/agora.xtec.cat\/esctrespins\/wp-content\/uploads\/usu226\/2026\/03\/PROJECTE-DE-CONVIVENCIA-23-27.pdf\">Projecte de conviv\u00e8ncia<\/a><\/p>\n\n\n\n<p><a href=\"https:\/\/agora.xtec.cat\/esctrespins\/wp-content\/uploads\/usu226\/2019\/08\/Projecte-de-Direcci%C3%B3-2019-23.pdf\" target=\"_blank\" rel=\"noreferrer noopener\">Projecte de Direcci\u00f3 (19-23)<\/a><\/p>\n\n\n\n<p><a href=\"https:\/\/agora.xtec.cat\/esctrespins\/wp-content\/uploads\/usu226\/2025\/10\/NOFC_Octubre-25.pdf\" data-type=\"attachment\" data-id=\"8563\" target=\"_blank\" rel=\"noreferrer noopener\">NOFC (Normes d&#8217;Organitzaci\u00f3 i Funcionament de Centre)<\/a><\/p>\n\n\n\n<hr class=\"wp-block-separator has-alpha-channel-opacity\"\/>\n\n\n\n<p><a href=\"https:\/\/agora.xtec.cat\/esctrespins\/wp-content\/uploads\/usu226\/2025\/02\/Pressupost-2025.pdf\" target=\"_blank\" rel=\"noreferrer noopener\">Pressupost 2025<\/a><\/p>\n\n\n\n<hr class=\"wp-block-separator has-alpha-channel-opacity\"\/>\n\n\n\n<p><a href=\"https:\/\/drive.google.com\/file\/d\/1biExJMBq8J6mXRXNFZz9ZAk9B7PPZft4\/view?usp=share_link\" target=\"_blank\" rel=\"noreferrer noopener\">Pla  Lector 22-26<\/a><\/p>\n\n\n\n<p><a href=\"https:\/\/drive.google.com\/file\/d\/13a50rvDezXTSHdkYyMN9dzRYADk30rsI\/view?usp=share_link\" target=\"_blank\" rel=\"noreferrer noopener\">Lectura i fam\u00edlia<\/a><\/p>\n\n\n\n<hr class=\"wp-block-separator has-alpha-channel-opacity\"\/>\n\n\n\n<p><a href=\"https:\/\/drive.google.com\/file\/d\/1GfDWMYFTBaBizft6Mum5t_edTzBTw-z_\/view?usp=share_link\" target=\"_blank\" rel=\"noreferrer noopener\">Protocol esbarjo<\/a><\/p>\n\n\n\n<p><a href=\"https:\/\/agora.xtec.cat\/esctrespins\/wp-content\/uploads\/usu226\/2023\/11\/Protocol-de-pares-i-mares-delegats-i-delegades-de-classe.docx-1.pdf\" target=\"_blank\" rel=\"noreferrer noopener\">Protocol mares i pares delegats de classe<\/a><\/p>\n\n\n\n<hr class=\"wp-block-separator has-alpha-channel-opacity\"\/>\n\n\n\n<p><a href=\"https:\/\/drive.google.com\/file\/d\/1JoKpyXoncyV7Sw7rKUgdGf0jVOyCUjFh\/view?usp=share_link\" target=\"_blank\" rel=\"noreferrer noopener\">Orientacions deures escolars<\/a><\/p>\n\n\n\n<p class=\"has-background\" style=\"background-color:#0f633457\">Salut<\/p>\n\n\n\n<p class=\"has-background\" style=\"background-color:#0f633457\">En cas que es detecti la pres\u00e8ncia de polls a l\u2019escola es recomanable seguir les orientacions que en el seg\u00fcent document es detallen: <a href=\"http:\/\/agora.xtec.cat\/esctrespins\/wp-content\/uploads\/usu226\/2014\/09\/Recomenacions-Agencia-de-Salut-P\u00fablica-de-Catalunya.pdf\" target=\"_blank\" rel=\"noreferrer noopener\">Recomanacions Agencia de Salut P\u00fablica de Catalunya<\/a><\/p>\n","protected":false},"excerpt":{"rendered":"<p>En aquest espai teniu una s\u00e8rie de documents relacionats amb el funcionament del centre i protocols. Un d\u2019aquests primers documents \u00e9s la \u201cCarta de comprom\u00eds\u201d que recull una s\u00e8rie de punts clau per crear un clima i espai de treball. \u00c9s molt recomanable que li feu una lectura fent part\u00edcips als vostres fills i filles. [&hellip;]<\/p>\n","protected":false},"author":1,"featured_media":0,"parent":0,"menu_order":0,"comment_status":"closed","ping_status":"close","template":"","meta":{"_bbp_topic_count":0,"_bbp_reply_count":0,"_bbp_total_topic_count":0,"_bbp_total_reply_count":0,"_bbp_voice_count":0,"_bbp_anonymous_reply_count":0,"_bbp_topic_count_hidden":0,"_bbp_reply_count_hidden":0,"_bbp_forum_subforum_count":0,"site-sidebar-layout":"default","site-content-layout":"","ast-site-content-layout":"default","site-content-style":"default","site-sidebar-style":"default","ast-global-header-display":"","ast-banner-title-visibility":"","ast-main-header-display":"","ast-hfb-above-header-display":"","ast-hfb-below-header-display":"","ast-hfb-mobile-header-display":"","site-post-title":"","ast-breadcrumbs-content":"","ast-featured-img":"","footer-sml-layout":"","theme-transparent-header-meta":"","adv-header-id-meta":"","stick-header-meta":"","header-above-stick-meta":"","header-main-stick-meta":"","header-below-stick-meta":"","astra-migrate-meta-layouts":"set","ast-page-background-enabled":"default","ast-page-background-meta":{"desktop":{"background-color":"var(--ast-global-color-4)","background-image":"","background-repeat":"repeat","background-position":"center center","background-size":"auto","background-attachment":"scroll","background-type":"","background-media":"","overlay-type":"","overlay-color":"","overlay-opacity":"","overlay-gradient":""},"tablet":{"background-color":"","background-image":"","background-repeat":"repeat","background-position":"center center","background-size":"auto","background-attachment":"scroll","background-type":"","background-media":"","overlay-type":"","overlay-color":"","overlay-opacity":"","overlay-gradient":""},"mobile":{"background-color":"","background-image":"","background-repeat":"repeat","background-position":"center center","background-size":"auto","background-attachment":"scroll","background-type":"","background-media":"","overlay-type":"","overlay-color":"","overlay-opacity":"","overlay-gradient":""}},"ast-content-background-meta":{"desktop":{"background-color":"var(--ast-global-color-5)","background-image":"","background-repeat":"repeat","background-position":"center center","background-size":"auto","background-attachment":"scroll","background-type":"","background-media":"","overlay-type":"","overlay-color":"","overlay-opacity":"","overlay-gradient":""},"tablet":{"background-color":"var(--ast-global-color-5)","background-image":"","background-repeat":"repeat","background-position":"center center","background-size":"auto","background-attachment":"scroll","background-type":"","background-media":"","overlay-type":"","overlay-color":"","overlay-opacity":"","overlay-gradient":""},"mobile":{"background-color":"var(--ast-global-color-5)","background-image":"","background-repeat":"repeat","background-position":"center center","background-size":"auto","background-attachment":"scroll","background-type":"","background-media":"","overlay-type":"","overlay-color":"","overlay-opacity":"","overlay-gradient":""}},"footnotes":""},"class_list":["post-8348","page","type-page","status-publish","hentry"],"post_mailing_queue_ids":[],"_links":{"self":[{"href":"https:\/\/agora.xtec.cat\/esctrespins\/wp-json\/wp\/v2\/pages\/8348","targetHints":{"allow":["GET"]}}],"collection":[{"href":"https:\/\/agora.xtec.cat\/esctrespins\/wp-json\/wp\/v2\/pages"}],"about":[{"href":"https:\/\/agora.xtec.cat\/esctrespins\/wp-json\/wp\/v2\/types\/page"}],"author":[{"embeddable":true,"href":"https:\/\/agora.xtec.cat\/esctrespins\/wp-json\/wp\/v2\/users\/1"}],"replies":[{"embeddable":true,"href":"https:\/\/agora.xtec.cat\/esctrespins\/wp-json\/wp\/v2\/comments?post=8348"}],"version-history":[{"count":6,"href":"https:\/\/agora.xtec.cat\/esctrespins\/wp-json\/wp\/v2\/pages\/8348\/revisions"}],"predecessor-version":[{"id":8960,"href":"https:\/\/agora.xtec.cat\/esctrespins\/wp-json\/wp\/v2\/pages\/8348\/revisions\/8960"}],"wp:attachment":[{"href":"https:\/\/agora.xtec.cat\/esctrespins\/wp-json\/wp\/v2\/media?parent=8348"}],"curies":[{"name":"wp","href":"https:\/\/api.w.org\/{rel}","templated":true}]}}