{"id":6283,"date":"2023-09-22T07:20:30","date_gmt":"2023-09-22T05:20:30","guid":{"rendered":"https:\/\/agora.xtec.cat\/esctrespins\/?page_id=6283"},"modified":"2025-08-08T13:30:09","modified_gmt":"2025-08-08T11:30:09","slug":"menjador-escolar-2","status":"publish","type":"page","link":"https:\/\/agora.xtec.cat\/esctrespins\/menjador-escolar-2\/","title":{"rendered":"Servei de menjador i acollida matinal"},"content":{"rendered":"<ul>\n<li>L&#8217;IE Els Tres Pins comparteix a continuaci\u00f3 les condicions que ofereix l&#8217;entitat ReCrea Gastronomia.<\/li>\n<\/ul>\n<p>Per traslladar avisos de menjador o consultes, podeu trucar o enviar un missatge a la In\u00e9s Guerra a trav\u00e9s del n\u00famero de tel\u00e8fon 661048810. Si us hi voleu inscriure, podeu <a href=\"https:\/\/docs.google.com\/forms\/d\/e\/1FAIpQLSey5cDHdGMPam_PYzF29D5nbofNu0cuDU7zdywU_LzYgmOmGA\/formResponse\"><span style=\"text-decoration: underline;\"><strong>omplir el seg\u00fcent formulari<\/strong><\/span><\/a>.<\/p>\n<p><strong>&#8211; USUARI\/A FIX:<\/strong> S\u2019entendr\u00e0 com a usuaris\/es fixos els que fan \u00fas del servei de menjador com a m\u00ednim 3 dies a la setmana durant tot el mes.<\/p>\n<p><strong>&#8211; USUARI\/A ESPOR\u00c0DIC:<\/strong> L\u2019alumne que faci \u00fas del servei menys de dos dies a la setmana. Per tal de fer \u00fas del servei hauran de notificar-ho abans de les 10 hores.<\/p>\n<p>&#8211; Els usuaris\/es fixos del menjador escolar que avisin que no es queden a dinar al coordinador\/a del menjador abans de les 10 hores no se\u2019ls hi cobrar\u00e0 el men\u00fa.<\/p>\n<p>&#8211; Els usuaris\/es fixos del menjador escolar que NO avisin que no es queden a dinar al coordinador\/a del menjador abans de les 10 hores se&#8217;ls hi cobrar\u00e0 el men\u00fa \u00edntegre.<\/p>\n<p>Des de Recrea els men\u00fas estan dissenyats i supervisats per professionals en nutrici\u00f3 i diet\u00e8tica. A cada centre es disposa d\u2019un men\u00fa basal o gen\u00e8ric i d\u2019altres men\u00fas especials per a l\u2019alumnat amb al\u00b7l\u00e8rgies, intoler\u00e0ncies aliment\u00e0ries o celiaquia diagnosticades per especialistes o per l\u2019equip de pediatria, que acrediti la impossibilitat d\u2019ingerir determinats aliments que perjudiquen la seva salut, per altra banda tamb\u00e9 oferim un men\u00fa adaptat per als casos en qu\u00e8 les fam\u00edlies sol\u00b7licitin men\u00fas sense carn de porc, per motius \u00e8tics o religiosos<\/p>\n<p><strong>FORMA DE PAGAMENT<\/strong><br \/>\nMitjan\u00e7ant domiciliaci\u00f3 banc\u00e0ria, que es tramitar\u00e0 durant els cinc primers dies h\u00e0bils de cada mes. El cobrament per domiciliaci\u00f3 ser\u00e0 a mes ven\u00e7ut. Tamb\u00e9 es podr\u00e0 realitzar per transfer\u00e8ncia banc\u00e0ria o ingr\u00e9s al compte corrent indicant el nom de l&#8217;alumne.<\/p>\n<ul>\n<li>N\u00famero de compte corrent: ES88-0182-1013-1102-0156-8991<\/li>\n<li>L\u2019impagament d\u2019una mensualitat impossibilita l\u2019\u00fas del servei de menjador escolar al mes seg\u00fcent. Es carregaran els rebuts tornats, amb les despeses que es generin, en la seg\u00fcent emissi\u00f3.<\/li>\n<\/ul>\n<p><strong>PREU DEL SERVEI DEL MENJADOR<\/strong><\/p>\n<ul>\n<li>PREU MEN\u00da USUARI\/A FIX: 6,91 EUROS (IVA INCL\u00d2S)<\/li>\n<li>PREU MEN\u00da USUARI\/A ESPOR\u00c0DIC: 7,60 EUROS (IVA INCL\u00d2S)<\/li>\n<\/ul>\n<p><strong>CANVIS CONDICIONS SERVEI DE MENJADOR<\/strong><br \/>\nTots els canvis que es vulguin realitzar en les condicions del servei del menjador (baixes, dies, etc.), s\u2019haur\u00e0 d\u2019informar al coordinador\/a del menjador abans del dia 20 de cada mes per correu electr\u00f2nic i s\u2019aplicaran a partir del dia 1 del mes seg\u00fcent.<\/p>\n<p><strong>ATENCI\u00d3 A LES FAM\u00cdLIES<\/strong><br \/>\nL\u2019horari d\u2019atenci\u00f3 a les fam\u00edlies ser\u00e0 de 9:00 a 11:30 hores de dilluns a divendres i ser\u00e0 via telef\u00f2nica, WhatsApp o per correu electr\u00f2nic.<\/p>\n<ul>\n<li>Tel\u00e8fon de contacte: 661 048 810<\/li>\n<li>e-mail: trespins@recreagastronomia.com<\/li>\n<\/ul>\n<p><strong>CONDICIONS DEL SERVEI D&#8217;ACOLLIDA MATINAL<\/strong><\/p>\n<p><strong>USUARI\/A FIX I ESPOR\u00c0DIC<\/strong><br \/>\nEs considera usuari\/a fix l&#8217;alumne que faci \u00fas del servei tots el dies a la setmana. \u00c9s un servei mensual i es facturar\u00e0 a mes complet independentment de si es produeixen abs\u00e8ncies.<\/p>\n<p><strong>FORMA DE PAGAMENT<\/strong><\/p>\n<ul>\n<li>Mitjan\u00e7ant domiciliaci\u00f3 banc\u00e0ria, que es tramitar\u00e0 del dia 1 al 5 de cada mes. El cobrament per domiciliaci\u00f3 ser\u00e0 a mes ven\u00e7ut. Tamb\u00e9 es podr\u00e0 realitzar per transfer\u00e8ncia banc\u00e0ria o ingr\u00e9s al compte corrent indicant el nom de l\u2019alumne.<\/li>\n<li>N\u00famero de compte corrent menjador: ES88-0182-1013-1102-0156-8991<\/li>\n<li>Els alumnes que sol\u00b7licitin el servei de menjador escolar del curs 2023-2024 han d\u2019estar al corrent de pagament per fer \u00fas del mateix.<\/li>\n<li>L\u2019impagament d\u2019una mensualitat impossibilita l\u2019\u00fas del servei de menjador escolar al mes seg\u00fcent.<\/li>\n<li>Es carregaran els rebuts tornats, amb les despeses que es generin, en la seg\u00fcent emissi\u00f3<\/li>\n<\/ul>\n<p><strong>HORARI DEL SERVEI D&#8217;ACOLLIDA MATINAL<\/strong><br \/>\nL&#8217;horari del servei d&#8217;acollida \u00e9s de 7:30 a 9:00 hores.<\/p>\n<p><strong>PREU DEL SERVEI D&#8217;ACOLLIDA MATINAL<\/strong><\/p>\n<p>Usuari\/a fix<\/p>\n<ul>\n<li>90 minuts (5 dies\/setmana): 43 \u20ac (germ\u00e0: 40,85 \u20ac)<\/li>\n<li>90 minuts (4 dies\/setmana): 35 \u20ac (germ\u00e0: 33,25\u20ac)<\/li>\n<li>90 minuts (3 dies\/setmana): 27 \u20ac (germ\u00e0: 25,65 \u20ac)<\/li>\n<li>60 minuts (5 dies\/setmana): 33 \u20ac (germ\u00e0: 31,35 \u20ac)<\/li>\n<li>60 minuts (4 dies\/setmana): 27 \u20ac (germ\u00e0: 25,65 \u20ac)<\/li>\n<li>60 minuts (3 dies\/setmana): 21 \u20ac (germ\u00e0: 19,95 \u20ac)<\/li>\n<li>30 minuts (5 dies\/setmana): 23 \u20ac (germ\u00e0: 21,85 \u20ac)<\/li>\n<li>30 minuts (4 dies\/setmana): 19 \u20ac (germ\u00e0: 18,05 \u20ac)<\/li>\n<li>30 minuts (3 dies\/setmana): 15 \u20ac (germ\u00e0: 14,25 \u20ac)<\/li>\n<\/ul>\n<p>Els germans o germanes tindran un descompte del 5% per usuari\/a fix (aquest descompte s\u2019aplicar\u00e0 nom\u00e9s a un dels germans\/es)<\/p>\n<p>Usuari\/a espor\u00e0dic<\/p>\n<ul>\n<li>30 minuts: 3,75 \u20ac<\/li>\n<li>60 minuts: 3,80 \u20ac<\/li>\n<li>90 minuts: 4,35 \u20ac<\/li>\n<\/ul>\n<p><strong>CANVIS CONDICIONS SERVEI D&#8217;ACOLLIDA MATINAL<\/strong><br \/>\nTots els canvis que es vulguin realitzar en les condicions del servei d&#8217;acollida matinal (canvi de compte corrent, baixes, dies, etc.), s\u2019han de notificar al coordinador\/a del servei per correu electr\u00f2nic abans del dia 20 de cada mes i s\u2019aplicaran a partir del dia 1 del mes seg\u00fcent.<\/p>\n<p><img loading=\"lazy\" decoding=\"async\" class=\"aligncenter wp-image-6246\" src=\"https:\/\/agora.xtec.cat\/esctrespins\/wp-content\/uploads\/usu226\/2023\/09\/RecreaMenjador1.jpeg\" alt=\"\" width=\"700\" height=\"525\" srcset=\"https:\/\/agora.xtec.cat\/esctrespins\/wp-content\/uploads\/usu226\/2023\/09\/RecreaMenjador1.jpeg 2000w, https:\/\/agora.xtec.cat\/esctrespins\/wp-content\/uploads\/usu226\/2023\/09\/RecreaMenjador1-300x225.jpeg 300w, https:\/\/agora.xtec.cat\/esctrespins\/wp-content\/uploads\/usu226\/2023\/09\/RecreaMenjador1-1024x768.jpeg 1024w, https:\/\/agora.xtec.cat\/esctrespins\/wp-content\/uploads\/usu226\/2023\/09\/RecreaMenjador1-768x576.jpeg 768w, https:\/\/agora.xtec.cat\/esctrespins\/wp-content\/uploads\/usu226\/2023\/09\/RecreaMenjador1-1536x1152.jpeg 1536w, https:\/\/agora.xtec.cat\/esctrespins\/wp-content\/uploads\/usu226\/2023\/09\/RecreaMenjador1-200x150.jpeg 200w\" sizes=\"auto, (max-width: 700px) 100vw, 700px\" \/><\/p>\n<p><img loading=\"lazy\" decoding=\"async\" class=\"aligncenter wp-image-6247\" src=\"https:\/\/agora.xtec.cat\/esctrespins\/wp-content\/uploads\/usu226\/2023\/09\/REcreaMenjador2.jpeg\" alt=\"\" width=\"700\" height=\"525\" srcset=\"https:\/\/agora.xtec.cat\/esctrespins\/wp-content\/uploads\/usu226\/2023\/09\/REcreaMenjador2.jpeg 2000w, https:\/\/agora.xtec.cat\/esctrespins\/wp-content\/uploads\/usu226\/2023\/09\/REcreaMenjador2-300x225.jpeg 300w, https:\/\/agora.xtec.cat\/esctrespins\/wp-content\/uploads\/usu226\/2023\/09\/REcreaMenjador2-1024x768.jpeg 1024w, https:\/\/agora.xtec.cat\/esctrespins\/wp-content\/uploads\/usu226\/2023\/09\/REcreaMenjador2-768x576.jpeg 768w, https:\/\/agora.xtec.cat\/esctrespins\/wp-content\/uploads\/usu226\/2023\/09\/REcreaMenjador2-1536x1152.jpeg 1536w, https:\/\/agora.xtec.cat\/esctrespins\/wp-content\/uploads\/usu226\/2023\/09\/REcreaMenjador2-200x150.jpeg 200w\" sizes=\"auto, (max-width: 700px) 100vw, 700px\" \/> <img loading=\"lazy\" decoding=\"async\" class=\"aligncenter wp-image-6248\" src=\"https:\/\/agora.xtec.cat\/esctrespins\/wp-content\/uploads\/usu226\/2023\/09\/RecreaMenjador3.jpeg\" alt=\"\" width=\"700\" height=\"525\" srcset=\"https:\/\/agora.xtec.cat\/esctrespins\/wp-content\/uploads\/usu226\/2023\/09\/RecreaMenjador3.jpeg 2000w, https:\/\/agora.xtec.cat\/esctrespins\/wp-content\/uploads\/usu226\/2023\/09\/RecreaMenjador3-300x225.jpeg 300w, https:\/\/agora.xtec.cat\/esctrespins\/wp-content\/uploads\/usu226\/2023\/09\/RecreaMenjador3-1024x768.jpeg 1024w, https:\/\/agora.xtec.cat\/esctrespins\/wp-content\/uploads\/usu226\/2023\/09\/RecreaMenjador3-768x576.jpeg 768w, https:\/\/agora.xtec.cat\/esctrespins\/wp-content\/uploads\/usu226\/2023\/09\/RecreaMenjador3-1536x1152.jpeg 1536w, https:\/\/agora.xtec.cat\/esctrespins\/wp-content\/uploads\/usu226\/2023\/09\/RecreaMenjador3-200x150.jpeg 200w\" sizes=\"auto, (max-width: 700px) 100vw, 700px\" \/><\/p>\n<p><img loading=\"lazy\" decoding=\"async\" class=\"aligncenter wp-image-6249\" src=\"https:\/\/agora.xtec.cat\/esctrespins\/wp-content\/uploads\/usu226\/2023\/09\/RecreaMenjador.jpeg\" alt=\"\" width=\"700\" height=\"525\" srcset=\"https:\/\/agora.xtec.cat\/esctrespins\/wp-content\/uploads\/usu226\/2023\/09\/RecreaMenjador.jpeg 2000w, https:\/\/agora.xtec.cat\/esctrespins\/wp-content\/uploads\/usu226\/2023\/09\/RecreaMenjador-300x225.jpeg 300w, https:\/\/agora.xtec.cat\/esctrespins\/wp-content\/uploads\/usu226\/2023\/09\/RecreaMenjador-1024x768.jpeg 1024w, https:\/\/agora.xtec.cat\/esctrespins\/wp-content\/uploads\/usu226\/2023\/09\/RecreaMenjador-768x576.jpeg 768w, https:\/\/agora.xtec.cat\/esctrespins\/wp-content\/uploads\/usu226\/2023\/09\/RecreaMenjador-1536x1152.jpeg 1536w, https:\/\/agora.xtec.cat\/esctrespins\/wp-content\/uploads\/usu226\/2023\/09\/RecreaMenjador-200x150.jpeg 200w\" sizes=\"auto, (max-width: 700px) 100vw, 700px\" \/><\/p>\n","protected":false},"excerpt":{"rendered":"<p>L&#8217;IE Els Tres Pins comparteix a continuaci\u00f3 les condicions que ofereix l&#8217;entitat ReCrea Gastronomia. Per traslladar avisos de menjador o consultes, podeu trucar o enviar un missatge a la In\u00e9s Guerra a trav\u00e9s del n\u00famero de tel\u00e8fon 661048810. Si us hi voleu inscriure, podeu omplir el seg\u00fcent formulari. &#8211; USUARI\/A FIX: S\u2019entendr\u00e0 com a usuaris\/es [&hellip;]<\/p>\n","protected":false},"author":1,"featured_media":0,"parent":0,"menu_order":0,"comment_status":"closed","ping_status":"closed","template":"","meta":{"_bbp_topic_count":0,"_bbp_reply_count":0,"_bbp_total_topic_count":0,"_bbp_total_reply_count":0,"_bbp_voice_count":0,"_bbp_anonymous_reply_count":0,"_bbp_topic_count_hidden":0,"_bbp_reply_count_hidden":0,"_bbp_forum_subforum_count":0,"site-sidebar-layout":"default","site-content-layout":"","ast-site-content-layout":"default","site-content-style":"default","site-sidebar-style":"default","ast-global-header-display":"","ast-banner-title-visibility":"","ast-main-header-display":"","ast-hfb-above-header-display":"","ast-hfb-below-header-display":"","ast-hfb-mobile-header-display":"","site-post-title":"","ast-breadcrumbs-content":"","ast-featured-img":"","footer-sml-layout":"","theme-transparent-header-meta":"","adv-header-id-meta":"","stick-header-meta":"","header-above-stick-meta":"","header-main-stick-meta":"","header-below-stick-meta":"","astra-migrate-meta-layouts":"set","ast-page-background-enabled":"default","ast-page-background-meta":{"desktop":{"background-color":"var(--ast-global-color-4)","background-image":"","background-repeat":"repeat","background-position":"center center","background-size":"auto","background-attachment":"scroll","background-type":"","background-media":"","overlay-type":"","overlay-color":"","overlay-opacity":"","overlay-gradient":""},"tablet":{"background-color":"","background-image":"","background-repeat":"repeat","background-position":"center center","background-size":"auto","background-attachment":"scroll","background-type":"","background-media":"","overlay-type":"","overlay-color":"","overlay-opacity":"","overlay-gradient":""},"mobile":{"background-color":"","background-image":"","background-repeat":"repeat","background-position":"center center","background-size":"auto","background-attachment":"scroll","background-type":"","background-media":"","overlay-type":"","overlay-color":"","overlay-opacity":"","overlay-gradient":""}},"ast-content-background-meta":{"desktop":{"background-color":"var(--ast-global-color-5)","background-image":"","background-repeat":"repeat","background-position":"center center","background-size":"auto","background-attachment":"scroll","background-type":"","background-media":"","overlay-type":"","overlay-color":"","overlay-opacity":"","overlay-gradient":""},"tablet":{"background-color":"var(--ast-global-color-5)","background-image":"","background-repeat":"repeat","background-position":"center center","background-size":"auto","background-attachment":"scroll","background-type":"","background-media":"","overlay-type":"","overlay-color":"","overlay-opacity":"","overlay-gradient":""},"mobile":{"background-color":"var(--ast-global-color-5)","background-image":"","background-repeat":"repeat","background-position":"center center","background-size":"auto","background-attachment":"scroll","background-type":"","background-media":"","overlay-type":"","overlay-color":"","overlay-opacity":"","overlay-gradient":""}},"footnotes":""},"class_list":["post-6283","page","type-page","status-publish","hentry"],"post_mailing_queue_ids":[],"_links":{"self":[{"href":"https:\/\/agora.xtec.cat\/esctrespins\/wp-json\/wp\/v2\/pages\/6283","targetHints":{"allow":["GET"]}}],"collection":[{"href":"https:\/\/agora.xtec.cat\/esctrespins\/wp-json\/wp\/v2\/pages"}],"about":[{"href":"https:\/\/agora.xtec.cat\/esctrespins\/wp-json\/wp\/v2\/types\/page"}],"author":[{"embeddable":true,"href":"https:\/\/agora.xtec.cat\/esctrespins\/wp-json\/wp\/v2\/users\/1"}],"replies":[{"embeddable":true,"href":"https:\/\/agora.xtec.cat\/esctrespins\/wp-json\/wp\/v2\/comments?post=6283"}],"version-history":[{"count":5,"href":"https:\/\/agora.xtec.cat\/esctrespins\/wp-json\/wp\/v2\/pages\/6283\/revisions"}],"predecessor-version":[{"id":8345,"href":"https:\/\/agora.xtec.cat\/esctrespins\/wp-json\/wp\/v2\/pages\/6283\/revisions\/8345"}],"wp:attachment":[{"href":"https:\/\/agora.xtec.cat\/esctrespins\/wp-json\/wp\/v2\/media?parent=6283"}],"curies":[{"name":"wp","href":"https:\/\/api.w.org\/{rel}","templated":true}]}}