{"id":3415,"date":"2022-02-18T22:58:22","date_gmt":"2022-02-18T21:58:22","guid":{"rendered":"https:\/\/agora.xtec.cat\/esctrespins\/?page_id=3415"},"modified":"2022-02-18T22:58:22","modified_gmt":"2022-02-18T21:58:22","slug":"castanyada","status":"publish","type":"page","link":"https:\/\/agora.xtec.cat\/esctrespins\/celebracions\/castanyada\/","title":{"rendered":"Castanyada"},"content":{"rendered":"<p>La primera de les celebracions que t\u00e9 lloc al centre \u00e9s la festivitat de la Castanyada. Es treballa a tots els cursos d&#8217;infantil i prim\u00e0ria amb can\u00e7ons, esmorzars de tardor, panellets i la visita de la Senyora Castanyera.<\/p>\n<p>L&#8217;\u00faltim dia del m\u00e9s d&#8217;octubre, tot l&#8217;alumnat es reuneix a la pista per presenciar una mostra de danses fetes als tallers de m\u00fasica i, amb l&#8217;ajuda dels pares i mares del centre acabem el dia menjant castanyes en una paperina i ballant tots junts. <\/p>\n<p>Aquell dia tamb\u00e9 es presenta la Senyora Castanyera que saluda a tots els nens i nenes acompanyada de l&#8217;alumnat de sis\u00e8 que, vestit com toca, li ajuda a repartir castanyes a tots els que vulguin. <\/p>\n","protected":false},"excerpt":{"rendered":"<p>La primera de les celebracions que t\u00e9 lloc al centre \u00e9s la festivitat de la Castanyada. Es treballa a tots els cursos d&#8217;infantil i prim\u00e0ria amb can\u00e7ons, esmorzars de tardor, panellets i la visita de la Senyora Castanyera. L&#8217;\u00faltim dia del m\u00e9s d&#8217;octubre, tot l&#8217;alumnat es reuneix a la pista per presenciar una mostra de [&hellip;]<\/p>\n","protected":false},"author":1,"featured_media":0,"parent":3402,"menu_order":0,"comment_status":"closed","ping_status":"closed","template":"","meta":{"_bbp_topic_count":0,"_bbp_reply_count":0,"_bbp_total_topic_count":0,"_bbp_total_reply_count":0,"_bbp_voice_count":0,"_bbp_anonymous_reply_count":0,"_bbp_topic_count_hidden":0,"_bbp_reply_count_hidden":0,"_bbp_forum_subforum_count":0,"site-sidebar-layout":"default","site-content-layout":"","ast-site-content-layout":"","site-content-style":"default","site-sidebar-style":"default","ast-global-header-display":"","ast-banner-title-visibility":"","ast-main-header-display":"","ast-hfb-above-header-display":"","ast-hfb-below-header-display":"","ast-hfb-mobile-header-display":"","site-post-title":"","ast-breadcrumbs-content":"","ast-featured-img":"","footer-sml-layout":"","theme-transparent-header-meta":"","adv-header-id-meta":"","stick-header-meta":"","header-above-stick-meta":"","header-main-stick-meta":"","header-below-stick-meta":"","astra-migrate-meta-layouts":"default","ast-page-background-enabled":"default","ast-page-background-meta":{"desktop":{"background-color":"var(--ast-global-color-4)","background-image":"","background-repeat":"repeat","background-position":"center center","background-size":"auto","background-attachment":"scroll","background-type":"","background-media":"","overlay-type":"","overlay-color":"","overlay-opacity":"","overlay-gradient":""},"tablet":{"background-color":"","background-image":"","background-repeat":"repeat","background-position":"center center","background-size":"auto","background-attachment":"scroll","background-type":"","background-media":"","overlay-type":"","overlay-color":"","overlay-opacity":"","overlay-gradient":""},"mobile":{"background-color":"","background-image":"","background-repeat":"repeat","background-position":"center center","background-size":"auto","background-attachment":"scroll","background-type":"","background-media":"","overlay-type":"","overlay-color":"","overlay-opacity":"","overlay-gradient":""}},"ast-content-background-meta":{"desktop":{"background-color":"var(--ast-global-color-5)","background-image":"","background-repeat":"repeat","background-position":"center center","background-size":"auto","background-attachment":"scroll","background-type":"","background-media":"","overlay-type":"","overlay-color":"","overlay-opacity":"","overlay-gradient":""},"tablet":{"background-color":"var(--ast-global-color-5)","background-image":"","background-repeat":"repeat","background-position":"center center","background-size":"auto","background-attachment":"scroll","background-type":"","background-media":"","overlay-type":"","overlay-color":"","overlay-opacity":"","overlay-gradient":""},"mobile":{"background-color":"var(--ast-global-color-5)","background-image":"","background-repeat":"repeat","background-position":"center center","background-size":"auto","background-attachment":"scroll","background-type":"","background-media":"","overlay-type":"","overlay-color":"","overlay-opacity":"","overlay-gradient":""}},"footnotes":""},"class_list":["post-3415","page","type-page","status-publish","hentry"],"post_mailing_queue_ids":[],"_links":{"self":[{"href":"https:\/\/agora.xtec.cat\/esctrespins\/wp-json\/wp\/v2\/pages\/3415","targetHints":{"allow":["GET"]}}],"collection":[{"href":"https:\/\/agora.xtec.cat\/esctrespins\/wp-json\/wp\/v2\/pages"}],"about":[{"href":"https:\/\/agora.xtec.cat\/esctrespins\/wp-json\/wp\/v2\/types\/page"}],"author":[{"embeddable":true,"href":"https:\/\/agora.xtec.cat\/esctrespins\/wp-json\/wp\/v2\/users\/1"}],"replies":[{"embeddable":true,"href":"https:\/\/agora.xtec.cat\/esctrespins\/wp-json\/wp\/v2\/comments?post=3415"}],"version-history":[{"count":1,"href":"https:\/\/agora.xtec.cat\/esctrespins\/wp-json\/wp\/v2\/pages\/3415\/revisions"}],"predecessor-version":[{"id":3416,"href":"https:\/\/agora.xtec.cat\/esctrespins\/wp-json\/wp\/v2\/pages\/3415\/revisions\/3416"}],"up":[{"embeddable":true,"href":"https:\/\/agora.xtec.cat\/esctrespins\/wp-json\/wp\/v2\/pages\/3402"}],"wp:attachment":[{"href":"https:\/\/agora.xtec.cat\/esctrespins\/wp-json\/wp\/v2\/media?parent=3415"}],"curies":[{"name":"wp","href":"https:\/\/api.w.org\/{rel}","templated":true}]}}