{"id":3402,"date":"2022-02-18T20:46:25","date_gmt":"2022-02-18T19:46:25","guid":{"rendered":"https:\/\/agora.xtec.cat\/esctrespins\/?page_id=3402"},"modified":"2022-02-18T20:46:25","modified_gmt":"2022-02-18T19:46:25","slug":"celebracions","status":"publish","type":"page","link":"https:\/\/agora.xtec.cat\/esctrespins\/celebracions\/","title":{"rendered":"Celebracions"},"content":{"rendered":"<p>Un aspecte molt important en la vida al centre \u00e9s la celebraci\u00f3 i participaci\u00f3 en diferents moments del curs i agafant uns rols diferents. Es creen espais de trobada entre tot l&#8217;alumnat i de conviv\u00e8ncia.<\/p>\n<p>Anirem afegint informaci\u00f3 de totes les festes que celebrem i de manera paral\u00b7lela sempre recollirem un tastet visual perqu\u00e8 tingueu acc\u00e9s al record, fam\u00edlies i alumnes de com va anar aquell dia. Algunes de les celebracions del centre:<\/p>\n<h5 style=\"text-align: center;\"><strong>Castanyada<\/strong><\/h5>\n<h5 style=\"text-align: center;\"><strong>Nadal<\/strong><\/h5>\n<h5 style=\"text-align: center;\"><strong>Dia de la Pau<\/strong><\/h5>\n<h5 style=\"text-align: center;\"><strong>Dia de la Don<\/strong><\/h5>\n<h5 style=\"text-align: center;\"><strong>Carnestoltes<\/strong><\/h5>\n<h5 style=\"text-align: center;\"><strong>Sant Jordi<\/strong><\/h5>\n<h5 style=\"text-align: center;\"><strong>Festa de la m\u00fasica<\/strong><\/h5>\n<h5 style=\"text-align: center;\"><strong>Festa final de curs<\/strong><\/h5>\n<h5 style=\"text-align: center;\"><\/h5>\n","protected":false},"excerpt":{"rendered":"<p>Un aspecte molt important en la vida al centre \u00e9s la celebraci\u00f3 i participaci\u00f3 en diferents moments del curs i agafant uns rols diferents. Es creen espais de trobada entre tot l&#8217;alumnat i de conviv\u00e8ncia. Anirem afegint informaci\u00f3 de totes les festes que celebrem i de manera paral\u00b7lela sempre recollirem un tastet visual perqu\u00e8 tingueu [&hellip;]<\/p>\n","protected":false},"author":1,"featured_media":0,"parent":0,"menu_order":0,"comment_status":"closed","ping_status":"closed","template":"","meta":{"_bbp_topic_count":0,"_bbp_reply_count":0,"_bbp_total_topic_count":0,"_bbp_total_reply_count":0,"_bbp_voice_count":0,"_bbp_anonymous_reply_count":0,"_bbp_topic_count_hidden":0,"_bbp_reply_count_hidden":0,"_bbp_forum_subforum_count":0,"site-sidebar-layout":"default","site-content-layout":"","ast-site-content-layout":"","site-content-style":"default","site-sidebar-style":"default","ast-global-header-display":"","ast-banner-title-visibility":"","ast-main-header-display":"","ast-hfb-above-header-display":"","ast-hfb-below-header-display":"","ast-hfb-mobile-header-display":"","site-post-title":"","ast-breadcrumbs-content":"","ast-featured-img":"","footer-sml-layout":"","theme-transparent-header-meta":"","adv-header-id-meta":"","stick-header-meta":"","header-above-stick-meta":"","header-main-stick-meta":"","header-below-stick-meta":"","astra-migrate-meta-layouts":"default","ast-page-background-enabled":"default","ast-page-background-meta":{"desktop":{"background-color":"var(--ast-global-color-4)","background-image":"","background-repeat":"repeat","background-position":"center center","background-size":"auto","background-attachment":"scroll","background-type":"","background-media":"","overlay-type":"","overlay-color":"","overlay-opacity":"","overlay-gradient":""},"tablet":{"background-color":"","background-image":"","background-repeat":"repeat","background-position":"center center","background-size":"auto","background-attachment":"scroll","background-type":"","background-media":"","overlay-type":"","overlay-color":"","overlay-opacity":"","overlay-gradient":""},"mobile":{"background-color":"","background-image":"","background-repeat":"repeat","background-position":"center center","background-size":"auto","background-attachment":"scroll","background-type":"","background-media":"","overlay-type":"","overlay-color":"","overlay-opacity":"","overlay-gradient":""}},"ast-content-background-meta":{"desktop":{"background-color":"var(--ast-global-color-5)","background-image":"","background-repeat":"repeat","background-position":"center center","background-size":"auto","background-attachment":"scroll","background-type":"","background-media":"","overlay-type":"","overlay-color":"","overlay-opacity":"","overlay-gradient":""},"tablet":{"background-color":"var(--ast-global-color-5)","background-image":"","background-repeat":"repeat","background-position":"center center","background-size":"auto","background-attachment":"scroll","background-type":"","background-media":"","overlay-type":"","overlay-color":"","overlay-opacity":"","overlay-gradient":""},"mobile":{"background-color":"var(--ast-global-color-5)","background-image":"","background-repeat":"repeat","background-position":"center center","background-size":"auto","background-attachment":"scroll","background-type":"","background-media":"","overlay-type":"","overlay-color":"","overlay-opacity":"","overlay-gradient":""}},"footnotes":""},"class_list":["post-3402","page","type-page","status-publish","hentry"],"post_mailing_queue_ids":[],"_links":{"self":[{"href":"https:\/\/agora.xtec.cat\/esctrespins\/wp-json\/wp\/v2\/pages\/3402","targetHints":{"allow":["GET"]}}],"collection":[{"href":"https:\/\/agora.xtec.cat\/esctrespins\/wp-json\/wp\/v2\/pages"}],"about":[{"href":"https:\/\/agora.xtec.cat\/esctrespins\/wp-json\/wp\/v2\/types\/page"}],"author":[{"embeddable":true,"href":"https:\/\/agora.xtec.cat\/esctrespins\/wp-json\/wp\/v2\/users\/1"}],"replies":[{"embeddable":true,"href":"https:\/\/agora.xtec.cat\/esctrespins\/wp-json\/wp\/v2\/comments?post=3402"}],"version-history":[{"count":2,"href":"https:\/\/agora.xtec.cat\/esctrespins\/wp-json\/wp\/v2\/pages\/3402\/revisions"}],"predecessor-version":[{"id":8256,"href":"https:\/\/agora.xtec.cat\/esctrespins\/wp-json\/wp\/v2\/pages\/3402\/revisions\/8256"}],"wp:attachment":[{"href":"https:\/\/agora.xtec.cat\/esctrespins\/wp-json\/wp\/v2\/media?parent=3402"}],"curies":[{"name":"wp","href":"https:\/\/api.w.org\/{rel}","templated":true}]}}