{"id":32,"date":"2014-09-18T12:31:33","date_gmt":"2014-09-18T12:31:33","guid":{"rendered":"http:\/\/agora.xtec.cat\/esctrespins\/?page_id=32"},"modified":"2025-08-09T10:33:52","modified_gmt":"2025-08-09T08:33:52","slug":"calendari-del-curs","status":"publish","type":"page","link":"https:\/\/agora.xtec.cat\/esctrespins\/lescola\/calendari-del-curs\/","title":{"rendered":"Calendari del curs"},"content":{"rendered":"\n<div class=\"wp-block-getwid-images-slider has-arrows-inside has-dots-inside has-images-center has-cropped-images\"><div class=\"wp-block-getwid-images-slider__wrapper\" data-effect=\"slide\" data-slides-show=\"1\" data-slides-show-laptop=\"1\" data-slides-show-tablet=\"1\" data-slides-show-mobile=\"1\" data-slides-scroll=\"1\" data-autoplay=\"false\" data-pause-hover=\"false\" data-autoplay-speed=\"6000\" data-infinite=\"true\" data-animation-speed=\"800\" data-center-mode=\"false\" data-variable-width=\"false\" data-arrows=\"inside\" data-dots=\"inside\" data-spacing=\"none\"><div class=\"wp-block-getwid-images-slider__item\"><figure><img loading=\"lazy\" decoding=\"async\" width=\"1755\" height=\"1240\" src=\"https:\/\/agora.xtec.cat\/esctrespins\/wp-content\/uploads\/usu226\/2025\/07\/Calendari-escolar-25-26-Inf-Prim.jpg\" data-id=\"8250\" data-link=\"https:\/\/agora.xtec.cat\/esctrespins\/lescola\/calendari-del-curs\/attachment\/calendari-escolar-25-26-inf-prim\/\" data-original-link=\"https:\/\/agora.xtec.cat\/esctrespins\/wp-content\/uploads\/usu226\/2025\/07\/Calendari-escolar-25-26-Inf-Prim.jpg\" class=\"wp-block-getwid-images-slider__image wp-image-8250\" srcset=\"https:\/\/agora.xtec.cat\/esctrespins\/wp-content\/uploads\/usu226\/2025\/07\/Calendari-escolar-25-26-Inf-Prim.jpg 1755w, https:\/\/agora.xtec.cat\/esctrespins\/wp-content\/uploads\/usu226\/2025\/07\/Calendari-escolar-25-26-Inf-Prim-300x212.jpg 300w, https:\/\/agora.xtec.cat\/esctrespins\/wp-content\/uploads\/usu226\/2025\/07\/Calendari-escolar-25-26-Inf-Prim-1024x724.jpg 1024w, https:\/\/agora.xtec.cat\/esctrespins\/wp-content\/uploads\/usu226\/2025\/07\/Calendari-escolar-25-26-Inf-Prim-768x543.jpg 768w, https:\/\/agora.xtec.cat\/esctrespins\/wp-content\/uploads\/usu226\/2025\/07\/Calendari-escolar-25-26-Inf-Prim-1536x1085.jpg 1536w\" sizes=\"auto, (max-width: 1755px) 100vw, 1755px\" \/><figcaption class=\"wp-block-getwid-images-slider__caption\">Infantil i Prim\u00e0ria<\/figcaption><\/figure><\/div><div class=\"wp-block-getwid-images-slider__item\"><figure><img loading=\"lazy\" decoding=\"async\" width=\"1755\" height=\"1240\" src=\"https:\/\/agora.xtec.cat\/esctrespins\/wp-content\/uploads\/usu226\/2025\/07\/Calendari-escolar-25-26-Sec.jpg\" data-id=\"8251\" data-link=\"https:\/\/agora.xtec.cat\/esctrespins\/lescola\/calendari-del-curs\/attachment\/calendari-escolar-25-26-sec\/\" data-original-link=\"https:\/\/agora.xtec.cat\/esctrespins\/wp-content\/uploads\/usu226\/2025\/07\/Calendari-escolar-25-26-Sec.jpg\" class=\"wp-block-getwid-images-slider__image wp-image-8251\" srcset=\"https:\/\/agora.xtec.cat\/esctrespins\/wp-content\/uploads\/usu226\/2025\/07\/Calendari-escolar-25-26-Sec.jpg 1755w, https:\/\/agora.xtec.cat\/esctrespins\/wp-content\/uploads\/usu226\/2025\/07\/Calendari-escolar-25-26-Sec-300x212.jpg 300w, https:\/\/agora.xtec.cat\/esctrespins\/wp-content\/uploads\/usu226\/2025\/07\/Calendari-escolar-25-26-Sec-1024x724.jpg 1024w, https:\/\/agora.xtec.cat\/esctrespins\/wp-content\/uploads\/usu226\/2025\/07\/Calendari-escolar-25-26-Sec-768x543.jpg 768w, https:\/\/agora.xtec.cat\/esctrespins\/wp-content\/uploads\/usu226\/2025\/07\/Calendari-escolar-25-26-Sec-1536x1085.jpg 1536w\" sizes=\"auto, (max-width: 1755px) 100vw, 1755px\" \/><figcaption class=\"wp-block-getwid-images-slider__caption\">Secund\u00e0ria<\/figcaption><\/figure><\/div><\/div><\/div>\n\n\n\n<h4 class=\"wp-block-heading\"><strong>Jornada especial:<\/strong><\/h4>\n\n\n\n<p>Infantil i Prim\u00e0ria (jornada continuada de 09:00 a 13:00) i Secund\u00e0ria&nbsp; (jornada continuada de 08:00 a 13:00)<\/p>\n\n\n\n<ul class=\"wp-block-list\">\n<li>19 de desembre<\/li>\n\n\n\n<li>Del 8 al 19 de juny<\/li>\n<\/ul>\n\n\n\n<h4 class=\"wp-block-heading\"><strong>Horari ESO:<\/strong><\/h4>\n\n\n\n<ul class=\"wp-block-list\">\n<li>\n<ul class=\"wp-block-list\">\n<li>Jornada partida\n<ul class=\"wp-block-list\">\n<li>Dilluns, dimarts i dijous de 08:00 a 13:45 i de 15:00 a 16:30.<\/li>\n\n\n\n<li>Dimecres 08:00 a 13:00.<\/li>\n\n\n\n<li>Divendres de 08:00 a 13:45.<\/li>\n<\/ul>\n<\/li>\n<\/ul>\n<\/li>\n<\/ul>\n\n\n\n<p>Per l&#8217;alumnat que inicia l\u2019escolaritzaci\u00f3 a I3 s\u2019organitza un breu per\u00edode d\u2019adaptaci\u00f3 que suposa una certa modificaci\u00f3 dels horaris dels tres primers dies de classe i que es fa saber a les fam\u00edlies en les reunions pr\u00e8vies corresponents.<\/p>\n\n\n\n<p>Servei d&#8217;acollida: (a c\u00e0rrec de l&#8217;AFA)<\/p>\n","protected":false},"excerpt":{"rendered":"<p>Jornada especial: Infantil i Prim\u00e0ria (jornada continuada de 09:00 a 13:00) i Secund\u00e0ria&nbsp; (jornada continuada de 08:00 a 13:00) Horari ESO: Per l&#8217;alumnat que inicia l\u2019escolaritzaci\u00f3 a I3 s\u2019organitza un breu per\u00edode d\u2019adaptaci\u00f3 que suposa una certa modificaci\u00f3 dels horaris dels tres primers dies de classe i que es fa saber a les fam\u00edlies en [&hellip;]<\/p>\n","protected":false},"author":2,"featured_media":0,"parent":22,"menu_order":50,"comment_status":"closed","ping_status":"closed","template":"","meta":{"_bbp_topic_count":0,"_bbp_reply_count":0,"_bbp_total_topic_count":0,"_bbp_total_reply_count":0,"_bbp_voice_count":0,"_bbp_anonymous_reply_count":0,"_bbp_topic_count_hidden":0,"_bbp_reply_count_hidden":0,"_bbp_forum_subforum_count":0,"site-sidebar-layout":"default","site-content-layout":"","ast-site-content-layout":"default","site-content-style":"default","site-sidebar-style":"default","ast-global-header-display":"","ast-banner-title-visibility":"","ast-main-header-display":"","ast-hfb-above-header-display":"","ast-hfb-below-header-display":"","ast-hfb-mobile-header-display":"","site-post-title":"","ast-breadcrumbs-content":"","ast-featured-img":"","footer-sml-layout":"","theme-transparent-header-meta":"","adv-header-id-meta":"","stick-header-meta":"","header-above-stick-meta":"","header-main-stick-meta":"","header-below-stick-meta":"","astra-migrate-meta-layouts":"set","ast-page-background-enabled":"default","ast-page-background-meta":{"desktop":{"background-color":"var(--ast-global-color-4)","background-image":"","background-repeat":"repeat","background-position":"center center","background-size":"auto","background-attachment":"scroll","background-type":"","background-media":"","overlay-type":"","overlay-color":"","overlay-opacity":"","overlay-gradient":""},"tablet":{"background-color":"","background-image":"","background-repeat":"repeat","background-position":"center center","background-size":"auto","background-attachment":"scroll","background-type":"","background-media":"","overlay-type":"","overlay-color":"","overlay-opacity":"","overlay-gradient":""},"mobile":{"background-color":"","background-image":"","background-repeat":"repeat","background-position":"center center","background-size":"auto","background-attachment":"scroll","background-type":"","background-media":"","overlay-type":"","overlay-color":"","overlay-opacity":"","overlay-gradient":""}},"ast-content-background-meta":{"desktop":{"background-color":"var(--ast-global-color-5)","background-image":"","background-repeat":"repeat","background-position":"center center","background-size":"auto","background-attachment":"scroll","background-type":"","background-media":"","overlay-type":"","overlay-color":"","overlay-opacity":"","overlay-gradient":""},"tablet":{"background-color":"var(--ast-global-color-5)","background-image":"","background-repeat":"repeat","background-position":"center center","background-size":"auto","background-attachment":"scroll","background-type":"","background-media":"","overlay-type":"","overlay-color":"","overlay-opacity":"","overlay-gradient":""},"mobile":{"background-color":"var(--ast-global-color-5)","background-image":"","background-repeat":"repeat","background-position":"center center","background-size":"auto","background-attachment":"scroll","background-type":"","background-media":"","overlay-type":"","overlay-color":"","overlay-opacity":"","overlay-gradient":""}},"footnotes":""},"class_list":["post-32","page","type-page","status-publish","hentry"],"post_mailing_queue_ids":[],"_links":{"self":[{"href":"https:\/\/agora.xtec.cat\/esctrespins\/wp-json\/wp\/v2\/pages\/32","targetHints":{"allow":["GET"]}}],"collection":[{"href":"https:\/\/agora.xtec.cat\/esctrespins\/wp-json\/wp\/v2\/pages"}],"about":[{"href":"https:\/\/agora.xtec.cat\/esctrespins\/wp-json\/wp\/v2\/types\/page"}],"author":[{"embeddable":true,"href":"https:\/\/agora.xtec.cat\/esctrespins\/wp-json\/wp\/v2\/users\/2"}],"replies":[{"embeddable":true,"href":"https:\/\/agora.xtec.cat\/esctrespins\/wp-json\/wp\/v2\/comments?post=32"}],"version-history":[{"count":6,"href":"https:\/\/agora.xtec.cat\/esctrespins\/wp-json\/wp\/v2\/pages\/32\/revisions"}],"predecessor-version":[{"id":8424,"href":"https:\/\/agora.xtec.cat\/esctrespins\/wp-json\/wp\/v2\/pages\/32\/revisions\/8424"}],"up":[{"embeddable":true,"href":"https:\/\/agora.xtec.cat\/esctrespins\/wp-json\/wp\/v2\/pages\/22"}],"wp:attachment":[{"href":"https:\/\/agora.xtec.cat\/esctrespins\/wp-json\/wp\/v2\/media?parent=32"}],"curies":[{"name":"wp","href":"https:\/\/api.w.org\/{rel}","templated":true}]}}