{"id":2113,"date":"2018-09-04T13:44:01","date_gmt":"2018-09-04T11:44:01","guid":{"rendered":"http:\/\/agora.xtec.cat\/esctrespins\/?page_id=2113"},"modified":"2024-07-09T22:51:30","modified_gmt":"2024-07-09T20:51:30","slug":"sant-jordi","status":"publish","type":"page","link":"https:\/\/agora.xtec.cat\/esctrespins\/sant-jordi\/","title":{"rendered":"Sant Jordi"},"content":{"rendered":"<p style=\"text-align: justify;\">Sant Jordi \u00e9s una celebraci\u00f3 que comen\u00e7a molt temps abans del dia 23 d&#8217;abril. La diada reuneix en una revista la feina de tots els infants del centre: infantil, prim\u00e0ria i secund\u00e0ria. Tots posen el seu granet de sorra o, en aquest cas, textos i dibuixos en l&#8217;elaboraci\u00f3 d&#8217;una revista que tamb\u00e9 aglutina feina de professorat del centre.<\/p>\n<p style=\"text-align: justify;\">Paral\u00b7lelament a la creaci\u00f3 d&#8217;aquesta revista, s&#8217;organitzen els &#8220;Jocs florals&#8221; on es premia en les categories de text i il\u00b7lustraci\u00f3 les aportacions realitzades pels infants. L&#8217;acte culmina amb el lliurament de premis al guardonats i una rosa a tot l&#8217;equip de professorat, PAS i menjador del centre. En aquest acte, comptem amb la regidora de cultura del nostre Ajuntament.<\/p>\n<p>A continuaci\u00f3, podeu llegir el recull de revistes que tenim disponibles des de l&#8217;any 2014 en format digital.<\/p>\n<p><a class=\"fa fa-folder-open fa-1x\" title=\"Documents\" href=\"https:\/\/drive.google.com\/file\/d\/1_zS_cqGFwryuf5BTzmHkEbPsxkxwJSQ1\/view?usp=sharing\" target=\"_blank\" rel=\"noopener noreferrer\">Revista Sant Jordi 2014<\/a><\/p>\n<p><a class=\"fa fa-folder-open fa-1x\" title=\"Documents\" href=\"https:\/\/drive.google.com\/file\/d\/1UiAqnfLy5JBlohntYzz_ZbkcCUPZTBPj\/view?usp=sharing\" target=\"_blank\" rel=\"noopener noreferrer\">Revista Sant Jordi 2015<\/a><\/p>\n<p><a class=\"fa fa-folder-open fa-1x\" title=\"Documents\" href=\"https:\/\/drive.google.com\/file\/d\/1ltJ8lYS5_jOE4UoEtD9XO79ueEWFYcPm\/view?usp=sharing\" target=\"_blank\" rel=\"noopener noreferrer\">Revista Sant Jordi 2016<\/a><\/p>\n<p><a class=\"fa fa-folder-open fa-1x\" title=\"Documents\" href=\"https:\/\/drive.google.com\/file\/d\/1as-UXX4oZ_YoUq5otqc5SEv8uklgwIq-\/view?usp=sharing\" target=\"_blank\" rel=\"noopener noreferrer\">Revista Sant Jordi 2017<\/a><\/p>\n<p><a class=\"fa fa-folder-open fa-1x\" title=\"Documents\" href=\"https:\/\/drive.google.com\/file\/d\/1J6IFxVtsb7Ur20Z23AHb6ICzLQ9sgh50\/view?usp=sharing\" target=\"_blank\" rel=\"noopener noreferrer\">Revista Sant Jordi 2018<\/a><\/p>\n<p><a class=\"fa fa-folder-open fa-1x\" title=\"Documents\" href=\"https:\/\/drive.google.com\/file\/d\/1mdLdF4u0FoXT7Ld1U0sJYMxXcSzS5ri5\/view?usp=sharing\" target=\"_blank\" rel=\"noopener noreferrer\">Revista Sant Jordi 2019<\/a><\/p>\n<p><a class=\"fa fa-folder-open fa-1x\" title=\"Documents\" href=\"https:\/\/drive.google.com\/file\/d\/1ipabx8KgeeleQyY96ax1e8zLwlr6ejPE\/view?usp=sharing\" target=\"_blank\" rel=\"noopener noreferrer\">Revista Sant Jordi 2021<\/a><\/p>\n<p>&nbsp;<\/p>\n","protected":false},"excerpt":{"rendered":"<p>Sant Jordi \u00e9s una celebraci\u00f3 que comen\u00e7a molt temps abans del dia 23 d&#8217;abril. La diada reuneix en una revista la feina de tots els infants del centre: infantil, prim\u00e0ria i secund\u00e0ria. Tots posen el seu granet de sorra o, en aquest cas, textos i dibuixos en l&#8217;elaboraci\u00f3 d&#8217;una revista que tamb\u00e9 aglutina feina de [&hellip;]<\/p>\n","protected":false},"author":1,"featured_media":0,"parent":0,"menu_order":0,"comment_status":"closed","ping_status":"closed","template":"","meta":{"_bbp_topic_count":0,"_bbp_reply_count":0,"_bbp_total_topic_count":0,"_bbp_total_reply_count":0,"_bbp_voice_count":0,"_bbp_anonymous_reply_count":0,"_bbp_topic_count_hidden":0,"_bbp_reply_count_hidden":0,"_bbp_forum_subforum_count":0,"site-sidebar-layout":"default","site-content-layout":"","ast-site-content-layout":"","site-content-style":"default","site-sidebar-style":"default","ast-global-header-display":"","ast-banner-title-visibility":"","ast-main-header-display":"","ast-hfb-above-header-display":"","ast-hfb-below-header-display":"","ast-hfb-mobile-header-display":"","site-post-title":"","ast-breadcrumbs-content":"","ast-featured-img":"","footer-sml-layout":"","theme-transparent-header-meta":"","adv-header-id-meta":"","stick-header-meta":"","header-above-stick-meta":"","header-main-stick-meta":"","header-below-stick-meta":"","astra-migrate-meta-layouts":"default","ast-page-background-enabled":"default","ast-page-background-meta":{"desktop":{"background-color":"var(--ast-global-color-4)","background-image":"","background-repeat":"repeat","background-position":"center center","background-size":"auto","background-attachment":"scroll","background-type":"","background-media":"","overlay-type":"","overlay-color":"","overlay-opacity":"","overlay-gradient":""},"tablet":{"background-color":"","background-image":"","background-repeat":"repeat","background-position":"center center","background-size":"auto","background-attachment":"scroll","background-type":"","background-media":"","overlay-type":"","overlay-color":"","overlay-opacity":"","overlay-gradient":""},"mobile":{"background-color":"","background-image":"","background-repeat":"repeat","background-position":"center center","background-size":"auto","background-attachment":"scroll","background-type":"","background-media":"","overlay-type":"","overlay-color":"","overlay-opacity":"","overlay-gradient":""}},"ast-content-background-meta":{"desktop":{"background-color":"var(--ast-global-color-5)","background-image":"","background-repeat":"repeat","background-position":"center center","background-size":"auto","background-attachment":"scroll","background-type":"","background-media":"","overlay-type":"","overlay-color":"","overlay-opacity":"","overlay-gradient":""},"tablet":{"background-color":"var(--ast-global-color-5)","background-image":"","background-repeat":"repeat","background-position":"center center","background-size":"auto","background-attachment":"scroll","background-type":"","background-media":"","overlay-type":"","overlay-color":"","overlay-opacity":"","overlay-gradient":""},"mobile":{"background-color":"var(--ast-global-color-5)","background-image":"","background-repeat":"repeat","background-position":"center center","background-size":"auto","background-attachment":"scroll","background-type":"","background-media":"","overlay-type":"","overlay-color":"","overlay-opacity":"","overlay-gradient":""}},"footnotes":""},"class_list":["post-2113","page","type-page","status-publish","hentry"],"post_mailing_queue_ids":[],"_links":{"self":[{"href":"https:\/\/agora.xtec.cat\/esctrespins\/wp-json\/wp\/v2\/pages\/2113","targetHints":{"allow":["GET"]}}],"collection":[{"href":"https:\/\/agora.xtec.cat\/esctrespins\/wp-json\/wp\/v2\/pages"}],"about":[{"href":"https:\/\/agora.xtec.cat\/esctrespins\/wp-json\/wp\/v2\/types\/page"}],"author":[{"embeddable":true,"href":"https:\/\/agora.xtec.cat\/esctrespins\/wp-json\/wp\/v2\/users\/1"}],"replies":[{"embeddable":true,"href":"https:\/\/agora.xtec.cat\/esctrespins\/wp-json\/wp\/v2\/comments?post=2113"}],"version-history":[{"count":5,"href":"https:\/\/agora.xtec.cat\/esctrespins\/wp-json\/wp\/v2\/pages\/2113\/revisions"}],"predecessor-version":[{"id":3414,"href":"https:\/\/agora.xtec.cat\/esctrespins\/wp-json\/wp\/v2\/pages\/2113\/revisions\/3414"}],"wp:attachment":[{"href":"https:\/\/agora.xtec.cat\/esctrespins\/wp-json\/wp\/v2\/media?parent=2113"}],"curies":[{"name":"wp","href":"https:\/\/api.w.org\/{rel}","templated":true}]}}